{"id":8566,"date":"2026-03-30T16:34:02","date_gmt":"2026-03-30T16:34:02","guid":{"rendered":"https:\/\/axiomtsp.com\/?post_type=product&#038;p=8566"},"modified":"2026-03-30T16:34:02","modified_gmt":"2026-03-30T16:34:02","slug":"armour-poly-sheeting-roll-medium-clear-copy","status":"publish","type":"product","link":"https:\/\/axiomtsp.com\/fr\/produit\/armour-poly-sheeting-roll-medium-clear-copy\/","title":{"rendered":"ARMOUR POLY SHEETING ROLL &#8211; MEDIUM (CLEAR) (Copy)"},"content":{"rendered":"<p>Les rouleaux de taille moyenne en poly sont utilis\u00e9s de nombreuses diff\u00e9rentes fa\u00e7ons en construction, telles que pour le rangement temporaire, le contr\u00f4le de la poussi\u00e8re, la protection contre les d\u00e9g\u00e2ts de peinture, et plus encore.<\/p>\n","protected":false},"excerpt":{"rendered":"<p>Les rouleaux de taille moyenne en poly sont utilis\u00e9s de nombreuses diff\u00e9rentes fa\u00e7ons en construction, telles que pour le rangement temporaire, le contr\u00f4le de la poussi\u00e8re, la protection contre les d\u00e9g\u00e2ts de peinture, et plus encore.<\/p>\n","protected":false},"featured_media":8609,"comment_status":"closed","ping_status":"closed","template":"","meta":{"_acf_changed":false},"product_brand":[],"product_cat":[149],"product_tag":[],"class_list":{"0":"post-8566","1":"product","2":"type-product","3":"status-publish","4":"has-post-thumbnail","6":"product_cat-controle-de-la-poussiere","8":"first","9":"instock","10":"sale","11":"taxable","12":"shipping-taxable","13":"purchasable","14":"product-type-variable"},"acf":[],"yoast_head":"<!-- This site is optimized with the Yoast SEO plugin v27.1.1 - https:\/\/yoast.com\/product\/yoast-seo-wordpress\/ -->\n<title>ARMOUR POLY SHEETING ROLL - MEDIUM (CLEAR) (Copy) - Axiom | Temporary Surface Protection<\/title>\n<meta name=\"description\" content=\"Une \u00e9paisseur de 1,4 mil et utilis\u00e9e dans de nombreuses applications dans la construction telles que l&#039;enclos temporaire, le contr\u00f4le de la poussi\u00e8re, la protection contre les pulv\u00e9risations de peinture, et plus encore.\" \/>\n<meta name=\"robots\" content=\"index, follow, max-snippet:-1, max-image-preview:large, max-video-preview:-1\" \/>\n<link rel=\"canonical\" href=\"https:\/\/axiomtsp.com\/fr\/produit\/armour-poly-sheeting-roll-medium-clear-copy\/\" \/>\n<meta property=\"og:locale\" content=\"fr_FR\" \/>\n<meta property=\"og:type\" content=\"article\" \/>\n<meta property=\"og:title\" content=\"ARMOUR POLY SHEETING ROLL - MEDIUM (CLEAR) (Copy) - Axiom | Temporary Surface Protection\" \/>\n<meta property=\"og:description\" content=\"Une \u00e9paisseur de 1,4 mil et utilis\u00e9e dans de nombreuses applications dans la construction telles que l&#039;enclos temporaire, le contr\u00f4le de la poussi\u00e8re, la protection contre les pulv\u00e9risations de peinture, et plus encore.\" \/>\n<meta property=\"og:url\" content=\"https:\/\/axiomtsp.com\/fr\/produit\/armour-poly-sheeting-roll-medium-clear-copy\/\" \/>\n<meta property=\"og:site_name\" content=\"Axiom | Temporary Surface Protection\" \/>\n<meta property=\"og:image\" content=\"https:\/\/axiomtsp.com\/wp-cms\/wp-content\/uploads\/2026\/03\/Armour-Poly-Sheeting-Roll-Light.jpg\" \/>\n\t<meta property=\"og:image:width\" content=\"720\" \/>\n\t<meta property=\"og:image:height\" content=\"720\" \/>\n\t<meta property=\"og:image:type\" content=\"image\/jpeg\" \/>\n<meta name=\"twitter:card\" content=\"summary_large_image\" \/>\n<meta name=\"twitter:label1\" content=\"Dur\u00e9e de lecture estim\u00e9e\" \/>\n\t<meta name=\"twitter:data1\" content=\"1 minute\" \/>\n<script type=\"application\/ld+json\" class=\"yoast-schema-graph\">{\"@context\":\"https:\/\/schema.org\",\"@graph\":[{\"@type\":\"WebPage\",\"@id\":\"https:\/\/axiomtsp.com\/fr\/produit\/armour-poly-sheeting-roll-medium-clear-copy\/\",\"url\":\"https:\/\/axiomtsp.com\/fr\/produit\/armour-poly-sheeting-roll-medium-clear-copy\/\",\"name\":\"ARMOUR POLY SHEETING ROLL - MEDIUM (CLEAR) (Copy) - Axiom | Temporary Surface Protection\",\"isPartOf\":{\"@id\":\"https:\/\/axiomtsp.com\/fr\/#website\"},\"primaryImageOfPage\":{\"@id\":\"https:\/\/axiomtsp.com\/fr\/produit\/armour-poly-sheeting-roll-medium-clear-copy\/#primaryimage\"},\"image\":{\"@id\":\"https:\/\/axiomtsp.com\/fr\/produit\/armour-poly-sheeting-roll-medium-clear-copy\/#primaryimage\"},\"thumbnailUrl\":\"https:\/\/axiomtsp.com\/wp-cms\/wp-content\/uploads\/2026\/03\/Armour-Poly-Sheeting-Roll-Light-2.jpg\",\"datePublished\":\"2026-03-30T16:34:02+00:00\",\"description\":\"Une \u00e9paisseur de 1,4 mil et utilis\u00e9e dans de nombreuses applications dans la construction telles que l'enclos temporaire, le contr\u00f4le de la poussi\u00e8re, la protection contre les pulv\u00e9risations de peinture, et plus encore.\",\"breadcrumb\":{\"@id\":\"https:\/\/axiomtsp.com\/fr\/produit\/armour-poly-sheeting-roll-medium-clear-copy\/#breadcrumb\"},\"inLanguage\":\"fr-FR\",\"potentialAction\":[{\"@type\":\"ReadAction\",\"target\":[\"https:\/\/axiomtsp.com\/fr\/produit\/armour-poly-sheeting-roll-medium-clear-copy\/\"]}]},{\"@type\":\"ImageObject\",\"inLanguage\":\"fr-FR\",\"@id\":\"https:\/\/axiomtsp.com\/fr\/produit\/armour-poly-sheeting-roll-medium-clear-copy\/#primaryimage\",\"url\":\"https:\/\/axiomtsp.com\/wp-cms\/wp-content\/uploads\/2026\/03\/Armour-Poly-Sheeting-Roll-Light-2.jpg\",\"contentUrl\":\"https:\/\/axiomtsp.com\/wp-cms\/wp-content\/uploads\/2026\/03\/Armour-Poly-Sheeting-Roll-Light-2.jpg\",\"width\":720,\"height\":720},{\"@type\":\"BreadcrumbList\",\"@id\":\"https:\/\/axiomtsp.com\/fr\/produit\/armour-poly-sheeting-roll-medium-clear-copy\/#breadcrumb\",\"itemListElement\":[{\"@type\":\"ListItem\",\"position\":1,\"name\":\"Home\",\"item\":\"https:\/\/axiomtsp.com\/fr\/\"},{\"@type\":\"ListItem\",\"position\":2,\"name\":\"Boutique\",\"item\":\"https:\/\/axiomtsp.com\/boutique\/?lang=fr\"},{\"@type\":\"ListItem\",\"position\":3,\"name\":\"ARMOUR POLY SHEETING ROLL &#8211; MEDIUM (CLEAR) (Copy)\"}]},{\"@type\":\"WebSite\",\"@id\":\"https:\/\/axiomtsp.com\/fr\/#website\",\"url\":\"https:\/\/axiomtsp.com\/fr\/\",\"name\":\"Axiom | Temporary Surface Protection\",\"description\":\"We stock the largest range of Temporary Surface Protection products in Canada. We help you choose the best solution for your project to ensure that you save time and money, avoid disruption to your construction schedule, maximize profitability on your projects, and prevent damage to your reputation.\",\"potentialAction\":[{\"@type\":\"SearchAction\",\"target\":{\"@type\":\"EntryPoint\",\"urlTemplate\":\"https:\/\/axiomtsp.com\/fr\/?s={search_term_string}\"},\"query-input\":{\"@type\":\"PropertyValueSpecification\",\"valueRequired\":true,\"valueName\":\"search_term_string\"}}],\"inLanguage\":\"fr-FR\"}]}<\/script>\n<!-- \/ Yoast SEO plugin. -->","yoast_head_json":{"title":"ARMOUR POLY SHEETING ROLL - MEDIUM (CLEAR) (Copy) - Axiom | Temporary Surface Protection","description":"Une \u00e9paisseur de 1,4 mil et utilis\u00e9e dans de nombreuses applications dans la construction telles que l'enclos temporaire, le contr\u00f4le de la poussi\u00e8re, la protection contre les pulv\u00e9risations de peinture, et plus encore.","robots":{"index":"index","follow":"follow","max-snippet":"max-snippet:-1","max-image-preview":"max-image-preview:large","max-video-preview":"max-video-preview:-1"},"canonical":"https:\/\/axiomtsp.com\/fr\/produit\/armour-poly-sheeting-roll-medium-clear-copy\/","og_locale":"fr_FR","og_type":"article","og_title":"ARMOUR POLY SHEETING ROLL - MEDIUM (CLEAR) (Copy) - Axiom | Temporary Surface Protection","og_description":"Une \u00e9paisseur de 1,4 mil et utilis\u00e9e dans de nombreuses applications dans la construction telles que l'enclos temporaire, le contr\u00f4le de la poussi\u00e8re, la protection contre les pulv\u00e9risations de peinture, et plus encore.","og_url":"https:\/\/axiomtsp.com\/fr\/produit\/armour-poly-sheeting-roll-medium-clear-copy\/","og_site_name":"Axiom | Temporary Surface Protection","og_image":[{"width":720,"height":720,"url":"https:\/\/axiomtsp.com\/wp-cms\/wp-content\/uploads\/2026\/03\/Armour-Poly-Sheeting-Roll-Light.jpg","type":"image\/jpeg"}],"twitter_card":"summary_large_image","twitter_misc":{"Dur\u00e9e de lecture estim\u00e9e":"1 minute"},"schema":{"@context":"https:\/\/schema.org","@graph":[{"@type":"WebPage","@id":"https:\/\/axiomtsp.com\/fr\/produit\/armour-poly-sheeting-roll-medium-clear-copy\/","url":"https:\/\/axiomtsp.com\/fr\/produit\/armour-poly-sheeting-roll-medium-clear-copy\/","name":"ARMOUR POLY SHEETING ROLL - MEDIUM (CLEAR) (Copy) - Axiom | Temporary Surface Protection","isPartOf":{"@id":"https:\/\/axiomtsp.com\/fr\/#website"},"primaryImageOfPage":{"@id":"https:\/\/axiomtsp.com\/fr\/produit\/armour-poly-sheeting-roll-medium-clear-copy\/#primaryimage"},"image":{"@id":"https:\/\/axiomtsp.com\/fr\/produit\/armour-poly-sheeting-roll-medium-clear-copy\/#primaryimage"},"thumbnailUrl":"https:\/\/axiomtsp.com\/wp-cms\/wp-content\/uploads\/2026\/03\/Armour-Poly-Sheeting-Roll-Light-2.jpg","datePublished":"2026-03-30T16:34:02+00:00","description":"Une \u00e9paisseur de 1,4 mil et utilis\u00e9e dans de nombreuses applications dans la construction telles que l'enclos temporaire, le contr\u00f4le de la poussi\u00e8re, la protection contre les pulv\u00e9risations de peinture, et plus encore.","breadcrumb":{"@id":"https:\/\/axiomtsp.com\/fr\/produit\/armour-poly-sheeting-roll-medium-clear-copy\/#breadcrumb"},"inLanguage":"fr-FR","potentialAction":[{"@type":"ReadAction","target":["https:\/\/axiomtsp.com\/fr\/produit\/armour-poly-sheeting-roll-medium-clear-copy\/"]}]},{"@type":"ImageObject","inLanguage":"fr-FR","@id":"https:\/\/axiomtsp.com\/fr\/produit\/armour-poly-sheeting-roll-medium-clear-copy\/#primaryimage","url":"https:\/\/axiomtsp.com\/wp-cms\/wp-content\/uploads\/2026\/03\/Armour-Poly-Sheeting-Roll-Light-2.jpg","contentUrl":"https:\/\/axiomtsp.com\/wp-cms\/wp-content\/uploads\/2026\/03\/Armour-Poly-Sheeting-Roll-Light-2.jpg","width":720,"height":720},{"@type":"BreadcrumbList","@id":"https:\/\/axiomtsp.com\/fr\/produit\/armour-poly-sheeting-roll-medium-clear-copy\/#breadcrumb","itemListElement":[{"@type":"ListItem","position":1,"name":"Home","item":"https:\/\/axiomtsp.com\/fr\/"},{"@type":"ListItem","position":2,"name":"Boutique","item":"https:\/\/axiomtsp.com\/boutique\/?lang=fr"},{"@type":"ListItem","position":3,"name":"ARMOUR POLY SHEETING ROLL &#8211; MEDIUM (CLEAR) (Copy)"}]},{"@type":"WebSite","@id":"https:\/\/axiomtsp.com\/fr\/#website","url":"https:\/\/axiomtsp.com\/fr\/","name":"Axiom | Temporary Surface Protection","description":"We stock the largest range of Temporary Surface Protection products in Canada. We help you choose the best solution for your project to ensure that you save time and money, avoid disruption to your construction schedule, maximize profitability on your projects, and prevent damage to your reputation.","potentialAction":[{"@type":"SearchAction","target":{"@type":"EntryPoint","urlTemplate":"https:\/\/axiomtsp.com\/fr\/?s={search_term_string}"},"query-input":{"@type":"PropertyValueSpecification","valueRequired":true,"valueName":"search_term_string"}}],"inLanguage":"fr-FR"}]}},"_links":{"self":[{"href":"https:\/\/axiomtsp.com\/fr\/wp-json\/wp\/v2\/product\/8566","targetHints":{"allow":["GET"]}}],"collection":[{"href":"https:\/\/axiomtsp.com\/fr\/wp-json\/wp\/v2\/product"}],"about":[{"href":"https:\/\/axiomtsp.com\/fr\/wp-json\/wp\/v2\/types\/product"}],"replies":[{"embeddable":true,"href":"https:\/\/axiomtsp.com\/fr\/wp-json\/wp\/v2\/comments?post=8566"}],"wp:featuredmedia":[{"embeddable":true,"href":"https:\/\/axiomtsp.com\/fr\/wp-json\/wp\/v2\/media\/8609"}],"wp:attachment":[{"href":"https:\/\/axiomtsp.com\/fr\/wp-json\/wp\/v2\/media?parent=8566"}],"wp:term":[{"taxonomy":"product_brand","embeddable":true,"href":"https:\/\/axiomtsp.com\/fr\/wp-json\/wp\/v2\/product_brand?post=8566"},{"taxonomy":"product_cat","embeddable":true,"href":"https:\/\/axiomtsp.com\/fr\/wp-json\/wp\/v2\/product_cat?post=8566"},{"taxonomy":"product_tag","embeddable":true,"href":"https:\/\/axiomtsp.com\/fr\/wp-json\/wp\/v2\/product_tag?post=8566"}],"curies":[{"name":"wp","href":"https:\/\/api.w.org\/{rel}","templated":true}]}}