{"id":8224,"date":"2026-01-07T14:44:42","date_gmt":"2026-01-07T14:44:42","guid":{"rendered":"https:\/\/axiomtsp.com\/?post_type=product&#038;p=8224"},"modified":"2026-01-07T14:44:42","modified_gmt":"2026-01-07T14:44:42","slug":"armour-foam-edge-protector-o-profile-copy","status":"publish","type":"product","link":"https:\/\/axiomtsp.com\/fr\/produit\/armour-foam-edge-protector-o-profile-copy\/","title":{"rendered":"ARMOUR FOAM EDGE PROTECTOR &#8211; O PROFILE (Copy)"},"content":{"rendered":"<p>Armour Foam Edge Protector &#8211; O Profile a un diam\u00e8tre int\u00e9rieur de 1,5 pouces et offre une solution rapide et efficace pour prot\u00e9ger les coins, contours et bords d\u00e9licats tels que les murs fabriqu\u00e9s en verre, les meneaux de fen\u00eatres, les balustrades, et plus encore. Le produit est fabriqu\u00e9 de mousse \u00e0 haute densit\u00e9 qui offre une bonne protection contre les dommages caus\u00e9s par l\u2019impact. Ce produit est hautement r\u00e9utilisable d\u2019un projet \u00e0 un autre.<\/p>\n","protected":false},"excerpt":{"rendered":"<p>Armour Foam Edge Protector &#8211; O Profile a un diam\u00e8tre int\u00e9rieur de 1,5 pouces et offre une solution rapide et efficace pour prot\u00e9ger les coins, contours et bords d\u00e9licats tels que les murs fabriqu\u00e9s en verre, les meneaux de fen\u00eatres, les balustrades, et plus encore. Le produit est fabriqu\u00e9 de mousse \u00e0 haute densit\u00e9 qui offre une bonne protection contre les dommages caus\u00e9s par l\u2019impact. Ce produit est hautement r\u00e9utilisable d\u2019un projet \u00e0 un autre.<\/p>\n","protected":false},"featured_media":8246,"comment_status":"closed","ping_status":"closed","template":"","meta":{"_acf_changed":false},"product_brand":[],"product_cat":[173,153,154],"product_tag":[],"class_list":{"0":"post-8224","1":"product","2":"type-product","3":"status-publish","4":"has-post-thumbnail","6":"product_cat-protection-planques-escaliers","7":"product_cat-protection-de-porte-contour","8":"product_cat-protection-de-verre-fenetre","10":"first","11":"instock","12":"taxable","13":"shipping-taxable","14":"purchasable","15":"product-type-variable"},"acf":[],"yoast_head":"<!-- This site is optimized with the Yoast SEO plugin v27.1.1 - https:\/\/yoast.com\/product\/yoast-seo-wordpress\/ -->\n<title>ARMOUR FOAM EDGE PROTECTOR - O PROFILE (Copy) - Axiom | Temporary Surface Protection<\/title>\n<meta name=\"description\" content=\"The Armour Foam Edge Protector - O Profile est une solution efficace pour prot\u00e9ger les bords vuln\u00e9rables, avec un diam\u00e8tre int\u00e9rieur de 1,5 pouce.\" \/>\n<meta name=\"robots\" content=\"index, follow, max-snippet:-1, max-image-preview:large, max-video-preview:-1\" \/>\n<link rel=\"canonical\" href=\"https:\/\/axiomtsp.com\/fr\/produit\/armour-foam-edge-protector-o-profile-copy\/\" \/>\n<meta property=\"og:locale\" content=\"fr_FR\" \/>\n<meta property=\"og:type\" content=\"article\" \/>\n<meta property=\"og:title\" content=\"ARMOUR FOAM EDGE PROTECTOR - O PROFILE (Copy) - Axiom | Temporary Surface Protection\" \/>\n<meta property=\"og:description\" content=\"The Armour Foam Edge Protector - O Profile est une solution efficace pour prot\u00e9ger les bords vuln\u00e9rables, avec un diam\u00e8tre int\u00e9rieur de 1,5 pouce.\" \/>\n<meta property=\"og:url\" content=\"https:\/\/axiomtsp.com\/fr\/produit\/armour-foam-edge-protector-o-profile-copy\/\" \/>\n<meta property=\"og:site_name\" content=\"Axiom | Temporary Surface Protection\" \/>\n<meta property=\"og:image\" content=\"https:\/\/axiomtsp.com\/wp-cms\/wp-content\/uploads\/2026\/01\/Armour-Foam-Edge-Protector-scaled.jpg\" \/>\n\t<meta property=\"og:image:width\" content=\"2560\" \/>\n\t<meta property=\"og:image:height\" content=\"2560\" \/>\n\t<meta property=\"og:image:type\" content=\"image\/jpeg\" \/>\n<meta name=\"twitter:card\" content=\"summary_large_image\" \/>\n<meta name=\"twitter:label1\" content=\"Dur\u00e9e de lecture estim\u00e9e\" \/>\n\t<meta name=\"twitter:data1\" content=\"1 minute\" \/>\n<script type=\"application\/ld+json\" class=\"yoast-schema-graph\">{\"@context\":\"https:\/\/schema.org\",\"@graph\":[{\"@type\":\"WebPage\",\"@id\":\"https:\/\/axiomtsp.com\/fr\/produit\/armour-foam-edge-protector-o-profile-copy\/\",\"url\":\"https:\/\/axiomtsp.com\/fr\/produit\/armour-foam-edge-protector-o-profile-copy\/\",\"name\":\"ARMOUR FOAM EDGE PROTECTOR - O PROFILE (Copy) - Axiom | Temporary Surface Protection\",\"isPartOf\":{\"@id\":\"https:\/\/axiomtsp.com\/fr\/#website\"},\"primaryImageOfPage\":{\"@id\":\"https:\/\/axiomtsp.com\/fr\/produit\/armour-foam-edge-protector-o-profile-copy\/#primaryimage\"},\"image\":{\"@id\":\"https:\/\/axiomtsp.com\/fr\/produit\/armour-foam-edge-protector-o-profile-copy\/#primaryimage\"},\"thumbnailUrl\":\"https:\/\/axiomtsp.com\/wp-cms\/wp-content\/uploads\/2026\/01\/Armour-Foam-Edge-Protector-scaled.jpg\",\"datePublished\":\"2026-01-07T14:44:42+00:00\",\"description\":\"The Armour Foam Edge Protector - O Profile est une solution efficace pour prot\u00e9ger les bords vuln\u00e9rables, avec un diam\u00e8tre int\u00e9rieur de 1,5 pouce.\",\"breadcrumb\":{\"@id\":\"https:\/\/axiomtsp.com\/fr\/produit\/armour-foam-edge-protector-o-profile-copy\/#breadcrumb\"},\"inLanguage\":\"fr-FR\",\"potentialAction\":[{\"@type\":\"ReadAction\",\"target\":[\"https:\/\/axiomtsp.com\/fr\/produit\/armour-foam-edge-protector-o-profile-copy\/\"]}]},{\"@type\":\"ImageObject\",\"inLanguage\":\"fr-FR\",\"@id\":\"https:\/\/axiomtsp.com\/fr\/produit\/armour-foam-edge-protector-o-profile-copy\/#primaryimage\",\"url\":\"https:\/\/axiomtsp.com\/wp-cms\/wp-content\/uploads\/2026\/01\/Armour-Foam-Edge-Protector-scaled.jpg\",\"contentUrl\":\"https:\/\/axiomtsp.com\/wp-cms\/wp-content\/uploads\/2026\/01\/Armour-Foam-Edge-Protector-scaled.jpg\",\"width\":2560,\"height\":2560},{\"@type\":\"BreadcrumbList\",\"@id\":\"https:\/\/axiomtsp.com\/fr\/produit\/armour-foam-edge-protector-o-profile-copy\/#breadcrumb\",\"itemListElement\":[{\"@type\":\"ListItem\",\"position\":1,\"name\":\"Home\",\"item\":\"https:\/\/axiomtsp.com\/fr\/\"},{\"@type\":\"ListItem\",\"position\":2,\"name\":\"Boutique\",\"item\":\"https:\/\/axiomtsp.com\/boutique\/?lang=fr\"},{\"@type\":\"ListItem\",\"position\":3,\"name\":\"ARMOUR FOAM EDGE PROTECTOR &#8211; O PROFILE (Copy)\"}]},{\"@type\":\"WebSite\",\"@id\":\"https:\/\/axiomtsp.com\/fr\/#website\",\"url\":\"https:\/\/axiomtsp.com\/fr\/\",\"name\":\"Axiom | Temporary Surface Protection\",\"description\":\"We stock the largest range of Temporary Surface Protection products in Canada. We help you choose the best solution for your project to ensure that you save time and money, avoid disruption to your construction schedule, maximize profitability on your projects, and prevent damage to your reputation.\",\"potentialAction\":[{\"@type\":\"SearchAction\",\"target\":{\"@type\":\"EntryPoint\",\"urlTemplate\":\"https:\/\/axiomtsp.com\/fr\/?s={search_term_string}\"},\"query-input\":{\"@type\":\"PropertyValueSpecification\",\"valueRequired\":true,\"valueName\":\"search_term_string\"}}],\"inLanguage\":\"fr-FR\"}]}<\/script>\n<!-- \/ Yoast SEO plugin. -->","yoast_head_json":{"title":"ARMOUR FOAM EDGE PROTECTOR - O PROFILE (Copy) - Axiom | Temporary Surface Protection","description":"The Armour Foam Edge Protector - O Profile est une solution efficace pour prot\u00e9ger les bords vuln\u00e9rables, avec un diam\u00e8tre int\u00e9rieur de 1,5 pouce.","robots":{"index":"index","follow":"follow","max-snippet":"max-snippet:-1","max-image-preview":"max-image-preview:large","max-video-preview":"max-video-preview:-1"},"canonical":"https:\/\/axiomtsp.com\/fr\/produit\/armour-foam-edge-protector-o-profile-copy\/","og_locale":"fr_FR","og_type":"article","og_title":"ARMOUR FOAM EDGE PROTECTOR - O PROFILE (Copy) - Axiom | Temporary Surface Protection","og_description":"The Armour Foam Edge Protector - O Profile est une solution efficace pour prot\u00e9ger les bords vuln\u00e9rables, avec un diam\u00e8tre int\u00e9rieur de 1,5 pouce.","og_url":"https:\/\/axiomtsp.com\/fr\/produit\/armour-foam-edge-protector-o-profile-copy\/","og_site_name":"Axiom | Temporary Surface Protection","og_image":[{"width":2560,"height":2560,"url":"https:\/\/axiomtsp.com\/wp-cms\/wp-content\/uploads\/2026\/01\/Armour-Foam-Edge-Protector-scaled.jpg","type":"image\/jpeg"}],"twitter_card":"summary_large_image","twitter_misc":{"Dur\u00e9e de lecture estim\u00e9e":"1 minute"},"schema":{"@context":"https:\/\/schema.org","@graph":[{"@type":"WebPage","@id":"https:\/\/axiomtsp.com\/fr\/produit\/armour-foam-edge-protector-o-profile-copy\/","url":"https:\/\/axiomtsp.com\/fr\/produit\/armour-foam-edge-protector-o-profile-copy\/","name":"ARMOUR FOAM EDGE PROTECTOR - O PROFILE (Copy) - Axiom | Temporary Surface Protection","isPartOf":{"@id":"https:\/\/axiomtsp.com\/fr\/#website"},"primaryImageOfPage":{"@id":"https:\/\/axiomtsp.com\/fr\/produit\/armour-foam-edge-protector-o-profile-copy\/#primaryimage"},"image":{"@id":"https:\/\/axiomtsp.com\/fr\/produit\/armour-foam-edge-protector-o-profile-copy\/#primaryimage"},"thumbnailUrl":"https:\/\/axiomtsp.com\/wp-cms\/wp-content\/uploads\/2026\/01\/Armour-Foam-Edge-Protector-scaled.jpg","datePublished":"2026-01-07T14:44:42+00:00","description":"The Armour Foam Edge Protector - O Profile est une solution efficace pour prot\u00e9ger les bords vuln\u00e9rables, avec un diam\u00e8tre int\u00e9rieur de 1,5 pouce.","breadcrumb":{"@id":"https:\/\/axiomtsp.com\/fr\/produit\/armour-foam-edge-protector-o-profile-copy\/#breadcrumb"},"inLanguage":"fr-FR","potentialAction":[{"@type":"ReadAction","target":["https:\/\/axiomtsp.com\/fr\/produit\/armour-foam-edge-protector-o-profile-copy\/"]}]},{"@type":"ImageObject","inLanguage":"fr-FR","@id":"https:\/\/axiomtsp.com\/fr\/produit\/armour-foam-edge-protector-o-profile-copy\/#primaryimage","url":"https:\/\/axiomtsp.com\/wp-cms\/wp-content\/uploads\/2026\/01\/Armour-Foam-Edge-Protector-scaled.jpg","contentUrl":"https:\/\/axiomtsp.com\/wp-cms\/wp-content\/uploads\/2026\/01\/Armour-Foam-Edge-Protector-scaled.jpg","width":2560,"height":2560},{"@type":"BreadcrumbList","@id":"https:\/\/axiomtsp.com\/fr\/produit\/armour-foam-edge-protector-o-profile-copy\/#breadcrumb","itemListElement":[{"@type":"ListItem","position":1,"name":"Home","item":"https:\/\/axiomtsp.com\/fr\/"},{"@type":"ListItem","position":2,"name":"Boutique","item":"https:\/\/axiomtsp.com\/boutique\/?lang=fr"},{"@type":"ListItem","position":3,"name":"ARMOUR FOAM EDGE PROTECTOR &#8211; O PROFILE (Copy)"}]},{"@type":"WebSite","@id":"https:\/\/axiomtsp.com\/fr\/#website","url":"https:\/\/axiomtsp.com\/fr\/","name":"Axiom | Temporary Surface Protection","description":"We stock the largest range of Temporary Surface Protection products in Canada. We help you choose the best solution for your project to ensure that you save time and money, avoid disruption to your construction schedule, maximize profitability on your projects, and prevent damage to your reputation.","potentialAction":[{"@type":"SearchAction","target":{"@type":"EntryPoint","urlTemplate":"https:\/\/axiomtsp.com\/fr\/?s={search_term_string}"},"query-input":{"@type":"PropertyValueSpecification","valueRequired":true,"valueName":"search_term_string"}}],"inLanguage":"fr-FR"}]}},"_links":{"self":[{"href":"https:\/\/axiomtsp.com\/fr\/wp-json\/wp\/v2\/product\/8224","targetHints":{"allow":["GET"]}}],"collection":[{"href":"https:\/\/axiomtsp.com\/fr\/wp-json\/wp\/v2\/product"}],"about":[{"href":"https:\/\/axiomtsp.com\/fr\/wp-json\/wp\/v2\/types\/product"}],"replies":[{"embeddable":true,"href":"https:\/\/axiomtsp.com\/fr\/wp-json\/wp\/v2\/comments?post=8224"}],"wp:featuredmedia":[{"embeddable":true,"href":"https:\/\/axiomtsp.com\/fr\/wp-json\/wp\/v2\/media\/8246"}],"wp:attachment":[{"href":"https:\/\/axiomtsp.com\/fr\/wp-json\/wp\/v2\/media?parent=8224"}],"wp:term":[{"taxonomy":"product_brand","embeddable":true,"href":"https:\/\/axiomtsp.com\/fr\/wp-json\/wp\/v2\/product_brand?post=8224"},{"taxonomy":"product_cat","embeddable":true,"href":"https:\/\/axiomtsp.com\/fr\/wp-json\/wp\/v2\/product_cat?post=8224"},{"taxonomy":"product_tag","embeddable":true,"href":"https:\/\/axiomtsp.com\/fr\/wp-json\/wp\/v2\/product_tag?post=8224"}],"curies":[{"name":"wp","href":"https:\/\/api.w.org\/{rel}","templated":true}]}}