{"id":7828,"date":"2025-12-23T15:20:22","date_gmt":"2025-12-23T15:20:22","guid":{"rendered":"https:\/\/axiomtsp.com\/?post_type=product&#038;p=7828"},"modified":"2025-12-23T15:20:22","modified_gmt":"2025-12-23T15:20:22","slug":"armour-neoprene-floor-runner-red-copy","status":"publish","type":"product","link":"https:\/\/axiomtsp.com\/fr\/produit\/armour-neoprene-floor-runner-red-copy\/","title":{"rendered":"ARMOUR NEOPRENE FLOOR RUNNER &#8211; RED (Copy)"},"content":{"rendered":"<p>Armour Neoprene Floor Runner est un produit durable et r\u00e9utilisable con\u00e7u pour \u00e8tre utilis\u00e9 comme un tapis temporaire et \u00eatre par la suite enroul\u00e9 et r\u00e9utilis\u00e9 \u00e0 nouveau. Il se roule \u00e0 plat et poss\u00e8de un antid\u00e9rapant en-dessous qui n\u2019est pas adh\u00e9sif, ce qui signifie qu\u2019il fonctionne tr\u00e8s bien sur toutes les surfaces, y compris les escaliers.<\/p>\n","protected":false},"excerpt":{"rendered":"<p>Armour Neoprene Floor Runner est un produit durable et r\u00e9utilisable con\u00e7u pour \u00e8tre utilis\u00e9 comme un tapis temporaire et \u00eatre par la suite enroul\u00e9 et r\u00e9utilis\u00e9 \u00e0 nouveau. Il se roule \u00e0 plat et poss\u00e8de un antid\u00e9rapant en-dessous qui n\u2019est pas adh\u00e9sif, ce qui signifie qu\u2019il fonctionne tr\u00e8s bien sur toutes les surfaces, y compris les escaliers.<\/p>\n","protected":false},"featured_media":7831,"comment_status":"closed","ping_status":"closed","template":"","meta":{"_acf_changed":false},"product_brand":[],"product_cat":[151,173],"product_tag":[],"class_list":{"0":"post-7828","1":"product","2":"type-product","3":"status-publish","4":"has-post-thumbnail","6":"product_cat-protection-de-plancher","7":"product_cat-protection-planques-escaliers","9":"first","10":"instock","11":"taxable","12":"shipping-taxable","13":"purchasable","14":"product-type-variable"},"acf":[],"yoast_head":"<!-- This site is optimized with the Yoast SEO plugin v27.1.1 - https:\/\/yoast.com\/product\/yoast-seo-wordpress\/ -->\n<title>ARMOUR NEOPRENE FLOOR RUNNER - RED (Copy) - Axiom | Temporary Surface Protection<\/title>\n<meta name=\"description\" content=\"Armour Neoprene Floor Runners are a durable and\u00a0reusable product designed to act as temporary walkways, and then rolled up and reused again. They lay\u00a0flat with an anti-slip under-side that\u2019s non-adhesive which means they work great on all surfaces including stairs.\u00a0\" \/>\n<meta name=\"robots\" content=\"index, follow, max-snippet:-1, max-image-preview:large, max-video-preview:-1\" \/>\n<link rel=\"canonical\" href=\"https:\/\/axiomtsp.com\/fr\/produit\/armour-neoprene-floor-runner-red-copy\/\" \/>\n<meta property=\"og:locale\" content=\"fr_FR\" \/>\n<meta property=\"og:type\" content=\"article\" \/>\n<meta property=\"og:title\" content=\"ARMOUR NEOPRENE FLOOR RUNNER - RED (Copy) - Axiom | Temporary Surface Protection\" \/>\n<meta property=\"og:description\" content=\"Armour Neoprene Floor Runners are a durable and\u00a0reusable product designed to act as temporary walkways, and then rolled up and reused again. They lay\u00a0flat with an anti-slip under-side that\u2019s non-adhesive which means they work great on all surfaces including stairs.\u00a0\" \/>\n<meta property=\"og:url\" content=\"https:\/\/axiomtsp.com\/fr\/produit\/armour-neoprene-floor-runner-red-copy\/\" \/>\n<meta property=\"og:site_name\" content=\"Axiom | Temporary Surface Protection\" \/>\n<meta property=\"og:image\" content=\"https:\/\/axiomtsp.com\/wp-cms\/wp-content\/uploads\/2025\/12\/Armour-Neoprene-Floor-Runner-scaled.jpg\" \/>\n\t<meta property=\"og:image:width\" content=\"2560\" \/>\n\t<meta property=\"og:image:height\" content=\"2560\" \/>\n\t<meta property=\"og:image:type\" content=\"image\/jpeg\" \/>\n<meta name=\"twitter:card\" content=\"summary_large_image\" \/>\n<meta name=\"twitter:label1\" content=\"Dur\u00e9e de lecture estim\u00e9e\" \/>\n\t<meta name=\"twitter:data1\" content=\"1 minute\" \/>\n<script type=\"application\/ld+json\" class=\"yoast-schema-graph\">{\"@context\":\"https:\/\/schema.org\",\"@graph\":[{\"@type\":\"WebPage\",\"@id\":\"https:\/\/axiomtsp.com\/fr\/produit\/armour-neoprene-floor-runner-red-copy\/\",\"url\":\"https:\/\/axiomtsp.com\/fr\/produit\/armour-neoprene-floor-runner-red-copy\/\",\"name\":\"ARMOUR NEOPRENE FLOOR RUNNER - RED (Copy) - Axiom | Temporary Surface Protection\",\"isPartOf\":{\"@id\":\"https:\/\/axiomtsp.com\/fr\/#website\"},\"primaryImageOfPage\":{\"@id\":\"https:\/\/axiomtsp.com\/fr\/produit\/armour-neoprene-floor-runner-red-copy\/#primaryimage\"},\"image\":{\"@id\":\"https:\/\/axiomtsp.com\/fr\/produit\/armour-neoprene-floor-runner-red-copy\/#primaryimage\"},\"thumbnailUrl\":\"https:\/\/axiomtsp.com\/wp-cms\/wp-content\/uploads\/2025\/12\/Armour-Neoprene-Floor-Runner-scaled.jpg\",\"datePublished\":\"2025-12-23T15:20:22+00:00\",\"description\":\"Armour Neoprene Floor Runners are a durable and\u00a0reusable product designed to act as temporary walkways, and then rolled up and reused again. They lay\u00a0flat with an anti-slip under-side that\u2019s non-adhesive which means they work great on all surfaces including stairs.\u00a0\",\"breadcrumb\":{\"@id\":\"https:\/\/axiomtsp.com\/fr\/produit\/armour-neoprene-floor-runner-red-copy\/#breadcrumb\"},\"inLanguage\":\"fr-FR\",\"potentialAction\":[{\"@type\":\"ReadAction\",\"target\":[\"https:\/\/axiomtsp.com\/fr\/produit\/armour-neoprene-floor-runner-red-copy\/\"]}]},{\"@type\":\"ImageObject\",\"inLanguage\":\"fr-FR\",\"@id\":\"https:\/\/axiomtsp.com\/fr\/produit\/armour-neoprene-floor-runner-red-copy\/#primaryimage\",\"url\":\"https:\/\/axiomtsp.com\/wp-cms\/wp-content\/uploads\/2025\/12\/Armour-Neoprene-Floor-Runner-scaled.jpg\",\"contentUrl\":\"https:\/\/axiomtsp.com\/wp-cms\/wp-content\/uploads\/2025\/12\/Armour-Neoprene-Floor-Runner-scaled.jpg\",\"width\":2560,\"height\":2560},{\"@type\":\"BreadcrumbList\",\"@id\":\"https:\/\/axiomtsp.com\/fr\/produit\/armour-neoprene-floor-runner-red-copy\/#breadcrumb\",\"itemListElement\":[{\"@type\":\"ListItem\",\"position\":1,\"name\":\"Home\",\"item\":\"https:\/\/axiomtsp.com\/fr\/\"},{\"@type\":\"ListItem\",\"position\":2,\"name\":\"Boutique\",\"item\":\"https:\/\/axiomtsp.com\/boutique\/?lang=fr\"},{\"@type\":\"ListItem\",\"position\":3,\"name\":\"ARMOUR NEOPRENE FLOOR RUNNER &#8211; RED (Copy)\"}]},{\"@type\":\"WebSite\",\"@id\":\"https:\/\/axiomtsp.com\/fr\/#website\",\"url\":\"https:\/\/axiomtsp.com\/fr\/\",\"name\":\"Axiom | Temporary Surface Protection\",\"description\":\"We stock the largest range of Temporary Surface Protection products in Canada. We help you choose the best solution for your project to ensure that you save time and money, avoid disruption to your construction schedule, maximize profitability on your projects, and prevent damage to your reputation.\",\"potentialAction\":[{\"@type\":\"SearchAction\",\"target\":{\"@type\":\"EntryPoint\",\"urlTemplate\":\"https:\/\/axiomtsp.com\/fr\/?s={search_term_string}\"},\"query-input\":{\"@type\":\"PropertyValueSpecification\",\"valueRequired\":true,\"valueName\":\"search_term_string\"}}],\"inLanguage\":\"fr-FR\"}]}<\/script>\n<!-- \/ Yoast SEO plugin. -->","yoast_head_json":{"title":"ARMOUR NEOPRENE FLOOR RUNNER - RED (Copy) - Axiom | Temporary Surface Protection","description":"Armour Neoprene Floor Runners are a durable and\u00a0reusable product designed to act as temporary walkways, and then rolled up and reused again. They lay\u00a0flat with an anti-slip under-side that\u2019s non-adhesive which means they work great on all surfaces including stairs.\u00a0","robots":{"index":"index","follow":"follow","max-snippet":"max-snippet:-1","max-image-preview":"max-image-preview:large","max-video-preview":"max-video-preview:-1"},"canonical":"https:\/\/axiomtsp.com\/fr\/produit\/armour-neoprene-floor-runner-red-copy\/","og_locale":"fr_FR","og_type":"article","og_title":"ARMOUR NEOPRENE FLOOR RUNNER - RED (Copy) - Axiom | Temporary Surface Protection","og_description":"Armour Neoprene Floor Runners are a durable and\u00a0reusable product designed to act as temporary walkways, and then rolled up and reused again. They lay\u00a0flat with an anti-slip under-side that\u2019s non-adhesive which means they work great on all surfaces including stairs.\u00a0","og_url":"https:\/\/axiomtsp.com\/fr\/produit\/armour-neoprene-floor-runner-red-copy\/","og_site_name":"Axiom | Temporary Surface Protection","og_image":[{"width":2560,"height":2560,"url":"https:\/\/axiomtsp.com\/wp-cms\/wp-content\/uploads\/2025\/12\/Armour-Neoprene-Floor-Runner-scaled.jpg","type":"image\/jpeg"}],"twitter_card":"summary_large_image","twitter_misc":{"Dur\u00e9e de lecture estim\u00e9e":"1 minute"},"schema":{"@context":"https:\/\/schema.org","@graph":[{"@type":"WebPage","@id":"https:\/\/axiomtsp.com\/fr\/produit\/armour-neoprene-floor-runner-red-copy\/","url":"https:\/\/axiomtsp.com\/fr\/produit\/armour-neoprene-floor-runner-red-copy\/","name":"ARMOUR NEOPRENE FLOOR RUNNER - RED (Copy) - Axiom | Temporary Surface Protection","isPartOf":{"@id":"https:\/\/axiomtsp.com\/fr\/#website"},"primaryImageOfPage":{"@id":"https:\/\/axiomtsp.com\/fr\/produit\/armour-neoprene-floor-runner-red-copy\/#primaryimage"},"image":{"@id":"https:\/\/axiomtsp.com\/fr\/produit\/armour-neoprene-floor-runner-red-copy\/#primaryimage"},"thumbnailUrl":"https:\/\/axiomtsp.com\/wp-cms\/wp-content\/uploads\/2025\/12\/Armour-Neoprene-Floor-Runner-scaled.jpg","datePublished":"2025-12-23T15:20:22+00:00","description":"Armour Neoprene Floor Runners are a durable and\u00a0reusable product designed to act as temporary walkways, and then rolled up and reused again. They lay\u00a0flat with an anti-slip under-side that\u2019s non-adhesive which means they work great on all surfaces including stairs.\u00a0","breadcrumb":{"@id":"https:\/\/axiomtsp.com\/fr\/produit\/armour-neoprene-floor-runner-red-copy\/#breadcrumb"},"inLanguage":"fr-FR","potentialAction":[{"@type":"ReadAction","target":["https:\/\/axiomtsp.com\/fr\/produit\/armour-neoprene-floor-runner-red-copy\/"]}]},{"@type":"ImageObject","inLanguage":"fr-FR","@id":"https:\/\/axiomtsp.com\/fr\/produit\/armour-neoprene-floor-runner-red-copy\/#primaryimage","url":"https:\/\/axiomtsp.com\/wp-cms\/wp-content\/uploads\/2025\/12\/Armour-Neoprene-Floor-Runner-scaled.jpg","contentUrl":"https:\/\/axiomtsp.com\/wp-cms\/wp-content\/uploads\/2025\/12\/Armour-Neoprene-Floor-Runner-scaled.jpg","width":2560,"height":2560},{"@type":"BreadcrumbList","@id":"https:\/\/axiomtsp.com\/fr\/produit\/armour-neoprene-floor-runner-red-copy\/#breadcrumb","itemListElement":[{"@type":"ListItem","position":1,"name":"Home","item":"https:\/\/axiomtsp.com\/fr\/"},{"@type":"ListItem","position":2,"name":"Boutique","item":"https:\/\/axiomtsp.com\/boutique\/?lang=fr"},{"@type":"ListItem","position":3,"name":"ARMOUR NEOPRENE FLOOR RUNNER &#8211; RED (Copy)"}]},{"@type":"WebSite","@id":"https:\/\/axiomtsp.com\/fr\/#website","url":"https:\/\/axiomtsp.com\/fr\/","name":"Axiom | Temporary Surface Protection","description":"We stock the largest range of Temporary Surface Protection products in Canada. We help you choose the best solution for your project to ensure that you save time and money, avoid disruption to your construction schedule, maximize profitability on your projects, and prevent damage to your reputation.","potentialAction":[{"@type":"SearchAction","target":{"@type":"EntryPoint","urlTemplate":"https:\/\/axiomtsp.com\/fr\/?s={search_term_string}"},"query-input":{"@type":"PropertyValueSpecification","valueRequired":true,"valueName":"search_term_string"}}],"inLanguage":"fr-FR"}]}},"_links":{"self":[{"href":"https:\/\/axiomtsp.com\/fr\/wp-json\/wp\/v2\/product\/7828","targetHints":{"allow":["GET"]}}],"collection":[{"href":"https:\/\/axiomtsp.com\/fr\/wp-json\/wp\/v2\/product"}],"about":[{"href":"https:\/\/axiomtsp.com\/fr\/wp-json\/wp\/v2\/types\/product"}],"replies":[{"embeddable":true,"href":"https:\/\/axiomtsp.com\/fr\/wp-json\/wp\/v2\/comments?post=7828"}],"wp:featuredmedia":[{"embeddable":true,"href":"https:\/\/axiomtsp.com\/fr\/wp-json\/wp\/v2\/media\/7831"}],"wp:attachment":[{"href":"https:\/\/axiomtsp.com\/fr\/wp-json\/wp\/v2\/media?parent=7828"}],"wp:term":[{"taxonomy":"product_brand","embeddable":true,"href":"https:\/\/axiomtsp.com\/fr\/wp-json\/wp\/v2\/product_brand?post=7828"},{"taxonomy":"product_cat","embeddable":true,"href":"https:\/\/axiomtsp.com\/fr\/wp-json\/wp\/v2\/product_cat?post=7828"},{"taxonomy":"product_tag","embeddable":true,"href":"https:\/\/axiomtsp.com\/fr\/wp-json\/wp\/v2\/product_tag?post=7828"}],"curies":[{"name":"wp","href":"https:\/\/api.w.org\/{rel}","templated":true}]}}