{"id":7183,"date":"2025-08-01T18:06:40","date_gmt":"2025-08-01T18:06:40","guid":{"rendered":"https:\/\/axiomtsp.com\/?post_type=product&#038;p=7183"},"modified":"2025-08-01T18:06:40","modified_gmt":"2025-08-01T18:06:40","slug":"buffalo-booties-boot-cover-non-skid-150-pairs-copy","status":"publish","type":"product","link":"https:\/\/axiomtsp.com\/fr\/produit\/buffalo-booties-boot-cover-non-skid-150-pairs-copy\/","title":{"rendered":"BUFFALO BOOTIES BOOT COVER &#8211; NON SKID (150 PAIRS) (Copy)"},"content":{"rendered":"<p>Les Buffalo Booties viennent en taille de 18.7 \u201c de long et sont fabriqu\u00e9es \u00e0 partir d\u2019un mat\u00e9riel qui est 50% plus fort que celui des autres marques. Avec un design super extensible, elles sont beaucoup plus faciles \u00e0 enfiler et offrent la performance anti-glissade 100% pour vous prot\u00e9ger contre la salet\u00e9, la poussi\u00e8re et l\u2019humidit\u00e9.<\/p>\n","protected":false},"excerpt":{"rendered":"<p>Les Buffalo Booties viennent en taille de 18.7 \u201c de long et sont fabriqu\u00e9es \u00e0 partir d\u2019un mat\u00e9riel qui est 50% plus fort que celui des autres marques. Avec un design super extensible, elles sont beaucoup plus faciles \u00e0 enfiler et offrent la performance anti-glissade 100% pour vous prot\u00e9ger contre la salet\u00e9, la poussi\u00e8re et l\u2019humidit\u00e9.<\/p>\n","protected":false},"featured_media":7186,"comment_status":"closed","ping_status":"closed","template":"","meta":{"_acf_changed":false},"product_brand":[],"product_cat":[183,149],"product_tag":[],"class_list":{"0":"post-7183","1":"product","2":"type-product","3":"status-publish","4":"has-post-thumbnail","6":"product_cat-protection-cvac","7":"product_cat-controle-de-la-poussiere","9":"first","10":"instock","11":"taxable","12":"shipping-taxable","13":"purchasable","14":"product-type-variable"},"acf":[],"yoast_head":"<!-- This site is optimized with the Yoast SEO plugin v27.1.1 - https:\/\/yoast.com\/product\/yoast-seo-wordpress\/ -->\n<title>BUFFALO BOOTIES BOOT COVER - NON SKID (150 PAIRS) (Copy) - Axiom | Temporary Surface Protection<\/title>\n<meta name=\"description\" content=\"Buffalo Booties sont disponibles dans une taille plus grande de 18,7 pouces de long et sont fabriqu\u00e9s dans un mat\u00e9riau qui est 50 % plus r\u00e9sistant que celui d&#039;autres marques\" \/>\n<meta name=\"robots\" content=\"index, follow, max-snippet:-1, max-image-preview:large, max-video-preview:-1\" \/>\n<link rel=\"canonical\" href=\"https:\/\/axiomtsp.com\/fr\/produit\/buffalo-booties-boot-cover-non-skid-150-pairs-copy\/\" \/>\n<meta property=\"og:locale\" content=\"fr_FR\" \/>\n<meta property=\"og:type\" content=\"article\" \/>\n<meta property=\"og:title\" content=\"BUFFALO BOOTIES BOOT COVER - NON SKID (150 PAIRS) (Copy) - Axiom | Temporary Surface Protection\" \/>\n<meta property=\"og:description\" content=\"Buffalo Booties sont disponibles dans une taille plus grande de 18,7 pouces de long et sont fabriqu\u00e9s dans un mat\u00e9riau qui est 50 % plus r\u00e9sistant que celui d&#039;autres marques\" \/>\n<meta property=\"og:url\" content=\"https:\/\/axiomtsp.com\/fr\/produit\/buffalo-booties-boot-cover-non-skid-150-pairs-copy\/\" \/>\n<meta property=\"og:site_name\" content=\"Axiom | Temporary Surface Protection\" \/>\n<meta property=\"og:image\" content=\"https:\/\/axiomtsp.com\/wp-cms\/wp-content\/uploads\/2025\/07\/Armour-Premium-Boot-Cover-scaled.jpg\" \/>\n\t<meta property=\"og:image:width\" content=\"2560\" \/>\n\t<meta property=\"og:image:height\" content=\"2560\" \/>\n\t<meta property=\"og:image:type\" content=\"image\/jpeg\" \/>\n<meta name=\"twitter:card\" content=\"summary_large_image\" \/>\n<meta name=\"twitter:label1\" content=\"Dur\u00e9e de lecture estim\u00e9e\" \/>\n\t<meta name=\"twitter:data1\" content=\"1 minute\" \/>\n<script type=\"application\/ld+json\" class=\"yoast-schema-graph\">{\"@context\":\"https:\/\/schema.org\",\"@graph\":[{\"@type\":\"WebPage\",\"@id\":\"https:\/\/axiomtsp.com\/fr\/produit\/buffalo-booties-boot-cover-non-skid-150-pairs-copy\/\",\"url\":\"https:\/\/axiomtsp.com\/fr\/produit\/buffalo-booties-boot-cover-non-skid-150-pairs-copy\/\",\"name\":\"BUFFALO BOOTIES BOOT COVER - NON SKID (150 PAIRS) (Copy) - Axiom | Temporary Surface Protection\",\"isPartOf\":{\"@id\":\"https:\/\/axiomtsp.com\/fr\/#website\"},\"primaryImageOfPage\":{\"@id\":\"https:\/\/axiomtsp.com\/fr\/produit\/buffalo-booties-boot-cover-non-skid-150-pairs-copy\/#primaryimage\"},\"image\":{\"@id\":\"https:\/\/axiomtsp.com\/fr\/produit\/buffalo-booties-boot-cover-non-skid-150-pairs-copy\/#primaryimage\"},\"thumbnailUrl\":\"https:\/\/axiomtsp.com\/wp-cms\/wp-content\/uploads\/2025\/07\/Armour-Premium-Boot-Cover-scaled.jpg\",\"datePublished\":\"2025-08-01T18:06:40+00:00\",\"description\":\"Buffalo Booties sont disponibles dans une taille plus grande de 18,7 pouces de long et sont fabriqu\u00e9s dans un mat\u00e9riau qui est 50 % plus r\u00e9sistant que celui d'autres marques\",\"breadcrumb\":{\"@id\":\"https:\/\/axiomtsp.com\/fr\/produit\/buffalo-booties-boot-cover-non-skid-150-pairs-copy\/#breadcrumb\"},\"inLanguage\":\"fr-FR\",\"potentialAction\":[{\"@type\":\"ReadAction\",\"target\":[\"https:\/\/axiomtsp.com\/fr\/produit\/buffalo-booties-boot-cover-non-skid-150-pairs-copy\/\"]}]},{\"@type\":\"ImageObject\",\"inLanguage\":\"fr-FR\",\"@id\":\"https:\/\/axiomtsp.com\/fr\/produit\/buffalo-booties-boot-cover-non-skid-150-pairs-copy\/#primaryimage\",\"url\":\"https:\/\/axiomtsp.com\/wp-cms\/wp-content\/uploads\/2025\/07\/Armour-Premium-Boot-Cover-scaled.jpg\",\"contentUrl\":\"https:\/\/axiomtsp.com\/wp-cms\/wp-content\/uploads\/2025\/07\/Armour-Premium-Boot-Cover-scaled.jpg\",\"width\":2560,\"height\":2560,\"caption\":\"Armour Premium Boot Cover\"},{\"@type\":\"BreadcrumbList\",\"@id\":\"https:\/\/axiomtsp.com\/fr\/produit\/buffalo-booties-boot-cover-non-skid-150-pairs-copy\/#breadcrumb\",\"itemListElement\":[{\"@type\":\"ListItem\",\"position\":1,\"name\":\"Home\",\"item\":\"https:\/\/axiomtsp.com\/fr\/\"},{\"@type\":\"ListItem\",\"position\":2,\"name\":\"Boutique\",\"item\":\"https:\/\/axiomtsp.com\/boutique\/?lang=fr\"},{\"@type\":\"ListItem\",\"position\":3,\"name\":\"BUFFALO BOOTIES BOOT COVER &#8211; NON SKID (150 PAIRS) (Copy)\"}]},{\"@type\":\"WebSite\",\"@id\":\"https:\/\/axiomtsp.com\/fr\/#website\",\"url\":\"https:\/\/axiomtsp.com\/fr\/\",\"name\":\"Axiom | Temporary Surface Protection\",\"description\":\"We stock the largest range of Temporary Surface Protection products in Canada. We help you choose the best solution for your project to ensure that you save time and money, avoid disruption to your construction schedule, maximize profitability on your projects, and prevent damage to your reputation.\",\"potentialAction\":[{\"@type\":\"SearchAction\",\"target\":{\"@type\":\"EntryPoint\",\"urlTemplate\":\"https:\/\/axiomtsp.com\/fr\/?s={search_term_string}\"},\"query-input\":{\"@type\":\"PropertyValueSpecification\",\"valueRequired\":true,\"valueName\":\"search_term_string\"}}],\"inLanguage\":\"fr-FR\"}]}<\/script>\n<!-- \/ Yoast SEO plugin. -->","yoast_head_json":{"title":"BUFFALO BOOTIES BOOT COVER - NON SKID (150 PAIRS) (Copy) - Axiom | Temporary Surface Protection","description":"Buffalo Booties sont disponibles dans une taille plus grande de 18,7 pouces de long et sont fabriqu\u00e9s dans un mat\u00e9riau qui est 50 % plus r\u00e9sistant que celui d'autres marques","robots":{"index":"index","follow":"follow","max-snippet":"max-snippet:-1","max-image-preview":"max-image-preview:large","max-video-preview":"max-video-preview:-1"},"canonical":"https:\/\/axiomtsp.com\/fr\/produit\/buffalo-booties-boot-cover-non-skid-150-pairs-copy\/","og_locale":"fr_FR","og_type":"article","og_title":"BUFFALO BOOTIES BOOT COVER - NON SKID (150 PAIRS) (Copy) - Axiom | Temporary Surface Protection","og_description":"Buffalo Booties sont disponibles dans une taille plus grande de 18,7 pouces de long et sont fabriqu\u00e9s dans un mat\u00e9riau qui est 50 % plus r\u00e9sistant que celui d'autres marques","og_url":"https:\/\/axiomtsp.com\/fr\/produit\/buffalo-booties-boot-cover-non-skid-150-pairs-copy\/","og_site_name":"Axiom | Temporary Surface Protection","og_image":[{"width":2560,"height":2560,"url":"https:\/\/axiomtsp.com\/wp-cms\/wp-content\/uploads\/2025\/07\/Armour-Premium-Boot-Cover-scaled.jpg","type":"image\/jpeg"}],"twitter_card":"summary_large_image","twitter_misc":{"Dur\u00e9e de lecture estim\u00e9e":"1 minute"},"schema":{"@context":"https:\/\/schema.org","@graph":[{"@type":"WebPage","@id":"https:\/\/axiomtsp.com\/fr\/produit\/buffalo-booties-boot-cover-non-skid-150-pairs-copy\/","url":"https:\/\/axiomtsp.com\/fr\/produit\/buffalo-booties-boot-cover-non-skid-150-pairs-copy\/","name":"BUFFALO BOOTIES BOOT COVER - NON SKID (150 PAIRS) (Copy) - Axiom | Temporary Surface Protection","isPartOf":{"@id":"https:\/\/axiomtsp.com\/fr\/#website"},"primaryImageOfPage":{"@id":"https:\/\/axiomtsp.com\/fr\/produit\/buffalo-booties-boot-cover-non-skid-150-pairs-copy\/#primaryimage"},"image":{"@id":"https:\/\/axiomtsp.com\/fr\/produit\/buffalo-booties-boot-cover-non-skid-150-pairs-copy\/#primaryimage"},"thumbnailUrl":"https:\/\/axiomtsp.com\/wp-cms\/wp-content\/uploads\/2025\/07\/Armour-Premium-Boot-Cover-scaled.jpg","datePublished":"2025-08-01T18:06:40+00:00","description":"Buffalo Booties sont disponibles dans une taille plus grande de 18,7 pouces de long et sont fabriqu\u00e9s dans un mat\u00e9riau qui est 50 % plus r\u00e9sistant que celui d'autres marques","breadcrumb":{"@id":"https:\/\/axiomtsp.com\/fr\/produit\/buffalo-booties-boot-cover-non-skid-150-pairs-copy\/#breadcrumb"},"inLanguage":"fr-FR","potentialAction":[{"@type":"ReadAction","target":["https:\/\/axiomtsp.com\/fr\/produit\/buffalo-booties-boot-cover-non-skid-150-pairs-copy\/"]}]},{"@type":"ImageObject","inLanguage":"fr-FR","@id":"https:\/\/axiomtsp.com\/fr\/produit\/buffalo-booties-boot-cover-non-skid-150-pairs-copy\/#primaryimage","url":"https:\/\/axiomtsp.com\/wp-cms\/wp-content\/uploads\/2025\/07\/Armour-Premium-Boot-Cover-scaled.jpg","contentUrl":"https:\/\/axiomtsp.com\/wp-cms\/wp-content\/uploads\/2025\/07\/Armour-Premium-Boot-Cover-scaled.jpg","width":2560,"height":2560,"caption":"Armour Premium Boot Cover"},{"@type":"BreadcrumbList","@id":"https:\/\/axiomtsp.com\/fr\/produit\/buffalo-booties-boot-cover-non-skid-150-pairs-copy\/#breadcrumb","itemListElement":[{"@type":"ListItem","position":1,"name":"Home","item":"https:\/\/axiomtsp.com\/fr\/"},{"@type":"ListItem","position":2,"name":"Boutique","item":"https:\/\/axiomtsp.com\/boutique\/?lang=fr"},{"@type":"ListItem","position":3,"name":"BUFFALO BOOTIES BOOT COVER &#8211; NON SKID (150 PAIRS) (Copy)"}]},{"@type":"WebSite","@id":"https:\/\/axiomtsp.com\/fr\/#website","url":"https:\/\/axiomtsp.com\/fr\/","name":"Axiom | Temporary Surface Protection","description":"We stock the largest range of Temporary Surface Protection products in Canada. We help you choose the best solution for your project to ensure that you save time and money, avoid disruption to your construction schedule, maximize profitability on your projects, and prevent damage to your reputation.","potentialAction":[{"@type":"SearchAction","target":{"@type":"EntryPoint","urlTemplate":"https:\/\/axiomtsp.com\/fr\/?s={search_term_string}"},"query-input":{"@type":"PropertyValueSpecification","valueRequired":true,"valueName":"search_term_string"}}],"inLanguage":"fr-FR"}]}},"_links":{"self":[{"href":"https:\/\/axiomtsp.com\/fr\/wp-json\/wp\/v2\/product\/7183","targetHints":{"allow":["GET"]}}],"collection":[{"href":"https:\/\/axiomtsp.com\/fr\/wp-json\/wp\/v2\/product"}],"about":[{"href":"https:\/\/axiomtsp.com\/fr\/wp-json\/wp\/v2\/types\/product"}],"replies":[{"embeddable":true,"href":"https:\/\/axiomtsp.com\/fr\/wp-json\/wp\/v2\/comments?post=7183"}],"wp:featuredmedia":[{"embeddable":true,"href":"https:\/\/axiomtsp.com\/fr\/wp-json\/wp\/v2\/media\/7186"}],"wp:attachment":[{"href":"https:\/\/axiomtsp.com\/fr\/wp-json\/wp\/v2\/media?parent=7183"}],"wp:term":[{"taxonomy":"product_brand","embeddable":true,"href":"https:\/\/axiomtsp.com\/fr\/wp-json\/wp\/v2\/product_brand?post=7183"},{"taxonomy":"product_cat","embeddable":true,"href":"https:\/\/axiomtsp.com\/fr\/wp-json\/wp\/v2\/product_cat?post=7183"},{"taxonomy":"product_tag","embeddable":true,"href":"https:\/\/axiomtsp.com\/fr\/wp-json\/wp\/v2\/product_tag?post=7183"}],"curies":[{"name":"wp","href":"https:\/\/api.w.org\/{rel}","templated":true}]}}