{"id":6915,"date":"2025-06-13T17:08:22","date_gmt":"2025-06-13T17:08:22","guid":{"rendered":"https:\/\/axiomtsp.com\/?post_type=product&#038;p=6915"},"modified":"2025-10-17T14:32:48","modified_gmt":"2025-10-17T14:32:48","slug":"carpet-film-applicator-copy","status":"publish","type":"product","link":"https:\/\/axiomtsp.com\/fr\/produit\/carpet-film-applicator-copy\/","title":{"rendered":"CARPET FILM APPLICATOR (Copy)"},"content":{"rendered":"<p>Le Carpet Film Applicator facilite le d\u00e9roulement et l\u2019application uniforme de rouleaux de film protecteur pour tapis \u00e0 vos planchers tapiss\u00e9s. L\u2019applicateur est enti\u00e8rement fabriqu\u00e9 de m\u00e9tal, y compris le cadre et les rouleaux, ce qui en fait un produit durable. Les rouleaux poss\u00e8dent des roulements int\u00e9gr\u00e9s pour vous assurer d\u2019une application facile, uniforme et fiable. AXCPFA48 convient aux rouleaux de film de 48 pouces et AXCPFAU convient aux rouleaux de film de 24, 30 et 36 pouces.<\/p>\n","protected":false},"excerpt":{"rendered":"<p>Le Carpet Film Applicator facilite le d\u00e9roulement et l\u2019application uniforme de rouleaux de film protecteur pour tapis \u00e0 vos planchers tapiss\u00e9s. L\u2019applicateur est enti\u00e8rement fabriqu\u00e9 de m\u00e9tal, y compris le cadre et les rouleaux, ce qui en fait un produit durable. Les rouleaux poss\u00e8dent des roulements int\u00e9gr\u00e9s pour vous assurer d\u2019une application facile, uniforme et fiable. AXCPFA48 convient aux rouleaux de film de 48 pouces et AXCPFAU convient aux rouleaux de film de 24, 30 et 36 pouces.<\/p>\n","protected":false},"featured_media":6920,"comment_status":"closed","ping_status":"closed","template":"","meta":{"_acf_changed":false},"product_brand":[],"product_cat":[184],"product_tag":[],"class_list":{"0":"post-6915","1":"product","2":"type-product","3":"status-publish","4":"has-post-thumbnail","6":"product_cat-outils-dinstallation","8":"first","9":"instock","10":"taxable","11":"shipping-taxable","12":"purchasable","13":"product-type-variable"},"acf":[],"yoast_head":"<!-- This site is optimized with the Yoast SEO plugin v27.1.1 - https:\/\/yoast.com\/product\/yoast-seo-wordpress\/ -->\n<title>CARPET FILM APPLICATOR (Copy) - Axiom | Temporary Surface Protection<\/title>\n<meta name=\"description\" content=\"The Carpet Film Applicator\u00a0facilite le d\u00e9roulement du film protecteur pour tapis et son application lisse sur vos sols recouverts de moquette.\" \/>\n<meta name=\"robots\" content=\"index, follow, max-snippet:-1, max-image-preview:large, max-video-preview:-1\" \/>\n<link rel=\"canonical\" href=\"https:\/\/axiomtsp.com\/fr\/produit\/carpet-film-applicator-copy\/\" \/>\n<meta property=\"og:locale\" content=\"fr_FR\" \/>\n<meta property=\"og:type\" content=\"article\" \/>\n<meta property=\"og:title\" content=\"CARPET FILM APPLICATOR (Copy) - Axiom | Temporary Surface Protection\" \/>\n<meta property=\"og:description\" content=\"The Carpet Film Applicator\u00a0facilite le d\u00e9roulement du film protecteur pour tapis et son application lisse sur vos sols recouverts de moquette.\" \/>\n<meta property=\"og:url\" content=\"https:\/\/axiomtsp.com\/fr\/produit\/carpet-film-applicator-copy\/\" \/>\n<meta property=\"og:site_name\" content=\"Axiom | Temporary Surface Protection\" \/>\n<meta property=\"article:modified_time\" content=\"2025-10-17T14:32:48+00:00\" \/>\n<meta property=\"og:image\" content=\"https:\/\/axiomtsp.com\/wp-cms\/wp-content\/uploads\/2025\/06\/Armour-Premium-Film-Applicator-scaled.jpg\" \/>\n\t<meta property=\"og:image:width\" content=\"2560\" \/>\n\t<meta property=\"og:image:height\" content=\"2560\" \/>\n\t<meta property=\"og:image:type\" content=\"image\/jpeg\" \/>\n<meta name=\"twitter:card\" content=\"summary_large_image\" \/>\n<meta name=\"twitter:label1\" content=\"Dur\u00e9e de lecture estim\u00e9e\" \/>\n\t<meta name=\"twitter:data1\" content=\"1 minute\" \/>\n<script type=\"application\/ld+json\" class=\"yoast-schema-graph\">{\"@context\":\"https:\/\/schema.org\",\"@graph\":[{\"@type\":\"WebPage\",\"@id\":\"https:\/\/axiomtsp.com\/fr\/produit\/carpet-film-applicator-copy\/\",\"url\":\"https:\/\/axiomtsp.com\/fr\/produit\/carpet-film-applicator-copy\/\",\"name\":\"CARPET FILM APPLICATOR (Copy) - Axiom | Temporary Surface Protection\",\"isPartOf\":{\"@id\":\"https:\/\/axiomtsp.com\/fr\/#website\"},\"primaryImageOfPage\":{\"@id\":\"https:\/\/axiomtsp.com\/fr\/produit\/carpet-film-applicator-copy\/#primaryimage\"},\"image\":{\"@id\":\"https:\/\/axiomtsp.com\/fr\/produit\/carpet-film-applicator-copy\/#primaryimage\"},\"thumbnailUrl\":\"https:\/\/axiomtsp.com\/wp-cms\/wp-content\/uploads\/2025\/06\/Armour-Premium-Film-Applicator-scaled.jpg\",\"datePublished\":\"2025-06-13T17:08:22+00:00\",\"dateModified\":\"2025-10-17T14:32:48+00:00\",\"description\":\"The Carpet Film Applicator\u00a0facilite le d\u00e9roulement du film protecteur pour tapis et son application lisse sur vos sols recouverts de moquette.\",\"breadcrumb\":{\"@id\":\"https:\/\/axiomtsp.com\/fr\/produit\/carpet-film-applicator-copy\/#breadcrumb\"},\"inLanguage\":\"fr-FR\",\"potentialAction\":[{\"@type\":\"ReadAction\",\"target\":[\"https:\/\/axiomtsp.com\/fr\/produit\/carpet-film-applicator-copy\/\"]}]},{\"@type\":\"ImageObject\",\"inLanguage\":\"fr-FR\",\"@id\":\"https:\/\/axiomtsp.com\/fr\/produit\/carpet-film-applicator-copy\/#primaryimage\",\"url\":\"https:\/\/axiomtsp.com\/wp-cms\/wp-content\/uploads\/2025\/06\/Armour-Premium-Film-Applicator-scaled.jpg\",\"contentUrl\":\"https:\/\/axiomtsp.com\/wp-cms\/wp-content\/uploads\/2025\/06\/Armour-Premium-Film-Applicator-scaled.jpg\",\"width\":2560,\"height\":2560,\"caption\":\"Armour Premium Film Applicator\"},{\"@type\":\"BreadcrumbList\",\"@id\":\"https:\/\/axiomtsp.com\/fr\/produit\/carpet-film-applicator-copy\/#breadcrumb\",\"itemListElement\":[{\"@type\":\"ListItem\",\"position\":1,\"name\":\"Home\",\"item\":\"https:\/\/axiomtsp.com\/fr\/\"},{\"@type\":\"ListItem\",\"position\":2,\"name\":\"Boutique\",\"item\":\"https:\/\/axiomtsp.com\/boutique\/?lang=fr\"},{\"@type\":\"ListItem\",\"position\":3,\"name\":\"CARPET FILM APPLICATOR (Copy)\"}]},{\"@type\":\"WebSite\",\"@id\":\"https:\/\/axiomtsp.com\/fr\/#website\",\"url\":\"https:\/\/axiomtsp.com\/fr\/\",\"name\":\"Axiom | Temporary Surface Protection\",\"description\":\"We stock the largest range of Temporary Surface Protection products in Canada. We help you choose the best solution for your project to ensure that you save time and money, avoid disruption to your construction schedule, maximize profitability on your projects, and prevent damage to your reputation.\",\"potentialAction\":[{\"@type\":\"SearchAction\",\"target\":{\"@type\":\"EntryPoint\",\"urlTemplate\":\"https:\/\/axiomtsp.com\/fr\/?s={search_term_string}\"},\"query-input\":{\"@type\":\"PropertyValueSpecification\",\"valueRequired\":true,\"valueName\":\"search_term_string\"}}],\"inLanguage\":\"fr-FR\"}]}<\/script>\n<!-- \/ Yoast SEO plugin. -->","yoast_head_json":{"title":"CARPET FILM APPLICATOR (Copy) - Axiom | Temporary Surface Protection","description":"The Carpet Film Applicator\u00a0facilite le d\u00e9roulement du film protecteur pour tapis et son application lisse sur vos sols recouverts de moquette.","robots":{"index":"index","follow":"follow","max-snippet":"max-snippet:-1","max-image-preview":"max-image-preview:large","max-video-preview":"max-video-preview:-1"},"canonical":"https:\/\/axiomtsp.com\/fr\/produit\/carpet-film-applicator-copy\/","og_locale":"fr_FR","og_type":"article","og_title":"CARPET FILM APPLICATOR (Copy) - Axiom | Temporary Surface Protection","og_description":"The Carpet Film Applicator\u00a0facilite le d\u00e9roulement du film protecteur pour tapis et son application lisse sur vos sols recouverts de moquette.","og_url":"https:\/\/axiomtsp.com\/fr\/produit\/carpet-film-applicator-copy\/","og_site_name":"Axiom | Temporary Surface Protection","article_modified_time":"2025-10-17T14:32:48+00:00","og_image":[{"width":2560,"height":2560,"url":"https:\/\/axiomtsp.com\/wp-cms\/wp-content\/uploads\/2025\/06\/Armour-Premium-Film-Applicator-scaled.jpg","type":"image\/jpeg"}],"twitter_card":"summary_large_image","twitter_misc":{"Dur\u00e9e de lecture estim\u00e9e":"1 minute"},"schema":{"@context":"https:\/\/schema.org","@graph":[{"@type":"WebPage","@id":"https:\/\/axiomtsp.com\/fr\/produit\/carpet-film-applicator-copy\/","url":"https:\/\/axiomtsp.com\/fr\/produit\/carpet-film-applicator-copy\/","name":"CARPET FILM APPLICATOR (Copy) - Axiom | Temporary Surface Protection","isPartOf":{"@id":"https:\/\/axiomtsp.com\/fr\/#website"},"primaryImageOfPage":{"@id":"https:\/\/axiomtsp.com\/fr\/produit\/carpet-film-applicator-copy\/#primaryimage"},"image":{"@id":"https:\/\/axiomtsp.com\/fr\/produit\/carpet-film-applicator-copy\/#primaryimage"},"thumbnailUrl":"https:\/\/axiomtsp.com\/wp-cms\/wp-content\/uploads\/2025\/06\/Armour-Premium-Film-Applicator-scaled.jpg","datePublished":"2025-06-13T17:08:22+00:00","dateModified":"2025-10-17T14:32:48+00:00","description":"The Carpet Film Applicator\u00a0facilite le d\u00e9roulement du film protecteur pour tapis et son application lisse sur vos sols recouverts de moquette.","breadcrumb":{"@id":"https:\/\/axiomtsp.com\/fr\/produit\/carpet-film-applicator-copy\/#breadcrumb"},"inLanguage":"fr-FR","potentialAction":[{"@type":"ReadAction","target":["https:\/\/axiomtsp.com\/fr\/produit\/carpet-film-applicator-copy\/"]}]},{"@type":"ImageObject","inLanguage":"fr-FR","@id":"https:\/\/axiomtsp.com\/fr\/produit\/carpet-film-applicator-copy\/#primaryimage","url":"https:\/\/axiomtsp.com\/wp-cms\/wp-content\/uploads\/2025\/06\/Armour-Premium-Film-Applicator-scaled.jpg","contentUrl":"https:\/\/axiomtsp.com\/wp-cms\/wp-content\/uploads\/2025\/06\/Armour-Premium-Film-Applicator-scaled.jpg","width":2560,"height":2560,"caption":"Armour Premium Film Applicator"},{"@type":"BreadcrumbList","@id":"https:\/\/axiomtsp.com\/fr\/produit\/carpet-film-applicator-copy\/#breadcrumb","itemListElement":[{"@type":"ListItem","position":1,"name":"Home","item":"https:\/\/axiomtsp.com\/fr\/"},{"@type":"ListItem","position":2,"name":"Boutique","item":"https:\/\/axiomtsp.com\/boutique\/?lang=fr"},{"@type":"ListItem","position":3,"name":"CARPET FILM APPLICATOR (Copy)"}]},{"@type":"WebSite","@id":"https:\/\/axiomtsp.com\/fr\/#website","url":"https:\/\/axiomtsp.com\/fr\/","name":"Axiom | Temporary Surface Protection","description":"We stock the largest range of Temporary Surface Protection products in Canada. We help you choose the best solution for your project to ensure that you save time and money, avoid disruption to your construction schedule, maximize profitability on your projects, and prevent damage to your reputation.","potentialAction":[{"@type":"SearchAction","target":{"@type":"EntryPoint","urlTemplate":"https:\/\/axiomtsp.com\/fr\/?s={search_term_string}"},"query-input":{"@type":"PropertyValueSpecification","valueRequired":true,"valueName":"search_term_string"}}],"inLanguage":"fr-FR"}]}},"_links":{"self":[{"href":"https:\/\/axiomtsp.com\/fr\/wp-json\/wp\/v2\/product\/6915","targetHints":{"allow":["GET"]}}],"collection":[{"href":"https:\/\/axiomtsp.com\/fr\/wp-json\/wp\/v2\/product"}],"about":[{"href":"https:\/\/axiomtsp.com\/fr\/wp-json\/wp\/v2\/types\/product"}],"replies":[{"embeddable":true,"href":"https:\/\/axiomtsp.com\/fr\/wp-json\/wp\/v2\/comments?post=6915"}],"wp:featuredmedia":[{"embeddable":true,"href":"https:\/\/axiomtsp.com\/fr\/wp-json\/wp\/v2\/media\/6920"}],"wp:attachment":[{"href":"https:\/\/axiomtsp.com\/fr\/wp-json\/wp\/v2\/media?parent=6915"}],"wp:term":[{"taxonomy":"product_brand","embeddable":true,"href":"https:\/\/axiomtsp.com\/fr\/wp-json\/wp\/v2\/product_brand?post=6915"},{"taxonomy":"product_cat","embeddable":true,"href":"https:\/\/axiomtsp.com\/fr\/wp-json\/wp\/v2\/product_cat?post=6915"},{"taxonomy":"product_tag","embeddable":true,"href":"https:\/\/axiomtsp.com\/fr\/wp-json\/wp\/v2\/product_tag?post=6915"}],"curies":[{"name":"wp","href":"https:\/\/api.w.org\/{rel}","templated":true}]}}