{"id":5159,"date":"2022-05-19T15:38:41","date_gmt":"2022-05-19T15:38:41","guid":{"rendered":"https:\/\/axiomtsp.com\/product\/zipwall-foamrail-tapeless-seal-2-pack\/"},"modified":"2024-03-13T13:08:28","modified_gmt":"2024-03-13T13:08:28","slug":"zipwall-foamrail-tapeless-seal-2-pack","status":"publish","type":"product","link":"https:\/\/axiomtsp.com\/fr\/produit\/zipwall-foamrail-tapeless-seal-2-pack\/","title":{"rendered":"ZIPWALL FOAMRAIL TAPELESS SEAL &#8211; 2 PACK"},"content":{"rendered":"<p>Deux rails d\u2019aluminium de 4 pieds avec deux connecteurs T-Clip. Fixez \u00e0 n\u2019importe quel poteau ZipWall\u00ae Pole et scellez fermement une barri\u00e8re le long du plafond, du plancher ou des murs. Aucune \u00e9chelle ou ruban adh\u00e9sif n\u2019est requis et il ne laisse aucun dommage. Peut \u00eatre utilis\u00e9 avec des b\u00e2ches en plastique ou les panneaux r\u00e9utilisables ZIPFAST REUSABLE BARRIER PANEL.<\/p>\n","protected":false},"excerpt":{"rendered":"<p>Deux rails d\u2019aluminium de 4 pieds avec deux connecteurs T-Clip. Fixez \u00e0 n\u2019importe quel poteau ZipWall\u00ae Pole et scellez fermement une barri\u00e8re le long du plafond, du plancher ou des murs. Aucune \u00e9chelle ou ruban adh\u00e9sif n\u2019est requis et il ne laisse aucun dommage. Peut \u00eatre utilis\u00e9 avec des b\u00e2ches en plastique ou les panneaux r\u00e9utilisables ZIPFAST REUSABLE BARRIER PANEL.<\/p>\n","protected":false},"featured_media":3823,"comment_status":"closed","ping_status":"closed","template":"","meta":{"_acf_changed":false},"product_brand":[],"product_cat":[149],"product_tag":[],"class_list":{"0":"post-5159","1":"product","2":"type-product","3":"status-publish","4":"has-post-thumbnail","6":"product_cat-controle-de-la-poussiere","8":"first","9":"instock","10":"taxable","11":"shipping-taxable","12":"purchasable","13":"product-type-variable"},"acf":[],"yoast_head":"<!-- This site is optimized with the Yoast SEO plugin v27.1.1 - https:\/\/yoast.com\/product\/yoast-seo-wordpress\/ -->\n<title>ZIPWALL FOAMRAIL TAPELESS SEAL - 2 PACK - Axiom | Temporary Surface Protection<\/title>\n<meta name=\"description\" content=\"Deux rails en aluminium de 4 pieds avec deux connecteurs en T. Fixez-les \u00e0 n&#039;importe quel poteau ZipWall et scellez fermement une barri\u00e8re le long du plafond, du sol ou des murs.\" \/>\n<meta name=\"robots\" content=\"index, follow, max-snippet:-1, max-image-preview:large, max-video-preview:-1\" \/>\n<link rel=\"canonical\" href=\"https:\/\/axiomtsp.com\/fr\/produit\/zipwall-foamrail-tapeless-seal-2-pack\/\" \/>\n<meta property=\"og:locale\" content=\"fr_FR\" \/>\n<meta property=\"og:type\" content=\"article\" \/>\n<meta property=\"og:title\" content=\"ZIPWALL FOAMRAIL TAPELESS SEAL - 2 PACK - Axiom | Temporary Surface Protection\" \/>\n<meta property=\"og:description\" content=\"Deux rails en aluminium de 4 pieds avec deux connecteurs en T. Fixez-les \u00e0 n&#039;importe quel poteau ZipWall et scellez fermement une barri\u00e8re le long du plafond, du sol ou des murs.\" \/>\n<meta property=\"og:url\" content=\"https:\/\/axiomtsp.com\/fr\/produit\/zipwall-foamrail-tapeless-seal-2-pack\/\" \/>\n<meta property=\"og:site_name\" content=\"Axiom | Temporary Surface Protection\" \/>\n<meta property=\"article:modified_time\" content=\"2024-03-13T13:08:28+00:00\" \/>\n<meta property=\"og:image\" content=\"https:\/\/axiomtsp.com\/wp-cms\/wp-content\/uploads\/2022\/05\/fd5b5f_d9462bd670744cefad0867dca28deca4mv2.jpg\" \/>\n\t<meta property=\"og:image:width\" content=\"720\" \/>\n\t<meta property=\"og:image:height\" content=\"720\" \/>\n\t<meta property=\"og:image:type\" content=\"image\/jpeg\" \/>\n<meta name=\"twitter:card\" content=\"summary_large_image\" \/>\n<meta name=\"twitter:label1\" content=\"Dur\u00e9e de lecture estim\u00e9e\" \/>\n\t<meta name=\"twitter:data1\" content=\"1 minute\" \/>\n<script type=\"application\/ld+json\" class=\"yoast-schema-graph\">{\"@context\":\"https:\/\/schema.org\",\"@graph\":[{\"@type\":\"WebPage\",\"@id\":\"https:\/\/axiomtsp.com\/fr\/produit\/zipwall-foamrail-tapeless-seal-2-pack\/\",\"url\":\"https:\/\/axiomtsp.com\/fr\/produit\/zipwall-foamrail-tapeless-seal-2-pack\/\",\"name\":\"ZIPWALL FOAMRAIL TAPELESS SEAL - 2 PACK - Axiom | Temporary Surface Protection\",\"isPartOf\":{\"@id\":\"https:\/\/axiomtsp.com\/fr\/#website\"},\"primaryImageOfPage\":{\"@id\":\"https:\/\/axiomtsp.com\/fr\/produit\/zipwall-foamrail-tapeless-seal-2-pack\/#primaryimage\"},\"image\":{\"@id\":\"https:\/\/axiomtsp.com\/fr\/produit\/zipwall-foamrail-tapeless-seal-2-pack\/#primaryimage\"},\"thumbnailUrl\":\"https:\/\/axiomtsp.com\/wp-cms\/wp-content\/uploads\/2022\/05\/fd5b5f_d9462bd670744cefad0867dca28deca4mv2.jpg\",\"datePublished\":\"2022-05-19T15:38:41+00:00\",\"dateModified\":\"2024-03-13T13:08:28+00:00\",\"description\":\"Deux rails en aluminium de 4 pieds avec deux connecteurs en T. Fixez-les \u00e0 n'importe quel poteau ZipWall et scellez fermement une barri\u00e8re le long du plafond, du sol ou des murs.\",\"breadcrumb\":{\"@id\":\"https:\/\/axiomtsp.com\/fr\/produit\/zipwall-foamrail-tapeless-seal-2-pack\/#breadcrumb\"},\"inLanguage\":\"fr-FR\",\"potentialAction\":[{\"@type\":\"ReadAction\",\"target\":[\"https:\/\/axiomtsp.com\/fr\/produit\/zipwall-foamrail-tapeless-seal-2-pack\/\"]}]},{\"@type\":\"ImageObject\",\"inLanguage\":\"fr-FR\",\"@id\":\"https:\/\/axiomtsp.com\/fr\/produit\/zipwall-foamrail-tapeless-seal-2-pack\/#primaryimage\",\"url\":\"https:\/\/axiomtsp.com\/wp-cms\/wp-content\/uploads\/2022\/05\/fd5b5f_d9462bd670744cefad0867dca28deca4mv2.jpg\",\"contentUrl\":\"https:\/\/axiomtsp.com\/wp-cms\/wp-content\/uploads\/2022\/05\/fd5b5f_d9462bd670744cefad0867dca28deca4mv2.jpg\",\"width\":720,\"height\":720},{\"@type\":\"BreadcrumbList\",\"@id\":\"https:\/\/axiomtsp.com\/fr\/produit\/zipwall-foamrail-tapeless-seal-2-pack\/#breadcrumb\",\"itemListElement\":[{\"@type\":\"ListItem\",\"position\":1,\"name\":\"Home\",\"item\":\"https:\/\/axiomtsp.com\/fr\/\"},{\"@type\":\"ListItem\",\"position\":2,\"name\":\"Boutique\",\"item\":\"https:\/\/axiomtsp.com\/boutique\/?lang=fr\"},{\"@type\":\"ListItem\",\"position\":3,\"name\":\"ZIPWALL FOAMRAIL TAPELESS SEAL &#8211; 2 PACK\"}]},{\"@type\":\"WebSite\",\"@id\":\"https:\/\/axiomtsp.com\/fr\/#website\",\"url\":\"https:\/\/axiomtsp.com\/fr\/\",\"name\":\"Axiom | Temporary Surface Protection\",\"description\":\"We stock the largest range of Temporary Surface Protection products in Canada. We help you choose the best solution for your project to ensure that you save time and money, avoid disruption to your construction schedule, maximize profitability on your projects, and prevent damage to your reputation.\",\"potentialAction\":[{\"@type\":\"SearchAction\",\"target\":{\"@type\":\"EntryPoint\",\"urlTemplate\":\"https:\/\/axiomtsp.com\/fr\/?s={search_term_string}\"},\"query-input\":{\"@type\":\"PropertyValueSpecification\",\"valueRequired\":true,\"valueName\":\"search_term_string\"}}],\"inLanguage\":\"fr-FR\"}]}<\/script>\n<!-- \/ Yoast SEO plugin. -->","yoast_head_json":{"title":"ZIPWALL FOAMRAIL TAPELESS SEAL - 2 PACK - Axiom | Temporary Surface Protection","description":"Deux rails en aluminium de 4 pieds avec deux connecteurs en T. Fixez-les \u00e0 n'importe quel poteau ZipWall et scellez fermement une barri\u00e8re le long du plafond, du sol ou des murs.","robots":{"index":"index","follow":"follow","max-snippet":"max-snippet:-1","max-image-preview":"max-image-preview:large","max-video-preview":"max-video-preview:-1"},"canonical":"https:\/\/axiomtsp.com\/fr\/produit\/zipwall-foamrail-tapeless-seal-2-pack\/","og_locale":"fr_FR","og_type":"article","og_title":"ZIPWALL FOAMRAIL TAPELESS SEAL - 2 PACK - Axiom | Temporary Surface Protection","og_description":"Deux rails en aluminium de 4 pieds avec deux connecteurs en T. Fixez-les \u00e0 n'importe quel poteau ZipWall et scellez fermement une barri\u00e8re le long du plafond, du sol ou des murs.","og_url":"https:\/\/axiomtsp.com\/fr\/produit\/zipwall-foamrail-tapeless-seal-2-pack\/","og_site_name":"Axiom | Temporary Surface Protection","article_modified_time":"2024-03-13T13:08:28+00:00","og_image":[{"width":720,"height":720,"url":"https:\/\/axiomtsp.com\/wp-cms\/wp-content\/uploads\/2022\/05\/fd5b5f_d9462bd670744cefad0867dca28deca4mv2.jpg","type":"image\/jpeg"}],"twitter_card":"summary_large_image","twitter_misc":{"Dur\u00e9e de lecture estim\u00e9e":"1 minute"},"schema":{"@context":"https:\/\/schema.org","@graph":[{"@type":"WebPage","@id":"https:\/\/axiomtsp.com\/fr\/produit\/zipwall-foamrail-tapeless-seal-2-pack\/","url":"https:\/\/axiomtsp.com\/fr\/produit\/zipwall-foamrail-tapeless-seal-2-pack\/","name":"ZIPWALL FOAMRAIL TAPELESS SEAL - 2 PACK - Axiom | Temporary Surface Protection","isPartOf":{"@id":"https:\/\/axiomtsp.com\/fr\/#website"},"primaryImageOfPage":{"@id":"https:\/\/axiomtsp.com\/fr\/produit\/zipwall-foamrail-tapeless-seal-2-pack\/#primaryimage"},"image":{"@id":"https:\/\/axiomtsp.com\/fr\/produit\/zipwall-foamrail-tapeless-seal-2-pack\/#primaryimage"},"thumbnailUrl":"https:\/\/axiomtsp.com\/wp-cms\/wp-content\/uploads\/2022\/05\/fd5b5f_d9462bd670744cefad0867dca28deca4mv2.jpg","datePublished":"2022-05-19T15:38:41+00:00","dateModified":"2024-03-13T13:08:28+00:00","description":"Deux rails en aluminium de 4 pieds avec deux connecteurs en T. Fixez-les \u00e0 n'importe quel poteau ZipWall et scellez fermement une barri\u00e8re le long du plafond, du sol ou des murs.","breadcrumb":{"@id":"https:\/\/axiomtsp.com\/fr\/produit\/zipwall-foamrail-tapeless-seal-2-pack\/#breadcrumb"},"inLanguage":"fr-FR","potentialAction":[{"@type":"ReadAction","target":["https:\/\/axiomtsp.com\/fr\/produit\/zipwall-foamrail-tapeless-seal-2-pack\/"]}]},{"@type":"ImageObject","inLanguage":"fr-FR","@id":"https:\/\/axiomtsp.com\/fr\/produit\/zipwall-foamrail-tapeless-seal-2-pack\/#primaryimage","url":"https:\/\/axiomtsp.com\/wp-cms\/wp-content\/uploads\/2022\/05\/fd5b5f_d9462bd670744cefad0867dca28deca4mv2.jpg","contentUrl":"https:\/\/axiomtsp.com\/wp-cms\/wp-content\/uploads\/2022\/05\/fd5b5f_d9462bd670744cefad0867dca28deca4mv2.jpg","width":720,"height":720},{"@type":"BreadcrumbList","@id":"https:\/\/axiomtsp.com\/fr\/produit\/zipwall-foamrail-tapeless-seal-2-pack\/#breadcrumb","itemListElement":[{"@type":"ListItem","position":1,"name":"Home","item":"https:\/\/axiomtsp.com\/fr\/"},{"@type":"ListItem","position":2,"name":"Boutique","item":"https:\/\/axiomtsp.com\/boutique\/?lang=fr"},{"@type":"ListItem","position":3,"name":"ZIPWALL FOAMRAIL TAPELESS SEAL &#8211; 2 PACK"}]},{"@type":"WebSite","@id":"https:\/\/axiomtsp.com\/fr\/#website","url":"https:\/\/axiomtsp.com\/fr\/","name":"Axiom | Temporary Surface Protection","description":"We stock the largest range of Temporary Surface Protection products in Canada. We help you choose the best solution for your project to ensure that you save time and money, avoid disruption to your construction schedule, maximize profitability on your projects, and prevent damage to your reputation.","potentialAction":[{"@type":"SearchAction","target":{"@type":"EntryPoint","urlTemplate":"https:\/\/axiomtsp.com\/fr\/?s={search_term_string}"},"query-input":{"@type":"PropertyValueSpecification","valueRequired":true,"valueName":"search_term_string"}}],"inLanguage":"fr-FR"}]}},"_links":{"self":[{"href":"https:\/\/axiomtsp.com\/fr\/wp-json\/wp\/v2\/product\/5159","targetHints":{"allow":["GET"]}}],"collection":[{"href":"https:\/\/axiomtsp.com\/fr\/wp-json\/wp\/v2\/product"}],"about":[{"href":"https:\/\/axiomtsp.com\/fr\/wp-json\/wp\/v2\/types\/product"}],"replies":[{"embeddable":true,"href":"https:\/\/axiomtsp.com\/fr\/wp-json\/wp\/v2\/comments?post=5159"}],"wp:featuredmedia":[{"embeddable":true,"href":"https:\/\/axiomtsp.com\/fr\/wp-json\/wp\/v2\/media\/3823"}],"wp:attachment":[{"href":"https:\/\/axiomtsp.com\/fr\/wp-json\/wp\/v2\/media?parent=5159"}],"wp:term":[{"taxonomy":"product_brand","embeddable":true,"href":"https:\/\/axiomtsp.com\/fr\/wp-json\/wp\/v2\/product_brand?post=5159"},{"taxonomy":"product_cat","embeddable":true,"href":"https:\/\/axiomtsp.com\/fr\/wp-json\/wp\/v2\/product_cat?post=5159"},{"taxonomy":"product_tag","embeddable":true,"href":"https:\/\/axiomtsp.com\/fr\/wp-json\/wp\/v2\/product_tag?post=5159"}],"curies":[{"name":"wp","href":"https:\/\/api.w.org\/{rel}","templated":true}]}}