{"id":5155,"date":"2022-05-19T15:38:41","date_gmt":"2022-05-19T15:38:41","guid":{"rendered":"https:\/\/axiomtsp.com\/product\/bulldog-board-tape-breathable\/"},"modified":"2024-03-12T16:02:29","modified_gmt":"2024-03-12T16:02:29","slug":"bulldog-board-tape-breathable","status":"publish","type":"product","link":"https:\/\/axiomtsp.com\/fr\/produit\/bulldog-board-tape-breathable\/","title":{"rendered":"BULLDOG BOARD TAPE &#8211; BREATHABLE"},"content":{"rendered":"<p>Bulldog Board Tape &#8211; Breathable est fabriqu\u00e9 d\u2019 un mat\u00e9riau flexible, non tiss\u00e9 et tr\u00e8s poreux, avec un adh\u00e9sif synth\u00e9tique, id\u00e9al pour joindre des mat\u00e9riaux de protection temporaire pour planchers. Il se d\u00e9chire \u00e0 la main et permet aux planchers de respirer tout en \u00e9tant prot\u00e9g\u00e9s.<\/p>\n","protected":false},"excerpt":{"rendered":"<p>Bulldog Board Tape &#8211; Breathable est fabriqu\u00e9 d\u2019 un mat\u00e9riau flexible, non tiss\u00e9 et tr\u00e8s poreux, avec un adh\u00e9sif synth\u00e9tique, id\u00e9al pour joindre des mat\u00e9riaux de protection temporaire pour planchers. Il se d\u00e9chire \u00e0 la main et permet aux planchers de respirer tout en \u00e9tant prot\u00e9g\u00e9s.<\/p>\n","protected":false},"featured_media":8110,"comment_status":"closed","ping_status":"closed","template":"","meta":{"_acf_changed":false},"product_brand":[],"product_cat":[156],"product_tag":[],"class_list":{"0":"post-5155","1":"product","2":"type-product","3":"status-publish","4":"has-post-thumbnail","6":"product_cat-rubans-adhesifs-de-protection","8":"first","9":"instock","10":"taxable","11":"shipping-taxable","12":"purchasable","13":"product-type-variable"},"acf":[],"yoast_head":"<!-- This site is optimized with the Yoast SEO plugin v27.1.1 - https:\/\/yoast.com\/product\/yoast-seo-wordpress\/ -->\n<title>BULLDOG BOARD TAPE - BREATHABLE - Axiom | Temporary Surface Protection<\/title>\n<meta name=\"description\" content=\"Bulldog Board Tape - Breathable est d\u00e9velopp\u00e9 avec un mat\u00e9riau non tiss\u00e9 flexible et tr\u00e8s poreux, avec un adh\u00e9sif synth\u00e9tique pour assembler les mat\u00e9riaux de protection temporaire de sol.\" \/>\n<meta name=\"robots\" content=\"index, follow, max-snippet:-1, max-image-preview:large, max-video-preview:-1\" \/>\n<link rel=\"canonical\" href=\"https:\/\/axiomtsp.com\/fr\/produit\/bulldog-board-tape-breathable\/\" \/>\n<meta property=\"og:locale\" content=\"fr_FR\" \/>\n<meta property=\"og:type\" content=\"article\" \/>\n<meta property=\"og:title\" content=\"BULLDOG BOARD TAPE - BREATHABLE - Axiom | Temporary Surface Protection\" \/>\n<meta property=\"og:description\" content=\"Bulldog Board Tape - Breathable est d\u00e9velopp\u00e9 avec un mat\u00e9riau non tiss\u00e9 flexible et tr\u00e8s poreux, avec un adh\u00e9sif synth\u00e9tique pour assembler les mat\u00e9riaux de protection temporaire de sol.\" \/>\n<meta property=\"og:url\" content=\"https:\/\/axiomtsp.com\/fr\/produit\/bulldog-board-tape-breathable\/\" \/>\n<meta property=\"og:site_name\" content=\"Axiom | Temporary Surface Protection\" \/>\n<meta property=\"article:modified_time\" content=\"2024-03-12T16:02:29+00:00\" \/>\n<meta property=\"og:image\" content=\"https:\/\/axiomtsp.com\/wp-content\/uploads\/2022\/05\/fd5b5f_fd56225904a24bb3b399ca21135df775mv2.jpg\" \/>\n\t<meta property=\"og:image:width\" content=\"720\" \/>\n\t<meta property=\"og:image:height\" content=\"720\" \/>\n\t<meta property=\"og:image:type\" content=\"image\/jpeg\" \/>\n<meta name=\"twitter:card\" content=\"summary_large_image\" \/>\n<meta name=\"twitter:label1\" content=\"Dur\u00e9e de lecture estim\u00e9e\" \/>\n\t<meta name=\"twitter:data1\" content=\"1 minute\" \/>\n<script type=\"application\/ld+json\" class=\"yoast-schema-graph\">{\"@context\":\"https:\/\/schema.org\",\"@graph\":[{\"@type\":\"WebPage\",\"@id\":\"https:\/\/axiomtsp.com\/fr\/produit\/bulldog-board-tape-breathable\/\",\"url\":\"https:\/\/axiomtsp.com\/fr\/produit\/bulldog-board-tape-breathable\/\",\"name\":\"BULLDOG BOARD TAPE - BREATHABLE - Axiom | Temporary Surface Protection\",\"isPartOf\":{\"@id\":\"https:\/\/axiomtsp.com\/fr\/#website\"},\"primaryImageOfPage\":{\"@id\":\"https:\/\/axiomtsp.com\/fr\/produit\/bulldog-board-tape-breathable\/#primaryimage\"},\"image\":{\"@id\":\"https:\/\/axiomtsp.com\/fr\/produit\/bulldog-board-tape-breathable\/#primaryimage\"},\"thumbnailUrl\":\"https:\/\/axiomtsp.com\/wp-cms\/wp-content\/uploads\/2022\/05\/Bulldog-Board-Tape-Breathable-scaled.jpg\",\"datePublished\":\"2022-05-19T15:38:41+00:00\",\"dateModified\":\"2024-03-12T16:02:29+00:00\",\"description\":\"Bulldog Board Tape - Breathable est d\u00e9velopp\u00e9 avec un mat\u00e9riau non tiss\u00e9 flexible et tr\u00e8s poreux, avec un adh\u00e9sif synth\u00e9tique pour assembler les mat\u00e9riaux de protection temporaire de sol.\",\"breadcrumb\":{\"@id\":\"https:\/\/axiomtsp.com\/fr\/produit\/bulldog-board-tape-breathable\/#breadcrumb\"},\"inLanguage\":\"fr-FR\",\"potentialAction\":[{\"@type\":\"ReadAction\",\"target\":[\"https:\/\/axiomtsp.com\/fr\/produit\/bulldog-board-tape-breathable\/\"]}]},{\"@type\":\"ImageObject\",\"inLanguage\":\"fr-FR\",\"@id\":\"https:\/\/axiomtsp.com\/fr\/produit\/bulldog-board-tape-breathable\/#primaryimage\",\"url\":\"https:\/\/axiomtsp.com\/wp-cms\/wp-content\/uploads\/2022\/05\/Bulldog-Board-Tape-Breathable-scaled.jpg\",\"contentUrl\":\"https:\/\/axiomtsp.com\/wp-cms\/wp-content\/uploads\/2022\/05\/Bulldog-Board-Tape-Breathable-scaled.jpg\",\"width\":2560,\"height\":2560},{\"@type\":\"BreadcrumbList\",\"@id\":\"https:\/\/axiomtsp.com\/fr\/produit\/bulldog-board-tape-breathable\/#breadcrumb\",\"itemListElement\":[{\"@type\":\"ListItem\",\"position\":1,\"name\":\"Home\",\"item\":\"https:\/\/axiomtsp.com\/fr\/\"},{\"@type\":\"ListItem\",\"position\":2,\"name\":\"Boutique\",\"item\":\"https:\/\/axiomtsp.com\/boutique\/?lang=fr\"},{\"@type\":\"ListItem\",\"position\":3,\"name\":\"BULLDOG BOARD TAPE &#8211; BREATHABLE\"}]},{\"@type\":\"WebSite\",\"@id\":\"https:\/\/axiomtsp.com\/fr\/#website\",\"url\":\"https:\/\/axiomtsp.com\/fr\/\",\"name\":\"Axiom | Temporary Surface Protection\",\"description\":\"We stock the largest range of Temporary Surface Protection products in Canada. We help you choose the best solution for your project to ensure that you save time and money, avoid disruption to your construction schedule, maximize profitability on your projects, and prevent damage to your reputation.\",\"potentialAction\":[{\"@type\":\"SearchAction\",\"target\":{\"@type\":\"EntryPoint\",\"urlTemplate\":\"https:\/\/axiomtsp.com\/fr\/?s={search_term_string}\"},\"query-input\":{\"@type\":\"PropertyValueSpecification\",\"valueRequired\":true,\"valueName\":\"search_term_string\"}}],\"inLanguage\":\"fr-FR\"}]}<\/script>\n<!-- \/ Yoast SEO plugin. -->","yoast_head_json":{"title":"BULLDOG BOARD TAPE - BREATHABLE - Axiom | Temporary Surface Protection","description":"Bulldog Board Tape - Breathable est d\u00e9velopp\u00e9 avec un mat\u00e9riau non tiss\u00e9 flexible et tr\u00e8s poreux, avec un adh\u00e9sif synth\u00e9tique pour assembler les mat\u00e9riaux de protection temporaire de sol.","robots":{"index":"index","follow":"follow","max-snippet":"max-snippet:-1","max-image-preview":"max-image-preview:large","max-video-preview":"max-video-preview:-1"},"canonical":"https:\/\/axiomtsp.com\/fr\/produit\/bulldog-board-tape-breathable\/","og_locale":"fr_FR","og_type":"article","og_title":"BULLDOG BOARD TAPE - BREATHABLE - Axiom | Temporary Surface Protection","og_description":"Bulldog Board Tape - Breathable est d\u00e9velopp\u00e9 avec un mat\u00e9riau non tiss\u00e9 flexible et tr\u00e8s poreux, avec un adh\u00e9sif synth\u00e9tique pour assembler les mat\u00e9riaux de protection temporaire de sol.","og_url":"https:\/\/axiomtsp.com\/fr\/produit\/bulldog-board-tape-breathable\/","og_site_name":"Axiom | Temporary Surface Protection","article_modified_time":"2024-03-12T16:02:29+00:00","og_image":[{"width":720,"height":720,"url":"https:\/\/axiomtsp.com\/wp-content\/uploads\/2022\/05\/fd5b5f_fd56225904a24bb3b399ca21135df775mv2.jpg","type":"image\/jpeg"}],"twitter_card":"summary_large_image","twitter_misc":{"Dur\u00e9e de lecture estim\u00e9e":"1 minute"},"schema":{"@context":"https:\/\/schema.org","@graph":[{"@type":"WebPage","@id":"https:\/\/axiomtsp.com\/fr\/produit\/bulldog-board-tape-breathable\/","url":"https:\/\/axiomtsp.com\/fr\/produit\/bulldog-board-tape-breathable\/","name":"BULLDOG BOARD TAPE - BREATHABLE - Axiom | Temporary Surface Protection","isPartOf":{"@id":"https:\/\/axiomtsp.com\/fr\/#website"},"primaryImageOfPage":{"@id":"https:\/\/axiomtsp.com\/fr\/produit\/bulldog-board-tape-breathable\/#primaryimage"},"image":{"@id":"https:\/\/axiomtsp.com\/fr\/produit\/bulldog-board-tape-breathable\/#primaryimage"},"thumbnailUrl":"https:\/\/axiomtsp.com\/wp-cms\/wp-content\/uploads\/2022\/05\/Bulldog-Board-Tape-Breathable-scaled.jpg","datePublished":"2022-05-19T15:38:41+00:00","dateModified":"2024-03-12T16:02:29+00:00","description":"Bulldog Board Tape - Breathable est d\u00e9velopp\u00e9 avec un mat\u00e9riau non tiss\u00e9 flexible et tr\u00e8s poreux, avec un adh\u00e9sif synth\u00e9tique pour assembler les mat\u00e9riaux de protection temporaire de sol.","breadcrumb":{"@id":"https:\/\/axiomtsp.com\/fr\/produit\/bulldog-board-tape-breathable\/#breadcrumb"},"inLanguage":"fr-FR","potentialAction":[{"@type":"ReadAction","target":["https:\/\/axiomtsp.com\/fr\/produit\/bulldog-board-tape-breathable\/"]}]},{"@type":"ImageObject","inLanguage":"fr-FR","@id":"https:\/\/axiomtsp.com\/fr\/produit\/bulldog-board-tape-breathable\/#primaryimage","url":"https:\/\/axiomtsp.com\/wp-cms\/wp-content\/uploads\/2022\/05\/Bulldog-Board-Tape-Breathable-scaled.jpg","contentUrl":"https:\/\/axiomtsp.com\/wp-cms\/wp-content\/uploads\/2022\/05\/Bulldog-Board-Tape-Breathable-scaled.jpg","width":2560,"height":2560},{"@type":"BreadcrumbList","@id":"https:\/\/axiomtsp.com\/fr\/produit\/bulldog-board-tape-breathable\/#breadcrumb","itemListElement":[{"@type":"ListItem","position":1,"name":"Home","item":"https:\/\/axiomtsp.com\/fr\/"},{"@type":"ListItem","position":2,"name":"Boutique","item":"https:\/\/axiomtsp.com\/boutique\/?lang=fr"},{"@type":"ListItem","position":3,"name":"BULLDOG BOARD TAPE &#8211; BREATHABLE"}]},{"@type":"WebSite","@id":"https:\/\/axiomtsp.com\/fr\/#website","url":"https:\/\/axiomtsp.com\/fr\/","name":"Axiom | Temporary Surface Protection","description":"We stock the largest range of Temporary Surface Protection products in Canada. We help you choose the best solution for your project to ensure that you save time and money, avoid disruption to your construction schedule, maximize profitability on your projects, and prevent damage to your reputation.","potentialAction":[{"@type":"SearchAction","target":{"@type":"EntryPoint","urlTemplate":"https:\/\/axiomtsp.com\/fr\/?s={search_term_string}"},"query-input":{"@type":"PropertyValueSpecification","valueRequired":true,"valueName":"search_term_string"}}],"inLanguage":"fr-FR"}]}},"_links":{"self":[{"href":"https:\/\/axiomtsp.com\/fr\/wp-json\/wp\/v2\/product\/5155","targetHints":{"allow":["GET"]}}],"collection":[{"href":"https:\/\/axiomtsp.com\/fr\/wp-json\/wp\/v2\/product"}],"about":[{"href":"https:\/\/axiomtsp.com\/fr\/wp-json\/wp\/v2\/types\/product"}],"replies":[{"embeddable":true,"href":"https:\/\/axiomtsp.com\/fr\/wp-json\/wp\/v2\/comments?post=5155"}],"wp:featuredmedia":[{"embeddable":true,"href":"https:\/\/axiomtsp.com\/fr\/wp-json\/wp\/v2\/media\/8110"}],"wp:attachment":[{"href":"https:\/\/axiomtsp.com\/fr\/wp-json\/wp\/v2\/media?parent=5155"}],"wp:term":[{"taxonomy":"product_brand","embeddable":true,"href":"https:\/\/axiomtsp.com\/fr\/wp-json\/wp\/v2\/product_brand?post=5155"},{"taxonomy":"product_cat","embeddable":true,"href":"https:\/\/axiomtsp.com\/fr\/wp-json\/wp\/v2\/product_cat?post=5155"},{"taxonomy":"product_tag","embeddable":true,"href":"https:\/\/axiomtsp.com\/fr\/wp-json\/wp\/v2\/product_tag?post=5155"}],"curies":[{"name":"wp","href":"https:\/\/api.w.org\/{rel}","templated":true}]}}