{"id":5153,"date":"2022-05-19T15:38:41","date_gmt":"2022-05-19T15:38:41","guid":{"rendered":"https:\/\/axiomtsp.com\/product\/armour-tak-mat-base\/"},"modified":"2024-03-13T12:18:06","modified_gmt":"2024-03-13T12:18:06","slug":"armour-tak-mat-base","status":"publish","type":"product","link":"https:\/\/axiomtsp.com\/fr\/produit\/armour-tak-mat-base\/","title":{"rendered":"ARMOUR TAK-MAT BASE"},"content":{"rendered":"<p>Armour Tak-Mat Base est fabriqu\u00e9 de plastique et poss\u00e8de un rebord qui retient les feuilles Armour Tak-Mat en place sur une vari\u00e9t\u00e9 de surfaces de plancher. Il permet aux feuilles collantes Tak-Mat d\u2019\u00eatre d\u00e9plac\u00e9es \u00e0 diff\u00e9rents endroits sans avoir \u00e0 coller le tout directement au sol. La base Armour Tak-Mat poss\u00e8de une surface anti-glissante en dessous pour l\u2019aider \u00e0 rester en place sans bouger.<\/p>\n<p>Souvent utilis\u00e9 avec <a href=\"https:\/\/axiomtsp.com\/produit\/armour-tak-mat-pad\/?lang=fr\">Armour Tak-Mat Pads<\/a>.<\/p>\n","protected":false},"excerpt":{"rendered":"<p>Armour Tak-Mat Base est fabriqu\u00e9 de plastique et poss\u00e8de un rebord qui retient les feuilles Armour Tak-Mat en place sur une vari\u00e9t\u00e9 de surfaces de plancher. Il permet aux feuilles collantes Tak-Mat d\u2019\u00eatre d\u00e9plac\u00e9es \u00e0 diff\u00e9rents endroits sans avoir \u00e0 coller le tout directement au sol. La base Armour Tak-Mat poss\u00e8de une surface anti-glissante en dessous pour l\u2019aider \u00e0 rester en place sans bouger.<\/p>\n<p>Souvent utilis\u00e9 avec <a href=\"https:\/\/axiomtsp.com\/produit\/armour-tak-mat-pad\/?lang=fr\">Armour Tak-Mat Pads<\/a>.<\/p>\n","protected":false},"featured_media":8152,"comment_status":"closed","ping_status":"closed","template":"","meta":{"_acf_changed":false},"product_brand":[],"product_cat":[183,149],"product_tag":[],"class_list":{"0":"post-5153","1":"product","2":"type-product","3":"status-publish","4":"has-post-thumbnail","6":"product_cat-protection-cvac","7":"product_cat-controle-de-la-poussiere","9":"first","10":"instock","11":"taxable","12":"shipping-taxable","13":"purchasable","14":"product-type-variable"},"acf":[],"yoast_head":"<!-- This site is optimized with the Yoast SEO plugin v27.1.1 - https:\/\/yoast.com\/product\/yoast-seo-wordpress\/ -->\n<title>ARMOUR TAK-MAT BASE - Axiom | Temporary Surface Protection<\/title>\n<meta name=\"description\" content=\"The Armour Tak-Mat Base est une base en plastique \u00e0 profil bas qui aide \u00e0 maintenir les coussinets Armour Tak-Mat en place sur une vari\u00e9t\u00e9 de surfaces de sol.\" \/>\n<meta name=\"robots\" content=\"index, follow, max-snippet:-1, max-image-preview:large, max-video-preview:-1\" \/>\n<link rel=\"canonical\" href=\"https:\/\/axiomtsp.com\/fr\/produit\/armour-tak-mat-base\/\" \/>\n<meta property=\"og:locale\" content=\"fr_FR\" \/>\n<meta property=\"og:type\" content=\"article\" \/>\n<meta property=\"og:title\" content=\"ARMOUR TAK-MAT BASE - Axiom | Temporary Surface Protection\" \/>\n<meta property=\"og:description\" content=\"The Armour Tak-Mat Base est une base en plastique \u00e0 profil bas qui aide \u00e0 maintenir les coussinets Armour Tak-Mat en place sur une vari\u00e9t\u00e9 de surfaces de sol.\" \/>\n<meta property=\"og:url\" content=\"https:\/\/axiomtsp.com\/fr\/produit\/armour-tak-mat-base\/\" \/>\n<meta property=\"og:site_name\" content=\"Axiom | Temporary Surface Protection\" \/>\n<meta property=\"article:modified_time\" content=\"2024-03-13T12:18:06+00:00\" \/>\n<meta property=\"og:image\" content=\"https:\/\/axiomtsp.com\/wp-cms\/wp-content\/uploads\/2022\/05\/Armour-Tak-Mat-Base-scaled.jpg\" \/>\n\t<meta property=\"og:image:width\" content=\"2560\" \/>\n\t<meta property=\"og:image:height\" content=\"2560\" \/>\n\t<meta property=\"og:image:type\" content=\"image\/jpeg\" \/>\n<meta name=\"twitter:card\" content=\"summary_large_image\" \/>\n<meta name=\"twitter:label1\" content=\"Dur\u00e9e de lecture estim\u00e9e\" \/>\n\t<meta name=\"twitter:data1\" content=\"1 minute\" \/>\n<script type=\"application\/ld+json\" class=\"yoast-schema-graph\">{\"@context\":\"https:\/\/schema.org\",\"@graph\":[{\"@type\":\"WebPage\",\"@id\":\"https:\/\/axiomtsp.com\/fr\/produit\/armour-tak-mat-base\/\",\"url\":\"https:\/\/axiomtsp.com\/fr\/produit\/armour-tak-mat-base\/\",\"name\":\"ARMOUR TAK-MAT BASE - Axiom | Temporary Surface Protection\",\"isPartOf\":{\"@id\":\"https:\/\/axiomtsp.com\/fr\/#website\"},\"primaryImageOfPage\":{\"@id\":\"https:\/\/axiomtsp.com\/fr\/produit\/armour-tak-mat-base\/#primaryimage\"},\"image\":{\"@id\":\"https:\/\/axiomtsp.com\/fr\/produit\/armour-tak-mat-base\/#primaryimage\"},\"thumbnailUrl\":\"https:\/\/axiomtsp.com\/wp-cms\/wp-content\/uploads\/2022\/05\/Armour-Tak-Mat-Base-scaled.jpg\",\"datePublished\":\"2022-05-19T15:38:41+00:00\",\"dateModified\":\"2024-03-13T12:18:06+00:00\",\"description\":\"The Armour Tak-Mat Base est une base en plastique \u00e0 profil bas qui aide \u00e0 maintenir les coussinets Armour Tak-Mat en place sur une vari\u00e9t\u00e9 de surfaces de sol.\",\"breadcrumb\":{\"@id\":\"https:\/\/axiomtsp.com\/fr\/produit\/armour-tak-mat-base\/#breadcrumb\"},\"inLanguage\":\"fr-FR\",\"potentialAction\":[{\"@type\":\"ReadAction\",\"target\":[\"https:\/\/axiomtsp.com\/fr\/produit\/armour-tak-mat-base\/\"]}]},{\"@type\":\"ImageObject\",\"inLanguage\":\"fr-FR\",\"@id\":\"https:\/\/axiomtsp.com\/fr\/produit\/armour-tak-mat-base\/#primaryimage\",\"url\":\"https:\/\/axiomtsp.com\/wp-cms\/wp-content\/uploads\/2022\/05\/Armour-Tak-Mat-Base-scaled.jpg\",\"contentUrl\":\"https:\/\/axiomtsp.com\/wp-cms\/wp-content\/uploads\/2022\/05\/Armour-Tak-Mat-Base-scaled.jpg\",\"width\":2560,\"height\":2560},{\"@type\":\"BreadcrumbList\",\"@id\":\"https:\/\/axiomtsp.com\/fr\/produit\/armour-tak-mat-base\/#breadcrumb\",\"itemListElement\":[{\"@type\":\"ListItem\",\"position\":1,\"name\":\"Home\",\"item\":\"https:\/\/axiomtsp.com\/fr\/\"},{\"@type\":\"ListItem\",\"position\":2,\"name\":\"Boutique\",\"item\":\"https:\/\/axiomtsp.com\/boutique\/?lang=fr\"},{\"@type\":\"ListItem\",\"position\":3,\"name\":\"ARMOUR TAK-MAT BASE\"}]},{\"@type\":\"WebSite\",\"@id\":\"https:\/\/axiomtsp.com\/fr\/#website\",\"url\":\"https:\/\/axiomtsp.com\/fr\/\",\"name\":\"Axiom | Temporary Surface Protection\",\"description\":\"We stock the largest range of Temporary Surface Protection products in Canada. We help you choose the best solution for your project to ensure that you save time and money, avoid disruption to your construction schedule, maximize profitability on your projects, and prevent damage to your reputation.\",\"potentialAction\":[{\"@type\":\"SearchAction\",\"target\":{\"@type\":\"EntryPoint\",\"urlTemplate\":\"https:\/\/axiomtsp.com\/fr\/?s={search_term_string}\"},\"query-input\":{\"@type\":\"PropertyValueSpecification\",\"valueRequired\":true,\"valueName\":\"search_term_string\"}}],\"inLanguage\":\"fr-FR\"}]}<\/script>\n<!-- \/ Yoast SEO plugin. -->","yoast_head_json":{"title":"ARMOUR TAK-MAT BASE - Axiom | Temporary Surface Protection","description":"The Armour Tak-Mat Base est une base en plastique \u00e0 profil bas qui aide \u00e0 maintenir les coussinets Armour Tak-Mat en place sur une vari\u00e9t\u00e9 de surfaces de sol.","robots":{"index":"index","follow":"follow","max-snippet":"max-snippet:-1","max-image-preview":"max-image-preview:large","max-video-preview":"max-video-preview:-1"},"canonical":"https:\/\/axiomtsp.com\/fr\/produit\/armour-tak-mat-base\/","og_locale":"fr_FR","og_type":"article","og_title":"ARMOUR TAK-MAT BASE - Axiom | Temporary Surface Protection","og_description":"The Armour Tak-Mat Base est une base en plastique \u00e0 profil bas qui aide \u00e0 maintenir les coussinets Armour Tak-Mat en place sur une vari\u00e9t\u00e9 de surfaces de sol.","og_url":"https:\/\/axiomtsp.com\/fr\/produit\/armour-tak-mat-base\/","og_site_name":"Axiom | Temporary Surface Protection","article_modified_time":"2024-03-13T12:18:06+00:00","og_image":[{"width":2560,"height":2560,"url":"https:\/\/axiomtsp.com\/wp-cms\/wp-content\/uploads\/2022\/05\/Armour-Tak-Mat-Base-scaled.jpg","type":"image\/jpeg"}],"twitter_card":"summary_large_image","twitter_misc":{"Dur\u00e9e de lecture estim\u00e9e":"1 minute"},"schema":{"@context":"https:\/\/schema.org","@graph":[{"@type":"WebPage","@id":"https:\/\/axiomtsp.com\/fr\/produit\/armour-tak-mat-base\/","url":"https:\/\/axiomtsp.com\/fr\/produit\/armour-tak-mat-base\/","name":"ARMOUR TAK-MAT BASE - Axiom | Temporary Surface Protection","isPartOf":{"@id":"https:\/\/axiomtsp.com\/fr\/#website"},"primaryImageOfPage":{"@id":"https:\/\/axiomtsp.com\/fr\/produit\/armour-tak-mat-base\/#primaryimage"},"image":{"@id":"https:\/\/axiomtsp.com\/fr\/produit\/armour-tak-mat-base\/#primaryimage"},"thumbnailUrl":"https:\/\/axiomtsp.com\/wp-cms\/wp-content\/uploads\/2022\/05\/Armour-Tak-Mat-Base-scaled.jpg","datePublished":"2022-05-19T15:38:41+00:00","dateModified":"2024-03-13T12:18:06+00:00","description":"The Armour Tak-Mat Base est une base en plastique \u00e0 profil bas qui aide \u00e0 maintenir les coussinets Armour Tak-Mat en place sur une vari\u00e9t\u00e9 de surfaces de sol.","breadcrumb":{"@id":"https:\/\/axiomtsp.com\/fr\/produit\/armour-tak-mat-base\/#breadcrumb"},"inLanguage":"fr-FR","potentialAction":[{"@type":"ReadAction","target":["https:\/\/axiomtsp.com\/fr\/produit\/armour-tak-mat-base\/"]}]},{"@type":"ImageObject","inLanguage":"fr-FR","@id":"https:\/\/axiomtsp.com\/fr\/produit\/armour-tak-mat-base\/#primaryimage","url":"https:\/\/axiomtsp.com\/wp-cms\/wp-content\/uploads\/2022\/05\/Armour-Tak-Mat-Base-scaled.jpg","contentUrl":"https:\/\/axiomtsp.com\/wp-cms\/wp-content\/uploads\/2022\/05\/Armour-Tak-Mat-Base-scaled.jpg","width":2560,"height":2560},{"@type":"BreadcrumbList","@id":"https:\/\/axiomtsp.com\/fr\/produit\/armour-tak-mat-base\/#breadcrumb","itemListElement":[{"@type":"ListItem","position":1,"name":"Home","item":"https:\/\/axiomtsp.com\/fr\/"},{"@type":"ListItem","position":2,"name":"Boutique","item":"https:\/\/axiomtsp.com\/boutique\/?lang=fr"},{"@type":"ListItem","position":3,"name":"ARMOUR TAK-MAT BASE"}]},{"@type":"WebSite","@id":"https:\/\/axiomtsp.com\/fr\/#website","url":"https:\/\/axiomtsp.com\/fr\/","name":"Axiom | Temporary Surface Protection","description":"We stock the largest range of Temporary Surface Protection products in Canada. We help you choose the best solution for your project to ensure that you save time and money, avoid disruption to your construction schedule, maximize profitability on your projects, and prevent damage to your reputation.","potentialAction":[{"@type":"SearchAction","target":{"@type":"EntryPoint","urlTemplate":"https:\/\/axiomtsp.com\/fr\/?s={search_term_string}"},"query-input":{"@type":"PropertyValueSpecification","valueRequired":true,"valueName":"search_term_string"}}],"inLanguage":"fr-FR"}]}},"_links":{"self":[{"href":"https:\/\/axiomtsp.com\/fr\/wp-json\/wp\/v2\/product\/5153","targetHints":{"allow":["GET"]}}],"collection":[{"href":"https:\/\/axiomtsp.com\/fr\/wp-json\/wp\/v2\/product"}],"about":[{"href":"https:\/\/axiomtsp.com\/fr\/wp-json\/wp\/v2\/types\/product"}],"replies":[{"embeddable":true,"href":"https:\/\/axiomtsp.com\/fr\/wp-json\/wp\/v2\/comments?post=5153"}],"wp:featuredmedia":[{"embeddable":true,"href":"https:\/\/axiomtsp.com\/fr\/wp-json\/wp\/v2\/media\/8152"}],"wp:attachment":[{"href":"https:\/\/axiomtsp.com\/fr\/wp-json\/wp\/v2\/media?parent=5153"}],"wp:term":[{"taxonomy":"product_brand","embeddable":true,"href":"https:\/\/axiomtsp.com\/fr\/wp-json\/wp\/v2\/product_brand?post=5153"},{"taxonomy":"product_cat","embeddable":true,"href":"https:\/\/axiomtsp.com\/fr\/wp-json\/wp\/v2\/product_cat?post=5153"},{"taxonomy":"product_tag","embeddable":true,"href":"https:\/\/axiomtsp.com\/fr\/wp-json\/wp\/v2\/product_tag?post=5153"}],"curies":[{"name":"wp","href":"https:\/\/api.w.org\/{rel}","templated":true}]}}