{"id":5151,"date":"2022-05-19T15:38:41","date_gmt":"2022-05-19T15:38:41","guid":{"rendered":"https:\/\/axiomtsp.com\/product\/armour-premium-zipper-kit\/"},"modified":"2024-03-13T12:03:31","modified_gmt":"2024-03-13T12:03:31","slug":"armour-premium-zipper-kit","status":"publish","type":"product","link":"https:\/\/axiomtsp.com\/fr\/produit\/armour-premium-zipper-kit\/","title":{"rendered":"ARMOUR PREMIUM ZIPPER KIT"},"content":{"rendered":"<p>Armour Premium Zipper Kit comprend deux fermetures \u00e9clair robustes et deux crochets pour retenir le poly lorsque le chemin d\u2019entr\u00e9e est ouvert. Ces fermetures \u00e9clair autoadh\u00e9sives sont durables, \u00e9conomiques et faciles \u00e0 utiliser. Vous pouvez donc cr\u00e9er un moyen d\u2019acc\u00e9der rapidement votre zone de travail et d\u2019\u00e9viter la poussi\u00e8re en quelques minutes.<\/p>\n","protected":false},"excerpt":{"rendered":"<p>Armour Premium Zipper Kit comprend deux fermetures \u00e9clair robustes et deux crochets pour retenir le poly lorsque le chemin d\u2019entr\u00e9e est ouvert. Ces fermetures \u00e9clair autoadh\u00e9sives sont durables, \u00e9conomiques et faciles \u00e0 utiliser. Vous pouvez donc cr\u00e9er un moyen d\u2019acc\u00e9der rapidement votre zone de travail et d\u2019\u00e9viter la poussi\u00e8re en quelques minutes.<\/p>\n","protected":false},"featured_media":8168,"comment_status":"closed","ping_status":"closed","template":"","meta":{"_acf_changed":false},"product_brand":[],"product_cat":[149],"product_tag":[],"class_list":{"0":"post-5151","1":"product","2":"type-product","3":"status-publish","4":"has-post-thumbnail","6":"product_cat-controle-de-la-poussiere","8":"first","9":"instock","10":"taxable","11":"shipping-taxable","12":"purchasable","13":"product-type-variable"},"acf":[],"yoast_head":"<!-- This site is optimized with the Yoast SEO plugin v27.1.1 - https:\/\/yoast.com\/product\/yoast-seo-wordpress\/ -->\n<title>ARMOUR PREMIUM ZIPPER KIT - Axiom | Temporary Surface Protection<\/title>\n<meta name=\"description\" content=\"The Armour Premium Zipper Kit comprend 2 fermetures \u00e9clair robustes et 2 crochets pour maintenir le poly\u00e9thyl\u00e8ne en place lorsque l&#039;entr\u00e9e est ouverte.\" \/>\n<meta name=\"robots\" content=\"index, follow, max-snippet:-1, max-image-preview:large, max-video-preview:-1\" \/>\n<link rel=\"canonical\" href=\"https:\/\/axiomtsp.com\/fr\/produit\/armour-premium-zipper-kit\/\" \/>\n<meta property=\"og:locale\" content=\"fr_FR\" \/>\n<meta property=\"og:type\" content=\"article\" \/>\n<meta property=\"og:title\" content=\"ARMOUR PREMIUM ZIPPER KIT - Axiom | Temporary Surface Protection\" \/>\n<meta property=\"og:description\" content=\"The Armour Premium Zipper Kit comprend 2 fermetures \u00e9clair robustes et 2 crochets pour maintenir le poly\u00e9thyl\u00e8ne en place lorsque l&#039;entr\u00e9e est ouverte.\" \/>\n<meta property=\"og:url\" content=\"https:\/\/axiomtsp.com\/fr\/produit\/armour-premium-zipper-kit\/\" \/>\n<meta property=\"og:site_name\" content=\"Axiom | Temporary Surface Protection\" \/>\n<meta property=\"article:modified_time\" content=\"2024-03-13T12:03:31+00:00\" \/>\n<meta property=\"og:image\" content=\"https:\/\/axiomtsp.com\/wp-content\/uploads\/2022\/05\/fd5b5f_8b57cd345d594024b613795bd1c309edmv2.jpg\" \/>\n\t<meta property=\"og:image:width\" content=\"720\" \/>\n\t<meta property=\"og:image:height\" content=\"720\" \/>\n\t<meta property=\"og:image:type\" content=\"image\/jpeg\" \/>\n<meta name=\"twitter:card\" content=\"summary_large_image\" \/>\n<meta name=\"twitter:label1\" content=\"Dur\u00e9e de lecture estim\u00e9e\" \/>\n\t<meta name=\"twitter:data1\" content=\"1 minute\" \/>\n<script type=\"application\/ld+json\" class=\"yoast-schema-graph\">{\"@context\":\"https:\/\/schema.org\",\"@graph\":[{\"@type\":\"WebPage\",\"@id\":\"https:\/\/axiomtsp.com\/fr\/produit\/armour-premium-zipper-kit\/\",\"url\":\"https:\/\/axiomtsp.com\/fr\/produit\/armour-premium-zipper-kit\/\",\"name\":\"ARMOUR PREMIUM ZIPPER KIT - Axiom | Temporary Surface Protection\",\"isPartOf\":{\"@id\":\"https:\/\/axiomtsp.com\/fr\/#website\"},\"primaryImageOfPage\":{\"@id\":\"https:\/\/axiomtsp.com\/fr\/produit\/armour-premium-zipper-kit\/#primaryimage\"},\"image\":{\"@id\":\"https:\/\/axiomtsp.com\/fr\/produit\/armour-premium-zipper-kit\/#primaryimage\"},\"thumbnailUrl\":\"https:\/\/axiomtsp.com\/wp-cms\/wp-content\/uploads\/2022\/05\/Armour-Premium-Zipper-Kit-scaled.jpg\",\"datePublished\":\"2022-05-19T15:38:41+00:00\",\"dateModified\":\"2024-03-13T12:03:31+00:00\",\"description\":\"The Armour Premium Zipper Kit comprend 2 fermetures \u00e9clair robustes et 2 crochets pour maintenir le poly\u00e9thyl\u00e8ne en place lorsque l'entr\u00e9e est ouverte.\",\"breadcrumb\":{\"@id\":\"https:\/\/axiomtsp.com\/fr\/produit\/armour-premium-zipper-kit\/#breadcrumb\"},\"inLanguage\":\"fr-FR\",\"potentialAction\":[{\"@type\":\"ReadAction\",\"target\":[\"https:\/\/axiomtsp.com\/fr\/produit\/armour-premium-zipper-kit\/\"]}]},{\"@type\":\"ImageObject\",\"inLanguage\":\"fr-FR\",\"@id\":\"https:\/\/axiomtsp.com\/fr\/produit\/armour-premium-zipper-kit\/#primaryimage\",\"url\":\"https:\/\/axiomtsp.com\/wp-cms\/wp-content\/uploads\/2022\/05\/Armour-Premium-Zipper-Kit-scaled.jpg\",\"contentUrl\":\"https:\/\/axiomtsp.com\/wp-cms\/wp-content\/uploads\/2022\/05\/Armour-Premium-Zipper-Kit-scaled.jpg\",\"width\":2560,\"height\":2560},{\"@type\":\"BreadcrumbList\",\"@id\":\"https:\/\/axiomtsp.com\/fr\/produit\/armour-premium-zipper-kit\/#breadcrumb\",\"itemListElement\":[{\"@type\":\"ListItem\",\"position\":1,\"name\":\"Home\",\"item\":\"https:\/\/axiomtsp.com\/fr\/\"},{\"@type\":\"ListItem\",\"position\":2,\"name\":\"Boutique\",\"item\":\"https:\/\/axiomtsp.com\/boutique\/?lang=fr\"},{\"@type\":\"ListItem\",\"position\":3,\"name\":\"ARMOUR PREMIUM ZIPPER KIT\"}]},{\"@type\":\"WebSite\",\"@id\":\"https:\/\/axiomtsp.com\/fr\/#website\",\"url\":\"https:\/\/axiomtsp.com\/fr\/\",\"name\":\"Axiom | Temporary Surface Protection\",\"description\":\"We stock the largest range of Temporary Surface Protection products in Canada. We help you choose the best solution for your project to ensure that you save time and money, avoid disruption to your construction schedule, maximize profitability on your projects, and prevent damage to your reputation.\",\"potentialAction\":[{\"@type\":\"SearchAction\",\"target\":{\"@type\":\"EntryPoint\",\"urlTemplate\":\"https:\/\/axiomtsp.com\/fr\/?s={search_term_string}\"},\"query-input\":{\"@type\":\"PropertyValueSpecification\",\"valueRequired\":true,\"valueName\":\"search_term_string\"}}],\"inLanguage\":\"fr-FR\"}]}<\/script>\n<!-- \/ Yoast SEO plugin. -->","yoast_head_json":{"title":"ARMOUR PREMIUM ZIPPER KIT - Axiom | Temporary Surface Protection","description":"The Armour Premium Zipper Kit comprend 2 fermetures \u00e9clair robustes et 2 crochets pour maintenir le poly\u00e9thyl\u00e8ne en place lorsque l'entr\u00e9e est ouverte.","robots":{"index":"index","follow":"follow","max-snippet":"max-snippet:-1","max-image-preview":"max-image-preview:large","max-video-preview":"max-video-preview:-1"},"canonical":"https:\/\/axiomtsp.com\/fr\/produit\/armour-premium-zipper-kit\/","og_locale":"fr_FR","og_type":"article","og_title":"ARMOUR PREMIUM ZIPPER KIT - Axiom | Temporary Surface Protection","og_description":"The Armour Premium Zipper Kit comprend 2 fermetures \u00e9clair robustes et 2 crochets pour maintenir le poly\u00e9thyl\u00e8ne en place lorsque l'entr\u00e9e est ouverte.","og_url":"https:\/\/axiomtsp.com\/fr\/produit\/armour-premium-zipper-kit\/","og_site_name":"Axiom | Temporary Surface Protection","article_modified_time":"2024-03-13T12:03:31+00:00","og_image":[{"width":720,"height":720,"url":"https:\/\/axiomtsp.com\/wp-content\/uploads\/2022\/05\/fd5b5f_8b57cd345d594024b613795bd1c309edmv2.jpg","type":"image\/jpeg"}],"twitter_card":"summary_large_image","twitter_misc":{"Dur\u00e9e de lecture estim\u00e9e":"1 minute"},"schema":{"@context":"https:\/\/schema.org","@graph":[{"@type":"WebPage","@id":"https:\/\/axiomtsp.com\/fr\/produit\/armour-premium-zipper-kit\/","url":"https:\/\/axiomtsp.com\/fr\/produit\/armour-premium-zipper-kit\/","name":"ARMOUR PREMIUM ZIPPER KIT - Axiom | Temporary Surface Protection","isPartOf":{"@id":"https:\/\/axiomtsp.com\/fr\/#website"},"primaryImageOfPage":{"@id":"https:\/\/axiomtsp.com\/fr\/produit\/armour-premium-zipper-kit\/#primaryimage"},"image":{"@id":"https:\/\/axiomtsp.com\/fr\/produit\/armour-premium-zipper-kit\/#primaryimage"},"thumbnailUrl":"https:\/\/axiomtsp.com\/wp-cms\/wp-content\/uploads\/2022\/05\/Armour-Premium-Zipper-Kit-scaled.jpg","datePublished":"2022-05-19T15:38:41+00:00","dateModified":"2024-03-13T12:03:31+00:00","description":"The Armour Premium Zipper Kit comprend 2 fermetures \u00e9clair robustes et 2 crochets pour maintenir le poly\u00e9thyl\u00e8ne en place lorsque l'entr\u00e9e est ouverte.","breadcrumb":{"@id":"https:\/\/axiomtsp.com\/fr\/produit\/armour-premium-zipper-kit\/#breadcrumb"},"inLanguage":"fr-FR","potentialAction":[{"@type":"ReadAction","target":["https:\/\/axiomtsp.com\/fr\/produit\/armour-premium-zipper-kit\/"]}]},{"@type":"ImageObject","inLanguage":"fr-FR","@id":"https:\/\/axiomtsp.com\/fr\/produit\/armour-premium-zipper-kit\/#primaryimage","url":"https:\/\/axiomtsp.com\/wp-cms\/wp-content\/uploads\/2022\/05\/Armour-Premium-Zipper-Kit-scaled.jpg","contentUrl":"https:\/\/axiomtsp.com\/wp-cms\/wp-content\/uploads\/2022\/05\/Armour-Premium-Zipper-Kit-scaled.jpg","width":2560,"height":2560},{"@type":"BreadcrumbList","@id":"https:\/\/axiomtsp.com\/fr\/produit\/armour-premium-zipper-kit\/#breadcrumb","itemListElement":[{"@type":"ListItem","position":1,"name":"Home","item":"https:\/\/axiomtsp.com\/fr\/"},{"@type":"ListItem","position":2,"name":"Boutique","item":"https:\/\/axiomtsp.com\/boutique\/?lang=fr"},{"@type":"ListItem","position":3,"name":"ARMOUR PREMIUM ZIPPER KIT"}]},{"@type":"WebSite","@id":"https:\/\/axiomtsp.com\/fr\/#website","url":"https:\/\/axiomtsp.com\/fr\/","name":"Axiom | Temporary Surface Protection","description":"We stock the largest range of Temporary Surface Protection products in Canada. We help you choose the best solution for your project to ensure that you save time and money, avoid disruption to your construction schedule, maximize profitability on your projects, and prevent damage to your reputation.","potentialAction":[{"@type":"SearchAction","target":{"@type":"EntryPoint","urlTemplate":"https:\/\/axiomtsp.com\/fr\/?s={search_term_string}"},"query-input":{"@type":"PropertyValueSpecification","valueRequired":true,"valueName":"search_term_string"}}],"inLanguage":"fr-FR"}]}},"_links":{"self":[{"href":"https:\/\/axiomtsp.com\/fr\/wp-json\/wp\/v2\/product\/5151","targetHints":{"allow":["GET"]}}],"collection":[{"href":"https:\/\/axiomtsp.com\/fr\/wp-json\/wp\/v2\/product"}],"about":[{"href":"https:\/\/axiomtsp.com\/fr\/wp-json\/wp\/v2\/types\/product"}],"replies":[{"embeddable":true,"href":"https:\/\/axiomtsp.com\/fr\/wp-json\/wp\/v2\/comments?post=5151"}],"wp:featuredmedia":[{"embeddable":true,"href":"https:\/\/axiomtsp.com\/fr\/wp-json\/wp\/v2\/media\/8168"}],"wp:attachment":[{"href":"https:\/\/axiomtsp.com\/fr\/wp-json\/wp\/v2\/media?parent=5151"}],"wp:term":[{"taxonomy":"product_brand","embeddable":true,"href":"https:\/\/axiomtsp.com\/fr\/wp-json\/wp\/v2\/product_brand?post=5151"},{"taxonomy":"product_cat","embeddable":true,"href":"https:\/\/axiomtsp.com\/fr\/wp-json\/wp\/v2\/product_cat?post=5151"},{"taxonomy":"product_tag","embeddable":true,"href":"https:\/\/axiomtsp.com\/fr\/wp-json\/wp\/v2\/product_tag?post=5151"}],"curies":[{"name":"wp","href":"https:\/\/api.w.org\/{rel}","templated":true}]}}