{"id":5145,"date":"2022-05-19T15:38:41","date_gmt":"2022-05-19T15:38:41","guid":{"rendered":"https:\/\/axiomtsp.com\/product\/armour-premium-glass-film-365-day\/"},"modified":"2024-07-23T21:03:02","modified_gmt":"2024-07-23T21:03:02","slug":"armour-premium-glass-film-365-day","status":"publish","type":"product","link":"https:\/\/axiomtsp.com\/fr\/produit\/armour-premium-glass-film-365-day\/","title":{"rendered":"ARMOUR PREMIUM GLASS FILM &#8211; 365 DAY"},"content":{"rendered":"<p>Armour Premium Glass Film agit comme barri\u00e8re de protection afin de prot\u00e9ger les fen\u00eatres contre divers \u00e9l\u00e9ments tels que la poussi\u00e8re, les rayures, la boue de cloison s\u00e8che, la peinture, et plus encore. Il prot\u00e8ge pendant 365 jours et s\u2019enl\u00e8ve proprement sans laisser de r\u00e9sidu. Souvent utilis\u00e9 lors des projets de construction, de r\u00e9novation, de peinture int\u00e9rieure ou ext\u00e9rieure, de fabrication de portes et de fen\u00eatres, de placoplatre, de stucco et plus encore.<\/p>\n","protected":false},"excerpt":{"rendered":"<p>Armour Premium Glass Film agit comme barri\u00e8re de protection afin de prot\u00e9ger les fen\u00eatres contre divers \u00e9l\u00e9ments tels que la poussi\u00e8re, les rayures, la boue de cloison s\u00e8che, la peinture, et plus encore. Il prot\u00e8ge pendant 365 jours et s\u2019enl\u00e8ve proprement sans laisser de r\u00e9sidu. Souvent utilis\u00e9 lors des projets de construction, de r\u00e9novation, de peinture int\u00e9rieure ou ext\u00e9rieure, de fabrication de portes et de fen\u00eatres, de placoplatre, de stucco et plus encore.<\/p>\n","protected":false},"featured_media":8060,"comment_status":"closed","ping_status":"closed","template":"","meta":{"_acf_changed":false},"product_brand":[],"product_cat":[154],"product_tag":[],"class_list":{"0":"post-5145","1":"product","2":"type-product","3":"status-publish","4":"has-post-thumbnail","6":"product_cat-protection-de-verre-fenetre","8":"first","9":"instock","10":"taxable","11":"shipping-taxable","12":"purchasable","13":"product-type-variable"},"acf":[],"yoast_head":"<!-- This site is optimized with the Yoast SEO plugin v27.1.1 - https:\/\/yoast.com\/product\/yoast-seo-wordpress\/ -->\n<title>ARMOUR PREMIUM GLASS FILM - 365 DAY - Axiom | Temporary Surface Protection<\/title>\n<meta name=\"description\" content=\"Armour Premium Glass Film agit comme une barri\u00e8re de protection pour les fen\u00eatres contre divers \u00e9l\u00e9ments tels que la poussi\u00e8re, les rayures, la boue de pl\u00e2tre, la peinture, et plus encore.\" \/>\n<meta name=\"robots\" content=\"index, follow, max-snippet:-1, max-image-preview:large, max-video-preview:-1\" \/>\n<link rel=\"canonical\" href=\"https:\/\/axiomtsp.com\/fr\/produit\/armour-premium-glass-film-365-day\/\" \/>\n<meta property=\"og:locale\" content=\"fr_FR\" \/>\n<meta property=\"og:type\" content=\"article\" \/>\n<meta property=\"og:title\" content=\"ARMOUR PREMIUM GLASS FILM - 365 DAY - Axiom | Temporary Surface Protection\" \/>\n<meta property=\"og:description\" content=\"Armour Premium Glass Film agit comme une barri\u00e8re de protection pour les fen\u00eatres contre divers \u00e9l\u00e9ments tels que la poussi\u00e8re, les rayures, la boue de pl\u00e2tre, la peinture, et plus encore.\" \/>\n<meta property=\"og:url\" content=\"https:\/\/axiomtsp.com\/fr\/produit\/armour-premium-glass-film-365-day\/\" \/>\n<meta property=\"og:site_name\" content=\"Axiom | Temporary Surface Protection\" \/>\n<meta property=\"article:modified_time\" content=\"2024-07-23T21:03:02+00:00\" \/>\n<meta property=\"og:image\" content=\"https:\/\/axiomtsp.com\/wp-content\/uploads\/2022\/05\/fd5b5f_d26fd55b04574277bec2fcba224eaa45mv2.jpg\" \/>\n\t<meta property=\"og:image:width\" content=\"720\" \/>\n\t<meta property=\"og:image:height\" content=\"720\" \/>\n\t<meta property=\"og:image:type\" content=\"image\/jpeg\" \/>\n<meta name=\"twitter:card\" content=\"summary_large_image\" \/>\n<meta name=\"twitter:label1\" content=\"Dur\u00e9e de lecture estim\u00e9e\" \/>\n\t<meta name=\"twitter:data1\" content=\"1 minute\" \/>\n<script type=\"application\/ld+json\" class=\"yoast-schema-graph\">{\"@context\":\"https:\/\/schema.org\",\"@graph\":[{\"@type\":\"WebPage\",\"@id\":\"https:\/\/axiomtsp.com\/fr\/produit\/armour-premium-glass-film-365-day\/\",\"url\":\"https:\/\/axiomtsp.com\/fr\/produit\/armour-premium-glass-film-365-day\/\",\"name\":\"ARMOUR PREMIUM GLASS FILM - 365 DAY - Axiom | Temporary Surface Protection\",\"isPartOf\":{\"@id\":\"https:\/\/axiomtsp.com\/fr\/#website\"},\"primaryImageOfPage\":{\"@id\":\"https:\/\/axiomtsp.com\/fr\/produit\/armour-premium-glass-film-365-day\/#primaryimage\"},\"image\":{\"@id\":\"https:\/\/axiomtsp.com\/fr\/produit\/armour-premium-glass-film-365-day\/#primaryimage\"},\"thumbnailUrl\":\"https:\/\/axiomtsp.com\/wp-cms\/wp-content\/uploads\/2022\/05\/Armour-Premium-Glass-Film-scaled.jpg\",\"datePublished\":\"2022-05-19T15:38:41+00:00\",\"dateModified\":\"2024-07-23T21:03:02+00:00\",\"description\":\"Armour Premium Glass Film agit comme une barri\u00e8re de protection pour les fen\u00eatres contre divers \u00e9l\u00e9ments tels que la poussi\u00e8re, les rayures, la boue de pl\u00e2tre, la peinture, et plus encore.\",\"breadcrumb\":{\"@id\":\"https:\/\/axiomtsp.com\/fr\/produit\/armour-premium-glass-film-365-day\/#breadcrumb\"},\"inLanguage\":\"fr-FR\",\"potentialAction\":[{\"@type\":\"ReadAction\",\"target\":[\"https:\/\/axiomtsp.com\/fr\/produit\/armour-premium-glass-film-365-day\/\"]}]},{\"@type\":\"ImageObject\",\"inLanguage\":\"fr-FR\",\"@id\":\"https:\/\/axiomtsp.com\/fr\/produit\/armour-premium-glass-film-365-day\/#primaryimage\",\"url\":\"https:\/\/axiomtsp.com\/wp-cms\/wp-content\/uploads\/2022\/05\/Armour-Premium-Glass-Film-scaled.jpg\",\"contentUrl\":\"https:\/\/axiomtsp.com\/wp-cms\/wp-content\/uploads\/2022\/05\/Armour-Premium-Glass-Film-scaled.jpg\",\"width\":2560,\"height\":2560},{\"@type\":\"BreadcrumbList\",\"@id\":\"https:\/\/axiomtsp.com\/fr\/produit\/armour-premium-glass-film-365-day\/#breadcrumb\",\"itemListElement\":[{\"@type\":\"ListItem\",\"position\":1,\"name\":\"Home\",\"item\":\"https:\/\/axiomtsp.com\/fr\/\"},{\"@type\":\"ListItem\",\"position\":2,\"name\":\"Boutique\",\"item\":\"https:\/\/axiomtsp.com\/boutique\/?lang=fr\"},{\"@type\":\"ListItem\",\"position\":3,\"name\":\"ARMOUR PREMIUM GLASS FILM &#8211; 365 DAY\"}]},{\"@type\":\"WebSite\",\"@id\":\"https:\/\/axiomtsp.com\/fr\/#website\",\"url\":\"https:\/\/axiomtsp.com\/fr\/\",\"name\":\"Axiom | Temporary Surface Protection\",\"description\":\"We stock the largest range of Temporary Surface Protection products in Canada. We help you choose the best solution for your project to ensure that you save time and money, avoid disruption to your construction schedule, maximize profitability on your projects, and prevent damage to your reputation.\",\"potentialAction\":[{\"@type\":\"SearchAction\",\"target\":{\"@type\":\"EntryPoint\",\"urlTemplate\":\"https:\/\/axiomtsp.com\/fr\/?s={search_term_string}\"},\"query-input\":{\"@type\":\"PropertyValueSpecification\",\"valueRequired\":true,\"valueName\":\"search_term_string\"}}],\"inLanguage\":\"fr-FR\"}]}<\/script>\n<!-- \/ Yoast SEO plugin. -->","yoast_head_json":{"title":"ARMOUR PREMIUM GLASS FILM - 365 DAY - Axiom | Temporary Surface Protection","description":"Armour Premium Glass Film agit comme une barri\u00e8re de protection pour les fen\u00eatres contre divers \u00e9l\u00e9ments tels que la poussi\u00e8re, les rayures, la boue de pl\u00e2tre, la peinture, et plus encore.","robots":{"index":"index","follow":"follow","max-snippet":"max-snippet:-1","max-image-preview":"max-image-preview:large","max-video-preview":"max-video-preview:-1"},"canonical":"https:\/\/axiomtsp.com\/fr\/produit\/armour-premium-glass-film-365-day\/","og_locale":"fr_FR","og_type":"article","og_title":"ARMOUR PREMIUM GLASS FILM - 365 DAY - Axiom | Temporary Surface Protection","og_description":"Armour Premium Glass Film agit comme une barri\u00e8re de protection pour les fen\u00eatres contre divers \u00e9l\u00e9ments tels que la poussi\u00e8re, les rayures, la boue de pl\u00e2tre, la peinture, et plus encore.","og_url":"https:\/\/axiomtsp.com\/fr\/produit\/armour-premium-glass-film-365-day\/","og_site_name":"Axiom | Temporary Surface Protection","article_modified_time":"2024-07-23T21:03:02+00:00","og_image":[{"width":720,"height":720,"url":"https:\/\/axiomtsp.com\/wp-content\/uploads\/2022\/05\/fd5b5f_d26fd55b04574277bec2fcba224eaa45mv2.jpg","type":"image\/jpeg"}],"twitter_card":"summary_large_image","twitter_misc":{"Dur\u00e9e de lecture estim\u00e9e":"1 minute"},"schema":{"@context":"https:\/\/schema.org","@graph":[{"@type":"WebPage","@id":"https:\/\/axiomtsp.com\/fr\/produit\/armour-premium-glass-film-365-day\/","url":"https:\/\/axiomtsp.com\/fr\/produit\/armour-premium-glass-film-365-day\/","name":"ARMOUR PREMIUM GLASS FILM - 365 DAY - Axiom | Temporary Surface Protection","isPartOf":{"@id":"https:\/\/axiomtsp.com\/fr\/#website"},"primaryImageOfPage":{"@id":"https:\/\/axiomtsp.com\/fr\/produit\/armour-premium-glass-film-365-day\/#primaryimage"},"image":{"@id":"https:\/\/axiomtsp.com\/fr\/produit\/armour-premium-glass-film-365-day\/#primaryimage"},"thumbnailUrl":"https:\/\/axiomtsp.com\/wp-cms\/wp-content\/uploads\/2022\/05\/Armour-Premium-Glass-Film-scaled.jpg","datePublished":"2022-05-19T15:38:41+00:00","dateModified":"2024-07-23T21:03:02+00:00","description":"Armour Premium Glass Film agit comme une barri\u00e8re de protection pour les fen\u00eatres contre divers \u00e9l\u00e9ments tels que la poussi\u00e8re, les rayures, la boue de pl\u00e2tre, la peinture, et plus encore.","breadcrumb":{"@id":"https:\/\/axiomtsp.com\/fr\/produit\/armour-premium-glass-film-365-day\/#breadcrumb"},"inLanguage":"fr-FR","potentialAction":[{"@type":"ReadAction","target":["https:\/\/axiomtsp.com\/fr\/produit\/armour-premium-glass-film-365-day\/"]}]},{"@type":"ImageObject","inLanguage":"fr-FR","@id":"https:\/\/axiomtsp.com\/fr\/produit\/armour-premium-glass-film-365-day\/#primaryimage","url":"https:\/\/axiomtsp.com\/wp-cms\/wp-content\/uploads\/2022\/05\/Armour-Premium-Glass-Film-scaled.jpg","contentUrl":"https:\/\/axiomtsp.com\/wp-cms\/wp-content\/uploads\/2022\/05\/Armour-Premium-Glass-Film-scaled.jpg","width":2560,"height":2560},{"@type":"BreadcrumbList","@id":"https:\/\/axiomtsp.com\/fr\/produit\/armour-premium-glass-film-365-day\/#breadcrumb","itemListElement":[{"@type":"ListItem","position":1,"name":"Home","item":"https:\/\/axiomtsp.com\/fr\/"},{"@type":"ListItem","position":2,"name":"Boutique","item":"https:\/\/axiomtsp.com\/boutique\/?lang=fr"},{"@type":"ListItem","position":3,"name":"ARMOUR PREMIUM GLASS FILM &#8211; 365 DAY"}]},{"@type":"WebSite","@id":"https:\/\/axiomtsp.com\/fr\/#website","url":"https:\/\/axiomtsp.com\/fr\/","name":"Axiom | Temporary Surface Protection","description":"We stock the largest range of Temporary Surface Protection products in Canada. We help you choose the best solution for your project to ensure that you save time and money, avoid disruption to your construction schedule, maximize profitability on your projects, and prevent damage to your reputation.","potentialAction":[{"@type":"SearchAction","target":{"@type":"EntryPoint","urlTemplate":"https:\/\/axiomtsp.com\/fr\/?s={search_term_string}"},"query-input":{"@type":"PropertyValueSpecification","valueRequired":true,"valueName":"search_term_string"}}],"inLanguage":"fr-FR"}]}},"_links":{"self":[{"href":"https:\/\/axiomtsp.com\/fr\/wp-json\/wp\/v2\/product\/5145","targetHints":{"allow":["GET"]}}],"collection":[{"href":"https:\/\/axiomtsp.com\/fr\/wp-json\/wp\/v2\/product"}],"about":[{"href":"https:\/\/axiomtsp.com\/fr\/wp-json\/wp\/v2\/types\/product"}],"replies":[{"embeddable":true,"href":"https:\/\/axiomtsp.com\/fr\/wp-json\/wp\/v2\/comments?post=5145"}],"wp:featuredmedia":[{"embeddable":true,"href":"https:\/\/axiomtsp.com\/fr\/wp-json\/wp\/v2\/media\/8060"}],"wp:attachment":[{"href":"https:\/\/axiomtsp.com\/fr\/wp-json\/wp\/v2\/media?parent=5145"}],"wp:term":[{"taxonomy":"product_brand","embeddable":true,"href":"https:\/\/axiomtsp.com\/fr\/wp-json\/wp\/v2\/product_brand?post=5145"},{"taxonomy":"product_cat","embeddable":true,"href":"https:\/\/axiomtsp.com\/fr\/wp-json\/wp\/v2\/product_cat?post=5145"},{"taxonomy":"product_tag","embeddable":true,"href":"https:\/\/axiomtsp.com\/fr\/wp-json\/wp\/v2\/product_tag?post=5145"}],"curies":[{"name":"wp","href":"https:\/\/api.w.org\/{rel}","templated":true}]}}