{"id":5143,"date":"2022-05-19T15:38:41","date_gmt":"2022-05-19T15:38:41","guid":{"rendered":"https:\/\/axiomtsp.com\/product\/armour-defender-guard\/"},"modified":"2024-03-08T08:25:48","modified_gmt":"2024-03-08T08:25:48","slug":"armour-defender-guard","status":"publish","type":"product","link":"https:\/\/axiomtsp.com\/fr\/produit\/armour-defender-guard\/","title":{"rendered":"ARMOUR DEFENDER-GUARD"},"content":{"rendered":"<p>Armour Defender-Guard est une solution temporaire de protection de planchers \u00e0 haute r\u00e9sistance qui peut absorber les liquides sans s\u2019affaiblir. Le c\u00f4t\u00e9 sup\u00e9rieur est gauffr\u00e9 ce qui offre une adh\u00e9rence extr\u00eame pour ne pas glisser. Le dessous consiste d\u2019un antid\u00e9rapant pour \u00e9viter qu\u2019il ne se d\u00e9place sur la surface finie. Defender-Guard s\u2019allonge bien \u00e0 plat \u00e0 chaque fois ce qui permet \u00e0 l\u2019utilisateur de le poser rapidement et efficacement. Puisqu\u2019il est un produit de protection de haute r\u00e9sistance, il est r\u00e9utilisable et peut \u00eatre nettoy\u00e9 facilement et enroul\u00e9 pour la r\u00e9utilisation.<\/p>\n<p>Defender-Guard offre &#8211; PROTECTION CONTRE LES D\u00c9VERSEMENTS LIQUIDES &#8211; S\u2019ALLONGE \u00c0 PLAT RAPIDEMENT &#8211; R\u00c9UTILISABLE &#8211; R\u00c9SISTANT AUX GLISSEMENTS Souvent utilis\u00e9 avec le produit <a href=\"https:\/\/axiomtsp.com\/produit\/armour-tape\/?lang=fr\"><span style=\"text-decoration: underline;\"><strong><span style=\"color: #00af43; text-decoration: underline;\">Armour Tape.<\/span><\/strong><\/span><\/a><\/p>\n","protected":false},"excerpt":{"rendered":"<p>Armour Defender-Guard est une solution temporaire de protection de planchers \u00e0 haute r\u00e9sistance qui peut absorber les liquides sans s\u2019affaiblir. Le c\u00f4t\u00e9 sup\u00e9rieur est gauffr\u00e9 ce qui offre une adh\u00e9rence extr\u00eame pour ne pas glisser. Le dessous consiste d\u2019un antid\u00e9rapant pour \u00e9viter qu\u2019il ne se d\u00e9place sur la surface finie. Defender-Guard s\u2019allonge bien \u00e0 plat \u00e0 chaque fois ce qui permet \u00e0 l\u2019utilisateur de le poser rapidement et efficacement. Puisqu\u2019il est un produit de protection de haute r\u00e9sistance, il est r\u00e9utilisable et peut \u00eatre nettoy\u00e9 facilement et enroul\u00e9 pour la r\u00e9utilisation.<\/p>\n<p>Defender-Guard offre &#8211; PROTECTION CONTRE LES D\u00c9VERSEMENTS LIQUIDES &#8211; S\u2019ALLONGE \u00c0 PLAT RAPIDEMENT &#8211; R\u00c9UTILISABLE &#8211; R\u00c9SISTANT AUX GLISSEMENTS Souvent utilis\u00e9 avec le produit <a href=\"https:\/\/axiomtsp.com\/produit\/armour-tape\/?lang=fr\"><span style=\"text-decoration: underline;\"><strong><span style=\"color: #00af43; text-decoration: underline;\">Armour Tape.<\/span><\/strong><\/span><\/a><\/p>\n","protected":false},"featured_media":7761,"comment_status":"closed","ping_status":"closed","template":"","meta":{"_acf_changed":false},"product_brand":[],"product_cat":[151],"product_tag":[],"class_list":{"0":"post-5143","1":"product","2":"type-product","3":"status-publish","4":"has-post-thumbnail","6":"product_cat-protection-de-plancher","8":"first","9":"instock","10":"taxable","11":"shipping-taxable","12":"purchasable","13":"product-type-variable"},"acf":[],"yoast_head":"<!-- This site is optimized with the Yoast SEO plugin v27.1.1 - https:\/\/yoast.com\/product\/yoast-seo-wordpress\/ -->\n<title>ARMOUR DEFENDER-GUARD - Axiom | Temporary Surface Protection<\/title>\n<meta name=\"description\" content=\"Armour Defender-Guard est une solution de protection temporaire pour sols de haute r\u00e9sistance qui peut absorber les liquides sans s&#039;affaiblir.\" \/>\n<meta name=\"robots\" content=\"index, follow, max-snippet:-1, max-image-preview:large, max-video-preview:-1\" \/>\n<link rel=\"canonical\" href=\"https:\/\/axiomtsp.com\/fr\/produit\/armour-defender-guard\/\" \/>\n<meta property=\"og:locale\" content=\"fr_FR\" \/>\n<meta property=\"og:type\" content=\"article\" \/>\n<meta property=\"og:title\" content=\"ARMOUR DEFENDER-GUARD - Axiom | Temporary Surface Protection\" \/>\n<meta property=\"og:description\" content=\"Armour Defender-Guard est une solution de protection temporaire pour sols de haute r\u00e9sistance qui peut absorber les liquides sans s&#039;affaiblir.\" \/>\n<meta property=\"og:url\" content=\"https:\/\/axiomtsp.com\/fr\/produit\/armour-defender-guard\/\" \/>\n<meta property=\"og:site_name\" content=\"Axiom | Temporary Surface Protection\" \/>\n<meta property=\"article:modified_time\" content=\"2024-03-08T08:25:48+00:00\" \/>\n<meta property=\"og:image\" content=\"https:\/\/axiomtsp.com\/wp-content\/uploads\/2022\/05\/fd5b5f_5f39237c818c4db095332b0fcd5385aemv2.jpg\" \/>\n\t<meta property=\"og:image:width\" content=\"720\" \/>\n\t<meta property=\"og:image:height\" content=\"720\" \/>\n\t<meta property=\"og:image:type\" content=\"image\/jpeg\" \/>\n<meta name=\"twitter:card\" content=\"summary_large_image\" \/>\n<meta name=\"twitter:label1\" content=\"Dur\u00e9e de lecture estim\u00e9e\" \/>\n\t<meta name=\"twitter:data1\" content=\"1 minute\" \/>\n<script type=\"application\/ld+json\" class=\"yoast-schema-graph\">{\"@context\":\"https:\/\/schema.org\",\"@graph\":[{\"@type\":\"WebPage\",\"@id\":\"https:\/\/axiomtsp.com\/fr\/produit\/armour-defender-guard\/\",\"url\":\"https:\/\/axiomtsp.com\/fr\/produit\/armour-defender-guard\/\",\"name\":\"ARMOUR DEFENDER-GUARD - Axiom | Temporary Surface Protection\",\"isPartOf\":{\"@id\":\"https:\/\/axiomtsp.com\/fr\/#website\"},\"primaryImageOfPage\":{\"@id\":\"https:\/\/axiomtsp.com\/fr\/produit\/armour-defender-guard\/#primaryimage\"},\"image\":{\"@id\":\"https:\/\/axiomtsp.com\/fr\/produit\/armour-defender-guard\/#primaryimage\"},\"thumbnailUrl\":\"https:\/\/axiomtsp.com\/wp-cms\/wp-content\/uploads\/2022\/05\/Armour-Defender-Guard-scaled.jpg\",\"datePublished\":\"2022-05-19T15:38:41+00:00\",\"dateModified\":\"2024-03-08T08:25:48+00:00\",\"description\":\"Armour Defender-Guard est une solution de protection temporaire pour sols de haute r\u00e9sistance qui peut absorber les liquides sans s'affaiblir.\",\"breadcrumb\":{\"@id\":\"https:\/\/axiomtsp.com\/fr\/produit\/armour-defender-guard\/#breadcrumb\"},\"inLanguage\":\"fr-FR\",\"potentialAction\":[{\"@type\":\"ReadAction\",\"target\":[\"https:\/\/axiomtsp.com\/fr\/produit\/armour-defender-guard\/\"]}]},{\"@type\":\"ImageObject\",\"inLanguage\":\"fr-FR\",\"@id\":\"https:\/\/axiomtsp.com\/fr\/produit\/armour-defender-guard\/#primaryimage\",\"url\":\"https:\/\/axiomtsp.com\/wp-cms\/wp-content\/uploads\/2022\/05\/Armour-Defender-Guard-scaled.jpg\",\"contentUrl\":\"https:\/\/axiomtsp.com\/wp-cms\/wp-content\/uploads\/2022\/05\/Armour-Defender-Guard-scaled.jpg\",\"width\":2560,\"height\":2560},{\"@type\":\"BreadcrumbList\",\"@id\":\"https:\/\/axiomtsp.com\/fr\/produit\/armour-defender-guard\/#breadcrumb\",\"itemListElement\":[{\"@type\":\"ListItem\",\"position\":1,\"name\":\"Home\",\"item\":\"https:\/\/axiomtsp.com\/fr\/\"},{\"@type\":\"ListItem\",\"position\":2,\"name\":\"Boutique\",\"item\":\"https:\/\/axiomtsp.com\/boutique\/?lang=fr\"},{\"@type\":\"ListItem\",\"position\":3,\"name\":\"ARMOUR DEFENDER-GUARD\"}]},{\"@type\":\"WebSite\",\"@id\":\"https:\/\/axiomtsp.com\/fr\/#website\",\"url\":\"https:\/\/axiomtsp.com\/fr\/\",\"name\":\"Axiom | Temporary Surface Protection\",\"description\":\"We stock the largest range of Temporary Surface Protection products in Canada. We help you choose the best solution for your project to ensure that you save time and money, avoid disruption to your construction schedule, maximize profitability on your projects, and prevent damage to your reputation.\",\"potentialAction\":[{\"@type\":\"SearchAction\",\"target\":{\"@type\":\"EntryPoint\",\"urlTemplate\":\"https:\/\/axiomtsp.com\/fr\/?s={search_term_string}\"},\"query-input\":{\"@type\":\"PropertyValueSpecification\",\"valueRequired\":true,\"valueName\":\"search_term_string\"}}],\"inLanguage\":\"fr-FR\"}]}<\/script>\n<!-- \/ Yoast SEO plugin. -->","yoast_head_json":{"title":"ARMOUR DEFENDER-GUARD - Axiom | Temporary Surface Protection","description":"Armour Defender-Guard est une solution de protection temporaire pour sols de haute r\u00e9sistance qui peut absorber les liquides sans s'affaiblir.","robots":{"index":"index","follow":"follow","max-snippet":"max-snippet:-1","max-image-preview":"max-image-preview:large","max-video-preview":"max-video-preview:-1"},"canonical":"https:\/\/axiomtsp.com\/fr\/produit\/armour-defender-guard\/","og_locale":"fr_FR","og_type":"article","og_title":"ARMOUR DEFENDER-GUARD - Axiom | Temporary Surface Protection","og_description":"Armour Defender-Guard est une solution de protection temporaire pour sols de haute r\u00e9sistance qui peut absorber les liquides sans s'affaiblir.","og_url":"https:\/\/axiomtsp.com\/fr\/produit\/armour-defender-guard\/","og_site_name":"Axiom | Temporary Surface Protection","article_modified_time":"2024-03-08T08:25:48+00:00","og_image":[{"width":720,"height":720,"url":"https:\/\/axiomtsp.com\/wp-content\/uploads\/2022\/05\/fd5b5f_5f39237c818c4db095332b0fcd5385aemv2.jpg","type":"image\/jpeg"}],"twitter_card":"summary_large_image","twitter_misc":{"Dur\u00e9e de lecture estim\u00e9e":"1 minute"},"schema":{"@context":"https:\/\/schema.org","@graph":[{"@type":"WebPage","@id":"https:\/\/axiomtsp.com\/fr\/produit\/armour-defender-guard\/","url":"https:\/\/axiomtsp.com\/fr\/produit\/armour-defender-guard\/","name":"ARMOUR DEFENDER-GUARD - Axiom | Temporary Surface Protection","isPartOf":{"@id":"https:\/\/axiomtsp.com\/fr\/#website"},"primaryImageOfPage":{"@id":"https:\/\/axiomtsp.com\/fr\/produit\/armour-defender-guard\/#primaryimage"},"image":{"@id":"https:\/\/axiomtsp.com\/fr\/produit\/armour-defender-guard\/#primaryimage"},"thumbnailUrl":"https:\/\/axiomtsp.com\/wp-cms\/wp-content\/uploads\/2022\/05\/Armour-Defender-Guard-scaled.jpg","datePublished":"2022-05-19T15:38:41+00:00","dateModified":"2024-03-08T08:25:48+00:00","description":"Armour Defender-Guard est une solution de protection temporaire pour sols de haute r\u00e9sistance qui peut absorber les liquides sans s'affaiblir.","breadcrumb":{"@id":"https:\/\/axiomtsp.com\/fr\/produit\/armour-defender-guard\/#breadcrumb"},"inLanguage":"fr-FR","potentialAction":[{"@type":"ReadAction","target":["https:\/\/axiomtsp.com\/fr\/produit\/armour-defender-guard\/"]}]},{"@type":"ImageObject","inLanguage":"fr-FR","@id":"https:\/\/axiomtsp.com\/fr\/produit\/armour-defender-guard\/#primaryimage","url":"https:\/\/axiomtsp.com\/wp-cms\/wp-content\/uploads\/2022\/05\/Armour-Defender-Guard-scaled.jpg","contentUrl":"https:\/\/axiomtsp.com\/wp-cms\/wp-content\/uploads\/2022\/05\/Armour-Defender-Guard-scaled.jpg","width":2560,"height":2560},{"@type":"BreadcrumbList","@id":"https:\/\/axiomtsp.com\/fr\/produit\/armour-defender-guard\/#breadcrumb","itemListElement":[{"@type":"ListItem","position":1,"name":"Home","item":"https:\/\/axiomtsp.com\/fr\/"},{"@type":"ListItem","position":2,"name":"Boutique","item":"https:\/\/axiomtsp.com\/boutique\/?lang=fr"},{"@type":"ListItem","position":3,"name":"ARMOUR DEFENDER-GUARD"}]},{"@type":"WebSite","@id":"https:\/\/axiomtsp.com\/fr\/#website","url":"https:\/\/axiomtsp.com\/fr\/","name":"Axiom | Temporary Surface Protection","description":"We stock the largest range of Temporary Surface Protection products in Canada. We help you choose the best solution for your project to ensure that you save time and money, avoid disruption to your construction schedule, maximize profitability on your projects, and prevent damage to your reputation.","potentialAction":[{"@type":"SearchAction","target":{"@type":"EntryPoint","urlTemplate":"https:\/\/axiomtsp.com\/fr\/?s={search_term_string}"},"query-input":{"@type":"PropertyValueSpecification","valueRequired":true,"valueName":"search_term_string"}}],"inLanguage":"fr-FR"}]}},"_links":{"self":[{"href":"https:\/\/axiomtsp.com\/fr\/wp-json\/wp\/v2\/product\/5143","targetHints":{"allow":["GET"]}}],"collection":[{"href":"https:\/\/axiomtsp.com\/fr\/wp-json\/wp\/v2\/product"}],"about":[{"href":"https:\/\/axiomtsp.com\/fr\/wp-json\/wp\/v2\/types\/product"}],"replies":[{"embeddable":true,"href":"https:\/\/axiomtsp.com\/fr\/wp-json\/wp\/v2\/comments?post=5143"}],"wp:featuredmedia":[{"embeddable":true,"href":"https:\/\/axiomtsp.com\/fr\/wp-json\/wp\/v2\/media\/7761"}],"wp:attachment":[{"href":"https:\/\/axiomtsp.com\/fr\/wp-json\/wp\/v2\/media?parent=5143"}],"wp:term":[{"taxonomy":"product_brand","embeddable":true,"href":"https:\/\/axiomtsp.com\/fr\/wp-json\/wp\/v2\/product_brand?post=5143"},{"taxonomy":"product_cat","embeddable":true,"href":"https:\/\/axiomtsp.com\/fr\/wp-json\/wp\/v2\/product_cat?post=5143"},{"taxonomy":"product_tag","embeddable":true,"href":"https:\/\/axiomtsp.com\/fr\/wp-json\/wp\/v2\/product_tag?post=5143"}],"curies":[{"name":"wp","href":"https:\/\/api.w.org\/{rel}","templated":true}]}}