{"id":5141,"date":"2022-05-19T15:38:41","date_gmt":"2022-05-19T15:38:41","guid":{"rendered":"https:\/\/axiomtsp.com\/product\/armour-grip-terra-mat\/"},"modified":"2024-03-07T15:22:11","modified_gmt":"2024-03-07T15:22:11","slug":"armour-grip-terra-mat","status":"publish","type":"product","link":"https:\/\/axiomtsp.com\/fr\/produit\/armour-grip-terra-mat\/","title":{"rendered":"ARMOUR GRIP-TERRA MAT"},"content":{"rendered":"<p>Les tapis Armour Grip-Terra se composent d\u2019un mat\u00e9riau en caoutchouc perm\u00e9able robuste d\u2019une \u00e9paisseur de 1\/2 pouce, qui permet \u00e0 l\u2019eau et \u00e0 la salet\u00e9 de passer \u00e0 travers tout en offrant une excellente adh\u00e9rence dans toutes les conditions. Ils sont parfaits pour les terrains difficiles tels que la boue, le gravier, la glace et la neige, et peuvent \u00eatre rapidement d\u00e9ploy\u00e9s pour cr\u00e9er un chemin sur votre site. Leur couleur orange vif les rend bien visibles, ce qui facilite la d\u00e9limitation du chemin et contribue \u00e0 la s\u00e9curit\u00e9 sur le chantier. Gr\u00e2ce \u00e0 leur mat\u00e9riau durable, ils sont faciles \u00e0 nettoyer et tr\u00e8s r\u00e9utilisables, ce qui en fait une excellente solution temporaire pour cr\u00e9er un chemin sur un terrain accident\u00e9.<\/p>\n","protected":false},"excerpt":{"rendered":"<p>Les tapis Armour Grip-Terra se composent d\u2019un mat\u00e9riau en caoutchouc perm\u00e9able robuste d\u2019une \u00e9paisseur de 1\/2 pouce, qui permet \u00e0 l\u2019eau et \u00e0 la salet\u00e9 de passer \u00e0 travers tout en offrant une excellente adh\u00e9rence dans toutes les conditions. Ils sont parfaits pour les terrains difficiles tels que la boue, le gravier, la glace et la neige, et peuvent \u00eatre rapidement d\u00e9ploy\u00e9s pour cr\u00e9er un chemin sur votre site. Leur couleur orange vif les rend bien visibles, ce qui facilite la d\u00e9limitation du chemin et contribue \u00e0 la s\u00e9curit\u00e9 sur le chantier. Gr\u00e2ce \u00e0 leur mat\u00e9riau durable, ils sont faciles \u00e0 nettoyer et tr\u00e8s r\u00e9utilisables, ce qui en fait une excellente solution temporaire pour cr\u00e9er un chemin sur un terrain accident\u00e9.<\/p>\n","protected":false},"featured_media":8126,"comment_status":"closed","ping_status":"closed","template":"","meta":{"_acf_changed":false},"product_brand":[],"product_cat":[183],"product_tag":[],"class_list":{"0":"post-5141","1":"product","2":"type-product","3":"status-publish","4":"has-post-thumbnail","6":"product_cat-protection-cvac","8":"first","9":"instock","10":"taxable","11":"shipping-taxable","12":"purchasable","13":"product-type-variable"},"acf":[],"yoast_head":"<!-- This site is optimized with the Yoast SEO plugin v27.1.1 - https:\/\/yoast.com\/product\/yoast-seo-wordpress\/ -->\n<title>ARMOUR GRIP-TERRA MAT - Axiom | Temporary Surface Protection<\/title>\n<meta name=\"description\" content=\"Armour Grip-Terra Mats sont des tapis en caoutchouc robuste de 1\/2 pouce d&#039;\u00e9paisseur, perm\u00e9ables \u00e0 l&#039;eau et \u00e0 la salet\u00e9\" \/>\n<meta name=\"robots\" content=\"index, follow, max-snippet:-1, max-image-preview:large, max-video-preview:-1\" \/>\n<link rel=\"canonical\" href=\"https:\/\/axiomtsp.com\/fr\/produit\/armour-grip-terra-mat\/\" \/>\n<meta property=\"og:locale\" content=\"fr_FR\" \/>\n<meta property=\"og:type\" content=\"article\" \/>\n<meta property=\"og:title\" content=\"ARMOUR GRIP-TERRA MAT - Axiom | Temporary Surface Protection\" \/>\n<meta property=\"og:description\" content=\"Armour Grip-Terra Mats sont des tapis en caoutchouc robuste de 1\/2 pouce d&#039;\u00e9paisseur, perm\u00e9ables \u00e0 l&#039;eau et \u00e0 la salet\u00e9\" \/>\n<meta property=\"og:url\" content=\"https:\/\/axiomtsp.com\/fr\/produit\/armour-grip-terra-mat\/\" \/>\n<meta property=\"og:site_name\" content=\"Axiom | Temporary Surface Protection\" \/>\n<meta property=\"article:modified_time\" content=\"2024-03-07T15:22:11+00:00\" \/>\n<meta property=\"og:image\" content=\"https:\/\/axiomtsp.com\/wp-content\/uploads\/2022\/05\/Armour-Grip-Terra-Mat.jpg\" \/>\n\t<meta property=\"og:image:width\" content=\"720\" \/>\n\t<meta property=\"og:image:height\" content=\"720\" \/>\n\t<meta property=\"og:image:type\" content=\"image\/jpeg\" \/>\n<meta name=\"twitter:card\" content=\"summary_large_image\" \/>\n<meta name=\"twitter:label1\" content=\"Dur\u00e9e de lecture estim\u00e9e\" \/>\n\t<meta name=\"twitter:data1\" content=\"1 minute\" \/>\n<script type=\"application\/ld+json\" class=\"yoast-schema-graph\">{\"@context\":\"https:\/\/schema.org\",\"@graph\":[{\"@type\":\"WebPage\",\"@id\":\"https:\/\/axiomtsp.com\/fr\/produit\/armour-grip-terra-mat\/\",\"url\":\"https:\/\/axiomtsp.com\/fr\/produit\/armour-grip-terra-mat\/\",\"name\":\"ARMOUR GRIP-TERRA MAT - Axiom | Temporary Surface Protection\",\"isPartOf\":{\"@id\":\"https:\/\/axiomtsp.com\/fr\/#website\"},\"primaryImageOfPage\":{\"@id\":\"https:\/\/axiomtsp.com\/fr\/produit\/armour-grip-terra-mat\/#primaryimage\"},\"image\":{\"@id\":\"https:\/\/axiomtsp.com\/fr\/produit\/armour-grip-terra-mat\/#primaryimage\"},\"thumbnailUrl\":\"https:\/\/axiomtsp.com\/wp-cms\/wp-content\/uploads\/2022\/05\/Armour-Grip-Terra-Mat-1-scaled.jpg\",\"datePublished\":\"2022-05-19T15:38:41+00:00\",\"dateModified\":\"2024-03-07T15:22:11+00:00\",\"description\":\"Armour Grip-Terra Mats sont des tapis en caoutchouc robuste de 1\/2 pouce d'\u00e9paisseur, perm\u00e9ables \u00e0 l'eau et \u00e0 la salet\u00e9\",\"breadcrumb\":{\"@id\":\"https:\/\/axiomtsp.com\/fr\/produit\/armour-grip-terra-mat\/#breadcrumb\"},\"inLanguage\":\"fr-FR\",\"potentialAction\":[{\"@type\":\"ReadAction\",\"target\":[\"https:\/\/axiomtsp.com\/fr\/produit\/armour-grip-terra-mat\/\"]}]},{\"@type\":\"ImageObject\",\"inLanguage\":\"fr-FR\",\"@id\":\"https:\/\/axiomtsp.com\/fr\/produit\/armour-grip-terra-mat\/#primaryimage\",\"url\":\"https:\/\/axiomtsp.com\/wp-cms\/wp-content\/uploads\/2022\/05\/Armour-Grip-Terra-Mat-1-scaled.jpg\",\"contentUrl\":\"https:\/\/axiomtsp.com\/wp-cms\/wp-content\/uploads\/2022\/05\/Armour-Grip-Terra-Mat-1-scaled.jpg\",\"width\":2560,\"height\":2560},{\"@type\":\"BreadcrumbList\",\"@id\":\"https:\/\/axiomtsp.com\/fr\/produit\/armour-grip-terra-mat\/#breadcrumb\",\"itemListElement\":[{\"@type\":\"ListItem\",\"position\":1,\"name\":\"Home\",\"item\":\"https:\/\/axiomtsp.com\/fr\/\"},{\"@type\":\"ListItem\",\"position\":2,\"name\":\"Boutique\",\"item\":\"https:\/\/axiomtsp.com\/boutique\/?lang=fr\"},{\"@type\":\"ListItem\",\"position\":3,\"name\":\"ARMOUR GRIP-TERRA MAT\"}]},{\"@type\":\"WebSite\",\"@id\":\"https:\/\/axiomtsp.com\/fr\/#website\",\"url\":\"https:\/\/axiomtsp.com\/fr\/\",\"name\":\"Axiom | Temporary Surface Protection\",\"description\":\"We stock the largest range of Temporary Surface Protection products in Canada. We help you choose the best solution for your project to ensure that you save time and money, avoid disruption to your construction schedule, maximize profitability on your projects, and prevent damage to your reputation.\",\"potentialAction\":[{\"@type\":\"SearchAction\",\"target\":{\"@type\":\"EntryPoint\",\"urlTemplate\":\"https:\/\/axiomtsp.com\/fr\/?s={search_term_string}\"},\"query-input\":{\"@type\":\"PropertyValueSpecification\",\"valueRequired\":true,\"valueName\":\"search_term_string\"}}],\"inLanguage\":\"fr-FR\"}]}<\/script>\n<!-- \/ Yoast SEO plugin. -->","yoast_head_json":{"title":"ARMOUR GRIP-TERRA MAT - Axiom | Temporary Surface Protection","description":"Armour Grip-Terra Mats sont des tapis en caoutchouc robuste de 1\/2 pouce d'\u00e9paisseur, perm\u00e9ables \u00e0 l'eau et \u00e0 la salet\u00e9","robots":{"index":"index","follow":"follow","max-snippet":"max-snippet:-1","max-image-preview":"max-image-preview:large","max-video-preview":"max-video-preview:-1"},"canonical":"https:\/\/axiomtsp.com\/fr\/produit\/armour-grip-terra-mat\/","og_locale":"fr_FR","og_type":"article","og_title":"ARMOUR GRIP-TERRA MAT - Axiom | Temporary Surface Protection","og_description":"Armour Grip-Terra Mats sont des tapis en caoutchouc robuste de 1\/2 pouce d'\u00e9paisseur, perm\u00e9ables \u00e0 l'eau et \u00e0 la salet\u00e9","og_url":"https:\/\/axiomtsp.com\/fr\/produit\/armour-grip-terra-mat\/","og_site_name":"Axiom | Temporary Surface Protection","article_modified_time":"2024-03-07T15:22:11+00:00","og_image":[{"width":720,"height":720,"url":"https:\/\/axiomtsp.com\/wp-content\/uploads\/2022\/05\/Armour-Grip-Terra-Mat.jpg","type":"image\/jpeg"}],"twitter_card":"summary_large_image","twitter_misc":{"Dur\u00e9e de lecture estim\u00e9e":"1 minute"},"schema":{"@context":"https:\/\/schema.org","@graph":[{"@type":"WebPage","@id":"https:\/\/axiomtsp.com\/fr\/produit\/armour-grip-terra-mat\/","url":"https:\/\/axiomtsp.com\/fr\/produit\/armour-grip-terra-mat\/","name":"ARMOUR GRIP-TERRA MAT - Axiom | Temporary Surface Protection","isPartOf":{"@id":"https:\/\/axiomtsp.com\/fr\/#website"},"primaryImageOfPage":{"@id":"https:\/\/axiomtsp.com\/fr\/produit\/armour-grip-terra-mat\/#primaryimage"},"image":{"@id":"https:\/\/axiomtsp.com\/fr\/produit\/armour-grip-terra-mat\/#primaryimage"},"thumbnailUrl":"https:\/\/axiomtsp.com\/wp-cms\/wp-content\/uploads\/2022\/05\/Armour-Grip-Terra-Mat-1-scaled.jpg","datePublished":"2022-05-19T15:38:41+00:00","dateModified":"2024-03-07T15:22:11+00:00","description":"Armour Grip-Terra Mats sont des tapis en caoutchouc robuste de 1\/2 pouce d'\u00e9paisseur, perm\u00e9ables \u00e0 l'eau et \u00e0 la salet\u00e9","breadcrumb":{"@id":"https:\/\/axiomtsp.com\/fr\/produit\/armour-grip-terra-mat\/#breadcrumb"},"inLanguage":"fr-FR","potentialAction":[{"@type":"ReadAction","target":["https:\/\/axiomtsp.com\/fr\/produit\/armour-grip-terra-mat\/"]}]},{"@type":"ImageObject","inLanguage":"fr-FR","@id":"https:\/\/axiomtsp.com\/fr\/produit\/armour-grip-terra-mat\/#primaryimage","url":"https:\/\/axiomtsp.com\/wp-cms\/wp-content\/uploads\/2022\/05\/Armour-Grip-Terra-Mat-1-scaled.jpg","contentUrl":"https:\/\/axiomtsp.com\/wp-cms\/wp-content\/uploads\/2022\/05\/Armour-Grip-Terra-Mat-1-scaled.jpg","width":2560,"height":2560},{"@type":"BreadcrumbList","@id":"https:\/\/axiomtsp.com\/fr\/produit\/armour-grip-terra-mat\/#breadcrumb","itemListElement":[{"@type":"ListItem","position":1,"name":"Home","item":"https:\/\/axiomtsp.com\/fr\/"},{"@type":"ListItem","position":2,"name":"Boutique","item":"https:\/\/axiomtsp.com\/boutique\/?lang=fr"},{"@type":"ListItem","position":3,"name":"ARMOUR GRIP-TERRA MAT"}]},{"@type":"WebSite","@id":"https:\/\/axiomtsp.com\/fr\/#website","url":"https:\/\/axiomtsp.com\/fr\/","name":"Axiom | Temporary Surface Protection","description":"We stock the largest range of Temporary Surface Protection products in Canada. We help you choose the best solution for your project to ensure that you save time and money, avoid disruption to your construction schedule, maximize profitability on your projects, and prevent damage to your reputation.","potentialAction":[{"@type":"SearchAction","target":{"@type":"EntryPoint","urlTemplate":"https:\/\/axiomtsp.com\/fr\/?s={search_term_string}"},"query-input":{"@type":"PropertyValueSpecification","valueRequired":true,"valueName":"search_term_string"}}],"inLanguage":"fr-FR"}]}},"_links":{"self":[{"href":"https:\/\/axiomtsp.com\/fr\/wp-json\/wp\/v2\/product\/5141","targetHints":{"allow":["GET"]}}],"collection":[{"href":"https:\/\/axiomtsp.com\/fr\/wp-json\/wp\/v2\/product"}],"about":[{"href":"https:\/\/axiomtsp.com\/fr\/wp-json\/wp\/v2\/types\/product"}],"replies":[{"embeddable":true,"href":"https:\/\/axiomtsp.com\/fr\/wp-json\/wp\/v2\/comments?post=5141"}],"wp:featuredmedia":[{"embeddable":true,"href":"https:\/\/axiomtsp.com\/fr\/wp-json\/wp\/v2\/media\/8126"}],"wp:attachment":[{"href":"https:\/\/axiomtsp.com\/fr\/wp-json\/wp\/v2\/media?parent=5141"}],"wp:term":[{"taxonomy":"product_brand","embeddable":true,"href":"https:\/\/axiomtsp.com\/fr\/wp-json\/wp\/v2\/product_brand?post=5141"},{"taxonomy":"product_cat","embeddable":true,"href":"https:\/\/axiomtsp.com\/fr\/wp-json\/wp\/v2\/product_cat?post=5141"},{"taxonomy":"product_tag","embeddable":true,"href":"https:\/\/axiomtsp.com\/fr\/wp-json\/wp\/v2\/product_tag?post=5141"}],"curies":[{"name":"wp","href":"https:\/\/api.w.org\/{rel}","templated":true}]}}