{"id":5137,"date":"2022-05-19T15:38:41","date_gmt":"2022-05-19T15:38:41","guid":{"rendered":"https:\/\/axiomtsp.com\/product\/armour-pro-tack-felt\/"},"modified":"2024-03-07T15:00:23","modified_gmt":"2024-03-07T15:00:23","slug":"armour-pro-tack-felt","status":"publish","type":"product","link":"https:\/\/axiomtsp.com\/fr\/produit\/armour-pro-tack-felt\/","title":{"rendered":"ARMOUR PRO-TACK FELT"},"content":{"rendered":"<p>Armour Pro-Tack Felt est un mat\u00e9riel non-tiss\u00e9 auto-adh\u00e9sif super r\u00e9sistant qui offre une protection temporaire efficace sur de nombreuses surfaces tels que les murs, les sols, les escaliers, les ascenseurs, les armoires, le verre, etc. la couche inf\u00e9rieure apporte une protection compl\u00e8te contre les d\u00e9versements de liquides combin\u00e9s avec la couche sup\u00e9rieure absorbante pour s\u2019impr\u00e9gner de toute humidit\u00e9. \u00c7a peut \u00eatre utilis\u00e9 sur les surfaces verticales et horizontales en raison de sa qualit\u00e9 unique adh\u00e9sive qui offre un retrait propre sur les surfaces int\u00e9rieures jusqu\u2019\u00e0 90 jours.<\/p>\n","protected":false},"excerpt":{"rendered":"<p>Armour Pro-Tack Felt est un mat\u00e9riel non-tiss\u00e9 auto-adh\u00e9sif super r\u00e9sistant qui offre une protection temporaire efficace sur de nombreuses surfaces tels que les murs, les sols, les escaliers, les ascenseurs, les armoires, le verre, etc. la couche inf\u00e9rieure apporte une protection compl\u00e8te contre les d\u00e9versements de liquides combin\u00e9s avec la couche sup\u00e9rieure absorbante pour s\u2019impr\u00e9gner de toute humidit\u00e9. \u00c7a peut \u00eatre utilis\u00e9 sur les surfaces verticales et horizontales en raison de sa qualit\u00e9 unique adh\u00e9sive qui offre un retrait propre sur les surfaces int\u00e9rieures jusqu\u2019\u00e0 90 jours.<\/p>\n","protected":false},"featured_media":7862,"comment_status":"closed","ping_status":"closed","template":"","meta":{"_acf_changed":false},"product_brand":[],"product_cat":[151,173,153,154],"product_tag":[],"class_list":{"0":"post-5137","1":"product","2":"type-product","3":"status-publish","4":"has-post-thumbnail","6":"product_cat-protection-de-plancher","7":"product_cat-protection-planques-escaliers","8":"product_cat-protection-de-porte-contour","9":"product_cat-protection-de-verre-fenetre","11":"first","12":"instock","13":"taxable","14":"shipping-taxable","15":"purchasable","16":"product-type-variable"},"acf":[],"yoast_head":"<!-- This site is optimized with the Yoast SEO plugin v27.1.1 - https:\/\/yoast.com\/product\/yoast-seo-wordpress\/ -->\n<title>ARMOUR PRO-TACK FELT - Axiom | Temporary Surface Protection<\/title>\n<meta name=\"description\" content=\"Armour Pro-Tack Felt est un mat\u00e9riau non-tiss\u00e9 auto-adh\u00e9sif super r\u00e9sistant qui offre une protection temporaire sur de nombreuses surfaces.\" \/>\n<meta name=\"robots\" content=\"index, follow, max-snippet:-1, max-image-preview:large, max-video-preview:-1\" \/>\n<link rel=\"canonical\" href=\"https:\/\/axiomtsp.com\/fr\/produit\/armour-pro-tack-felt\/\" \/>\n<meta property=\"og:locale\" content=\"fr_FR\" \/>\n<meta property=\"og:type\" content=\"article\" \/>\n<meta property=\"og:title\" content=\"ARMOUR PRO-TACK FELT - Axiom | Temporary Surface Protection\" \/>\n<meta property=\"og:description\" content=\"Armour Pro-Tack Felt est un mat\u00e9riau non-tiss\u00e9 auto-adh\u00e9sif super r\u00e9sistant qui offre une protection temporaire sur de nombreuses surfaces.\" \/>\n<meta property=\"og:url\" content=\"https:\/\/axiomtsp.com\/fr\/produit\/armour-pro-tack-felt\/\" \/>\n<meta property=\"og:site_name\" content=\"Axiom | Temporary Surface Protection\" \/>\n<meta property=\"article:modified_time\" content=\"2024-03-07T15:00:23+00:00\" \/>\n<meta property=\"og:image\" content=\"https:\/\/axiomtsp.com\/wp-cms\/wp-content\/uploads\/2022\/05\/Armour-Pro-Tack-Felt-scaled.jpg\" \/>\n\t<meta property=\"og:image:width\" content=\"2560\" \/>\n\t<meta property=\"og:image:height\" content=\"2560\" \/>\n\t<meta property=\"og:image:type\" content=\"image\/jpeg\" \/>\n<meta name=\"twitter:card\" content=\"summary_large_image\" \/>\n<meta name=\"twitter:label1\" content=\"Dur\u00e9e de lecture estim\u00e9e\" \/>\n\t<meta name=\"twitter:data1\" content=\"1 minute\" \/>\n<script type=\"application\/ld+json\" class=\"yoast-schema-graph\">{\"@context\":\"https:\/\/schema.org\",\"@graph\":[{\"@type\":\"WebPage\",\"@id\":\"https:\/\/axiomtsp.com\/fr\/produit\/armour-pro-tack-felt\/\",\"url\":\"https:\/\/axiomtsp.com\/fr\/produit\/armour-pro-tack-felt\/\",\"name\":\"ARMOUR PRO-TACK FELT - Axiom | Temporary Surface Protection\",\"isPartOf\":{\"@id\":\"https:\/\/axiomtsp.com\/fr\/#website\"},\"primaryImageOfPage\":{\"@id\":\"https:\/\/axiomtsp.com\/fr\/produit\/armour-pro-tack-felt\/#primaryimage\"},\"image\":{\"@id\":\"https:\/\/axiomtsp.com\/fr\/produit\/armour-pro-tack-felt\/#primaryimage\"},\"thumbnailUrl\":\"https:\/\/axiomtsp.com\/wp-cms\/wp-content\/uploads\/2022\/05\/Armour-Pro-Tack-Felt-scaled.jpg\",\"datePublished\":\"2022-05-19T15:38:41+00:00\",\"dateModified\":\"2024-03-07T15:00:23+00:00\",\"description\":\"Armour Pro-Tack Felt est un mat\u00e9riau non-tiss\u00e9 auto-adh\u00e9sif super r\u00e9sistant qui offre une protection temporaire sur de nombreuses surfaces.\",\"breadcrumb\":{\"@id\":\"https:\/\/axiomtsp.com\/fr\/produit\/armour-pro-tack-felt\/#breadcrumb\"},\"inLanguage\":\"fr-FR\",\"potentialAction\":[{\"@type\":\"ReadAction\",\"target\":[\"https:\/\/axiomtsp.com\/fr\/produit\/armour-pro-tack-felt\/\"]}]},{\"@type\":\"ImageObject\",\"inLanguage\":\"fr-FR\",\"@id\":\"https:\/\/axiomtsp.com\/fr\/produit\/armour-pro-tack-felt\/#primaryimage\",\"url\":\"https:\/\/axiomtsp.com\/wp-cms\/wp-content\/uploads\/2022\/05\/Armour-Pro-Tack-Felt-scaled.jpg\",\"contentUrl\":\"https:\/\/axiomtsp.com\/wp-cms\/wp-content\/uploads\/2022\/05\/Armour-Pro-Tack-Felt-scaled.jpg\",\"width\":2560,\"height\":2560},{\"@type\":\"BreadcrumbList\",\"@id\":\"https:\/\/axiomtsp.com\/fr\/produit\/armour-pro-tack-felt\/#breadcrumb\",\"itemListElement\":[{\"@type\":\"ListItem\",\"position\":1,\"name\":\"Home\",\"item\":\"https:\/\/axiomtsp.com\/fr\/\"},{\"@type\":\"ListItem\",\"position\":2,\"name\":\"Boutique\",\"item\":\"https:\/\/axiomtsp.com\/boutique\/?lang=fr\"},{\"@type\":\"ListItem\",\"position\":3,\"name\":\"ARMOUR PRO-TACK FELT\"}]},{\"@type\":\"WebSite\",\"@id\":\"https:\/\/axiomtsp.com\/fr\/#website\",\"url\":\"https:\/\/axiomtsp.com\/fr\/\",\"name\":\"Axiom | Temporary Surface Protection\",\"description\":\"We stock the largest range of Temporary Surface Protection products in Canada. We help you choose the best solution for your project to ensure that you save time and money, avoid disruption to your construction schedule, maximize profitability on your projects, and prevent damage to your reputation.\",\"potentialAction\":[{\"@type\":\"SearchAction\",\"target\":{\"@type\":\"EntryPoint\",\"urlTemplate\":\"https:\/\/axiomtsp.com\/fr\/?s={search_term_string}\"},\"query-input\":{\"@type\":\"PropertyValueSpecification\",\"valueRequired\":true,\"valueName\":\"search_term_string\"}}],\"inLanguage\":\"fr-FR\"}]}<\/script>\n<!-- \/ Yoast SEO plugin. -->","yoast_head_json":{"title":"ARMOUR PRO-TACK FELT - Axiom | Temporary Surface Protection","description":"Armour Pro-Tack Felt est un mat\u00e9riau non-tiss\u00e9 auto-adh\u00e9sif super r\u00e9sistant qui offre une protection temporaire sur de nombreuses surfaces.","robots":{"index":"index","follow":"follow","max-snippet":"max-snippet:-1","max-image-preview":"max-image-preview:large","max-video-preview":"max-video-preview:-1"},"canonical":"https:\/\/axiomtsp.com\/fr\/produit\/armour-pro-tack-felt\/","og_locale":"fr_FR","og_type":"article","og_title":"ARMOUR PRO-TACK FELT - Axiom | Temporary Surface Protection","og_description":"Armour Pro-Tack Felt est un mat\u00e9riau non-tiss\u00e9 auto-adh\u00e9sif super r\u00e9sistant qui offre une protection temporaire sur de nombreuses surfaces.","og_url":"https:\/\/axiomtsp.com\/fr\/produit\/armour-pro-tack-felt\/","og_site_name":"Axiom | Temporary Surface Protection","article_modified_time":"2024-03-07T15:00:23+00:00","og_image":[{"width":2560,"height":2560,"url":"https:\/\/axiomtsp.com\/wp-cms\/wp-content\/uploads\/2022\/05\/Armour-Pro-Tack-Felt-scaled.jpg","type":"image\/jpeg"}],"twitter_card":"summary_large_image","twitter_misc":{"Dur\u00e9e de lecture estim\u00e9e":"1 minute"},"schema":{"@context":"https:\/\/schema.org","@graph":[{"@type":"WebPage","@id":"https:\/\/axiomtsp.com\/fr\/produit\/armour-pro-tack-felt\/","url":"https:\/\/axiomtsp.com\/fr\/produit\/armour-pro-tack-felt\/","name":"ARMOUR PRO-TACK FELT - Axiom | Temporary Surface Protection","isPartOf":{"@id":"https:\/\/axiomtsp.com\/fr\/#website"},"primaryImageOfPage":{"@id":"https:\/\/axiomtsp.com\/fr\/produit\/armour-pro-tack-felt\/#primaryimage"},"image":{"@id":"https:\/\/axiomtsp.com\/fr\/produit\/armour-pro-tack-felt\/#primaryimage"},"thumbnailUrl":"https:\/\/axiomtsp.com\/wp-cms\/wp-content\/uploads\/2022\/05\/Armour-Pro-Tack-Felt-scaled.jpg","datePublished":"2022-05-19T15:38:41+00:00","dateModified":"2024-03-07T15:00:23+00:00","description":"Armour Pro-Tack Felt est un mat\u00e9riau non-tiss\u00e9 auto-adh\u00e9sif super r\u00e9sistant qui offre une protection temporaire sur de nombreuses surfaces.","breadcrumb":{"@id":"https:\/\/axiomtsp.com\/fr\/produit\/armour-pro-tack-felt\/#breadcrumb"},"inLanguage":"fr-FR","potentialAction":[{"@type":"ReadAction","target":["https:\/\/axiomtsp.com\/fr\/produit\/armour-pro-tack-felt\/"]}]},{"@type":"ImageObject","inLanguage":"fr-FR","@id":"https:\/\/axiomtsp.com\/fr\/produit\/armour-pro-tack-felt\/#primaryimage","url":"https:\/\/axiomtsp.com\/wp-cms\/wp-content\/uploads\/2022\/05\/Armour-Pro-Tack-Felt-scaled.jpg","contentUrl":"https:\/\/axiomtsp.com\/wp-cms\/wp-content\/uploads\/2022\/05\/Armour-Pro-Tack-Felt-scaled.jpg","width":2560,"height":2560},{"@type":"BreadcrumbList","@id":"https:\/\/axiomtsp.com\/fr\/produit\/armour-pro-tack-felt\/#breadcrumb","itemListElement":[{"@type":"ListItem","position":1,"name":"Home","item":"https:\/\/axiomtsp.com\/fr\/"},{"@type":"ListItem","position":2,"name":"Boutique","item":"https:\/\/axiomtsp.com\/boutique\/?lang=fr"},{"@type":"ListItem","position":3,"name":"ARMOUR PRO-TACK FELT"}]},{"@type":"WebSite","@id":"https:\/\/axiomtsp.com\/fr\/#website","url":"https:\/\/axiomtsp.com\/fr\/","name":"Axiom | Temporary Surface Protection","description":"We stock the largest range of Temporary Surface Protection products in Canada. We help you choose the best solution for your project to ensure that you save time and money, avoid disruption to your construction schedule, maximize profitability on your projects, and prevent damage to your reputation.","potentialAction":[{"@type":"SearchAction","target":{"@type":"EntryPoint","urlTemplate":"https:\/\/axiomtsp.com\/fr\/?s={search_term_string}"},"query-input":{"@type":"PropertyValueSpecification","valueRequired":true,"valueName":"search_term_string"}}],"inLanguage":"fr-FR"}]}},"_links":{"self":[{"href":"https:\/\/axiomtsp.com\/fr\/wp-json\/wp\/v2\/product\/5137","targetHints":{"allow":["GET"]}}],"collection":[{"href":"https:\/\/axiomtsp.com\/fr\/wp-json\/wp\/v2\/product"}],"about":[{"href":"https:\/\/axiomtsp.com\/fr\/wp-json\/wp\/v2\/types\/product"}],"replies":[{"embeddable":true,"href":"https:\/\/axiomtsp.com\/fr\/wp-json\/wp\/v2\/comments?post=5137"}],"wp:featuredmedia":[{"embeddable":true,"href":"https:\/\/axiomtsp.com\/fr\/wp-json\/wp\/v2\/media\/7862"}],"wp:attachment":[{"href":"https:\/\/axiomtsp.com\/fr\/wp-json\/wp\/v2\/media?parent=5137"}],"wp:term":[{"taxonomy":"product_brand","embeddable":true,"href":"https:\/\/axiomtsp.com\/fr\/wp-json\/wp\/v2\/product_brand?post=5137"},{"taxonomy":"product_cat","embeddable":true,"href":"https:\/\/axiomtsp.com\/fr\/wp-json\/wp\/v2\/product_cat?post=5137"},{"taxonomy":"product_tag","embeddable":true,"href":"https:\/\/axiomtsp.com\/fr\/wp-json\/wp\/v2\/product_tag?post=5137"}],"curies":[{"name":"wp","href":"https:\/\/api.w.org\/{rel}","templated":true}]}}