{"id":5128,"date":"2022-05-19T15:39:00","date_gmt":"2022-05-19T15:39:00","guid":{"rendered":"https:\/\/axiomtsp.com\/product\/armour-corner-guard-edge-protector\/"},"modified":"2024-03-22T10:01:41","modified_gmt":"2024-03-22T10:01:41","slug":"armour-corner-guard-edge-protector","status":"publish","type":"product","link":"https:\/\/axiomtsp.com\/fr\/produit\/armour-corner-guard-edge-protector\/","title":{"rendered":"ARMOUR CORNER GUARD EDGE PROTECTOR"},"content":{"rendered":"<p>Les Armour Corner Guard Edge Protectors sont fabriqu\u00e9s \u00e0 partir de mat\u00e9riau de carton compress\u00e9 \u00e0 haute densit\u00e9, offrant une protection contre l\u2019impact. Ils sont r\u00e9utilisables ce qui les rend peu co\u00fbteux mais efficace pour la protection de tous vos coins et contours. Autres tailles disponibles par commande sp\u00e9ciale.<\/p>\n","protected":false},"excerpt":{"rendered":"<p>Les Armour Corner Guard Edge Protectors sont fabriqu\u00e9s \u00e0 partir de mat\u00e9riau de carton compress\u00e9 \u00e0 haute densit\u00e9, offrant une protection contre l\u2019impact. Ils sont r\u00e9utilisables ce qui les rend peu co\u00fbteux mais efficace pour la protection de tous vos coins et contours. Autres tailles disponibles par commande sp\u00e9ciale.<\/p>\n<p>Souvent utilis\u00e9 en conjonction avec le produit <span style=\"text-decoration: underline;\"><strong>Freestanding Corner Guard Base.<\/strong><\/span><\/p>\n","protected":false},"featured_media":8012,"comment_status":"closed","ping_status":"closed","template":"","meta":{"_acf_changed":false},"product_brand":[],"product_cat":[153,147,154],"product_tag":[],"class_list":{"0":"post-5128","1":"product","2":"type-product","3":"status-publish","4":"has-post-thumbnail","6":"product_cat-protection-de-porte-contour","7":"product_cat-protection-de-cuisine-salle-de-bain","8":"product_cat-protection-de-verre-fenetre","10":"first","11":"instock","12":"taxable","13":"shipping-taxable","14":"purchasable","15":"product-type-variable"},"acf":[],"yoast_head":"<!-- This site is optimized with the Yoast SEO plugin v27.1.1 - https:\/\/yoast.com\/product\/yoast-seo-wordpress\/ -->\n<title>ARMOUR CORNER GUARD EDGE PROTECTOR - Axiom | Temporary Surface Protection<\/title>\n<meta name=\"description\" content=\"Armour Corner Guard Edge Protectors sont fabriqu\u00e9s \u00e0 partir de mat\u00e9riau cartonn\u00e9 compress\u00e9 \u00e0 haute densit\u00e9 qui offre une protection contre les chocs.\" \/>\n<meta name=\"robots\" content=\"index, follow, max-snippet:-1, max-image-preview:large, max-video-preview:-1\" \/>\n<link rel=\"canonical\" href=\"https:\/\/axiomtsp.com\/fr\/produit\/armour-corner-guard-edge-protector\/\" \/>\n<meta property=\"og:locale\" content=\"fr_FR\" \/>\n<meta property=\"og:type\" content=\"article\" \/>\n<meta property=\"og:title\" content=\"ARMOUR CORNER GUARD EDGE PROTECTOR - Axiom | Temporary Surface Protection\" \/>\n<meta property=\"og:description\" content=\"Armour Corner Guard Edge Protectors sont fabriqu\u00e9s \u00e0 partir de mat\u00e9riau cartonn\u00e9 compress\u00e9 \u00e0 haute densit\u00e9 qui offre une protection contre les chocs.\" \/>\n<meta property=\"og:url\" content=\"https:\/\/axiomtsp.com\/fr\/produit\/armour-corner-guard-edge-protector\/\" \/>\n<meta property=\"og:site_name\" content=\"Axiom | Temporary Surface Protection\" \/>\n<meta property=\"article:modified_time\" content=\"2024-03-22T10:01:41+00:00\" \/>\n<meta property=\"og:image\" content=\"https:\/\/axiomtsp.com\/wp-cms\/wp-content\/uploads\/2022\/05\/fd5b5f_a337f783ad564bae817a797f4d825636mv2.jpg\" \/>\n\t<meta property=\"og:image:width\" content=\"720\" \/>\n\t<meta property=\"og:image:height\" content=\"720\" \/>\n\t<meta property=\"og:image:type\" content=\"image\/jpeg\" \/>\n<meta name=\"twitter:card\" content=\"summary_large_image\" \/>\n<meta name=\"twitter:label1\" content=\"Dur\u00e9e de lecture estim\u00e9e\" \/>\n\t<meta name=\"twitter:data1\" content=\"1 minute\" \/>\n<script type=\"application\/ld+json\" class=\"yoast-schema-graph\">{\"@context\":\"https:\/\/schema.org\",\"@graph\":[{\"@type\":\"WebPage\",\"@id\":\"https:\/\/axiomtsp.com\/fr\/produit\/armour-corner-guard-edge-protector\/\",\"url\":\"https:\/\/axiomtsp.com\/fr\/produit\/armour-corner-guard-edge-protector\/\",\"name\":\"ARMOUR CORNER GUARD EDGE PROTECTOR - Axiom | Temporary Surface Protection\",\"isPartOf\":{\"@id\":\"https:\/\/axiomtsp.com\/fr\/#website\"},\"primaryImageOfPage\":{\"@id\":\"https:\/\/axiomtsp.com\/fr\/produit\/armour-corner-guard-edge-protector\/#primaryimage\"},\"image\":{\"@id\":\"https:\/\/axiomtsp.com\/fr\/produit\/armour-corner-guard-edge-protector\/#primaryimage\"},\"thumbnailUrl\":\"https:\/\/axiomtsp.com\/wp-cms\/wp-content\/uploads\/2022\/05\/Armour-Corner-Guard-Edge-Protector-scaled.jpg\",\"datePublished\":\"2022-05-19T15:39:00+00:00\",\"dateModified\":\"2024-03-22T10:01:41+00:00\",\"description\":\"Armour Corner Guard Edge Protectors sont fabriqu\u00e9s \u00e0 partir de mat\u00e9riau cartonn\u00e9 compress\u00e9 \u00e0 haute densit\u00e9 qui offre une protection contre les chocs.\",\"breadcrumb\":{\"@id\":\"https:\/\/axiomtsp.com\/fr\/produit\/armour-corner-guard-edge-protector\/#breadcrumb\"},\"inLanguage\":\"fr-FR\",\"potentialAction\":[{\"@type\":\"ReadAction\",\"target\":[\"https:\/\/axiomtsp.com\/fr\/produit\/armour-corner-guard-edge-protector\/\"]}]},{\"@type\":\"ImageObject\",\"inLanguage\":\"fr-FR\",\"@id\":\"https:\/\/axiomtsp.com\/fr\/produit\/armour-corner-guard-edge-protector\/#primaryimage\",\"url\":\"https:\/\/axiomtsp.com\/wp-cms\/wp-content\/uploads\/2022\/05\/Armour-Corner-Guard-Edge-Protector-scaled.jpg\",\"contentUrl\":\"https:\/\/axiomtsp.com\/wp-cms\/wp-content\/uploads\/2022\/05\/Armour-Corner-Guard-Edge-Protector-scaled.jpg\",\"width\":2560,\"height\":2560},{\"@type\":\"BreadcrumbList\",\"@id\":\"https:\/\/axiomtsp.com\/fr\/produit\/armour-corner-guard-edge-protector\/#breadcrumb\",\"itemListElement\":[{\"@type\":\"ListItem\",\"position\":1,\"name\":\"Home\",\"item\":\"https:\/\/axiomtsp.com\/fr\/\"},{\"@type\":\"ListItem\",\"position\":2,\"name\":\"Boutique\",\"item\":\"https:\/\/axiomtsp.com\/boutique\/?lang=fr\"},{\"@type\":\"ListItem\",\"position\":3,\"name\":\"ARMOUR CORNER GUARD EDGE PROTECTOR\"}]},{\"@type\":\"WebSite\",\"@id\":\"https:\/\/axiomtsp.com\/fr\/#website\",\"url\":\"https:\/\/axiomtsp.com\/fr\/\",\"name\":\"Axiom | Temporary Surface Protection\",\"description\":\"We stock the largest range of Temporary Surface Protection products in Canada. We help you choose the best solution for your project to ensure that you save time and money, avoid disruption to your construction schedule, maximize profitability on your projects, and prevent damage to your reputation.\",\"potentialAction\":[{\"@type\":\"SearchAction\",\"target\":{\"@type\":\"EntryPoint\",\"urlTemplate\":\"https:\/\/axiomtsp.com\/fr\/?s={search_term_string}\"},\"query-input\":{\"@type\":\"PropertyValueSpecification\",\"valueRequired\":true,\"valueName\":\"search_term_string\"}}],\"inLanguage\":\"fr-FR\"}]}<\/script>\n<!-- \/ Yoast SEO plugin. -->","yoast_head_json":{"title":"ARMOUR CORNER GUARD EDGE PROTECTOR - Axiom | Temporary Surface Protection","description":"Armour Corner Guard Edge Protectors sont fabriqu\u00e9s \u00e0 partir de mat\u00e9riau cartonn\u00e9 compress\u00e9 \u00e0 haute densit\u00e9 qui offre une protection contre les chocs.","robots":{"index":"index","follow":"follow","max-snippet":"max-snippet:-1","max-image-preview":"max-image-preview:large","max-video-preview":"max-video-preview:-1"},"canonical":"https:\/\/axiomtsp.com\/fr\/produit\/armour-corner-guard-edge-protector\/","og_locale":"fr_FR","og_type":"article","og_title":"ARMOUR CORNER GUARD EDGE PROTECTOR - Axiom | Temporary Surface Protection","og_description":"Armour Corner Guard Edge Protectors sont fabriqu\u00e9s \u00e0 partir de mat\u00e9riau cartonn\u00e9 compress\u00e9 \u00e0 haute densit\u00e9 qui offre une protection contre les chocs.","og_url":"https:\/\/axiomtsp.com\/fr\/produit\/armour-corner-guard-edge-protector\/","og_site_name":"Axiom | Temporary Surface Protection","article_modified_time":"2024-03-22T10:01:41+00:00","og_image":[{"width":720,"height":720,"url":"https:\/\/axiomtsp.com\/wp-cms\/wp-content\/uploads\/2022\/05\/fd5b5f_a337f783ad564bae817a797f4d825636mv2.jpg","type":"image\/jpeg"}],"twitter_card":"summary_large_image","twitter_misc":{"Dur\u00e9e de lecture estim\u00e9e":"1 minute"},"schema":{"@context":"https:\/\/schema.org","@graph":[{"@type":"WebPage","@id":"https:\/\/axiomtsp.com\/fr\/produit\/armour-corner-guard-edge-protector\/","url":"https:\/\/axiomtsp.com\/fr\/produit\/armour-corner-guard-edge-protector\/","name":"ARMOUR CORNER GUARD EDGE PROTECTOR - Axiom | Temporary Surface Protection","isPartOf":{"@id":"https:\/\/axiomtsp.com\/fr\/#website"},"primaryImageOfPage":{"@id":"https:\/\/axiomtsp.com\/fr\/produit\/armour-corner-guard-edge-protector\/#primaryimage"},"image":{"@id":"https:\/\/axiomtsp.com\/fr\/produit\/armour-corner-guard-edge-protector\/#primaryimage"},"thumbnailUrl":"https:\/\/axiomtsp.com\/wp-cms\/wp-content\/uploads\/2022\/05\/Armour-Corner-Guard-Edge-Protector-scaled.jpg","datePublished":"2022-05-19T15:39:00+00:00","dateModified":"2024-03-22T10:01:41+00:00","description":"Armour Corner Guard Edge Protectors sont fabriqu\u00e9s \u00e0 partir de mat\u00e9riau cartonn\u00e9 compress\u00e9 \u00e0 haute densit\u00e9 qui offre une protection contre les chocs.","breadcrumb":{"@id":"https:\/\/axiomtsp.com\/fr\/produit\/armour-corner-guard-edge-protector\/#breadcrumb"},"inLanguage":"fr-FR","potentialAction":[{"@type":"ReadAction","target":["https:\/\/axiomtsp.com\/fr\/produit\/armour-corner-guard-edge-protector\/"]}]},{"@type":"ImageObject","inLanguage":"fr-FR","@id":"https:\/\/axiomtsp.com\/fr\/produit\/armour-corner-guard-edge-protector\/#primaryimage","url":"https:\/\/axiomtsp.com\/wp-cms\/wp-content\/uploads\/2022\/05\/Armour-Corner-Guard-Edge-Protector-scaled.jpg","contentUrl":"https:\/\/axiomtsp.com\/wp-cms\/wp-content\/uploads\/2022\/05\/Armour-Corner-Guard-Edge-Protector-scaled.jpg","width":2560,"height":2560},{"@type":"BreadcrumbList","@id":"https:\/\/axiomtsp.com\/fr\/produit\/armour-corner-guard-edge-protector\/#breadcrumb","itemListElement":[{"@type":"ListItem","position":1,"name":"Home","item":"https:\/\/axiomtsp.com\/fr\/"},{"@type":"ListItem","position":2,"name":"Boutique","item":"https:\/\/axiomtsp.com\/boutique\/?lang=fr"},{"@type":"ListItem","position":3,"name":"ARMOUR CORNER GUARD EDGE PROTECTOR"}]},{"@type":"WebSite","@id":"https:\/\/axiomtsp.com\/fr\/#website","url":"https:\/\/axiomtsp.com\/fr\/","name":"Axiom | Temporary Surface Protection","description":"We stock the largest range of Temporary Surface Protection products in Canada. We help you choose the best solution for your project to ensure that you save time and money, avoid disruption to your construction schedule, maximize profitability on your projects, and prevent damage to your reputation.","potentialAction":[{"@type":"SearchAction","target":{"@type":"EntryPoint","urlTemplate":"https:\/\/axiomtsp.com\/fr\/?s={search_term_string}"},"query-input":{"@type":"PropertyValueSpecification","valueRequired":true,"valueName":"search_term_string"}}],"inLanguage":"fr-FR"}]}},"_links":{"self":[{"href":"https:\/\/axiomtsp.com\/fr\/wp-json\/wp\/v2\/product\/5128","targetHints":{"allow":["GET"]}}],"collection":[{"href":"https:\/\/axiomtsp.com\/fr\/wp-json\/wp\/v2\/product"}],"about":[{"href":"https:\/\/axiomtsp.com\/fr\/wp-json\/wp\/v2\/types\/product"}],"replies":[{"embeddable":true,"href":"https:\/\/axiomtsp.com\/fr\/wp-json\/wp\/v2\/comments?post=5128"}],"wp:featuredmedia":[{"embeddable":true,"href":"https:\/\/axiomtsp.com\/fr\/wp-json\/wp\/v2\/media\/8012"}],"wp:attachment":[{"href":"https:\/\/axiomtsp.com\/fr\/wp-json\/wp\/v2\/media?parent=5128"}],"wp:term":[{"taxonomy":"product_brand","embeddable":true,"href":"https:\/\/axiomtsp.com\/fr\/wp-json\/wp\/v2\/product_brand?post=5128"},{"taxonomy":"product_cat","embeddable":true,"href":"https:\/\/axiomtsp.com\/fr\/wp-json\/wp\/v2\/product_cat?post=5128"},{"taxonomy":"product_tag","embeddable":true,"href":"https:\/\/axiomtsp.com\/fr\/wp-json\/wp\/v2\/product_tag?post=5128"}],"curies":[{"name":"wp","href":"https:\/\/api.w.org\/{rel}","templated":true}]}}