{"id":5116,"date":"2022-05-19T15:39:00","date_gmt":"2022-05-19T15:39:00","guid":{"rendered":"https:\/\/axiomtsp.com\/product\/armour-protection-foam\/"},"modified":"2024-03-07T15:16:21","modified_gmt":"2024-03-07T15:16:21","slug":"armour-protection-foam","status":"publish","type":"product","link":"https:\/\/axiomtsp.com\/fr\/produit\/armour-protection-foam\/","title":{"rendered":"ARMOUR PROTECTION FOAM"},"content":{"rendered":"<p>Armour Protection Foam est un produit fabriqu\u00e9 de mousse l\u00e9g\u00e8re de 3\/32 pouces d\u2019\u00e9paisseur. Le produit est flexible, facile \u00e0 d\u00e9couper et r\u00e9sistant \u00e0 l\u2019impact. Il fonctionne bien en tant qu\u2019amortisseur entre une surface finie et un autre produit de protection de plus longue durabilit\u00e9 sur le dessus. Il est facile \u00e0 utiliser et \u00e0 installer, et les prix sont extr\u00eamement avantageux. Souvent utilis\u00e9 pour les planchers, les murs, les comptoirs, les armoires, la menuiserie, et plus encore.<\/p>\n","protected":false},"excerpt":{"rendered":"<p>Armour Protection Foam est un produit fabriqu\u00e9 de mousse l\u00e9g\u00e8re de 3\/32 pouces d\u2019\u00e9paisseur. Le produit est flexible, facile \u00e0 d\u00e9couper et r\u00e9sistant \u00e0 l\u2019impact. Il fonctionne bien en tant qu\u2019amortisseur entre une surface finie et un autre produit de protection de plus longue durabilit\u00e9 sur le dessus. Il est facile \u00e0 utiliser et \u00e0 installer, et les prix sont extr\u00eamement avantageux. Souvent utilis\u00e9 pour les planchers, les murs, les comptoirs, les armoires, la menuiserie, et plus encore.<\/p>\n","protected":false},"featured_media":8043,"comment_status":"closed","ping_status":"closed","template":"","meta":{"_acf_changed":false},"product_brand":[],"product_cat":[147],"product_tag":[],"class_list":{"0":"post-5116","1":"product","2":"type-product","3":"status-publish","4":"has-post-thumbnail","6":"product_cat-protection-de-cuisine-salle-de-bain","8":"first","9":"instock","10":"taxable","11":"shipping-taxable","12":"purchasable","13":"product-type-variable"},"acf":[],"yoast_head":"<!-- This site is optimized with the Yoast SEO plugin v27.1.1 - https:\/\/yoast.com\/product\/yoast-seo-wordpress\/ -->\n<title>ARMOUR PROTECTION FOAM - Axiom | Temporary Surface Protection<\/title>\n<meta name=\"description\" content=\"Armour Protection Foam est un produit en mousse l\u00e9ger d&#039;une \u00e9paisseur de 3\/32 pouce, ce qui le rend flexible, facile \u00e0 couper et r\u00e9sistant aux chocs.\" \/>\n<meta name=\"robots\" content=\"index, follow, max-snippet:-1, max-image-preview:large, max-video-preview:-1\" \/>\n<link rel=\"canonical\" href=\"https:\/\/axiomtsp.com\/fr\/produit\/armour-protection-foam\/\" \/>\n<meta property=\"og:locale\" content=\"fr_FR\" \/>\n<meta property=\"og:type\" content=\"article\" \/>\n<meta property=\"og:title\" content=\"ARMOUR PROTECTION FOAM - Axiom | Temporary Surface Protection\" \/>\n<meta property=\"og:description\" content=\"Armour Protection Foam est un produit en mousse l\u00e9ger d&#039;une \u00e9paisseur de 3\/32 pouce, ce qui le rend flexible, facile \u00e0 couper et r\u00e9sistant aux chocs.\" \/>\n<meta property=\"og:url\" content=\"https:\/\/axiomtsp.com\/fr\/produit\/armour-protection-foam\/\" \/>\n<meta property=\"og:site_name\" content=\"Axiom | Temporary Surface Protection\" \/>\n<meta property=\"article:modified_time\" content=\"2024-03-07T15:16:21+00:00\" \/>\n<meta property=\"og:image\" content=\"https:\/\/axiomtsp.com\/wp-cms\/wp-content\/uploads\/2022\/05\/Armour-Protection-Foam-scaled.jpg\" \/>\n\t<meta property=\"og:image:width\" content=\"2560\" \/>\n\t<meta property=\"og:image:height\" content=\"2560\" \/>\n\t<meta property=\"og:image:type\" content=\"image\/jpeg\" \/>\n<meta name=\"twitter:card\" content=\"summary_large_image\" \/>\n<meta name=\"twitter:label1\" content=\"Dur\u00e9e de lecture estim\u00e9e\" \/>\n\t<meta name=\"twitter:data1\" content=\"1 minute\" \/>\n<script type=\"application\/ld+json\" class=\"yoast-schema-graph\">{\"@context\":\"https:\/\/schema.org\",\"@graph\":[{\"@type\":\"WebPage\",\"@id\":\"https:\/\/axiomtsp.com\/fr\/produit\/armour-protection-foam\/\",\"url\":\"https:\/\/axiomtsp.com\/fr\/produit\/armour-protection-foam\/\",\"name\":\"ARMOUR PROTECTION FOAM - Axiom | Temporary Surface Protection\",\"isPartOf\":{\"@id\":\"https:\/\/axiomtsp.com\/fr\/#website\"},\"primaryImageOfPage\":{\"@id\":\"https:\/\/axiomtsp.com\/fr\/produit\/armour-protection-foam\/#primaryimage\"},\"image\":{\"@id\":\"https:\/\/axiomtsp.com\/fr\/produit\/armour-protection-foam\/#primaryimage\"},\"thumbnailUrl\":\"https:\/\/axiomtsp.com\/wp-cms\/wp-content\/uploads\/2022\/05\/Armour-Protection-Foam-scaled.jpg\",\"datePublished\":\"2022-05-19T15:39:00+00:00\",\"dateModified\":\"2024-03-07T15:16:21+00:00\",\"description\":\"Armour Protection Foam est un produit en mousse l\u00e9ger d'une \u00e9paisseur de 3\/32 pouce, ce qui le rend flexible, facile \u00e0 couper et r\u00e9sistant aux chocs.\",\"breadcrumb\":{\"@id\":\"https:\/\/axiomtsp.com\/fr\/produit\/armour-protection-foam\/#breadcrumb\"},\"inLanguage\":\"fr-FR\",\"potentialAction\":[{\"@type\":\"ReadAction\",\"target\":[\"https:\/\/axiomtsp.com\/fr\/produit\/armour-protection-foam\/\"]}]},{\"@type\":\"ImageObject\",\"inLanguage\":\"fr-FR\",\"@id\":\"https:\/\/axiomtsp.com\/fr\/produit\/armour-protection-foam\/#primaryimage\",\"url\":\"https:\/\/axiomtsp.com\/wp-cms\/wp-content\/uploads\/2022\/05\/Armour-Protection-Foam-scaled.jpg\",\"contentUrl\":\"https:\/\/axiomtsp.com\/wp-cms\/wp-content\/uploads\/2022\/05\/Armour-Protection-Foam-scaled.jpg\",\"width\":2560,\"height\":2560},{\"@type\":\"BreadcrumbList\",\"@id\":\"https:\/\/axiomtsp.com\/fr\/produit\/armour-protection-foam\/#breadcrumb\",\"itemListElement\":[{\"@type\":\"ListItem\",\"position\":1,\"name\":\"Home\",\"item\":\"https:\/\/axiomtsp.com\/fr\/\"},{\"@type\":\"ListItem\",\"position\":2,\"name\":\"Boutique\",\"item\":\"https:\/\/axiomtsp.com\/boutique\/?lang=fr\"},{\"@type\":\"ListItem\",\"position\":3,\"name\":\"ARMOUR PROTECTION FOAM\"}]},{\"@type\":\"WebSite\",\"@id\":\"https:\/\/axiomtsp.com\/fr\/#website\",\"url\":\"https:\/\/axiomtsp.com\/fr\/\",\"name\":\"Axiom | Temporary Surface Protection\",\"description\":\"We stock the largest range of Temporary Surface Protection products in Canada. We help you choose the best solution for your project to ensure that you save time and money, avoid disruption to your construction schedule, maximize profitability on your projects, and prevent damage to your reputation.\",\"potentialAction\":[{\"@type\":\"SearchAction\",\"target\":{\"@type\":\"EntryPoint\",\"urlTemplate\":\"https:\/\/axiomtsp.com\/fr\/?s={search_term_string}\"},\"query-input\":{\"@type\":\"PropertyValueSpecification\",\"valueRequired\":true,\"valueName\":\"search_term_string\"}}],\"inLanguage\":\"fr-FR\"}]}<\/script>\n<!-- \/ Yoast SEO plugin. -->","yoast_head_json":{"title":"ARMOUR PROTECTION FOAM - Axiom | Temporary Surface Protection","description":"Armour Protection Foam est un produit en mousse l\u00e9ger d'une \u00e9paisseur de 3\/32 pouce, ce qui le rend flexible, facile \u00e0 couper et r\u00e9sistant aux chocs.","robots":{"index":"index","follow":"follow","max-snippet":"max-snippet:-1","max-image-preview":"max-image-preview:large","max-video-preview":"max-video-preview:-1"},"canonical":"https:\/\/axiomtsp.com\/fr\/produit\/armour-protection-foam\/","og_locale":"fr_FR","og_type":"article","og_title":"ARMOUR PROTECTION FOAM - Axiom | Temporary Surface Protection","og_description":"Armour Protection Foam est un produit en mousse l\u00e9ger d'une \u00e9paisseur de 3\/32 pouce, ce qui le rend flexible, facile \u00e0 couper et r\u00e9sistant aux chocs.","og_url":"https:\/\/axiomtsp.com\/fr\/produit\/armour-protection-foam\/","og_site_name":"Axiom | Temporary Surface Protection","article_modified_time":"2024-03-07T15:16:21+00:00","og_image":[{"width":2560,"height":2560,"url":"https:\/\/axiomtsp.com\/wp-cms\/wp-content\/uploads\/2022\/05\/Armour-Protection-Foam-scaled.jpg","type":"image\/jpeg"}],"twitter_card":"summary_large_image","twitter_misc":{"Dur\u00e9e de lecture estim\u00e9e":"1 minute"},"schema":{"@context":"https:\/\/schema.org","@graph":[{"@type":"WebPage","@id":"https:\/\/axiomtsp.com\/fr\/produit\/armour-protection-foam\/","url":"https:\/\/axiomtsp.com\/fr\/produit\/armour-protection-foam\/","name":"ARMOUR PROTECTION FOAM - Axiom | Temporary Surface Protection","isPartOf":{"@id":"https:\/\/axiomtsp.com\/fr\/#website"},"primaryImageOfPage":{"@id":"https:\/\/axiomtsp.com\/fr\/produit\/armour-protection-foam\/#primaryimage"},"image":{"@id":"https:\/\/axiomtsp.com\/fr\/produit\/armour-protection-foam\/#primaryimage"},"thumbnailUrl":"https:\/\/axiomtsp.com\/wp-cms\/wp-content\/uploads\/2022\/05\/Armour-Protection-Foam-scaled.jpg","datePublished":"2022-05-19T15:39:00+00:00","dateModified":"2024-03-07T15:16:21+00:00","description":"Armour Protection Foam est un produit en mousse l\u00e9ger d'une \u00e9paisseur de 3\/32 pouce, ce qui le rend flexible, facile \u00e0 couper et r\u00e9sistant aux chocs.","breadcrumb":{"@id":"https:\/\/axiomtsp.com\/fr\/produit\/armour-protection-foam\/#breadcrumb"},"inLanguage":"fr-FR","potentialAction":[{"@type":"ReadAction","target":["https:\/\/axiomtsp.com\/fr\/produit\/armour-protection-foam\/"]}]},{"@type":"ImageObject","inLanguage":"fr-FR","@id":"https:\/\/axiomtsp.com\/fr\/produit\/armour-protection-foam\/#primaryimage","url":"https:\/\/axiomtsp.com\/wp-cms\/wp-content\/uploads\/2022\/05\/Armour-Protection-Foam-scaled.jpg","contentUrl":"https:\/\/axiomtsp.com\/wp-cms\/wp-content\/uploads\/2022\/05\/Armour-Protection-Foam-scaled.jpg","width":2560,"height":2560},{"@type":"BreadcrumbList","@id":"https:\/\/axiomtsp.com\/fr\/produit\/armour-protection-foam\/#breadcrumb","itemListElement":[{"@type":"ListItem","position":1,"name":"Home","item":"https:\/\/axiomtsp.com\/fr\/"},{"@type":"ListItem","position":2,"name":"Boutique","item":"https:\/\/axiomtsp.com\/boutique\/?lang=fr"},{"@type":"ListItem","position":3,"name":"ARMOUR PROTECTION FOAM"}]},{"@type":"WebSite","@id":"https:\/\/axiomtsp.com\/fr\/#website","url":"https:\/\/axiomtsp.com\/fr\/","name":"Axiom | Temporary Surface Protection","description":"We stock the largest range of Temporary Surface Protection products in Canada. We help you choose the best solution for your project to ensure that you save time and money, avoid disruption to your construction schedule, maximize profitability on your projects, and prevent damage to your reputation.","potentialAction":[{"@type":"SearchAction","target":{"@type":"EntryPoint","urlTemplate":"https:\/\/axiomtsp.com\/fr\/?s={search_term_string}"},"query-input":{"@type":"PropertyValueSpecification","valueRequired":true,"valueName":"search_term_string"}}],"inLanguage":"fr-FR"}]}},"_links":{"self":[{"href":"https:\/\/axiomtsp.com\/fr\/wp-json\/wp\/v2\/product\/5116","targetHints":{"allow":["GET"]}}],"collection":[{"href":"https:\/\/axiomtsp.com\/fr\/wp-json\/wp\/v2\/product"}],"about":[{"href":"https:\/\/axiomtsp.com\/fr\/wp-json\/wp\/v2\/types\/product"}],"replies":[{"embeddable":true,"href":"https:\/\/axiomtsp.com\/fr\/wp-json\/wp\/v2\/comments?post=5116"}],"wp:featuredmedia":[{"embeddable":true,"href":"https:\/\/axiomtsp.com\/fr\/wp-json\/wp\/v2\/media\/8043"}],"wp:attachment":[{"href":"https:\/\/axiomtsp.com\/fr\/wp-json\/wp\/v2\/media?parent=5116"}],"wp:term":[{"taxonomy":"product_brand","embeddable":true,"href":"https:\/\/axiomtsp.com\/fr\/wp-json\/wp\/v2\/product_brand?post=5116"},{"taxonomy":"product_cat","embeddable":true,"href":"https:\/\/axiomtsp.com\/fr\/wp-json\/wp\/v2\/product_cat?post=5116"},{"taxonomy":"product_tag","embeddable":true,"href":"https:\/\/axiomtsp.com\/fr\/wp-json\/wp\/v2\/product_tag?post=5116"}],"curies":[{"name":"wp","href":"https:\/\/api.w.org\/{rel}","templated":true}]}}