{"id":5112,"date":"2022-05-19T15:39:00","date_gmt":"2022-05-19T15:39:00","guid":{"rendered":"https:\/\/axiomtsp.com\/product\/bulldog-board-paper\/"},"modified":"2024-03-07T15:06:43","modified_gmt":"2024-03-07T15:06:43","slug":"bulldog-board-paper","status":"publish","type":"product","link":"https:\/\/axiomtsp.com\/fr\/produit\/bulldog-board-paper\/","title":{"rendered":"BULLDOG BOARD PAPER"},"content":{"rendered":"<p>Bulldog Board Paper est fabriqu\u00e9 de papier 100% recycl\u00e9 avec un poids de base de 40 livres. Il fonctionne tr\u00e8s bien pour prot\u00e9ger les zones de circulation p\u00e9destre l\u00e9g\u00e8re lors des projets de courte dur\u00e9e, ou pour prot\u00e9ger les murs, les armoires, le verre, et plus encore contre la poussi\u00e8re et la peinture etc.<\/p>\n","protected":false},"excerpt":{"rendered":"<p>Bulldog Board Paper est fabriqu\u00e9 de papier 100% recycl\u00e9 avec un poids de base de 40 livres. Il fonctionne tr\u00e8s bien pour prot\u00e9ger les zones de circulation p\u00e9destre l\u00e9g\u00e8re lors des projets de courte dur\u00e9e, ou pour prot\u00e9ger les murs, les armoires, le verre, et plus encore contre la poussi\u00e8re et la peinture etc.<\/p>\n","protected":false},"featured_media":7345,"comment_status":"closed","ping_status":"closed","template":"","meta":{"_acf_changed":false},"product_brand":[],"product_cat":[154],"product_tag":[],"class_list":{"0":"post-5112","1":"product","2":"type-product","3":"status-publish","4":"has-post-thumbnail","6":"product_cat-protection-de-verre-fenetre","8":"first","9":"instock","10":"taxable","11":"shipping-taxable","12":"purchasable","13":"product-type-variable"},"acf":[],"yoast_head":"<!-- This site is optimized with the Yoast SEO plugin v27.1.1 - https:\/\/yoast.com\/product\/yoast-seo-wordpress\/ -->\n<title>BULLDOG BOARD PAPER - Axiom | Temporary Surface Protection<\/title>\n<meta name=\"description\" content=\"Bulldog Board Paper is made from 100% recycled paper with a 40lb basis weight. It works great for light foot traffic areas for short project timelines, or for protecting walls, cabinets, glass, and more from dust and paint, and more.\" \/>\n<meta name=\"robots\" content=\"index, follow, max-snippet:-1, max-image-preview:large, max-video-preview:-1\" \/>\n<link rel=\"canonical\" href=\"https:\/\/axiomtsp.com\/fr\/produit\/bulldog-board-paper\/\" \/>\n<meta property=\"og:locale\" content=\"fr_FR\" \/>\n<meta property=\"og:type\" content=\"article\" \/>\n<meta property=\"og:title\" content=\"BULLDOG BOARD PAPER - Axiom | Temporary Surface Protection\" \/>\n<meta property=\"og:description\" content=\"Bulldog Board Paper is made from 100% recycled paper with a 40lb basis weight. It works great for light foot traffic areas for short project timelines, or for protecting walls, cabinets, glass, and more from dust and paint, and more.\" \/>\n<meta property=\"og:url\" content=\"https:\/\/axiomtsp.com\/fr\/produit\/bulldog-board-paper\/\" \/>\n<meta property=\"og:site_name\" content=\"Axiom | Temporary Surface Protection\" \/>\n<meta property=\"article:modified_time\" content=\"2024-03-07T15:06:43+00:00\" \/>\n<meta property=\"og:image\" content=\"https:\/\/axiomtsp.com\/wp-cms\/wp-content\/uploads\/2022\/05\/fd5b5f_8ca3ed192d1c472591e67ceb0425b10bmv2.jpg\" \/>\n\t<meta property=\"og:image:width\" content=\"720\" \/>\n\t<meta property=\"og:image:height\" content=\"720\" \/>\n\t<meta property=\"og:image:type\" content=\"image\/jpeg\" \/>\n<meta name=\"twitter:card\" content=\"summary_large_image\" \/>\n<meta name=\"twitter:label1\" content=\"Dur\u00e9e de lecture estim\u00e9e\" \/>\n\t<meta name=\"twitter:data1\" content=\"1 minute\" \/>\n<script type=\"application\/ld+json\" class=\"yoast-schema-graph\">{\"@context\":\"https:\/\/schema.org\",\"@graph\":[{\"@type\":\"WebPage\",\"@id\":\"https:\/\/axiomtsp.com\/fr\/produit\/bulldog-board-paper\/\",\"url\":\"https:\/\/axiomtsp.com\/fr\/produit\/bulldog-board-paper\/\",\"name\":\"BULLDOG BOARD PAPER - Axiom | Temporary Surface Protection\",\"isPartOf\":{\"@id\":\"https:\/\/axiomtsp.com\/fr\/#website\"},\"primaryImageOfPage\":{\"@id\":\"https:\/\/axiomtsp.com\/fr\/produit\/bulldog-board-paper\/#primaryimage\"},\"image\":{\"@id\":\"https:\/\/axiomtsp.com\/fr\/produit\/bulldog-board-paper\/#primaryimage\"},\"thumbnailUrl\":\"https:\/\/axiomtsp.com\/wp-cms\/wp-content\/uploads\/2022\/05\/Armour-Protection-Paper-scaled.jpg\",\"datePublished\":\"2022-05-19T15:39:00+00:00\",\"dateModified\":\"2024-03-07T15:06:43+00:00\",\"description\":\"Bulldog Board Paper is made from 100% recycled paper with a 40lb basis weight. It works great for light foot traffic areas for short project timelines, or for protecting walls, cabinets, glass, and more from dust and paint, and more.\",\"breadcrumb\":{\"@id\":\"https:\/\/axiomtsp.com\/fr\/produit\/bulldog-board-paper\/#breadcrumb\"},\"inLanguage\":\"fr-FR\",\"potentialAction\":[{\"@type\":\"ReadAction\",\"target\":[\"https:\/\/axiomtsp.com\/fr\/produit\/bulldog-board-paper\/\"]}]},{\"@type\":\"ImageObject\",\"inLanguage\":\"fr-FR\",\"@id\":\"https:\/\/axiomtsp.com\/fr\/produit\/bulldog-board-paper\/#primaryimage\",\"url\":\"https:\/\/axiomtsp.com\/wp-cms\/wp-content\/uploads\/2022\/05\/Armour-Protection-Paper-scaled.jpg\",\"contentUrl\":\"https:\/\/axiomtsp.com\/wp-cms\/wp-content\/uploads\/2022\/05\/Armour-Protection-Paper-scaled.jpg\",\"width\":2560,\"height\":2560,\"caption\":\"Armour Protection Paper\"},{\"@type\":\"BreadcrumbList\",\"@id\":\"https:\/\/axiomtsp.com\/fr\/produit\/bulldog-board-paper\/#breadcrumb\",\"itemListElement\":[{\"@type\":\"ListItem\",\"position\":1,\"name\":\"Home\",\"item\":\"https:\/\/axiomtsp.com\/fr\/\"},{\"@type\":\"ListItem\",\"position\":2,\"name\":\"Boutique\",\"item\":\"https:\/\/axiomtsp.com\/boutique\/?lang=fr\"},{\"@type\":\"ListItem\",\"position\":3,\"name\":\"BULLDOG BOARD PAPER\"}]},{\"@type\":\"WebSite\",\"@id\":\"https:\/\/axiomtsp.com\/fr\/#website\",\"url\":\"https:\/\/axiomtsp.com\/fr\/\",\"name\":\"Axiom | Temporary Surface Protection\",\"description\":\"We stock the largest range of Temporary Surface Protection products in Canada. We help you choose the best solution for your project to ensure that you save time and money, avoid disruption to your construction schedule, maximize profitability on your projects, and prevent damage to your reputation.\",\"potentialAction\":[{\"@type\":\"SearchAction\",\"target\":{\"@type\":\"EntryPoint\",\"urlTemplate\":\"https:\/\/axiomtsp.com\/fr\/?s={search_term_string}\"},\"query-input\":{\"@type\":\"PropertyValueSpecification\",\"valueRequired\":true,\"valueName\":\"search_term_string\"}}],\"inLanguage\":\"fr-FR\"}]}<\/script>\n<!-- \/ Yoast SEO plugin. -->","yoast_head_json":{"title":"BULLDOG BOARD PAPER - Axiom | Temporary Surface Protection","description":"Bulldog Board Paper is made from 100% recycled paper with a 40lb basis weight. It works great for light foot traffic areas for short project timelines, or for protecting walls, cabinets, glass, and more from dust and paint, and more.","robots":{"index":"index","follow":"follow","max-snippet":"max-snippet:-1","max-image-preview":"max-image-preview:large","max-video-preview":"max-video-preview:-1"},"canonical":"https:\/\/axiomtsp.com\/fr\/produit\/bulldog-board-paper\/","og_locale":"fr_FR","og_type":"article","og_title":"BULLDOG BOARD PAPER - Axiom | Temporary Surface Protection","og_description":"Bulldog Board Paper is made from 100% recycled paper with a 40lb basis weight. It works great for light foot traffic areas for short project timelines, or for protecting walls, cabinets, glass, and more from dust and paint, and more.","og_url":"https:\/\/axiomtsp.com\/fr\/produit\/bulldog-board-paper\/","og_site_name":"Axiom | Temporary Surface Protection","article_modified_time":"2024-03-07T15:06:43+00:00","og_image":[{"width":720,"height":720,"url":"https:\/\/axiomtsp.com\/wp-cms\/wp-content\/uploads\/2022\/05\/fd5b5f_8ca3ed192d1c472591e67ceb0425b10bmv2.jpg","type":"image\/jpeg"}],"twitter_card":"summary_large_image","twitter_misc":{"Dur\u00e9e de lecture estim\u00e9e":"1 minute"},"schema":{"@context":"https:\/\/schema.org","@graph":[{"@type":"WebPage","@id":"https:\/\/axiomtsp.com\/fr\/produit\/bulldog-board-paper\/","url":"https:\/\/axiomtsp.com\/fr\/produit\/bulldog-board-paper\/","name":"BULLDOG BOARD PAPER - Axiom | Temporary Surface Protection","isPartOf":{"@id":"https:\/\/axiomtsp.com\/fr\/#website"},"primaryImageOfPage":{"@id":"https:\/\/axiomtsp.com\/fr\/produit\/bulldog-board-paper\/#primaryimage"},"image":{"@id":"https:\/\/axiomtsp.com\/fr\/produit\/bulldog-board-paper\/#primaryimage"},"thumbnailUrl":"https:\/\/axiomtsp.com\/wp-cms\/wp-content\/uploads\/2022\/05\/Armour-Protection-Paper-scaled.jpg","datePublished":"2022-05-19T15:39:00+00:00","dateModified":"2024-03-07T15:06:43+00:00","description":"Bulldog Board Paper is made from 100% recycled paper with a 40lb basis weight. It works great for light foot traffic areas for short project timelines, or for protecting walls, cabinets, glass, and more from dust and paint, and more.","breadcrumb":{"@id":"https:\/\/axiomtsp.com\/fr\/produit\/bulldog-board-paper\/#breadcrumb"},"inLanguage":"fr-FR","potentialAction":[{"@type":"ReadAction","target":["https:\/\/axiomtsp.com\/fr\/produit\/bulldog-board-paper\/"]}]},{"@type":"ImageObject","inLanguage":"fr-FR","@id":"https:\/\/axiomtsp.com\/fr\/produit\/bulldog-board-paper\/#primaryimage","url":"https:\/\/axiomtsp.com\/wp-cms\/wp-content\/uploads\/2022\/05\/Armour-Protection-Paper-scaled.jpg","contentUrl":"https:\/\/axiomtsp.com\/wp-cms\/wp-content\/uploads\/2022\/05\/Armour-Protection-Paper-scaled.jpg","width":2560,"height":2560,"caption":"Armour Protection Paper"},{"@type":"BreadcrumbList","@id":"https:\/\/axiomtsp.com\/fr\/produit\/bulldog-board-paper\/#breadcrumb","itemListElement":[{"@type":"ListItem","position":1,"name":"Home","item":"https:\/\/axiomtsp.com\/fr\/"},{"@type":"ListItem","position":2,"name":"Boutique","item":"https:\/\/axiomtsp.com\/boutique\/?lang=fr"},{"@type":"ListItem","position":3,"name":"BULLDOG BOARD PAPER"}]},{"@type":"WebSite","@id":"https:\/\/axiomtsp.com\/fr\/#website","url":"https:\/\/axiomtsp.com\/fr\/","name":"Axiom | Temporary Surface Protection","description":"We stock the largest range of Temporary Surface Protection products in Canada. We help you choose the best solution for your project to ensure that you save time and money, avoid disruption to your construction schedule, maximize profitability on your projects, and prevent damage to your reputation.","potentialAction":[{"@type":"SearchAction","target":{"@type":"EntryPoint","urlTemplate":"https:\/\/axiomtsp.com\/fr\/?s={search_term_string}"},"query-input":{"@type":"PropertyValueSpecification","valueRequired":true,"valueName":"search_term_string"}}],"inLanguage":"fr-FR"}]}},"_links":{"self":[{"href":"https:\/\/axiomtsp.com\/fr\/wp-json\/wp\/v2\/product\/5112","targetHints":{"allow":["GET"]}}],"collection":[{"href":"https:\/\/axiomtsp.com\/fr\/wp-json\/wp\/v2\/product"}],"about":[{"href":"https:\/\/axiomtsp.com\/fr\/wp-json\/wp\/v2\/types\/product"}],"replies":[{"embeddable":true,"href":"https:\/\/axiomtsp.com\/fr\/wp-json\/wp\/v2\/comments?post=5112"}],"wp:featuredmedia":[{"embeddable":true,"href":"https:\/\/axiomtsp.com\/fr\/wp-json\/wp\/v2\/media\/7345"}],"wp:attachment":[{"href":"https:\/\/axiomtsp.com\/fr\/wp-json\/wp\/v2\/media?parent=5112"}],"wp:term":[{"taxonomy":"product_brand","embeddable":true,"href":"https:\/\/axiomtsp.com\/fr\/wp-json\/wp\/v2\/product_brand?post=5112"},{"taxonomy":"product_cat","embeddable":true,"href":"https:\/\/axiomtsp.com\/fr\/wp-json\/wp\/v2\/product_cat?post=5112"},{"taxonomy":"product_tag","embeddable":true,"href":"https:\/\/axiomtsp.com\/fr\/wp-json\/wp\/v2\/product_tag?post=5112"}],"curies":[{"name":"wp","href":"https:\/\/api.w.org\/{rel}","templated":true}]}}