{"id":5100,"date":"2022-05-19T15:39:13","date_gmt":"2022-05-19T15:39:13","guid":{"rendered":"https:\/\/axiomtsp.com\/product\/bulldog-board-lite-temporary-floor-protection\/"},"modified":"2024-03-22T09:39:16","modified_gmt":"2024-03-22T09:39:16","slug":"bulldog-board-lite-temporary-floor-protection","status":"publish","type":"product","link":"https:\/\/axiomtsp.com\/fr\/produit\/bulldog-board-lite-temporary-floor-protection\/","title":{"rendered":"BULLDOG BOARD LITE TEMPORARY FLOOR PROTECTION"},"content":{"rendered":"<p>Bulldog Board Lite offre plusieurs des m\u00eames caract\u00e9ristiques que nos clients aiment dans le Bulldog Board r\u00e9gulier, mais avec la moiti\u00e9 de l\u2019\u00e9paisseur. Il a une r\u00e9putation dans l\u2019industrie comme \u00e9tant une solution temporaire de protection de planchers de haute qualit\u00e9 qui d\u00e9fend contre les dommages. Une simple solution \u00e0 valeur exceptionnelle pour prot\u00e9ger vos planchers contre les dommages pendant la construction et les r\u00e9novations.<\/p>\n<p>Bulldog Board Lite offre &#8211; PROTECTION CONTRE LES DOMMAGES LIQUIDES &#8211; S\u2019ALLONGE \u00c0 PLAT TR\u00c8S RAPIDEMENT \u2013 TECHNOLOGIE ARMOUR BREATHE &#8211; PROTECTION ARMOUR WALL &#8211; CONTRIBUE AUX CR\u00c9DITS LEED &#8211; R\u00c9UTILISABLE ET 100% RECYCLABLE<br \/>\n<a href=\"https:\/\/axiomtsp.com\/product\/bulldog-board-tape\/\"><br \/>\n<\/a>Souvent utilis\u00e9 en association avec <strong><a href=\"https:\/\/axiomtsp.com\/produit\/bulldog-board-tape\/?lang=fr\">Bulldog Board Tape<\/a>, <a href=\"https:\/\/axiomtsp.com\/produit\/bulldog-board-tape-breathable\/?lang=fr\">Bulldog Board Tape &#8211; Breathable<\/a>, <a href=\"https:\/\/axiomtsp.com\/produit\/armour-tape\/?lang=fr\">Armour Tape<\/a><\/strong>, ou<strong><span style=\"color: #008000;\"> <a style=\"color: #008000;\" href=\"https:\/\/axiomtsp.com\/produit\/clean-green-tape\/?lang=fr\">Clean Green Tape<\/a><\/span>.<\/strong><\/p>\n","protected":false},"excerpt":{"rendered":"<p>Bulldog Board Lite offre plusieurs des m\u00eames caract\u00e9ristiques que nos clients aiment dans le Bulldog Board r\u00e9gulier, mais avec la moiti\u00e9 de l\u2019\u00e9paisseur. Il a une r\u00e9putation dans l\u2019industrie comme \u00e9tant une solution temporaire de protection de planchers de haute qualit\u00e9 qui d\u00e9fend contre les dommages. Une simple solution \u00e0 valeur exceptionnelle pour prot\u00e9ger vos planchers contre les dommages pendant la construction et les r\u00e9novations.<\/p>\n<p>Bulldog Board Lite offre &#8211; PROTECTION CONTRE LES DOMMAGES LIQUIDES &#8211; S\u2019ALLONGE \u00c0 PLAT TR\u00c8S RAPIDEMENT \u2013 TECHNOLOGIE ARMOUR BREATHE &#8211; PROTECTION ARMOUR WALL &#8211; CONTRIBUE AUX CR\u00c9DITS LEED &#8211; R\u00c9UTILISABLE ET 100% RECYCLABLE<br \/>\n<a href=\"https:\/\/axiomtsp.com\/product\/bulldog-board-tape\/\"><br \/>\n<\/a>Souvent utilis\u00e9 en association avec <a href=\"https:\/\/axiomtsp.com\/product\/bulldog-board-tape\/\">Bulldog Board Tape<\/a>, <a href=\"https:\/\/axiomtsp.com\/product\/bulldog-board-tape-breathable\/\">Bulldog Board Tape &#8211; Breathable<\/a>, <a href=\"https:\/\/axiomtsp.com\/produit\/armour-tape\/?lang=fr\">Armour Tape<\/a>, ou <a href=\"https:\/\/axiomtsp.com\/produit\/clean-green-tape\/?lang=fr\">Clean Green Tape<\/a>.<\/p>\n","protected":false},"featured_media":7775,"comment_status":"closed","ping_status":"closed","template":"","meta":{"_acf_changed":false},"product_brand":[],"product_cat":[151],"product_tag":[],"class_list":{"0":"post-5100","1":"product","2":"type-product","3":"status-publish","4":"has-post-thumbnail","6":"product_cat-protection-de-plancher","8":"first","9":"instock","10":"taxable","11":"shipping-taxable","12":"purchasable","13":"product-type-variable"},"acf":[],"yoast_head":"<!-- This site is optimized with the Yoast SEO plugin v27.1.1 - https:\/\/yoast.com\/product\/yoast-seo-wordpress\/ -->\n<title>BULLDOG BOARD LITE TEMPORARY FLOOR PROTECTION - Axiom | Temporary Surface Protection<\/title>\n<meta name=\"description\" content=\"Bulldog Board Lite offers many of the same features that our customers love in the regular Bulldog Board but at half the thickness. It has a reputation in the industry as a high quality temporary floor protection solution that defends against damage. \u00a0All of this is wrapped up with exceptional value in an easy solution to keep your floors protected from damage during construction and renovations.\" \/>\n<meta name=\"robots\" content=\"index, follow, max-snippet:-1, max-image-preview:large, max-video-preview:-1\" \/>\n<link rel=\"canonical\" href=\"https:\/\/axiomtsp.com\/fr\/produit\/bulldog-board-lite-temporary-floor-protection\/\" \/>\n<meta property=\"og:locale\" content=\"fr_FR\" \/>\n<meta property=\"og:type\" content=\"article\" \/>\n<meta property=\"og:title\" content=\"BULLDOG BOARD LITE TEMPORARY FLOOR PROTECTION - Axiom | Temporary Surface Protection\" \/>\n<meta property=\"og:description\" content=\"Bulldog Board Lite offers many of the same features that our customers love in the regular Bulldog Board but at half the thickness. It has a reputation in the industry as a high quality temporary floor protection solution that defends against damage. \u00a0All of this is wrapped up with exceptional value in an easy solution to keep your floors protected from damage during construction and renovations.\" \/>\n<meta property=\"og:url\" content=\"https:\/\/axiomtsp.com\/fr\/produit\/bulldog-board-lite-temporary-floor-protection\/\" \/>\n<meta property=\"og:site_name\" content=\"Axiom | Temporary Surface Protection\" \/>\n<meta property=\"article:modified_time\" content=\"2024-03-22T09:39:16+00:00\" \/>\n<meta property=\"og:image\" content=\"https:\/\/axiomtsp.com\/wp-content\/uploads\/2022\/05\/Bulldog-Board-Lite.jpg\" \/>\n\t<meta property=\"og:image:width\" content=\"720\" \/>\n\t<meta property=\"og:image:height\" content=\"720\" \/>\n\t<meta property=\"og:image:type\" content=\"image\/jpeg\" \/>\n<meta name=\"twitter:card\" content=\"summary_large_image\" \/>\n<meta name=\"twitter:label1\" content=\"Dur\u00e9e de lecture estim\u00e9e\" \/>\n\t<meta name=\"twitter:data1\" content=\"1 minute\" \/>\n<script type=\"application\/ld+json\" class=\"yoast-schema-graph\">{\"@context\":\"https:\/\/schema.org\",\"@graph\":[{\"@type\":\"WebPage\",\"@id\":\"https:\/\/axiomtsp.com\/fr\/produit\/bulldog-board-lite-temporary-floor-protection\/\",\"url\":\"https:\/\/axiomtsp.com\/fr\/produit\/bulldog-board-lite-temporary-floor-protection\/\",\"name\":\"BULLDOG BOARD LITE TEMPORARY FLOOR PROTECTION - Axiom | Temporary Surface Protection\",\"isPartOf\":{\"@id\":\"https:\/\/axiomtsp.com\/fr\/#website\"},\"primaryImageOfPage\":{\"@id\":\"https:\/\/axiomtsp.com\/fr\/produit\/bulldog-board-lite-temporary-floor-protection\/#primaryimage\"},\"image\":{\"@id\":\"https:\/\/axiomtsp.com\/fr\/produit\/bulldog-board-lite-temporary-floor-protection\/#primaryimage\"},\"thumbnailUrl\":\"https:\/\/axiomtsp.com\/wp-cms\/wp-content\/uploads\/2022\/05\/Bulldog-Board-Lite-1-scaled.jpg\",\"datePublished\":\"2022-05-19T15:39:13+00:00\",\"dateModified\":\"2024-03-22T09:39:16+00:00\",\"description\":\"Bulldog Board Lite offers many of the same features that our customers love in the regular Bulldog Board but at half the thickness. It has a reputation in the industry as a high quality temporary floor protection solution that defends against damage. \u00a0All of this is wrapped up with exceptional value in an easy solution to keep your floors protected from damage during construction and renovations.\",\"breadcrumb\":{\"@id\":\"https:\/\/axiomtsp.com\/fr\/produit\/bulldog-board-lite-temporary-floor-protection\/#breadcrumb\"},\"inLanguage\":\"fr-FR\",\"potentialAction\":[{\"@type\":\"ReadAction\",\"target\":[\"https:\/\/axiomtsp.com\/fr\/produit\/bulldog-board-lite-temporary-floor-protection\/\"]}]},{\"@type\":\"ImageObject\",\"inLanguage\":\"fr-FR\",\"@id\":\"https:\/\/axiomtsp.com\/fr\/produit\/bulldog-board-lite-temporary-floor-protection\/#primaryimage\",\"url\":\"https:\/\/axiomtsp.com\/wp-cms\/wp-content\/uploads\/2022\/05\/Bulldog-Board-Lite-1-scaled.jpg\",\"contentUrl\":\"https:\/\/axiomtsp.com\/wp-cms\/wp-content\/uploads\/2022\/05\/Bulldog-Board-Lite-1-scaled.jpg\",\"width\":2560,\"height\":2560},{\"@type\":\"BreadcrumbList\",\"@id\":\"https:\/\/axiomtsp.com\/fr\/produit\/bulldog-board-lite-temporary-floor-protection\/#breadcrumb\",\"itemListElement\":[{\"@type\":\"ListItem\",\"position\":1,\"name\":\"Home\",\"item\":\"https:\/\/axiomtsp.com\/fr\/\"},{\"@type\":\"ListItem\",\"position\":2,\"name\":\"Boutique\",\"item\":\"https:\/\/axiomtsp.com\/boutique\/?lang=fr\"},{\"@type\":\"ListItem\",\"position\":3,\"name\":\"BULLDOG BOARD LITE TEMPORARY FLOOR PROTECTION\"}]},{\"@type\":\"WebSite\",\"@id\":\"https:\/\/axiomtsp.com\/fr\/#website\",\"url\":\"https:\/\/axiomtsp.com\/fr\/\",\"name\":\"Axiom | Temporary Surface Protection\",\"description\":\"We stock the largest range of Temporary Surface Protection products in Canada. We help you choose the best solution for your project to ensure that you save time and money, avoid disruption to your construction schedule, maximize profitability on your projects, and prevent damage to your reputation.\",\"potentialAction\":[{\"@type\":\"SearchAction\",\"target\":{\"@type\":\"EntryPoint\",\"urlTemplate\":\"https:\/\/axiomtsp.com\/fr\/?s={search_term_string}\"},\"query-input\":{\"@type\":\"PropertyValueSpecification\",\"valueRequired\":true,\"valueName\":\"search_term_string\"}}],\"inLanguage\":\"fr-FR\"}]}<\/script>\n<!-- \/ Yoast SEO plugin. -->","yoast_head_json":{"title":"BULLDOG BOARD LITE TEMPORARY FLOOR PROTECTION - Axiom | Temporary Surface Protection","description":"Bulldog Board Lite offers many of the same features that our customers love in the regular Bulldog Board but at half the thickness. It has a reputation in the industry as a high quality temporary floor protection solution that defends against damage. \u00a0All of this is wrapped up with exceptional value in an easy solution to keep your floors protected from damage during construction and renovations.","robots":{"index":"index","follow":"follow","max-snippet":"max-snippet:-1","max-image-preview":"max-image-preview:large","max-video-preview":"max-video-preview:-1"},"canonical":"https:\/\/axiomtsp.com\/fr\/produit\/bulldog-board-lite-temporary-floor-protection\/","og_locale":"fr_FR","og_type":"article","og_title":"BULLDOG BOARD LITE TEMPORARY FLOOR PROTECTION - Axiom | Temporary Surface Protection","og_description":"Bulldog Board Lite offers many of the same features that our customers love in the regular Bulldog Board but at half the thickness. It has a reputation in the industry as a high quality temporary floor protection solution that defends against damage. \u00a0All of this is wrapped up with exceptional value in an easy solution to keep your floors protected from damage during construction and renovations.","og_url":"https:\/\/axiomtsp.com\/fr\/produit\/bulldog-board-lite-temporary-floor-protection\/","og_site_name":"Axiom | Temporary Surface Protection","article_modified_time":"2024-03-22T09:39:16+00:00","og_image":[{"width":720,"height":720,"url":"https:\/\/axiomtsp.com\/wp-content\/uploads\/2022\/05\/Bulldog-Board-Lite.jpg","type":"image\/jpeg"}],"twitter_card":"summary_large_image","twitter_misc":{"Dur\u00e9e de lecture estim\u00e9e":"1 minute"},"schema":{"@context":"https:\/\/schema.org","@graph":[{"@type":"WebPage","@id":"https:\/\/axiomtsp.com\/fr\/produit\/bulldog-board-lite-temporary-floor-protection\/","url":"https:\/\/axiomtsp.com\/fr\/produit\/bulldog-board-lite-temporary-floor-protection\/","name":"BULLDOG BOARD LITE TEMPORARY FLOOR PROTECTION - Axiom | Temporary Surface Protection","isPartOf":{"@id":"https:\/\/axiomtsp.com\/fr\/#website"},"primaryImageOfPage":{"@id":"https:\/\/axiomtsp.com\/fr\/produit\/bulldog-board-lite-temporary-floor-protection\/#primaryimage"},"image":{"@id":"https:\/\/axiomtsp.com\/fr\/produit\/bulldog-board-lite-temporary-floor-protection\/#primaryimage"},"thumbnailUrl":"https:\/\/axiomtsp.com\/wp-cms\/wp-content\/uploads\/2022\/05\/Bulldog-Board-Lite-1-scaled.jpg","datePublished":"2022-05-19T15:39:13+00:00","dateModified":"2024-03-22T09:39:16+00:00","description":"Bulldog Board Lite offers many of the same features that our customers love in the regular Bulldog Board but at half the thickness. It has a reputation in the industry as a high quality temporary floor protection solution that defends against damage. \u00a0All of this is wrapped up with exceptional value in an easy solution to keep your floors protected from damage during construction and renovations.","breadcrumb":{"@id":"https:\/\/axiomtsp.com\/fr\/produit\/bulldog-board-lite-temporary-floor-protection\/#breadcrumb"},"inLanguage":"fr-FR","potentialAction":[{"@type":"ReadAction","target":["https:\/\/axiomtsp.com\/fr\/produit\/bulldog-board-lite-temporary-floor-protection\/"]}]},{"@type":"ImageObject","inLanguage":"fr-FR","@id":"https:\/\/axiomtsp.com\/fr\/produit\/bulldog-board-lite-temporary-floor-protection\/#primaryimage","url":"https:\/\/axiomtsp.com\/wp-cms\/wp-content\/uploads\/2022\/05\/Bulldog-Board-Lite-1-scaled.jpg","contentUrl":"https:\/\/axiomtsp.com\/wp-cms\/wp-content\/uploads\/2022\/05\/Bulldog-Board-Lite-1-scaled.jpg","width":2560,"height":2560},{"@type":"BreadcrumbList","@id":"https:\/\/axiomtsp.com\/fr\/produit\/bulldog-board-lite-temporary-floor-protection\/#breadcrumb","itemListElement":[{"@type":"ListItem","position":1,"name":"Home","item":"https:\/\/axiomtsp.com\/fr\/"},{"@type":"ListItem","position":2,"name":"Boutique","item":"https:\/\/axiomtsp.com\/boutique\/?lang=fr"},{"@type":"ListItem","position":3,"name":"BULLDOG BOARD LITE TEMPORARY FLOOR PROTECTION"}]},{"@type":"WebSite","@id":"https:\/\/axiomtsp.com\/fr\/#website","url":"https:\/\/axiomtsp.com\/fr\/","name":"Axiom | Temporary Surface Protection","description":"We stock the largest range of Temporary Surface Protection products in Canada. We help you choose the best solution for your project to ensure that you save time and money, avoid disruption to your construction schedule, maximize profitability on your projects, and prevent damage to your reputation.","potentialAction":[{"@type":"SearchAction","target":{"@type":"EntryPoint","urlTemplate":"https:\/\/axiomtsp.com\/fr\/?s={search_term_string}"},"query-input":{"@type":"PropertyValueSpecification","valueRequired":true,"valueName":"search_term_string"}}],"inLanguage":"fr-FR"}]}},"_links":{"self":[{"href":"https:\/\/axiomtsp.com\/fr\/wp-json\/wp\/v2\/product\/5100","targetHints":{"allow":["GET"]}}],"collection":[{"href":"https:\/\/axiomtsp.com\/fr\/wp-json\/wp\/v2\/product"}],"about":[{"href":"https:\/\/axiomtsp.com\/fr\/wp-json\/wp\/v2\/types\/product"}],"replies":[{"embeddable":true,"href":"https:\/\/axiomtsp.com\/fr\/wp-json\/wp\/v2\/comments?post=5100"}],"wp:featuredmedia":[{"embeddable":true,"href":"https:\/\/axiomtsp.com\/fr\/wp-json\/wp\/v2\/media\/7775"}],"wp:attachment":[{"href":"https:\/\/axiomtsp.com\/fr\/wp-json\/wp\/v2\/media?parent=5100"}],"wp:term":[{"taxonomy":"product_brand","embeddable":true,"href":"https:\/\/axiomtsp.com\/fr\/wp-json\/wp\/v2\/product_brand?post=5100"},{"taxonomy":"product_cat","embeddable":true,"href":"https:\/\/axiomtsp.com\/fr\/wp-json\/wp\/v2\/product_cat?post=5100"},{"taxonomy":"product_tag","embeddable":true,"href":"https:\/\/axiomtsp.com\/fr\/wp-json\/wp\/v2\/product_tag?post=5100"}],"curies":[{"name":"wp","href":"https:\/\/api.w.org\/{rel}","templated":true}]}}