{"id":5098,"date":"2022-05-19T15:39:13","date_gmt":"2022-05-19T15:39:13","guid":{"rendered":"https:\/\/axiomtsp.com\/product\/zipwall-poles-10ft\/"},"modified":"2024-03-13T12:39:39","modified_gmt":"2024-03-13T12:39:39","slug":"zipwall-poles-10ft","status":"publish","type":"product","link":"https:\/\/axiomtsp.com\/fr\/produit\/zipwall-poles-10ft\/","title":{"rendered":"ZIPWALL POLES &#8211; 10FT"},"content":{"rendered":"<p>Les poteaux ZipWall Poles \u00e0 ressorts fixent une barri\u00e8re anti-poussi\u00e8re jusqu\u2019\u00e0 10 pieds de haut. Construits en acier inoxydable puissant et l\u00e9ger. T\u00eate et plaque innovantes, antid\u00e9rapantes, et nonmarquantes. L\u2019emballage contient des poteaux ZipWall avec pi\u00e8ces (t\u00eates, plaques et tampons antid\u00e9rapants GripDisk\u2122). Rapide et facile \u00e0 mettre en place\u2014aucune \u00e9chelle n\u00e9cessaire, aucun ruban adh\u00e9sif, aucun dommage! Rouleaux en poly vendus s\u00e9par\u00e9ment.<\/p>\n","protected":false},"excerpt":{"rendered":"<p>Les poteaux ZipWall Poles \u00e0 ressorts fixent une barri\u00e8re anti-poussi\u00e8re jusqu\u2019\u00e0 10 pieds de haut. Construits en acier inoxydable puissant et l\u00e9ger. T\u00eate et plaque innovantes, antid\u00e9rapantes, et nonmarquantes. L\u2019emballage contient des poteaux ZipWall avec pi\u00e8ces (t\u00eates, plaques et tampons antid\u00e9rapants GripDisk\u2122). Rapide et facile \u00e0 mettre en place\u2014aucune \u00e9chelle n\u00e9cessaire, aucun ruban adh\u00e9sif, aucun dommage! Rouleaux en poly vendus s\u00e9par\u00e9ment.<\/p>\n","protected":false},"featured_media":3877,"comment_status":"closed","ping_status":"closed","template":"","meta":{"_acf_changed":false},"product_brand":[],"product_cat":[149],"product_tag":[],"class_list":{"0":"post-5098","1":"product","2":"type-product","3":"status-publish","4":"has-post-thumbnail","6":"product_cat-controle-de-la-poussiere","8":"first","9":"instock","10":"taxable","11":"shipping-taxable","12":"purchasable","13":"product-type-variable"},"acf":[],"yoast_head":"<!-- This site is optimized with the Yoast SEO plugin v27.1.1 - https:\/\/yoast.com\/product\/yoast-seo-wordpress\/ -->\n<title>ZIPWALL POLES - 10FT - Axiom | Temporary Surface Protection<\/title>\n<meta name=\"description\" content=\"Spring-loaded ZipWall poles s\u00e9curisent une barri\u00e8re anti-poussi\u00e8re pouvant atteindre 10 pieds de hauteur. Construction en acier inoxydable robuste et l\u00e9ger.\" \/>\n<meta name=\"robots\" content=\"index, follow, max-snippet:-1, max-image-preview:large, max-video-preview:-1\" \/>\n<link rel=\"canonical\" href=\"https:\/\/axiomtsp.com\/fr\/produit\/zipwall-poles-10ft\/\" \/>\n<meta property=\"og:locale\" content=\"fr_FR\" \/>\n<meta property=\"og:type\" content=\"article\" \/>\n<meta property=\"og:title\" content=\"ZIPWALL POLES - 10FT - Axiom | Temporary Surface Protection\" \/>\n<meta property=\"og:description\" content=\"Spring-loaded ZipWall poles s\u00e9curisent une barri\u00e8re anti-poussi\u00e8re pouvant atteindre 10 pieds de hauteur. Construction en acier inoxydable robuste et l\u00e9ger.\" \/>\n<meta property=\"og:url\" content=\"https:\/\/axiomtsp.com\/fr\/produit\/zipwall-poles-10ft\/\" \/>\n<meta property=\"og:site_name\" content=\"Axiom | Temporary Surface Protection\" \/>\n<meta property=\"article:modified_time\" content=\"2024-03-13T12:39:39+00:00\" \/>\n<meta property=\"og:image\" content=\"https:\/\/axiomtsp.com\/wp-cms\/wp-content\/uploads\/2022\/05\/fd5b5f_4f4ccecd9578486ebb17d2b67c5b67eamv2.jpg\" \/>\n\t<meta property=\"og:image:width\" content=\"720\" \/>\n\t<meta property=\"og:image:height\" content=\"720\" \/>\n\t<meta property=\"og:image:type\" content=\"image\/jpeg\" \/>\n<meta name=\"twitter:card\" content=\"summary_large_image\" \/>\n<meta name=\"twitter:label1\" content=\"Dur\u00e9e de lecture estim\u00e9e\" \/>\n\t<meta name=\"twitter:data1\" content=\"1 minute\" \/>\n<script type=\"application\/ld+json\" class=\"yoast-schema-graph\">{\"@context\":\"https:\/\/schema.org\",\"@graph\":[{\"@type\":\"WebPage\",\"@id\":\"https:\/\/axiomtsp.com\/fr\/produit\/zipwall-poles-10ft\/\",\"url\":\"https:\/\/axiomtsp.com\/fr\/produit\/zipwall-poles-10ft\/\",\"name\":\"ZIPWALL POLES - 10FT - Axiom | Temporary Surface Protection\",\"isPartOf\":{\"@id\":\"https:\/\/axiomtsp.com\/fr\/#website\"},\"primaryImageOfPage\":{\"@id\":\"https:\/\/axiomtsp.com\/fr\/produit\/zipwall-poles-10ft\/#primaryimage\"},\"image\":{\"@id\":\"https:\/\/axiomtsp.com\/fr\/produit\/zipwall-poles-10ft\/#primaryimage\"},\"thumbnailUrl\":\"https:\/\/axiomtsp.com\/wp-cms\/wp-content\/uploads\/2022\/05\/fd5b5f_4f4ccecd9578486ebb17d2b67c5b67eamv2.jpg\",\"datePublished\":\"2022-05-19T15:39:13+00:00\",\"dateModified\":\"2024-03-13T12:39:39+00:00\",\"description\":\"Spring-loaded ZipWall poles s\u00e9curisent une barri\u00e8re anti-poussi\u00e8re pouvant atteindre 10 pieds de hauteur. Construction en acier inoxydable robuste et l\u00e9ger.\",\"breadcrumb\":{\"@id\":\"https:\/\/axiomtsp.com\/fr\/produit\/zipwall-poles-10ft\/#breadcrumb\"},\"inLanguage\":\"fr-FR\",\"potentialAction\":[{\"@type\":\"ReadAction\",\"target\":[\"https:\/\/axiomtsp.com\/fr\/produit\/zipwall-poles-10ft\/\"]}]},{\"@type\":\"ImageObject\",\"inLanguage\":\"fr-FR\",\"@id\":\"https:\/\/axiomtsp.com\/fr\/produit\/zipwall-poles-10ft\/#primaryimage\",\"url\":\"https:\/\/axiomtsp.com\/wp-cms\/wp-content\/uploads\/2022\/05\/fd5b5f_4f4ccecd9578486ebb17d2b67c5b67eamv2.jpg\",\"contentUrl\":\"https:\/\/axiomtsp.com\/wp-cms\/wp-content\/uploads\/2022\/05\/fd5b5f_4f4ccecd9578486ebb17d2b67c5b67eamv2.jpg\",\"width\":720,\"height\":720},{\"@type\":\"BreadcrumbList\",\"@id\":\"https:\/\/axiomtsp.com\/fr\/produit\/zipwall-poles-10ft\/#breadcrumb\",\"itemListElement\":[{\"@type\":\"ListItem\",\"position\":1,\"name\":\"Home\",\"item\":\"https:\/\/axiomtsp.com\/fr\/\"},{\"@type\":\"ListItem\",\"position\":2,\"name\":\"Boutique\",\"item\":\"https:\/\/axiomtsp.com\/boutique\/?lang=fr\"},{\"@type\":\"ListItem\",\"position\":3,\"name\":\"ZIPWALL POLES &#8211; 10FT\"}]},{\"@type\":\"WebSite\",\"@id\":\"https:\/\/axiomtsp.com\/fr\/#website\",\"url\":\"https:\/\/axiomtsp.com\/fr\/\",\"name\":\"Axiom | Temporary Surface Protection\",\"description\":\"We stock the largest range of Temporary Surface Protection products in Canada. We help you choose the best solution for your project to ensure that you save time and money, avoid disruption to your construction schedule, maximize profitability on your projects, and prevent damage to your reputation.\",\"potentialAction\":[{\"@type\":\"SearchAction\",\"target\":{\"@type\":\"EntryPoint\",\"urlTemplate\":\"https:\/\/axiomtsp.com\/fr\/?s={search_term_string}\"},\"query-input\":{\"@type\":\"PropertyValueSpecification\",\"valueRequired\":true,\"valueName\":\"search_term_string\"}}],\"inLanguage\":\"fr-FR\"}]}<\/script>\n<!-- \/ Yoast SEO plugin. -->","yoast_head_json":{"title":"ZIPWALL POLES - 10FT - Axiom | Temporary Surface Protection","description":"Spring-loaded ZipWall poles s\u00e9curisent une barri\u00e8re anti-poussi\u00e8re pouvant atteindre 10 pieds de hauteur. Construction en acier inoxydable robuste et l\u00e9ger.","robots":{"index":"index","follow":"follow","max-snippet":"max-snippet:-1","max-image-preview":"max-image-preview:large","max-video-preview":"max-video-preview:-1"},"canonical":"https:\/\/axiomtsp.com\/fr\/produit\/zipwall-poles-10ft\/","og_locale":"fr_FR","og_type":"article","og_title":"ZIPWALL POLES - 10FT - Axiom | Temporary Surface Protection","og_description":"Spring-loaded ZipWall poles s\u00e9curisent une barri\u00e8re anti-poussi\u00e8re pouvant atteindre 10 pieds de hauteur. Construction en acier inoxydable robuste et l\u00e9ger.","og_url":"https:\/\/axiomtsp.com\/fr\/produit\/zipwall-poles-10ft\/","og_site_name":"Axiom | Temporary Surface Protection","article_modified_time":"2024-03-13T12:39:39+00:00","og_image":[{"width":720,"height":720,"url":"https:\/\/axiomtsp.com\/wp-cms\/wp-content\/uploads\/2022\/05\/fd5b5f_4f4ccecd9578486ebb17d2b67c5b67eamv2.jpg","type":"image\/jpeg"}],"twitter_card":"summary_large_image","twitter_misc":{"Dur\u00e9e de lecture estim\u00e9e":"1 minute"},"schema":{"@context":"https:\/\/schema.org","@graph":[{"@type":"WebPage","@id":"https:\/\/axiomtsp.com\/fr\/produit\/zipwall-poles-10ft\/","url":"https:\/\/axiomtsp.com\/fr\/produit\/zipwall-poles-10ft\/","name":"ZIPWALL POLES - 10FT - Axiom | Temporary Surface Protection","isPartOf":{"@id":"https:\/\/axiomtsp.com\/fr\/#website"},"primaryImageOfPage":{"@id":"https:\/\/axiomtsp.com\/fr\/produit\/zipwall-poles-10ft\/#primaryimage"},"image":{"@id":"https:\/\/axiomtsp.com\/fr\/produit\/zipwall-poles-10ft\/#primaryimage"},"thumbnailUrl":"https:\/\/axiomtsp.com\/wp-cms\/wp-content\/uploads\/2022\/05\/fd5b5f_4f4ccecd9578486ebb17d2b67c5b67eamv2.jpg","datePublished":"2022-05-19T15:39:13+00:00","dateModified":"2024-03-13T12:39:39+00:00","description":"Spring-loaded ZipWall poles s\u00e9curisent une barri\u00e8re anti-poussi\u00e8re pouvant atteindre 10 pieds de hauteur. Construction en acier inoxydable robuste et l\u00e9ger.","breadcrumb":{"@id":"https:\/\/axiomtsp.com\/fr\/produit\/zipwall-poles-10ft\/#breadcrumb"},"inLanguage":"fr-FR","potentialAction":[{"@type":"ReadAction","target":["https:\/\/axiomtsp.com\/fr\/produit\/zipwall-poles-10ft\/"]}]},{"@type":"ImageObject","inLanguage":"fr-FR","@id":"https:\/\/axiomtsp.com\/fr\/produit\/zipwall-poles-10ft\/#primaryimage","url":"https:\/\/axiomtsp.com\/wp-cms\/wp-content\/uploads\/2022\/05\/fd5b5f_4f4ccecd9578486ebb17d2b67c5b67eamv2.jpg","contentUrl":"https:\/\/axiomtsp.com\/wp-cms\/wp-content\/uploads\/2022\/05\/fd5b5f_4f4ccecd9578486ebb17d2b67c5b67eamv2.jpg","width":720,"height":720},{"@type":"BreadcrumbList","@id":"https:\/\/axiomtsp.com\/fr\/produit\/zipwall-poles-10ft\/#breadcrumb","itemListElement":[{"@type":"ListItem","position":1,"name":"Home","item":"https:\/\/axiomtsp.com\/fr\/"},{"@type":"ListItem","position":2,"name":"Boutique","item":"https:\/\/axiomtsp.com\/boutique\/?lang=fr"},{"@type":"ListItem","position":3,"name":"ZIPWALL POLES &#8211; 10FT"}]},{"@type":"WebSite","@id":"https:\/\/axiomtsp.com\/fr\/#website","url":"https:\/\/axiomtsp.com\/fr\/","name":"Axiom | Temporary Surface Protection","description":"We stock the largest range of Temporary Surface Protection products in Canada. We help you choose the best solution for your project to ensure that you save time and money, avoid disruption to your construction schedule, maximize profitability on your projects, and prevent damage to your reputation.","potentialAction":[{"@type":"SearchAction","target":{"@type":"EntryPoint","urlTemplate":"https:\/\/axiomtsp.com\/fr\/?s={search_term_string}"},"query-input":{"@type":"PropertyValueSpecification","valueRequired":true,"valueName":"search_term_string"}}],"inLanguage":"fr-FR"}]}},"_links":{"self":[{"href":"https:\/\/axiomtsp.com\/fr\/wp-json\/wp\/v2\/product\/5098","targetHints":{"allow":["GET"]}}],"collection":[{"href":"https:\/\/axiomtsp.com\/fr\/wp-json\/wp\/v2\/product"}],"about":[{"href":"https:\/\/axiomtsp.com\/fr\/wp-json\/wp\/v2\/types\/product"}],"replies":[{"embeddable":true,"href":"https:\/\/axiomtsp.com\/fr\/wp-json\/wp\/v2\/comments?post=5098"}],"wp:featuredmedia":[{"embeddable":true,"href":"https:\/\/axiomtsp.com\/fr\/wp-json\/wp\/v2\/media\/3877"}],"wp:attachment":[{"href":"https:\/\/axiomtsp.com\/fr\/wp-json\/wp\/v2\/media?parent=5098"}],"wp:term":[{"taxonomy":"product_brand","embeddable":true,"href":"https:\/\/axiomtsp.com\/fr\/wp-json\/wp\/v2\/product_brand?post=5098"},{"taxonomy":"product_cat","embeddable":true,"href":"https:\/\/axiomtsp.com\/fr\/wp-json\/wp\/v2\/product_cat?post=5098"},{"taxonomy":"product_tag","embeddable":true,"href":"https:\/\/axiomtsp.com\/fr\/wp-json\/wp\/v2\/product_tag?post=5098"}],"curies":[{"name":"wp","href":"https:\/\/api.w.org\/{rel}","templated":true}]}}