{"id":5093,"date":"2022-05-19T15:39:13","date_gmt":"2022-05-19T15:39:13","guid":{"rendered":"https:\/\/axiomtsp.com\/product\/zipwall-magstrip-dust-barrier-fastener\/"},"modified":"2024-03-13T13:05:28","modified_gmt":"2024-03-13T13:05:28","slug":"zipwall-magstrip-dust-barrier-fastener","status":"publish","type":"product","link":"https:\/\/axiomtsp.com\/fr\/produit\/zipwall-magstrip-dust-barrier-fastener\/","title":{"rendered":"ZIPWALL MAGSTRIP DUST BARRIER FASTENER"},"content":{"rendered":"<p>Des bandes magn\u00e9tiques puissantes s\u2019attachent facilement aux grilles en acier des plafonds suspendus \u00e0 l\u2019aide de poteaux ZipWall Poles et de l\u2019applicateur sp\u00e9cialement con\u00e7u. Aucune \u00e9chelle ou ruban adh\u00e9sif n\u2019est requis ! Un outil rapide et s\u00e9curitaire pour entrepreneurs commerciaux afin de garder une barri\u00e8re bien tendue entre les poteaux. Chaque paquet comprend quatre bandes magn\u00e9tiques de 26 pouces et un applicateur pour utilisation avec un poteau ZipWall\u00ae Pole. Le poteau n\u2019est pas inclus.<\/p>\n","protected":false},"excerpt":{"rendered":"<p>Des bandes magn\u00e9tiques puissantes s\u2019attachent facilement aux grilles en acier des plafonds suspendus \u00e0 l\u2019aide de poteaux ZipWall Poles et de l\u2019applicateur sp\u00e9cialement con\u00e7u. Aucune \u00e9chelle ou ruban adh\u00e9sif n\u2019est requis ! Un outil rapide et s\u00e9curitaire pour entrepreneurs commerciaux afin de garder une barri\u00e8re bien tendue entre les poteaux. Chaque paquet comprend quatre bandes magn\u00e9tiques de 26 pouces et un applicateur pour utilisation avec un poteau ZipWall\u00ae Pole. Le poteau n\u2019est pas inclus.<\/p>\n","protected":false},"featured_media":3870,"comment_status":"closed","ping_status":"closed","template":"","meta":{"_acf_changed":false},"product_brand":[],"product_cat":[149],"product_tag":[],"class_list":{"0":"post-5093","1":"product","2":"type-product","3":"status-publish","4":"has-post-thumbnail","6":"product_cat-controle-de-la-poussiere","8":"first","9":"instock","10":"taxable","11":"shipping-taxable","12":"purchasable","13":"product-type-variable"},"acf":[],"yoast_head":"<!-- This site is optimized with the Yoast SEO plugin v27.1.1 - https:\/\/yoast.com\/product\/yoast-seo-wordpress\/ -->\n<title>ZIPWALL MAGSTRIP DUST BARRIER FASTENER - Axiom | Temporary Surface Protection<\/title>\n<meta name=\"description\" content=\"Des bandes magn\u00e9tiques puissantes se fixent facilement \u00e0 la grille en acier d&#039;un plafond suspendu \u00e0 l&#039;aide d&#039;un poteau ZipWall et de l&#039;applicateur sp\u00e9cialement con\u00e7u\" \/>\n<meta name=\"robots\" content=\"index, follow, max-snippet:-1, max-image-preview:large, max-video-preview:-1\" \/>\n<link rel=\"canonical\" href=\"https:\/\/axiomtsp.com\/fr\/produit\/zipwall-magstrip-dust-barrier-fastener\/\" \/>\n<meta property=\"og:locale\" content=\"fr_FR\" \/>\n<meta property=\"og:type\" content=\"article\" \/>\n<meta property=\"og:title\" content=\"ZIPWALL MAGSTRIP DUST BARRIER FASTENER - Axiom | Temporary Surface Protection\" \/>\n<meta property=\"og:description\" content=\"Des bandes magn\u00e9tiques puissantes se fixent facilement \u00e0 la grille en acier d&#039;un plafond suspendu \u00e0 l&#039;aide d&#039;un poteau ZipWall et de l&#039;applicateur sp\u00e9cialement con\u00e7u\" \/>\n<meta property=\"og:url\" content=\"https:\/\/axiomtsp.com\/fr\/produit\/zipwall-magstrip-dust-barrier-fastener\/\" \/>\n<meta property=\"og:site_name\" content=\"Axiom | Temporary Surface Protection\" \/>\n<meta property=\"article:modified_time\" content=\"2024-03-13T13:05:28+00:00\" \/>\n<meta property=\"og:image\" content=\"https:\/\/axiomtsp.com\/wp-cms\/wp-content\/uploads\/2022\/05\/fd5b5f_8f57109ff5f9457caee35ded996287d0mv2.jpg\" \/>\n\t<meta property=\"og:image:width\" content=\"720\" \/>\n\t<meta property=\"og:image:height\" content=\"720\" \/>\n\t<meta property=\"og:image:type\" content=\"image\/jpeg\" \/>\n<meta name=\"twitter:card\" content=\"summary_large_image\" \/>\n<meta name=\"twitter:label1\" content=\"Dur\u00e9e de lecture estim\u00e9e\" \/>\n\t<meta name=\"twitter:data1\" content=\"1 minute\" \/>\n<script type=\"application\/ld+json\" class=\"yoast-schema-graph\">{\"@context\":\"https:\/\/schema.org\",\"@graph\":[{\"@type\":\"WebPage\",\"@id\":\"https:\/\/axiomtsp.com\/fr\/produit\/zipwall-magstrip-dust-barrier-fastener\/\",\"url\":\"https:\/\/axiomtsp.com\/fr\/produit\/zipwall-magstrip-dust-barrier-fastener\/\",\"name\":\"ZIPWALL MAGSTRIP DUST BARRIER FASTENER - Axiom | Temporary Surface Protection\",\"isPartOf\":{\"@id\":\"https:\/\/axiomtsp.com\/fr\/#website\"},\"primaryImageOfPage\":{\"@id\":\"https:\/\/axiomtsp.com\/fr\/produit\/zipwall-magstrip-dust-barrier-fastener\/#primaryimage\"},\"image\":{\"@id\":\"https:\/\/axiomtsp.com\/fr\/produit\/zipwall-magstrip-dust-barrier-fastener\/#primaryimage\"},\"thumbnailUrl\":\"https:\/\/axiomtsp.com\/wp-cms\/wp-content\/uploads\/2022\/05\/fd5b5f_8f57109ff5f9457caee35ded996287d0mv2.jpg\",\"datePublished\":\"2022-05-19T15:39:13+00:00\",\"dateModified\":\"2024-03-13T13:05:28+00:00\",\"description\":\"Des bandes magn\u00e9tiques puissantes se fixent facilement \u00e0 la grille en acier d'un plafond suspendu \u00e0 l'aide d'un poteau ZipWall et de l'applicateur sp\u00e9cialement con\u00e7u\",\"breadcrumb\":{\"@id\":\"https:\/\/axiomtsp.com\/fr\/produit\/zipwall-magstrip-dust-barrier-fastener\/#breadcrumb\"},\"inLanguage\":\"fr-FR\",\"potentialAction\":[{\"@type\":\"ReadAction\",\"target\":[\"https:\/\/axiomtsp.com\/fr\/produit\/zipwall-magstrip-dust-barrier-fastener\/\"]}]},{\"@type\":\"ImageObject\",\"inLanguage\":\"fr-FR\",\"@id\":\"https:\/\/axiomtsp.com\/fr\/produit\/zipwall-magstrip-dust-barrier-fastener\/#primaryimage\",\"url\":\"https:\/\/axiomtsp.com\/wp-cms\/wp-content\/uploads\/2022\/05\/fd5b5f_8f57109ff5f9457caee35ded996287d0mv2.jpg\",\"contentUrl\":\"https:\/\/axiomtsp.com\/wp-cms\/wp-content\/uploads\/2022\/05\/fd5b5f_8f57109ff5f9457caee35ded996287d0mv2.jpg\",\"width\":720,\"height\":720},{\"@type\":\"BreadcrumbList\",\"@id\":\"https:\/\/axiomtsp.com\/fr\/produit\/zipwall-magstrip-dust-barrier-fastener\/#breadcrumb\",\"itemListElement\":[{\"@type\":\"ListItem\",\"position\":1,\"name\":\"Home\",\"item\":\"https:\/\/axiomtsp.com\/fr\/\"},{\"@type\":\"ListItem\",\"position\":2,\"name\":\"Boutique\",\"item\":\"https:\/\/axiomtsp.com\/boutique\/?lang=fr\"},{\"@type\":\"ListItem\",\"position\":3,\"name\":\"ZIPWALL MAGSTRIP DUST BARRIER FASTENER\"}]},{\"@type\":\"WebSite\",\"@id\":\"https:\/\/axiomtsp.com\/fr\/#website\",\"url\":\"https:\/\/axiomtsp.com\/fr\/\",\"name\":\"Axiom | Temporary Surface Protection\",\"description\":\"We stock the largest range of Temporary Surface Protection products in Canada. We help you choose the best solution for your project to ensure that you save time and money, avoid disruption to your construction schedule, maximize profitability on your projects, and prevent damage to your reputation.\",\"potentialAction\":[{\"@type\":\"SearchAction\",\"target\":{\"@type\":\"EntryPoint\",\"urlTemplate\":\"https:\/\/axiomtsp.com\/fr\/?s={search_term_string}\"},\"query-input\":{\"@type\":\"PropertyValueSpecification\",\"valueRequired\":true,\"valueName\":\"search_term_string\"}}],\"inLanguage\":\"fr-FR\"}]}<\/script>\n<!-- \/ Yoast SEO plugin. -->","yoast_head_json":{"title":"ZIPWALL MAGSTRIP DUST BARRIER FASTENER - Axiom | Temporary Surface Protection","description":"Des bandes magn\u00e9tiques puissantes se fixent facilement \u00e0 la grille en acier d'un plafond suspendu \u00e0 l'aide d'un poteau ZipWall et de l'applicateur sp\u00e9cialement con\u00e7u","robots":{"index":"index","follow":"follow","max-snippet":"max-snippet:-1","max-image-preview":"max-image-preview:large","max-video-preview":"max-video-preview:-1"},"canonical":"https:\/\/axiomtsp.com\/fr\/produit\/zipwall-magstrip-dust-barrier-fastener\/","og_locale":"fr_FR","og_type":"article","og_title":"ZIPWALL MAGSTRIP DUST BARRIER FASTENER - Axiom | Temporary Surface Protection","og_description":"Des bandes magn\u00e9tiques puissantes se fixent facilement \u00e0 la grille en acier d'un plafond suspendu \u00e0 l'aide d'un poteau ZipWall et de l'applicateur sp\u00e9cialement con\u00e7u","og_url":"https:\/\/axiomtsp.com\/fr\/produit\/zipwall-magstrip-dust-barrier-fastener\/","og_site_name":"Axiom | Temporary Surface Protection","article_modified_time":"2024-03-13T13:05:28+00:00","og_image":[{"width":720,"height":720,"url":"https:\/\/axiomtsp.com\/wp-cms\/wp-content\/uploads\/2022\/05\/fd5b5f_8f57109ff5f9457caee35ded996287d0mv2.jpg","type":"image\/jpeg"}],"twitter_card":"summary_large_image","twitter_misc":{"Dur\u00e9e de lecture estim\u00e9e":"1 minute"},"schema":{"@context":"https:\/\/schema.org","@graph":[{"@type":"WebPage","@id":"https:\/\/axiomtsp.com\/fr\/produit\/zipwall-magstrip-dust-barrier-fastener\/","url":"https:\/\/axiomtsp.com\/fr\/produit\/zipwall-magstrip-dust-barrier-fastener\/","name":"ZIPWALL MAGSTRIP DUST BARRIER FASTENER - Axiom | Temporary Surface Protection","isPartOf":{"@id":"https:\/\/axiomtsp.com\/fr\/#website"},"primaryImageOfPage":{"@id":"https:\/\/axiomtsp.com\/fr\/produit\/zipwall-magstrip-dust-barrier-fastener\/#primaryimage"},"image":{"@id":"https:\/\/axiomtsp.com\/fr\/produit\/zipwall-magstrip-dust-barrier-fastener\/#primaryimage"},"thumbnailUrl":"https:\/\/axiomtsp.com\/wp-cms\/wp-content\/uploads\/2022\/05\/fd5b5f_8f57109ff5f9457caee35ded996287d0mv2.jpg","datePublished":"2022-05-19T15:39:13+00:00","dateModified":"2024-03-13T13:05:28+00:00","description":"Des bandes magn\u00e9tiques puissantes se fixent facilement \u00e0 la grille en acier d'un plafond suspendu \u00e0 l'aide d'un poteau ZipWall et de l'applicateur sp\u00e9cialement con\u00e7u","breadcrumb":{"@id":"https:\/\/axiomtsp.com\/fr\/produit\/zipwall-magstrip-dust-barrier-fastener\/#breadcrumb"},"inLanguage":"fr-FR","potentialAction":[{"@type":"ReadAction","target":["https:\/\/axiomtsp.com\/fr\/produit\/zipwall-magstrip-dust-barrier-fastener\/"]}]},{"@type":"ImageObject","inLanguage":"fr-FR","@id":"https:\/\/axiomtsp.com\/fr\/produit\/zipwall-magstrip-dust-barrier-fastener\/#primaryimage","url":"https:\/\/axiomtsp.com\/wp-cms\/wp-content\/uploads\/2022\/05\/fd5b5f_8f57109ff5f9457caee35ded996287d0mv2.jpg","contentUrl":"https:\/\/axiomtsp.com\/wp-cms\/wp-content\/uploads\/2022\/05\/fd5b5f_8f57109ff5f9457caee35ded996287d0mv2.jpg","width":720,"height":720},{"@type":"BreadcrumbList","@id":"https:\/\/axiomtsp.com\/fr\/produit\/zipwall-magstrip-dust-barrier-fastener\/#breadcrumb","itemListElement":[{"@type":"ListItem","position":1,"name":"Home","item":"https:\/\/axiomtsp.com\/fr\/"},{"@type":"ListItem","position":2,"name":"Boutique","item":"https:\/\/axiomtsp.com\/boutique\/?lang=fr"},{"@type":"ListItem","position":3,"name":"ZIPWALL MAGSTRIP DUST BARRIER FASTENER"}]},{"@type":"WebSite","@id":"https:\/\/axiomtsp.com\/fr\/#website","url":"https:\/\/axiomtsp.com\/fr\/","name":"Axiom | Temporary Surface Protection","description":"We stock the largest range of Temporary Surface Protection products in Canada. We help you choose the best solution for your project to ensure that you save time and money, avoid disruption to your construction schedule, maximize profitability on your projects, and prevent damage to your reputation.","potentialAction":[{"@type":"SearchAction","target":{"@type":"EntryPoint","urlTemplate":"https:\/\/axiomtsp.com\/fr\/?s={search_term_string}"},"query-input":{"@type":"PropertyValueSpecification","valueRequired":true,"valueName":"search_term_string"}}],"inLanguage":"fr-FR"}]}},"_links":{"self":[{"href":"https:\/\/axiomtsp.com\/fr\/wp-json\/wp\/v2\/product\/5093","targetHints":{"allow":["GET"]}}],"collection":[{"href":"https:\/\/axiomtsp.com\/fr\/wp-json\/wp\/v2\/product"}],"about":[{"href":"https:\/\/axiomtsp.com\/fr\/wp-json\/wp\/v2\/types\/product"}],"replies":[{"embeddable":true,"href":"https:\/\/axiomtsp.com\/fr\/wp-json\/wp\/v2\/comments?post=5093"}],"wp:featuredmedia":[{"embeddable":true,"href":"https:\/\/axiomtsp.com\/fr\/wp-json\/wp\/v2\/media\/3870"}],"wp:attachment":[{"href":"https:\/\/axiomtsp.com\/fr\/wp-json\/wp\/v2\/media?parent=5093"}],"wp:term":[{"taxonomy":"product_brand","embeddable":true,"href":"https:\/\/axiomtsp.com\/fr\/wp-json\/wp\/v2\/product_brand?post=5093"},{"taxonomy":"product_cat","embeddable":true,"href":"https:\/\/axiomtsp.com\/fr\/wp-json\/wp\/v2\/product_cat?post=5093"},{"taxonomy":"product_tag","embeddable":true,"href":"https:\/\/axiomtsp.com\/fr\/wp-json\/wp\/v2\/product_tag?post=5093"}],"curies":[{"name":"wp","href":"https:\/\/api.w.org\/{rel}","templated":true}]}}