{"id":5087,"date":"2022-05-19T15:39:13","date_gmt":"2022-05-19T15:39:13","guid":{"rendered":"https:\/\/axiomtsp.com\/product\/armour-stair-tread-protector\/"},"modified":"2024-03-12T15:25:07","modified_gmt":"2024-03-12T15:25:07","slug":"armour-stair-tread-protector","status":"publish","type":"product","link":"https:\/\/axiomtsp.com\/fr\/produit\/armour-stair-tread-protector\/","title":{"rendered":"ARMOUR STAIR TREAD PROTECTOR"},"content":{"rendered":"<p>Armour Stair Tread Protector est une solution de protection extr\u00eamement durable pour prot\u00e9ger rapidement et efficacement les escaliers contre les dommages. Ils sont fabriqu\u00e9s \u00e0 partir de plastique cannel\u00e9 de haute densit\u00e9 de 4 mm d\u2019\u00e9paisseur avec un rebord pr\u00e9form\u00e9 de 3 pouces con\u00e7u pour couvrir et prot\u00e9ger les contremarches. Ils sont l\u00e9gers, imperm\u00e9ables \u00e0 l\u2019eau, et faciles \u00e0 d\u00e9couper \u00e0 la taille requise pour les plus petits escaliers. Ils offrent une r\u00e9sistance \u00e0 l\u2019impact robuste et ils se posent bien \u00e0 plat. En raison de leur durabilit\u00e9, ils sont souvent r\u00e9utilis\u00e9s de projet en projet.<\/p>\n<p>Couramment utilis\u00e9 avec le produit <a href=\"https:\/\/axiomtsp.com\/produit\/armour-tape\/?lang=fr\">Armour Tape<\/a><\/p>\n","protected":false},"excerpt":{"rendered":"<p>Armour Stair Tread Protector est une solution de protection extr\u00eamement durable pour prot\u00e9ger rapidement et efficacement les escaliers contre les dommages. Ils sont fabriqu\u00e9s \u00e0 partir de plastique cannel\u00e9 de haute densit\u00e9 de 4 mm d\u2019\u00e9paisseur avec un rebord pr\u00e9form\u00e9 de 3 pouces con\u00e7u pour couvrir et prot\u00e9ger les contremarches. Ils sont l\u00e9gers, imperm\u00e9ables \u00e0 l\u2019eau, et faciles \u00e0 d\u00e9couper \u00e0 la taille requise pour les plus petits escaliers. Ils offrent une r\u00e9sistance \u00e0 l\u2019impact robuste et ils se posent bien \u00e0 plat. En raison de leur durabilit\u00e9, ils sont souvent r\u00e9utilis\u00e9s de projet en projet.<\/p>\n<p>Couramment utilis\u00e9 avec le produit <a href=\"https:\/\/axiomtsp.com\/produit\/armour-tape\/?lang=fr\">Armour Tape<\/a><\/p>\n","protected":false},"featured_media":6447,"comment_status":"closed","ping_status":"closed","template":"","meta":{"_acf_changed":false},"product_brand":[],"product_cat":[173],"product_tag":[],"class_list":{"0":"post-5087","1":"product","2":"type-product","3":"status-publish","4":"has-post-thumbnail","6":"product_cat-protection-planques-escaliers","8":"first","9":"instock","10":"taxable","11":"shipping-taxable","12":"purchasable","13":"product-type-variable"},"acf":[],"yoast_head":"<!-- This site is optimized with the Yoast SEO plugin v27.1.1 - https:\/\/yoast.com\/product\/yoast-seo-wordpress\/ -->\n<title>ARMOUR STAIR TREAD PROTECTOR - Axiom | Temporary Surface Protection<\/title>\n<meta name=\"description\" content=\"Armour Stair Tread Protectors sont une solution de protection extr\u00eamement durable pour prot\u00e9ger rapidement et efficacement les escaliers contre les dommages\" \/>\n<meta name=\"robots\" content=\"index, follow, max-snippet:-1, max-image-preview:large, max-video-preview:-1\" \/>\n<link rel=\"canonical\" href=\"https:\/\/axiomtsp.com\/fr\/produit\/armour-stair-tread-protector\/\" \/>\n<meta property=\"og:locale\" content=\"fr_FR\" \/>\n<meta property=\"og:type\" content=\"article\" \/>\n<meta property=\"og:title\" content=\"ARMOUR STAIR TREAD PROTECTOR - Axiom | Temporary Surface Protection\" \/>\n<meta property=\"og:description\" content=\"Armour Stair Tread Protectors sont une solution de protection extr\u00eamement durable pour prot\u00e9ger rapidement et efficacement les escaliers contre les dommages\" \/>\n<meta property=\"og:url\" content=\"https:\/\/axiomtsp.com\/fr\/produit\/armour-stair-tread-protector\/\" \/>\n<meta property=\"og:site_name\" content=\"Axiom | Temporary Surface Protection\" \/>\n<meta property=\"article:modified_time\" content=\"2024-03-12T15:25:07+00:00\" \/>\n<meta property=\"og:image\" content=\"https:\/\/axiomtsp.com\/wp-content\/uploads\/2022\/05\/Armour-Stair-Tread-Protector.jpg\" \/>\n\t<meta property=\"og:image:width\" content=\"720\" \/>\n\t<meta property=\"og:image:height\" content=\"720\" \/>\n\t<meta property=\"og:image:type\" content=\"image\/jpeg\" \/>\n<meta name=\"twitter:card\" content=\"summary_large_image\" \/>\n<meta name=\"twitter:label1\" content=\"Dur\u00e9e de lecture estim\u00e9e\" \/>\n\t<meta name=\"twitter:data1\" content=\"1 minute\" \/>\n<script type=\"application\/ld+json\" class=\"yoast-schema-graph\">{\"@context\":\"https:\/\/schema.org\",\"@graph\":[{\"@type\":\"WebPage\",\"@id\":\"https:\/\/axiomtsp.com\/fr\/produit\/armour-stair-tread-protector\/\",\"url\":\"https:\/\/axiomtsp.com\/fr\/produit\/armour-stair-tread-protector\/\",\"name\":\"ARMOUR STAIR TREAD PROTECTOR - Axiom | Temporary Surface Protection\",\"isPartOf\":{\"@id\":\"https:\/\/axiomtsp.com\/fr\/#website\"},\"primaryImageOfPage\":{\"@id\":\"https:\/\/axiomtsp.com\/fr\/produit\/armour-stair-tread-protector\/#primaryimage\"},\"image\":{\"@id\":\"https:\/\/axiomtsp.com\/fr\/produit\/armour-stair-tread-protector\/#primaryimage\"},\"thumbnailUrl\":\"https:\/\/axiomtsp.com\/wp-cms\/wp-content\/uploads\/2022\/05\/New-Armour-Stair-Tread-Protector-scaled.jpg\",\"datePublished\":\"2022-05-19T15:39:13+00:00\",\"dateModified\":\"2024-03-12T15:25:07+00:00\",\"description\":\"Armour Stair Tread Protectors sont une solution de protection extr\u00eamement durable pour prot\u00e9ger rapidement et efficacement les escaliers contre les dommages\",\"breadcrumb\":{\"@id\":\"https:\/\/axiomtsp.com\/fr\/produit\/armour-stair-tread-protector\/#breadcrumb\"},\"inLanguage\":\"fr-FR\",\"potentialAction\":[{\"@type\":\"ReadAction\",\"target\":[\"https:\/\/axiomtsp.com\/fr\/produit\/armour-stair-tread-protector\/\"]}]},{\"@type\":\"ImageObject\",\"inLanguage\":\"fr-FR\",\"@id\":\"https:\/\/axiomtsp.com\/fr\/produit\/armour-stair-tread-protector\/#primaryimage\",\"url\":\"https:\/\/axiomtsp.com\/wp-cms\/wp-content\/uploads\/2022\/05\/New-Armour-Stair-Tread-Protector-scaled.jpg\",\"contentUrl\":\"https:\/\/axiomtsp.com\/wp-cms\/wp-content\/uploads\/2022\/05\/New-Armour-Stair-Tread-Protector-scaled.jpg\",\"width\":2560,\"height\":2560,\"caption\":\"Armour Stair Tread Protector\"},{\"@type\":\"BreadcrumbList\",\"@id\":\"https:\/\/axiomtsp.com\/fr\/produit\/armour-stair-tread-protector\/#breadcrumb\",\"itemListElement\":[{\"@type\":\"ListItem\",\"position\":1,\"name\":\"Home\",\"item\":\"https:\/\/axiomtsp.com\/fr\/\"},{\"@type\":\"ListItem\",\"position\":2,\"name\":\"Boutique\",\"item\":\"https:\/\/axiomtsp.com\/boutique\/?lang=fr\"},{\"@type\":\"ListItem\",\"position\":3,\"name\":\"ARMOUR STAIR TREAD PROTECTOR\"}]},{\"@type\":\"WebSite\",\"@id\":\"https:\/\/axiomtsp.com\/fr\/#website\",\"url\":\"https:\/\/axiomtsp.com\/fr\/\",\"name\":\"Axiom | Temporary Surface Protection\",\"description\":\"We stock the largest range of Temporary Surface Protection products in Canada. We help you choose the best solution for your project to ensure that you save time and money, avoid disruption to your construction schedule, maximize profitability on your projects, and prevent damage to your reputation.\",\"potentialAction\":[{\"@type\":\"SearchAction\",\"target\":{\"@type\":\"EntryPoint\",\"urlTemplate\":\"https:\/\/axiomtsp.com\/fr\/?s={search_term_string}\"},\"query-input\":{\"@type\":\"PropertyValueSpecification\",\"valueRequired\":true,\"valueName\":\"search_term_string\"}}],\"inLanguage\":\"fr-FR\"}]}<\/script>\n<!-- \/ Yoast SEO plugin. -->","yoast_head_json":{"title":"ARMOUR STAIR TREAD PROTECTOR - Axiom | Temporary Surface Protection","description":"Armour Stair Tread Protectors sont une solution de protection extr\u00eamement durable pour prot\u00e9ger rapidement et efficacement les escaliers contre les dommages","robots":{"index":"index","follow":"follow","max-snippet":"max-snippet:-1","max-image-preview":"max-image-preview:large","max-video-preview":"max-video-preview:-1"},"canonical":"https:\/\/axiomtsp.com\/fr\/produit\/armour-stair-tread-protector\/","og_locale":"fr_FR","og_type":"article","og_title":"ARMOUR STAIR TREAD PROTECTOR - Axiom | Temporary Surface Protection","og_description":"Armour Stair Tread Protectors sont une solution de protection extr\u00eamement durable pour prot\u00e9ger rapidement et efficacement les escaliers contre les dommages","og_url":"https:\/\/axiomtsp.com\/fr\/produit\/armour-stair-tread-protector\/","og_site_name":"Axiom | Temporary Surface Protection","article_modified_time":"2024-03-12T15:25:07+00:00","og_image":[{"width":720,"height":720,"url":"https:\/\/axiomtsp.com\/wp-content\/uploads\/2022\/05\/Armour-Stair-Tread-Protector.jpg","type":"image\/jpeg"}],"twitter_card":"summary_large_image","twitter_misc":{"Dur\u00e9e de lecture estim\u00e9e":"1 minute"},"schema":{"@context":"https:\/\/schema.org","@graph":[{"@type":"WebPage","@id":"https:\/\/axiomtsp.com\/fr\/produit\/armour-stair-tread-protector\/","url":"https:\/\/axiomtsp.com\/fr\/produit\/armour-stair-tread-protector\/","name":"ARMOUR STAIR TREAD PROTECTOR - Axiom | Temporary Surface Protection","isPartOf":{"@id":"https:\/\/axiomtsp.com\/fr\/#website"},"primaryImageOfPage":{"@id":"https:\/\/axiomtsp.com\/fr\/produit\/armour-stair-tread-protector\/#primaryimage"},"image":{"@id":"https:\/\/axiomtsp.com\/fr\/produit\/armour-stair-tread-protector\/#primaryimage"},"thumbnailUrl":"https:\/\/axiomtsp.com\/wp-cms\/wp-content\/uploads\/2022\/05\/New-Armour-Stair-Tread-Protector-scaled.jpg","datePublished":"2022-05-19T15:39:13+00:00","dateModified":"2024-03-12T15:25:07+00:00","description":"Armour Stair Tread Protectors sont une solution de protection extr\u00eamement durable pour prot\u00e9ger rapidement et efficacement les escaliers contre les dommages","breadcrumb":{"@id":"https:\/\/axiomtsp.com\/fr\/produit\/armour-stair-tread-protector\/#breadcrumb"},"inLanguage":"fr-FR","potentialAction":[{"@type":"ReadAction","target":["https:\/\/axiomtsp.com\/fr\/produit\/armour-stair-tread-protector\/"]}]},{"@type":"ImageObject","inLanguage":"fr-FR","@id":"https:\/\/axiomtsp.com\/fr\/produit\/armour-stair-tread-protector\/#primaryimage","url":"https:\/\/axiomtsp.com\/wp-cms\/wp-content\/uploads\/2022\/05\/New-Armour-Stair-Tread-Protector-scaled.jpg","contentUrl":"https:\/\/axiomtsp.com\/wp-cms\/wp-content\/uploads\/2022\/05\/New-Armour-Stair-Tread-Protector-scaled.jpg","width":2560,"height":2560,"caption":"Armour Stair Tread Protector"},{"@type":"BreadcrumbList","@id":"https:\/\/axiomtsp.com\/fr\/produit\/armour-stair-tread-protector\/#breadcrumb","itemListElement":[{"@type":"ListItem","position":1,"name":"Home","item":"https:\/\/axiomtsp.com\/fr\/"},{"@type":"ListItem","position":2,"name":"Boutique","item":"https:\/\/axiomtsp.com\/boutique\/?lang=fr"},{"@type":"ListItem","position":3,"name":"ARMOUR STAIR TREAD PROTECTOR"}]},{"@type":"WebSite","@id":"https:\/\/axiomtsp.com\/fr\/#website","url":"https:\/\/axiomtsp.com\/fr\/","name":"Axiom | Temporary Surface Protection","description":"We stock the largest range of Temporary Surface Protection products in Canada. We help you choose the best solution for your project to ensure that you save time and money, avoid disruption to your construction schedule, maximize profitability on your projects, and prevent damage to your reputation.","potentialAction":[{"@type":"SearchAction","target":{"@type":"EntryPoint","urlTemplate":"https:\/\/axiomtsp.com\/fr\/?s={search_term_string}"},"query-input":{"@type":"PropertyValueSpecification","valueRequired":true,"valueName":"search_term_string"}}],"inLanguage":"fr-FR"}]}},"_links":{"self":[{"href":"https:\/\/axiomtsp.com\/fr\/wp-json\/wp\/v2\/product\/5087","targetHints":{"allow":["GET"]}}],"collection":[{"href":"https:\/\/axiomtsp.com\/fr\/wp-json\/wp\/v2\/product"}],"about":[{"href":"https:\/\/axiomtsp.com\/fr\/wp-json\/wp\/v2\/types\/product"}],"replies":[{"embeddable":true,"href":"https:\/\/axiomtsp.com\/fr\/wp-json\/wp\/v2\/comments?post=5087"}],"wp:featuredmedia":[{"embeddable":true,"href":"https:\/\/axiomtsp.com\/fr\/wp-json\/wp\/v2\/media\/6447"}],"wp:attachment":[{"href":"https:\/\/axiomtsp.com\/fr\/wp-json\/wp\/v2\/media?parent=5087"}],"wp:term":[{"taxonomy":"product_brand","embeddable":true,"href":"https:\/\/axiomtsp.com\/fr\/wp-json\/wp\/v2\/product_brand?post=5087"},{"taxonomy":"product_cat","embeddable":true,"href":"https:\/\/axiomtsp.com\/fr\/wp-json\/wp\/v2\/product_cat?post=5087"},{"taxonomy":"product_tag","embeddable":true,"href":"https:\/\/axiomtsp.com\/fr\/wp-json\/wp\/v2\/product_tag?post=5087"}],"curies":[{"name":"wp","href":"https:\/\/api.w.org\/{rel}","templated":true}]}}