{"id":5085,"date":"2022-05-19T15:39:13","date_gmt":"2022-05-19T15:39:13","guid":{"rendered":"https:\/\/axiomtsp.com\/product\/bulldog-board-knife\/"},"modified":"2024-03-15T12:37:46","modified_gmt":"2024-03-15T12:37:46","slug":"bulldog-board-knife","status":"publish","type":"product","link":"https:\/\/axiomtsp.com\/fr\/produit\/bulldog-board-knife\/","title":{"rendered":"BULLDOG BOARD KNIFE"},"content":{"rendered":"<p>Le Bulldog Board Knife est la solution parfaite pour couper efficacement les produits de protection de surface temporaire Bulldog Board. Il permet \u00e0 l\u2019utilisateur de couper le produit sans endommager la surface des planchers puisque les 2 lames sont recouvertes d\u2019un plastique qui prot\u00e8ge les surfaces finies contre le dommage caus\u00e9 par un glissement accidentel. Avec une poign\u00e9e l\u00e9g\u00e8re et ergonomique, il permet \u00e0 l\u2019utilisateur de maintenir un contr\u00f4le total lors des coupes, ce qui en fait le produit par excellence pour d\u00e9couper les produits de protection de surface temporaire pour planchers.<\/p>\n","protected":false},"excerpt":{"rendered":"<p>Le Bulldog Board Knife est la solution parfaite pour couper efficacement les produits de protection de surface temporaire Bulldog Board. Il permet \u00e0 l\u2019utilisateur de couper le produit sans endommager la surface des planchers puisque les 2 lames sont recouvertes d\u2019un plastique qui prot\u00e8ge les surfaces finies contre le dommage caus\u00e9 par un glissement accidentel. Avec une poign\u00e9e l\u00e9g\u00e8re et ergonomique, il permet \u00e0 l\u2019utilisateur de maintenir un contr\u00f4le total lors des coupes, ce qui en fait le produit par excellence pour d\u00e9couper les produits de protection de surface temporaire pour planchers.<\/p>\n","protected":false},"featured_media":8218,"comment_status":"closed","ping_status":"closed","template":"","meta":{"_acf_changed":false},"product_brand":[],"product_cat":[184],"product_tag":[],"class_list":{"0":"post-5085","1":"product","2":"type-product","3":"status-publish","4":"has-post-thumbnail","6":"product_cat-outils-dinstallation","8":"first","9":"instock","10":"taxable","11":"shipping-taxable","12":"purchasable","13":"product-type-variable"},"acf":[],"yoast_head":"<!-- This site is optimized with the Yoast SEO plugin v27.1.1 - https:\/\/yoast.com\/product\/yoast-seo-wordpress\/ -->\n<title>BULLDOG BOARD KNIFE - Axiom | Temporary Surface Protection<\/title>\n<meta name=\"description\" content=\"The Bulldog Board Knife est la solution parfaite pour couper efficacement les produits de protection temporaire du sol Bulldog Board.\" \/>\n<meta name=\"robots\" content=\"index, follow, max-snippet:-1, max-image-preview:large, max-video-preview:-1\" \/>\n<link rel=\"canonical\" href=\"https:\/\/axiomtsp.com\/fr\/produit\/bulldog-board-knife\/\" \/>\n<meta property=\"og:locale\" content=\"fr_FR\" \/>\n<meta property=\"og:type\" content=\"article\" \/>\n<meta property=\"og:title\" content=\"BULLDOG BOARD KNIFE - Axiom | Temporary Surface Protection\" \/>\n<meta property=\"og:description\" content=\"The Bulldog Board Knife est la solution parfaite pour couper efficacement les produits de protection temporaire du sol Bulldog Board.\" \/>\n<meta property=\"og:url\" content=\"https:\/\/axiomtsp.com\/fr\/produit\/bulldog-board-knife\/\" \/>\n<meta property=\"og:site_name\" content=\"Axiom | Temporary Surface Protection\" \/>\n<meta property=\"article:modified_time\" content=\"2024-03-15T12:37:46+00:00\" \/>\n<meta property=\"og:image\" content=\"https:\/\/axiomtsp.com\/wp-cms\/wp-content\/uploads\/2022\/05\/Bulldog-Board-Knife-scaled.jpg\" \/>\n\t<meta property=\"og:image:width\" content=\"2560\" \/>\n\t<meta property=\"og:image:height\" content=\"2560\" \/>\n\t<meta property=\"og:image:type\" content=\"image\/jpeg\" \/>\n<meta name=\"twitter:card\" content=\"summary_large_image\" \/>\n<meta name=\"twitter:label1\" content=\"Dur\u00e9e de lecture estim\u00e9e\" \/>\n\t<meta name=\"twitter:data1\" content=\"1 minute\" \/>\n<script type=\"application\/ld+json\" class=\"yoast-schema-graph\">{\"@context\":\"https:\/\/schema.org\",\"@graph\":[{\"@type\":\"WebPage\",\"@id\":\"https:\/\/axiomtsp.com\/fr\/produit\/bulldog-board-knife\/\",\"url\":\"https:\/\/axiomtsp.com\/fr\/produit\/bulldog-board-knife\/\",\"name\":\"BULLDOG BOARD KNIFE - Axiom | Temporary Surface Protection\",\"isPartOf\":{\"@id\":\"https:\/\/axiomtsp.com\/fr\/#website\"},\"primaryImageOfPage\":{\"@id\":\"https:\/\/axiomtsp.com\/fr\/produit\/bulldog-board-knife\/#primaryimage\"},\"image\":{\"@id\":\"https:\/\/axiomtsp.com\/fr\/produit\/bulldog-board-knife\/#primaryimage\"},\"thumbnailUrl\":\"https:\/\/axiomtsp.com\/wp-cms\/wp-content\/uploads\/2022\/05\/Bulldog-Board-Knife-scaled.jpg\",\"datePublished\":\"2022-05-19T15:39:13+00:00\",\"dateModified\":\"2024-03-15T12:37:46+00:00\",\"description\":\"The Bulldog Board Knife est la solution parfaite pour couper efficacement les produits de protection temporaire du sol Bulldog Board.\",\"breadcrumb\":{\"@id\":\"https:\/\/axiomtsp.com\/fr\/produit\/bulldog-board-knife\/#breadcrumb\"},\"inLanguage\":\"fr-FR\",\"potentialAction\":[{\"@type\":\"ReadAction\",\"target\":[\"https:\/\/axiomtsp.com\/fr\/produit\/bulldog-board-knife\/\"]}]},{\"@type\":\"ImageObject\",\"inLanguage\":\"fr-FR\",\"@id\":\"https:\/\/axiomtsp.com\/fr\/produit\/bulldog-board-knife\/#primaryimage\",\"url\":\"https:\/\/axiomtsp.com\/wp-cms\/wp-content\/uploads\/2022\/05\/Bulldog-Board-Knife-scaled.jpg\",\"contentUrl\":\"https:\/\/axiomtsp.com\/wp-cms\/wp-content\/uploads\/2022\/05\/Bulldog-Board-Knife-scaled.jpg\",\"width\":2560,\"height\":2560},{\"@type\":\"BreadcrumbList\",\"@id\":\"https:\/\/axiomtsp.com\/fr\/produit\/bulldog-board-knife\/#breadcrumb\",\"itemListElement\":[{\"@type\":\"ListItem\",\"position\":1,\"name\":\"Home\",\"item\":\"https:\/\/axiomtsp.com\/fr\/\"},{\"@type\":\"ListItem\",\"position\":2,\"name\":\"Boutique\",\"item\":\"https:\/\/axiomtsp.com\/boutique\/?lang=fr\"},{\"@type\":\"ListItem\",\"position\":3,\"name\":\"BULLDOG BOARD KNIFE\"}]},{\"@type\":\"WebSite\",\"@id\":\"https:\/\/axiomtsp.com\/fr\/#website\",\"url\":\"https:\/\/axiomtsp.com\/fr\/\",\"name\":\"Axiom | Temporary Surface Protection\",\"description\":\"We stock the largest range of Temporary Surface Protection products in Canada. We help you choose the best solution for your project to ensure that you save time and money, avoid disruption to your construction schedule, maximize profitability on your projects, and prevent damage to your reputation.\",\"potentialAction\":[{\"@type\":\"SearchAction\",\"target\":{\"@type\":\"EntryPoint\",\"urlTemplate\":\"https:\/\/axiomtsp.com\/fr\/?s={search_term_string}\"},\"query-input\":{\"@type\":\"PropertyValueSpecification\",\"valueRequired\":true,\"valueName\":\"search_term_string\"}}],\"inLanguage\":\"fr-FR\"}]}<\/script>\n<!-- \/ Yoast SEO plugin. -->","yoast_head_json":{"title":"BULLDOG BOARD KNIFE - Axiom | Temporary Surface Protection","description":"The Bulldog Board Knife est la solution parfaite pour couper efficacement les produits de protection temporaire du sol Bulldog Board.","robots":{"index":"index","follow":"follow","max-snippet":"max-snippet:-1","max-image-preview":"max-image-preview:large","max-video-preview":"max-video-preview:-1"},"canonical":"https:\/\/axiomtsp.com\/fr\/produit\/bulldog-board-knife\/","og_locale":"fr_FR","og_type":"article","og_title":"BULLDOG BOARD KNIFE - Axiom | Temporary Surface Protection","og_description":"The Bulldog Board Knife est la solution parfaite pour couper efficacement les produits de protection temporaire du sol Bulldog Board.","og_url":"https:\/\/axiomtsp.com\/fr\/produit\/bulldog-board-knife\/","og_site_name":"Axiom | Temporary Surface Protection","article_modified_time":"2024-03-15T12:37:46+00:00","og_image":[{"width":2560,"height":2560,"url":"https:\/\/axiomtsp.com\/wp-cms\/wp-content\/uploads\/2022\/05\/Bulldog-Board-Knife-scaled.jpg","type":"image\/jpeg"}],"twitter_card":"summary_large_image","twitter_misc":{"Dur\u00e9e de lecture estim\u00e9e":"1 minute"},"schema":{"@context":"https:\/\/schema.org","@graph":[{"@type":"WebPage","@id":"https:\/\/axiomtsp.com\/fr\/produit\/bulldog-board-knife\/","url":"https:\/\/axiomtsp.com\/fr\/produit\/bulldog-board-knife\/","name":"BULLDOG BOARD KNIFE - Axiom | Temporary Surface Protection","isPartOf":{"@id":"https:\/\/axiomtsp.com\/fr\/#website"},"primaryImageOfPage":{"@id":"https:\/\/axiomtsp.com\/fr\/produit\/bulldog-board-knife\/#primaryimage"},"image":{"@id":"https:\/\/axiomtsp.com\/fr\/produit\/bulldog-board-knife\/#primaryimage"},"thumbnailUrl":"https:\/\/axiomtsp.com\/wp-cms\/wp-content\/uploads\/2022\/05\/Bulldog-Board-Knife-scaled.jpg","datePublished":"2022-05-19T15:39:13+00:00","dateModified":"2024-03-15T12:37:46+00:00","description":"The Bulldog Board Knife est la solution parfaite pour couper efficacement les produits de protection temporaire du sol Bulldog Board.","breadcrumb":{"@id":"https:\/\/axiomtsp.com\/fr\/produit\/bulldog-board-knife\/#breadcrumb"},"inLanguage":"fr-FR","potentialAction":[{"@type":"ReadAction","target":["https:\/\/axiomtsp.com\/fr\/produit\/bulldog-board-knife\/"]}]},{"@type":"ImageObject","inLanguage":"fr-FR","@id":"https:\/\/axiomtsp.com\/fr\/produit\/bulldog-board-knife\/#primaryimage","url":"https:\/\/axiomtsp.com\/wp-cms\/wp-content\/uploads\/2022\/05\/Bulldog-Board-Knife-scaled.jpg","contentUrl":"https:\/\/axiomtsp.com\/wp-cms\/wp-content\/uploads\/2022\/05\/Bulldog-Board-Knife-scaled.jpg","width":2560,"height":2560},{"@type":"BreadcrumbList","@id":"https:\/\/axiomtsp.com\/fr\/produit\/bulldog-board-knife\/#breadcrumb","itemListElement":[{"@type":"ListItem","position":1,"name":"Home","item":"https:\/\/axiomtsp.com\/fr\/"},{"@type":"ListItem","position":2,"name":"Boutique","item":"https:\/\/axiomtsp.com\/boutique\/?lang=fr"},{"@type":"ListItem","position":3,"name":"BULLDOG BOARD KNIFE"}]},{"@type":"WebSite","@id":"https:\/\/axiomtsp.com\/fr\/#website","url":"https:\/\/axiomtsp.com\/fr\/","name":"Axiom | Temporary Surface Protection","description":"We stock the largest range of Temporary Surface Protection products in Canada. We help you choose the best solution for your project to ensure that you save time and money, avoid disruption to your construction schedule, maximize profitability on your projects, and prevent damage to your reputation.","potentialAction":[{"@type":"SearchAction","target":{"@type":"EntryPoint","urlTemplate":"https:\/\/axiomtsp.com\/fr\/?s={search_term_string}"},"query-input":{"@type":"PropertyValueSpecification","valueRequired":true,"valueName":"search_term_string"}}],"inLanguage":"fr-FR"}]}},"_links":{"self":[{"href":"https:\/\/axiomtsp.com\/fr\/wp-json\/wp\/v2\/product\/5085","targetHints":{"allow":["GET"]}}],"collection":[{"href":"https:\/\/axiomtsp.com\/fr\/wp-json\/wp\/v2\/product"}],"about":[{"href":"https:\/\/axiomtsp.com\/fr\/wp-json\/wp\/v2\/types\/product"}],"replies":[{"embeddable":true,"href":"https:\/\/axiomtsp.com\/fr\/wp-json\/wp\/v2\/comments?post=5085"}],"wp:featuredmedia":[{"embeddable":true,"href":"https:\/\/axiomtsp.com\/fr\/wp-json\/wp\/v2\/media\/8218"}],"wp:attachment":[{"href":"https:\/\/axiomtsp.com\/fr\/wp-json\/wp\/v2\/media?parent=5085"}],"wp:term":[{"taxonomy":"product_brand","embeddable":true,"href":"https:\/\/axiomtsp.com\/fr\/wp-json\/wp\/v2\/product_brand?post=5085"},{"taxonomy":"product_cat","embeddable":true,"href":"https:\/\/axiomtsp.com\/fr\/wp-json\/wp\/v2\/product_cat?post=5085"},{"taxonomy":"product_tag","embeddable":true,"href":"https:\/\/axiomtsp.com\/fr\/wp-json\/wp\/v2\/product_tag?post=5085"}],"curies":[{"name":"wp","href":"https:\/\/api.w.org\/{rel}","templated":true}]}}