{"id":5074,"date":"2022-05-19T15:39:44","date_gmt":"2022-05-19T15:39:44","guid":{"rendered":"https:\/\/axiomtsp.com\/product\/masking-tape-blue\/"},"modified":"2024-03-12T16:19:49","modified_gmt":"2024-03-12T16:19:49","slug":"masking-tape-blue","status":"publish","type":"product","link":"https:\/\/axiomtsp.com\/fr\/produit\/masking-tape-blue\/","title":{"rendered":"MASKING TAPE &#8211; BLUE"},"content":{"rendered":"<p>Masking Tape Blue est un ruban masquant de haute performance, est con\u00e7u pour conserver sa puissance de collage aux murs, et se retire proprement de la plupart des surfaces pendant une duration maximum de 21 jours. Le produit est \u00e9cologique et id\u00e9al pour les murs peints, les garnitures, le verre, la menuiserie, le m\u00e9tal et une grande vari\u00e9t\u00e9 d\u2019autres surfaces dures.<\/p>\n","protected":false},"excerpt":{"rendered":"<p>Masking Tape Blue est un ruban masquant de haute performance, est con\u00e7u pour conserver sa puissance de collage aux murs, et se retire proprement de la plupart des surfaces pendant une duration maximum de 21 jours. Le produit est \u00e9cologique et id\u00e9al pour les murs peints, les garnitures, le verre, la menuiserie, le m\u00e9tal et une grande vari\u00e9t\u00e9 d\u2019autres surfaces dures.<\/p>\n","protected":false},"featured_media":8117,"comment_status":"closed","ping_status":"closed","template":"","meta":{"_acf_changed":false},"product_brand":[],"product_cat":[156],"product_tag":[],"class_list":{"0":"post-5074","1":"product","2":"type-product","3":"status-publish","4":"has-post-thumbnail","6":"product_cat-rubans-adhesifs-de-protection","8":"first","9":"instock","10":"taxable","11":"shipping-taxable","12":"purchasable","13":"product-type-variable"},"acf":[],"yoast_head":"<!-- This site is optimized with the Yoast SEO plugin v27.1.1 - https:\/\/yoast.com\/product\/yoast-seo-wordpress\/ -->\n<title>MASKING TAPE - BLUE - Axiom | Temporary Surface Protection<\/title>\n<meta name=\"description\" content=\"Ce ruban de masquage haute performance est con\u00e7u pour conserver sa puissance adh\u00e9sive et se retirera proprement de la plupart des surfaces pendant jusqu&#039;\u00e0 21 jours.\" \/>\n<meta name=\"robots\" content=\"index, follow, max-snippet:-1, max-image-preview:large, max-video-preview:-1\" \/>\n<link rel=\"canonical\" href=\"https:\/\/axiomtsp.com\/fr\/produit\/masking-tape-blue\/\" \/>\n<meta property=\"og:locale\" content=\"fr_FR\" \/>\n<meta property=\"og:type\" content=\"article\" \/>\n<meta property=\"og:title\" content=\"MASKING TAPE - BLUE - Axiom | Temporary Surface Protection\" \/>\n<meta property=\"og:description\" content=\"Ce ruban de masquage haute performance est con\u00e7u pour conserver sa puissance adh\u00e9sive et se retirera proprement de la plupart des surfaces pendant jusqu&#039;\u00e0 21 jours.\" \/>\n<meta property=\"og:url\" content=\"https:\/\/axiomtsp.com\/fr\/produit\/masking-tape-blue\/\" \/>\n<meta property=\"og:site_name\" content=\"Axiom | Temporary Surface Protection\" \/>\n<meta property=\"article:modified_time\" content=\"2024-03-12T16:19:49+00:00\" \/>\n<meta property=\"og:image\" content=\"https:\/\/axiomtsp.com\/wp-content\/uploads\/2022\/05\/fd5b5f_cf4932d67d444d7894a78f0e625c0e1fmv2.jpg\" \/>\n\t<meta property=\"og:image:width\" content=\"720\" \/>\n\t<meta property=\"og:image:height\" content=\"720\" \/>\n\t<meta property=\"og:image:type\" content=\"image\/jpeg\" \/>\n<meta name=\"twitter:card\" content=\"summary_large_image\" \/>\n<meta name=\"twitter:label1\" content=\"Dur\u00e9e de lecture estim\u00e9e\" \/>\n\t<meta name=\"twitter:data1\" content=\"1 minute\" \/>\n<script type=\"application\/ld+json\" class=\"yoast-schema-graph\">{\"@context\":\"https:\/\/schema.org\",\"@graph\":[{\"@type\":\"WebPage\",\"@id\":\"https:\/\/axiomtsp.com\/fr\/produit\/masking-tape-blue\/\",\"url\":\"https:\/\/axiomtsp.com\/fr\/produit\/masking-tape-blue\/\",\"name\":\"MASKING TAPE - BLUE - Axiom | Temporary Surface Protection\",\"isPartOf\":{\"@id\":\"https:\/\/axiomtsp.com\/fr\/#website\"},\"primaryImageOfPage\":{\"@id\":\"https:\/\/axiomtsp.com\/fr\/produit\/masking-tape-blue\/#primaryimage\"},\"image\":{\"@id\":\"https:\/\/axiomtsp.com\/fr\/produit\/masking-tape-blue\/#primaryimage\"},\"thumbnailUrl\":\"https:\/\/axiomtsp.com\/wp-cms\/wp-content\/uploads\/2022\/05\/Masking-Tape-Blue-scaled.jpg\",\"datePublished\":\"2022-05-19T15:39:44+00:00\",\"dateModified\":\"2024-03-12T16:19:49+00:00\",\"description\":\"Ce ruban de masquage haute performance est con\u00e7u pour conserver sa puissance adh\u00e9sive et se retirera proprement de la plupart des surfaces pendant jusqu'\u00e0 21 jours.\",\"breadcrumb\":{\"@id\":\"https:\/\/axiomtsp.com\/fr\/produit\/masking-tape-blue\/#breadcrumb\"},\"inLanguage\":\"fr-FR\",\"potentialAction\":[{\"@type\":\"ReadAction\",\"target\":[\"https:\/\/axiomtsp.com\/fr\/produit\/masking-tape-blue\/\"]}]},{\"@type\":\"ImageObject\",\"inLanguage\":\"fr-FR\",\"@id\":\"https:\/\/axiomtsp.com\/fr\/produit\/masking-tape-blue\/#primaryimage\",\"url\":\"https:\/\/axiomtsp.com\/wp-cms\/wp-content\/uploads\/2022\/05\/Masking-Tape-Blue-scaled.jpg\",\"contentUrl\":\"https:\/\/axiomtsp.com\/wp-cms\/wp-content\/uploads\/2022\/05\/Masking-Tape-Blue-scaled.jpg\",\"width\":2560,\"height\":2560},{\"@type\":\"BreadcrumbList\",\"@id\":\"https:\/\/axiomtsp.com\/fr\/produit\/masking-tape-blue\/#breadcrumb\",\"itemListElement\":[{\"@type\":\"ListItem\",\"position\":1,\"name\":\"Home\",\"item\":\"https:\/\/axiomtsp.com\/fr\/\"},{\"@type\":\"ListItem\",\"position\":2,\"name\":\"Boutique\",\"item\":\"https:\/\/axiomtsp.com\/boutique\/?lang=fr\"},{\"@type\":\"ListItem\",\"position\":3,\"name\":\"MASKING TAPE &#8211; BLUE\"}]},{\"@type\":\"WebSite\",\"@id\":\"https:\/\/axiomtsp.com\/fr\/#website\",\"url\":\"https:\/\/axiomtsp.com\/fr\/\",\"name\":\"Axiom | Temporary Surface Protection\",\"description\":\"We stock the largest range of Temporary Surface Protection products in Canada. We help you choose the best solution for your project to ensure that you save time and money, avoid disruption to your construction schedule, maximize profitability on your projects, and prevent damage to your reputation.\",\"potentialAction\":[{\"@type\":\"SearchAction\",\"target\":{\"@type\":\"EntryPoint\",\"urlTemplate\":\"https:\/\/axiomtsp.com\/fr\/?s={search_term_string}\"},\"query-input\":{\"@type\":\"PropertyValueSpecification\",\"valueRequired\":true,\"valueName\":\"search_term_string\"}}],\"inLanguage\":\"fr-FR\"}]}<\/script>\n<!-- \/ Yoast SEO plugin. -->","yoast_head_json":{"title":"MASKING TAPE - BLUE - Axiom | Temporary Surface Protection","description":"Ce ruban de masquage haute performance est con\u00e7u pour conserver sa puissance adh\u00e9sive et se retirera proprement de la plupart des surfaces pendant jusqu'\u00e0 21 jours.","robots":{"index":"index","follow":"follow","max-snippet":"max-snippet:-1","max-image-preview":"max-image-preview:large","max-video-preview":"max-video-preview:-1"},"canonical":"https:\/\/axiomtsp.com\/fr\/produit\/masking-tape-blue\/","og_locale":"fr_FR","og_type":"article","og_title":"MASKING TAPE - BLUE - Axiom | Temporary Surface Protection","og_description":"Ce ruban de masquage haute performance est con\u00e7u pour conserver sa puissance adh\u00e9sive et se retirera proprement de la plupart des surfaces pendant jusqu'\u00e0 21 jours.","og_url":"https:\/\/axiomtsp.com\/fr\/produit\/masking-tape-blue\/","og_site_name":"Axiom | Temporary Surface Protection","article_modified_time":"2024-03-12T16:19:49+00:00","og_image":[{"width":720,"height":720,"url":"https:\/\/axiomtsp.com\/wp-content\/uploads\/2022\/05\/fd5b5f_cf4932d67d444d7894a78f0e625c0e1fmv2.jpg","type":"image\/jpeg"}],"twitter_card":"summary_large_image","twitter_misc":{"Dur\u00e9e de lecture estim\u00e9e":"1 minute"},"schema":{"@context":"https:\/\/schema.org","@graph":[{"@type":"WebPage","@id":"https:\/\/axiomtsp.com\/fr\/produit\/masking-tape-blue\/","url":"https:\/\/axiomtsp.com\/fr\/produit\/masking-tape-blue\/","name":"MASKING TAPE - BLUE - Axiom | Temporary Surface Protection","isPartOf":{"@id":"https:\/\/axiomtsp.com\/fr\/#website"},"primaryImageOfPage":{"@id":"https:\/\/axiomtsp.com\/fr\/produit\/masking-tape-blue\/#primaryimage"},"image":{"@id":"https:\/\/axiomtsp.com\/fr\/produit\/masking-tape-blue\/#primaryimage"},"thumbnailUrl":"https:\/\/axiomtsp.com\/wp-cms\/wp-content\/uploads\/2022\/05\/Masking-Tape-Blue-scaled.jpg","datePublished":"2022-05-19T15:39:44+00:00","dateModified":"2024-03-12T16:19:49+00:00","description":"Ce ruban de masquage haute performance est con\u00e7u pour conserver sa puissance adh\u00e9sive et se retirera proprement de la plupart des surfaces pendant jusqu'\u00e0 21 jours.","breadcrumb":{"@id":"https:\/\/axiomtsp.com\/fr\/produit\/masking-tape-blue\/#breadcrumb"},"inLanguage":"fr-FR","potentialAction":[{"@type":"ReadAction","target":["https:\/\/axiomtsp.com\/fr\/produit\/masking-tape-blue\/"]}]},{"@type":"ImageObject","inLanguage":"fr-FR","@id":"https:\/\/axiomtsp.com\/fr\/produit\/masking-tape-blue\/#primaryimage","url":"https:\/\/axiomtsp.com\/wp-cms\/wp-content\/uploads\/2022\/05\/Masking-Tape-Blue-scaled.jpg","contentUrl":"https:\/\/axiomtsp.com\/wp-cms\/wp-content\/uploads\/2022\/05\/Masking-Tape-Blue-scaled.jpg","width":2560,"height":2560},{"@type":"BreadcrumbList","@id":"https:\/\/axiomtsp.com\/fr\/produit\/masking-tape-blue\/#breadcrumb","itemListElement":[{"@type":"ListItem","position":1,"name":"Home","item":"https:\/\/axiomtsp.com\/fr\/"},{"@type":"ListItem","position":2,"name":"Boutique","item":"https:\/\/axiomtsp.com\/boutique\/?lang=fr"},{"@type":"ListItem","position":3,"name":"MASKING TAPE &#8211; BLUE"}]},{"@type":"WebSite","@id":"https:\/\/axiomtsp.com\/fr\/#website","url":"https:\/\/axiomtsp.com\/fr\/","name":"Axiom | Temporary Surface Protection","description":"We stock the largest range of Temporary Surface Protection products in Canada. We help you choose the best solution for your project to ensure that you save time and money, avoid disruption to your construction schedule, maximize profitability on your projects, and prevent damage to your reputation.","potentialAction":[{"@type":"SearchAction","target":{"@type":"EntryPoint","urlTemplate":"https:\/\/axiomtsp.com\/fr\/?s={search_term_string}"},"query-input":{"@type":"PropertyValueSpecification","valueRequired":true,"valueName":"search_term_string"}}],"inLanguage":"fr-FR"}]}},"_links":{"self":[{"href":"https:\/\/axiomtsp.com\/fr\/wp-json\/wp\/v2\/product\/5074","targetHints":{"allow":["GET"]}}],"collection":[{"href":"https:\/\/axiomtsp.com\/fr\/wp-json\/wp\/v2\/product"}],"about":[{"href":"https:\/\/axiomtsp.com\/fr\/wp-json\/wp\/v2\/types\/product"}],"replies":[{"embeddable":true,"href":"https:\/\/axiomtsp.com\/fr\/wp-json\/wp\/v2\/comments?post=5074"}],"wp:featuredmedia":[{"embeddable":true,"href":"https:\/\/axiomtsp.com\/fr\/wp-json\/wp\/v2\/media\/8117"}],"wp:attachment":[{"href":"https:\/\/axiomtsp.com\/fr\/wp-json\/wp\/v2\/media?parent=5074"}],"wp:term":[{"taxonomy":"product_brand","embeddable":true,"href":"https:\/\/axiomtsp.com\/fr\/wp-json\/wp\/v2\/product_brand?post=5074"},{"taxonomy":"product_cat","embeddable":true,"href":"https:\/\/axiomtsp.com\/fr\/wp-json\/wp\/v2\/product_cat?post=5074"},{"taxonomy":"product_tag","embeddable":true,"href":"https:\/\/axiomtsp.com\/fr\/wp-json\/wp\/v2\/product_tag?post=5074"}],"curies":[{"name":"wp","href":"https:\/\/api.w.org\/{rel}","templated":true}]}}