{"id":5066,"date":"2022-05-19T15:39:44","date_gmt":"2022-05-19T15:39:44","guid":{"rendered":"https:\/\/axiomtsp.com\/product\/zipwall-dust-barrier-toolkit\/"},"modified":"2024-03-13T12:58:56","modified_gmt":"2024-03-13T12:58:56","slug":"zipwall-dust-barrier-toolkit","status":"publish","type":"product","link":"https:\/\/axiomtsp.com\/fr\/produit\/zipwall-dust-barrier-toolkit\/","title":{"rendered":"ZIPWALL DUST BARRIER TOOLKIT"},"content":{"rendered":"<p>Arrivez au chantier pr\u00eats \u00e0 installer une barri\u00e8re anti-poussi\u00e8re en quelques minutes. Ce kit inclut tout ce dont vous avez besoin pour cr\u00e9er une barri\u00e8re anti-poussi\u00e8re jusqu\u2019\u00e0 16 pieds de large et la sceller des quatre c\u00f4t\u00e9s. La bo\u00eete \u00e0 outils ZipWall\u00ae Toolkit est remplie de produits qui \u00e9conomisent du temps, qui sont faciles \u00e0 utiliser et qui peuvent \u00eatre configur\u00e9s afin de r\u00e9soudre la plupart des besoins en barri\u00e8res anti-poussi\u00e8re. \u00c9conomisez de l\u2019argent avec l\u2019achat de ce ToolKit au lieu d\u2019acheter tous les produits s\u00e9par\u00e9ment.<\/p>\n","protected":false},"excerpt":{"rendered":"<p>Arrivez au chantier pr\u00eats \u00e0 installer une barri\u00e8re anti-poussi\u00e8re en quelques minutes. Ce kit inclut tout ce dont vous avez besoin pour cr\u00e9er une barri\u00e8re anti-poussi\u00e8re jusqu\u2019\u00e0 16 pieds de large et la sceller des quatre c\u00f4t\u00e9s. La bo\u00eete \u00e0 outils ZipWall\u00ae Toolkit est remplie de produits qui \u00e9conomisent du temps, qui sont faciles \u00e0 utiliser et qui peuvent \u00eatre configur\u00e9s afin de r\u00e9soudre la plupart des besoins en barri\u00e8res anti-poussi\u00e8re. \u00c9conomisez de l\u2019argent avec l\u2019achat de ce ToolKit au lieu d\u2019acheter tous les produits s\u00e9par\u00e9ment.<\/p>\n","protected":false},"featured_media":3922,"comment_status":"closed","ping_status":"closed","template":"","meta":{"_acf_changed":false},"product_brand":[],"product_cat":[149],"product_tag":[],"class_list":{"0":"post-5066","1":"product","2":"type-product","3":"status-publish","4":"has-post-thumbnail","6":"product_cat-controle-de-la-poussiere","8":"first","9":"instock","10":"taxable","11":"shipping-taxable","12":"purchasable","13":"product-type-variable"},"acf":[],"yoast_head":"<!-- This site is optimized with the Yoast SEO plugin v27.1.1 - https:\/\/yoast.com\/product\/yoast-seo-wordpress\/ -->\n<title>ZIPWALL DUST BARRIER TOOLKIT - Axiom | Temporary Surface Protection<\/title>\n<meta name=\"description\" content=\"Arrivez sur le chantier pr\u00eat \u00e0 installer une barri\u00e8re anti-poussi\u00e8re en quelques minutes. Tout ce dont vous avez besoin pour cr\u00e9er une barri\u00e8re anti-poussi\u00e8re jusqu&#039;\u00e0 16 pieds de large.\" \/>\n<meta name=\"robots\" content=\"index, follow, max-snippet:-1, max-image-preview:large, max-video-preview:-1\" \/>\n<link rel=\"canonical\" href=\"https:\/\/axiomtsp.com\/fr\/produit\/zipwall-dust-barrier-toolkit\/\" \/>\n<meta property=\"og:locale\" content=\"fr_FR\" \/>\n<meta property=\"og:type\" content=\"article\" \/>\n<meta property=\"og:title\" content=\"ZIPWALL DUST BARRIER TOOLKIT - Axiom | Temporary Surface Protection\" \/>\n<meta property=\"og:description\" content=\"Arrivez sur le chantier pr\u00eat \u00e0 installer une barri\u00e8re anti-poussi\u00e8re en quelques minutes. Tout ce dont vous avez besoin pour cr\u00e9er une barri\u00e8re anti-poussi\u00e8re jusqu&#039;\u00e0 16 pieds de large.\" \/>\n<meta property=\"og:url\" content=\"https:\/\/axiomtsp.com\/fr\/produit\/zipwall-dust-barrier-toolkit\/\" \/>\n<meta property=\"og:site_name\" content=\"Axiom | Temporary Surface Protection\" \/>\n<meta property=\"article:modified_time\" content=\"2024-03-13T12:58:56+00:00\" \/>\n<meta property=\"og:image\" content=\"https:\/\/axiomtsp.com\/wp-content\/uploads\/2022\/05\/fd5b5f_c6b9ed2a6bce4da2919802e3965a49eemv2.jpg\" \/>\n\t<meta property=\"og:image:width\" content=\"720\" \/>\n\t<meta property=\"og:image:height\" content=\"720\" \/>\n\t<meta property=\"og:image:type\" content=\"image\/jpeg\" \/>\n<meta name=\"twitter:card\" content=\"summary_large_image\" \/>\n<meta name=\"twitter:label1\" content=\"Dur\u00e9e de lecture estim\u00e9e\" \/>\n\t<meta name=\"twitter:data1\" content=\"1 minute\" \/>\n<script type=\"application\/ld+json\" class=\"yoast-schema-graph\">{\"@context\":\"https:\/\/schema.org\",\"@graph\":[{\"@type\":\"WebPage\",\"@id\":\"https:\/\/axiomtsp.com\/fr\/produit\/zipwall-dust-barrier-toolkit\/\",\"url\":\"https:\/\/axiomtsp.com\/fr\/produit\/zipwall-dust-barrier-toolkit\/\",\"name\":\"ZIPWALL DUST BARRIER TOOLKIT - Axiom | Temporary Surface Protection\",\"isPartOf\":{\"@id\":\"https:\/\/axiomtsp.com\/fr\/#website\"},\"primaryImageOfPage\":{\"@id\":\"https:\/\/axiomtsp.com\/fr\/produit\/zipwall-dust-barrier-toolkit\/#primaryimage\"},\"image\":{\"@id\":\"https:\/\/axiomtsp.com\/fr\/produit\/zipwall-dust-barrier-toolkit\/#primaryimage\"},\"thumbnailUrl\":\"https:\/\/axiomtsp.com\/wp-cms\/wp-content\/uploads\/2022\/05\/fd5b5f_c6b9ed2a6bce4da2919802e3965a49eemv2.jpg\",\"datePublished\":\"2022-05-19T15:39:44+00:00\",\"dateModified\":\"2024-03-13T12:58:56+00:00\",\"description\":\"Arrivez sur le chantier pr\u00eat \u00e0 installer une barri\u00e8re anti-poussi\u00e8re en quelques minutes. Tout ce dont vous avez besoin pour cr\u00e9er une barri\u00e8re anti-poussi\u00e8re jusqu'\u00e0 16 pieds de large.\",\"breadcrumb\":{\"@id\":\"https:\/\/axiomtsp.com\/fr\/produit\/zipwall-dust-barrier-toolkit\/#breadcrumb\"},\"inLanguage\":\"fr-FR\",\"potentialAction\":[{\"@type\":\"ReadAction\",\"target\":[\"https:\/\/axiomtsp.com\/fr\/produit\/zipwall-dust-barrier-toolkit\/\"]}]},{\"@type\":\"ImageObject\",\"inLanguage\":\"fr-FR\",\"@id\":\"https:\/\/axiomtsp.com\/fr\/produit\/zipwall-dust-barrier-toolkit\/#primaryimage\",\"url\":\"https:\/\/axiomtsp.com\/wp-cms\/wp-content\/uploads\/2022\/05\/fd5b5f_c6b9ed2a6bce4da2919802e3965a49eemv2.jpg\",\"contentUrl\":\"https:\/\/axiomtsp.com\/wp-cms\/wp-content\/uploads\/2022\/05\/fd5b5f_c6b9ed2a6bce4da2919802e3965a49eemv2.jpg\",\"width\":720,\"height\":720},{\"@type\":\"BreadcrumbList\",\"@id\":\"https:\/\/axiomtsp.com\/fr\/produit\/zipwall-dust-barrier-toolkit\/#breadcrumb\",\"itemListElement\":[{\"@type\":\"ListItem\",\"position\":1,\"name\":\"Home\",\"item\":\"https:\/\/axiomtsp.com\/fr\/\"},{\"@type\":\"ListItem\",\"position\":2,\"name\":\"Boutique\",\"item\":\"https:\/\/axiomtsp.com\/boutique\/?lang=fr\"},{\"@type\":\"ListItem\",\"position\":3,\"name\":\"ZIPWALL DUST BARRIER TOOLKIT\"}]},{\"@type\":\"WebSite\",\"@id\":\"https:\/\/axiomtsp.com\/fr\/#website\",\"url\":\"https:\/\/axiomtsp.com\/fr\/\",\"name\":\"Axiom | Temporary Surface Protection\",\"description\":\"We stock the largest range of Temporary Surface Protection products in Canada. We help you choose the best solution for your project to ensure that you save time and money, avoid disruption to your construction schedule, maximize profitability on your projects, and prevent damage to your reputation.\",\"potentialAction\":[{\"@type\":\"SearchAction\",\"target\":{\"@type\":\"EntryPoint\",\"urlTemplate\":\"https:\/\/axiomtsp.com\/fr\/?s={search_term_string}\"},\"query-input\":{\"@type\":\"PropertyValueSpecification\",\"valueRequired\":true,\"valueName\":\"search_term_string\"}}],\"inLanguage\":\"fr-FR\"}]}<\/script>\n<!-- \/ Yoast SEO plugin. -->","yoast_head_json":{"title":"ZIPWALL DUST BARRIER TOOLKIT - Axiom | Temporary Surface Protection","description":"Arrivez sur le chantier pr\u00eat \u00e0 installer une barri\u00e8re anti-poussi\u00e8re en quelques minutes. Tout ce dont vous avez besoin pour cr\u00e9er une barri\u00e8re anti-poussi\u00e8re jusqu'\u00e0 16 pieds de large.","robots":{"index":"index","follow":"follow","max-snippet":"max-snippet:-1","max-image-preview":"max-image-preview:large","max-video-preview":"max-video-preview:-1"},"canonical":"https:\/\/axiomtsp.com\/fr\/produit\/zipwall-dust-barrier-toolkit\/","og_locale":"fr_FR","og_type":"article","og_title":"ZIPWALL DUST BARRIER TOOLKIT - Axiom | Temporary Surface Protection","og_description":"Arrivez sur le chantier pr\u00eat \u00e0 installer une barri\u00e8re anti-poussi\u00e8re en quelques minutes. Tout ce dont vous avez besoin pour cr\u00e9er une barri\u00e8re anti-poussi\u00e8re jusqu'\u00e0 16 pieds de large.","og_url":"https:\/\/axiomtsp.com\/fr\/produit\/zipwall-dust-barrier-toolkit\/","og_site_name":"Axiom | Temporary Surface Protection","article_modified_time":"2024-03-13T12:58:56+00:00","og_image":[{"width":720,"height":720,"url":"https:\/\/axiomtsp.com\/wp-content\/uploads\/2022\/05\/fd5b5f_c6b9ed2a6bce4da2919802e3965a49eemv2.jpg","type":"image\/jpeg"}],"twitter_card":"summary_large_image","twitter_misc":{"Dur\u00e9e de lecture estim\u00e9e":"1 minute"},"schema":{"@context":"https:\/\/schema.org","@graph":[{"@type":"WebPage","@id":"https:\/\/axiomtsp.com\/fr\/produit\/zipwall-dust-barrier-toolkit\/","url":"https:\/\/axiomtsp.com\/fr\/produit\/zipwall-dust-barrier-toolkit\/","name":"ZIPWALL DUST BARRIER TOOLKIT - Axiom | Temporary Surface Protection","isPartOf":{"@id":"https:\/\/axiomtsp.com\/fr\/#website"},"primaryImageOfPage":{"@id":"https:\/\/axiomtsp.com\/fr\/produit\/zipwall-dust-barrier-toolkit\/#primaryimage"},"image":{"@id":"https:\/\/axiomtsp.com\/fr\/produit\/zipwall-dust-barrier-toolkit\/#primaryimage"},"thumbnailUrl":"https:\/\/axiomtsp.com\/wp-cms\/wp-content\/uploads\/2022\/05\/fd5b5f_c6b9ed2a6bce4da2919802e3965a49eemv2.jpg","datePublished":"2022-05-19T15:39:44+00:00","dateModified":"2024-03-13T12:58:56+00:00","description":"Arrivez sur le chantier pr\u00eat \u00e0 installer une barri\u00e8re anti-poussi\u00e8re en quelques minutes. Tout ce dont vous avez besoin pour cr\u00e9er une barri\u00e8re anti-poussi\u00e8re jusqu'\u00e0 16 pieds de large.","breadcrumb":{"@id":"https:\/\/axiomtsp.com\/fr\/produit\/zipwall-dust-barrier-toolkit\/#breadcrumb"},"inLanguage":"fr-FR","potentialAction":[{"@type":"ReadAction","target":["https:\/\/axiomtsp.com\/fr\/produit\/zipwall-dust-barrier-toolkit\/"]}]},{"@type":"ImageObject","inLanguage":"fr-FR","@id":"https:\/\/axiomtsp.com\/fr\/produit\/zipwall-dust-barrier-toolkit\/#primaryimage","url":"https:\/\/axiomtsp.com\/wp-cms\/wp-content\/uploads\/2022\/05\/fd5b5f_c6b9ed2a6bce4da2919802e3965a49eemv2.jpg","contentUrl":"https:\/\/axiomtsp.com\/wp-cms\/wp-content\/uploads\/2022\/05\/fd5b5f_c6b9ed2a6bce4da2919802e3965a49eemv2.jpg","width":720,"height":720},{"@type":"BreadcrumbList","@id":"https:\/\/axiomtsp.com\/fr\/produit\/zipwall-dust-barrier-toolkit\/#breadcrumb","itemListElement":[{"@type":"ListItem","position":1,"name":"Home","item":"https:\/\/axiomtsp.com\/fr\/"},{"@type":"ListItem","position":2,"name":"Boutique","item":"https:\/\/axiomtsp.com\/boutique\/?lang=fr"},{"@type":"ListItem","position":3,"name":"ZIPWALL DUST BARRIER TOOLKIT"}]},{"@type":"WebSite","@id":"https:\/\/axiomtsp.com\/fr\/#website","url":"https:\/\/axiomtsp.com\/fr\/","name":"Axiom | Temporary Surface Protection","description":"We stock the largest range of Temporary Surface Protection products in Canada. We help you choose the best solution for your project to ensure that you save time and money, avoid disruption to your construction schedule, maximize profitability on your projects, and prevent damage to your reputation.","potentialAction":[{"@type":"SearchAction","target":{"@type":"EntryPoint","urlTemplate":"https:\/\/axiomtsp.com\/fr\/?s={search_term_string}"},"query-input":{"@type":"PropertyValueSpecification","valueRequired":true,"valueName":"search_term_string"}}],"inLanguage":"fr-FR"}]}},"_links":{"self":[{"href":"https:\/\/axiomtsp.com\/fr\/wp-json\/wp\/v2\/product\/5066","targetHints":{"allow":["GET"]}}],"collection":[{"href":"https:\/\/axiomtsp.com\/fr\/wp-json\/wp\/v2\/product"}],"about":[{"href":"https:\/\/axiomtsp.com\/fr\/wp-json\/wp\/v2\/types\/product"}],"replies":[{"embeddable":true,"href":"https:\/\/axiomtsp.com\/fr\/wp-json\/wp\/v2\/comments?post=5066"}],"wp:featuredmedia":[{"embeddable":true,"href":"https:\/\/axiomtsp.com\/fr\/wp-json\/wp\/v2\/media\/3922"}],"wp:attachment":[{"href":"https:\/\/axiomtsp.com\/fr\/wp-json\/wp\/v2\/media?parent=5066"}],"wp:term":[{"taxonomy":"product_brand","embeddable":true,"href":"https:\/\/axiomtsp.com\/fr\/wp-json\/wp\/v2\/product_brand?post=5066"},{"taxonomy":"product_cat","embeddable":true,"href":"https:\/\/axiomtsp.com\/fr\/wp-json\/wp\/v2\/product_cat?post=5066"},{"taxonomy":"product_tag","embeddable":true,"href":"https:\/\/axiomtsp.com\/fr\/wp-json\/wp\/v2\/product_tag?post=5066"}],"curies":[{"name":"wp","href":"https:\/\/api.w.org\/{rel}","templated":true}]}}