{"id":5064,"date":"2022-05-19T15:39:44","date_gmt":"2022-05-19T15:39:44","guid":{"rendered":"https:\/\/axiomtsp.com\/product\/bathtub-protection-liner\/"},"modified":"2024-03-22T10:25:55","modified_gmt":"2024-03-22T10:25:55","slug":"bathtub-protection-liner","status":"publish","type":"product","link":"https:\/\/axiomtsp.com\/fr\/produit\/bathtub-protection-liner\/","title":{"rendered":"BATHTUB PROTECTION LINER"},"content":{"rendered":"<p>Les Bathtub Protection Liners sont fabriqu\u00e9s avec du plastique semiflexible pour fournir une protection durable aux baignoires pendant la construction et les r\u00e9novations. Ils viennent emball\u00e9s \u00e0 plat, et ils s\u2019agrandissent pour s\u2019adapter au style de baignoire standard de 14 \u00e0 16 pouces de profondeur en les enfon\u00e7ant dans le fond de la baignoire.<\/p>\n<p>Souvent utilis\u00e9 avec le produit <a href=\"https:\/\/axiomtsp.com\/produit\/armour-multi-use-protection-tape\/?lang=fr\">Armour Multi-Use Protection Tape<\/a> ou <a href=\"https:\/\/axiomtsp.com\/produit\/armour-tape\/?lang=fr\">Armour Tape.<\/a><\/p>\n","protected":false},"excerpt":{"rendered":"<p>Les Bathtub Protection Liners sont fabriqu\u00e9s avec du plastique semiflexible pour fournir une protection durable aux baignoires pendant la construction et les r\u00e9novations. Ils viennent emball\u00e9s \u00e0 plat, et ils s\u2019agrandissent pour s\u2019adapter au style de baignoire standard de 14 \u00e0 16 pouces de profondeur en les enfon\u00e7ant dans le fond de la baignoire.<\/p>\n<p>Souvent utilis\u00e9 avec le produit Armour Multi-Use Protection Tape ou <a href=\"https:\/\/axiomtsp.com\/produit\/armour-tape\/?lang=fr\">Armour Tape.<\/a><\/p>\n","protected":false},"featured_media":3919,"comment_status":"closed","ping_status":"closed","template":"","meta":{"_acf_changed":false},"product_brand":[],"product_cat":[281],"product_tag":[],"class_list":{"0":"post-5064","1":"product","2":"type-product","3":"status-publish","4":"has-post-thumbnail","6":"product_cat-bathtub-shower-protection-fr","8":"first","9":"instock","10":"taxable","11":"shipping-taxable","12":"purchasable","13":"product-type-variable"},"acf":[],"yoast_head":"<!-- This site is optimized with the Yoast SEO plugin v27.1.1 - https:\/\/yoast.com\/product\/yoast-seo-wordpress\/ -->\n<title>BATHTUB PROTECTION LINER - Axiom | Temporary Surface Protection<\/title>\n<meta name=\"description\" content=\"Bathtub Protection Liners sont fabriqu\u00e9es en plastique semi-flexible pour offrir une protection durable de la baignoire pendant la construction et les r\u00e9novations\" \/>\n<meta name=\"robots\" content=\"index, follow, max-snippet:-1, max-image-preview:large, max-video-preview:-1\" \/>\n<link rel=\"canonical\" href=\"https:\/\/axiomtsp.com\/fr\/produit\/bathtub-protection-liner\/\" \/>\n<meta property=\"og:locale\" content=\"fr_FR\" \/>\n<meta property=\"og:type\" content=\"article\" \/>\n<meta property=\"og:title\" content=\"BATHTUB PROTECTION LINER - Axiom | Temporary Surface Protection\" \/>\n<meta property=\"og:description\" content=\"Bathtub Protection Liners sont fabriqu\u00e9es en plastique semi-flexible pour offrir une protection durable de la baignoire pendant la construction et les r\u00e9novations\" \/>\n<meta property=\"og:url\" content=\"https:\/\/axiomtsp.com\/fr\/produit\/bathtub-protection-liner\/\" \/>\n<meta property=\"og:site_name\" content=\"Axiom | Temporary Surface Protection\" \/>\n<meta property=\"article:modified_time\" content=\"2024-03-22T10:25:55+00:00\" \/>\n<meta property=\"og:image\" content=\"https:\/\/axiomtsp.com\/wp-cms\/wp-content\/uploads\/2022\/05\/fd5b5f_8a64da36ba2c4b7d8d86cbb1cc526ff0mv2.jpg\" \/>\n\t<meta property=\"og:image:width\" content=\"720\" \/>\n\t<meta property=\"og:image:height\" content=\"720\" \/>\n\t<meta property=\"og:image:type\" content=\"image\/jpeg\" \/>\n<meta name=\"twitter:card\" content=\"summary_large_image\" \/>\n<meta name=\"twitter:label1\" content=\"Dur\u00e9e de lecture estim\u00e9e\" \/>\n\t<meta name=\"twitter:data1\" content=\"1 minute\" \/>\n<script type=\"application\/ld+json\" class=\"yoast-schema-graph\">{\"@context\":\"https:\/\/schema.org\",\"@graph\":[{\"@type\":\"WebPage\",\"@id\":\"https:\/\/axiomtsp.com\/fr\/produit\/bathtub-protection-liner\/\",\"url\":\"https:\/\/axiomtsp.com\/fr\/produit\/bathtub-protection-liner\/\",\"name\":\"BATHTUB PROTECTION LINER - Axiom | Temporary Surface Protection\",\"isPartOf\":{\"@id\":\"https:\/\/axiomtsp.com\/fr\/#website\"},\"primaryImageOfPage\":{\"@id\":\"https:\/\/axiomtsp.com\/fr\/produit\/bathtub-protection-liner\/#primaryimage\"},\"image\":{\"@id\":\"https:\/\/axiomtsp.com\/fr\/produit\/bathtub-protection-liner\/#primaryimage\"},\"thumbnailUrl\":\"https:\/\/axiomtsp.com\/wp-cms\/wp-content\/uploads\/2022\/05\/fd5b5f_8a64da36ba2c4b7d8d86cbb1cc526ff0mv2.jpg\",\"datePublished\":\"2022-05-19T15:39:44+00:00\",\"dateModified\":\"2024-03-22T10:25:55+00:00\",\"description\":\"Bathtub Protection Liners sont fabriqu\u00e9es en plastique semi-flexible pour offrir une protection durable de la baignoire pendant la construction et les r\u00e9novations\",\"breadcrumb\":{\"@id\":\"https:\/\/axiomtsp.com\/fr\/produit\/bathtub-protection-liner\/#breadcrumb\"},\"inLanguage\":\"fr-FR\",\"potentialAction\":[{\"@type\":\"ReadAction\",\"target\":[\"https:\/\/axiomtsp.com\/fr\/produit\/bathtub-protection-liner\/\"]}]},{\"@type\":\"ImageObject\",\"inLanguage\":\"fr-FR\",\"@id\":\"https:\/\/axiomtsp.com\/fr\/produit\/bathtub-protection-liner\/#primaryimage\",\"url\":\"https:\/\/axiomtsp.com\/wp-cms\/wp-content\/uploads\/2022\/05\/fd5b5f_8a64da36ba2c4b7d8d86cbb1cc526ff0mv2.jpg\",\"contentUrl\":\"https:\/\/axiomtsp.com\/wp-cms\/wp-content\/uploads\/2022\/05\/fd5b5f_8a64da36ba2c4b7d8d86cbb1cc526ff0mv2.jpg\",\"width\":720,\"height\":720},{\"@type\":\"BreadcrumbList\",\"@id\":\"https:\/\/axiomtsp.com\/fr\/produit\/bathtub-protection-liner\/#breadcrumb\",\"itemListElement\":[{\"@type\":\"ListItem\",\"position\":1,\"name\":\"Home\",\"item\":\"https:\/\/axiomtsp.com\/fr\/\"},{\"@type\":\"ListItem\",\"position\":2,\"name\":\"Boutique\",\"item\":\"https:\/\/axiomtsp.com\/boutique\/?lang=fr\"},{\"@type\":\"ListItem\",\"position\":3,\"name\":\"BATHTUB PROTECTION LINER\"}]},{\"@type\":\"WebSite\",\"@id\":\"https:\/\/axiomtsp.com\/fr\/#website\",\"url\":\"https:\/\/axiomtsp.com\/fr\/\",\"name\":\"Axiom | Temporary Surface Protection\",\"description\":\"We stock the largest range of Temporary Surface Protection products in Canada. We help you choose the best solution for your project to ensure that you save time and money, avoid disruption to your construction schedule, maximize profitability on your projects, and prevent damage to your reputation.\",\"potentialAction\":[{\"@type\":\"SearchAction\",\"target\":{\"@type\":\"EntryPoint\",\"urlTemplate\":\"https:\/\/axiomtsp.com\/fr\/?s={search_term_string}\"},\"query-input\":{\"@type\":\"PropertyValueSpecification\",\"valueRequired\":true,\"valueName\":\"search_term_string\"}}],\"inLanguage\":\"fr-FR\"}]}<\/script>\n<!-- \/ Yoast SEO plugin. -->","yoast_head_json":{"title":"BATHTUB PROTECTION LINER - Axiom | Temporary Surface Protection","description":"Bathtub Protection Liners sont fabriqu\u00e9es en plastique semi-flexible pour offrir une protection durable de la baignoire pendant la construction et les r\u00e9novations","robots":{"index":"index","follow":"follow","max-snippet":"max-snippet:-1","max-image-preview":"max-image-preview:large","max-video-preview":"max-video-preview:-1"},"canonical":"https:\/\/axiomtsp.com\/fr\/produit\/bathtub-protection-liner\/","og_locale":"fr_FR","og_type":"article","og_title":"BATHTUB PROTECTION LINER - Axiom | Temporary Surface Protection","og_description":"Bathtub Protection Liners sont fabriqu\u00e9es en plastique semi-flexible pour offrir une protection durable de la baignoire pendant la construction et les r\u00e9novations","og_url":"https:\/\/axiomtsp.com\/fr\/produit\/bathtub-protection-liner\/","og_site_name":"Axiom | Temporary Surface Protection","article_modified_time":"2024-03-22T10:25:55+00:00","og_image":[{"width":720,"height":720,"url":"https:\/\/axiomtsp.com\/wp-cms\/wp-content\/uploads\/2022\/05\/fd5b5f_8a64da36ba2c4b7d8d86cbb1cc526ff0mv2.jpg","type":"image\/jpeg"}],"twitter_card":"summary_large_image","twitter_misc":{"Dur\u00e9e de lecture estim\u00e9e":"1 minute"},"schema":{"@context":"https:\/\/schema.org","@graph":[{"@type":"WebPage","@id":"https:\/\/axiomtsp.com\/fr\/produit\/bathtub-protection-liner\/","url":"https:\/\/axiomtsp.com\/fr\/produit\/bathtub-protection-liner\/","name":"BATHTUB PROTECTION LINER - Axiom | Temporary Surface Protection","isPartOf":{"@id":"https:\/\/axiomtsp.com\/fr\/#website"},"primaryImageOfPage":{"@id":"https:\/\/axiomtsp.com\/fr\/produit\/bathtub-protection-liner\/#primaryimage"},"image":{"@id":"https:\/\/axiomtsp.com\/fr\/produit\/bathtub-protection-liner\/#primaryimage"},"thumbnailUrl":"https:\/\/axiomtsp.com\/wp-cms\/wp-content\/uploads\/2022\/05\/fd5b5f_8a64da36ba2c4b7d8d86cbb1cc526ff0mv2.jpg","datePublished":"2022-05-19T15:39:44+00:00","dateModified":"2024-03-22T10:25:55+00:00","description":"Bathtub Protection Liners sont fabriqu\u00e9es en plastique semi-flexible pour offrir une protection durable de la baignoire pendant la construction et les r\u00e9novations","breadcrumb":{"@id":"https:\/\/axiomtsp.com\/fr\/produit\/bathtub-protection-liner\/#breadcrumb"},"inLanguage":"fr-FR","potentialAction":[{"@type":"ReadAction","target":["https:\/\/axiomtsp.com\/fr\/produit\/bathtub-protection-liner\/"]}]},{"@type":"ImageObject","inLanguage":"fr-FR","@id":"https:\/\/axiomtsp.com\/fr\/produit\/bathtub-protection-liner\/#primaryimage","url":"https:\/\/axiomtsp.com\/wp-cms\/wp-content\/uploads\/2022\/05\/fd5b5f_8a64da36ba2c4b7d8d86cbb1cc526ff0mv2.jpg","contentUrl":"https:\/\/axiomtsp.com\/wp-cms\/wp-content\/uploads\/2022\/05\/fd5b5f_8a64da36ba2c4b7d8d86cbb1cc526ff0mv2.jpg","width":720,"height":720},{"@type":"BreadcrumbList","@id":"https:\/\/axiomtsp.com\/fr\/produit\/bathtub-protection-liner\/#breadcrumb","itemListElement":[{"@type":"ListItem","position":1,"name":"Home","item":"https:\/\/axiomtsp.com\/fr\/"},{"@type":"ListItem","position":2,"name":"Boutique","item":"https:\/\/axiomtsp.com\/boutique\/?lang=fr"},{"@type":"ListItem","position":3,"name":"BATHTUB PROTECTION LINER"}]},{"@type":"WebSite","@id":"https:\/\/axiomtsp.com\/fr\/#website","url":"https:\/\/axiomtsp.com\/fr\/","name":"Axiom | Temporary Surface Protection","description":"We stock the largest range of Temporary Surface Protection products in Canada. We help you choose the best solution for your project to ensure that you save time and money, avoid disruption to your construction schedule, maximize profitability on your projects, and prevent damage to your reputation.","potentialAction":[{"@type":"SearchAction","target":{"@type":"EntryPoint","urlTemplate":"https:\/\/axiomtsp.com\/fr\/?s={search_term_string}"},"query-input":{"@type":"PropertyValueSpecification","valueRequired":true,"valueName":"search_term_string"}}],"inLanguage":"fr-FR"}]}},"_links":{"self":[{"href":"https:\/\/axiomtsp.com\/fr\/wp-json\/wp\/v2\/product\/5064","targetHints":{"allow":["GET"]}}],"collection":[{"href":"https:\/\/axiomtsp.com\/fr\/wp-json\/wp\/v2\/product"}],"about":[{"href":"https:\/\/axiomtsp.com\/fr\/wp-json\/wp\/v2\/types\/product"}],"replies":[{"embeddable":true,"href":"https:\/\/axiomtsp.com\/fr\/wp-json\/wp\/v2\/comments?post=5064"}],"wp:featuredmedia":[{"embeddable":true,"href":"https:\/\/axiomtsp.com\/fr\/wp-json\/wp\/v2\/media\/3919"}],"wp:attachment":[{"href":"https:\/\/axiomtsp.com\/fr\/wp-json\/wp\/v2\/media?parent=5064"}],"wp:term":[{"taxonomy":"product_brand","embeddable":true,"href":"https:\/\/axiomtsp.com\/fr\/wp-json\/wp\/v2\/product_brand?post=5064"},{"taxonomy":"product_cat","embeddable":true,"href":"https:\/\/axiomtsp.com\/fr\/wp-json\/wp\/v2\/product_cat?post=5064"},{"taxonomy":"product_tag","embeddable":true,"href":"https:\/\/axiomtsp.com\/fr\/wp-json\/wp\/v2\/product_tag?post=5064"}],"curies":[{"name":"wp","href":"https:\/\/api.w.org\/{rel}","templated":true}]}}