{"id":5062,"date":"2022-05-19T15:39:44","date_gmt":"2022-05-19T15:39:44","guid":{"rendered":"https:\/\/axiomtsp.com\/product\/seam-tape-dispenser\/"},"modified":"2024-03-13T13:55:06","modified_gmt":"2024-03-13T13:55:06","slug":"seam-tape-dispenser","status":"publish","type":"product","link":"https:\/\/axiomtsp.com\/fr\/produit\/seam-tape-dispenser\/","title":{"rendered":"SEAM TAPE DISPENSER"},"content":{"rendered":"<p>Le Seam Tape Dispenser a \u00e9t\u00e9 con\u00e7u pour rouler sans difficult\u00e9 et avec pr\u00e9cision lors de l\u2019utilisation de rubans adh\u00e9sifs pour joindre vos produits de protection temporaire des planchers. Cet outil rend votre travail beaucoup plus rapide, facile et efficace, et diminue la probabilit\u00e9 de blessures au dos en \u00e9liminant le besoin de vous pencher pour appliquer le ruban \u00e0 la main. Il est universel et fonctionne avec toute taille de rouleau de ruban adh\u00e9sif jusqu\u2019\u00e0 4,5pouces de large et de dimension standard.<\/p>\n","protected":false},"excerpt":{"rendered":"<p>Le Seam Tape Dispenser a \u00e9t\u00e9 con\u00e7u pour rouler sans difficult\u00e9 et avec pr\u00e9cision lors de l\u2019utilisation de rubans adh\u00e9sifs pour joindre vos produits de protection temporaire des planchers. Cet outil rend votre travail beaucoup plus rapide, facile et efficace, et diminue la probabilit\u00e9 de blessures au dos en \u00e9liminant le besoin de vous pencher pour appliquer le ruban \u00e0 la main. Il est universel et fonctionne avec toute taille de rouleau de ruban adh\u00e9sif jusqu\u2019\u00e0 4,5pouces de large et de dimension standard.<\/p>\n","protected":false},"featured_media":8205,"comment_status":"closed","ping_status":"closed","template":"","meta":{"_acf_changed":false},"product_brand":[],"product_cat":[184],"product_tag":[],"class_list":{"0":"post-5062","1":"product","2":"type-product","3":"status-publish","4":"has-post-thumbnail","6":"product_cat-outils-dinstallation","8":"first","9":"instock","10":"taxable","11":"shipping-taxable","12":"purchasable","13":"product-type-variable"},"acf":[],"yoast_head":"<!-- This site is optimized with the Yoast SEO plugin v27.1.1 - https:\/\/yoast.com\/product\/yoast-seo-wordpress\/ -->\n<title>SEAM TAPE DISPENSER - Axiom | Temporary Surface Protection<\/title>\n<meta name=\"description\" content=\"The Seam Tape Dispenser\u00a0a \u00e9t\u00e9 con\u00e7u pour rouler en douceur et appliquer pr\u00e9cis\u00e9ment du ruban adh\u00e9sif sur les joints de votre protection temporaire de sol.\" \/>\n<meta name=\"robots\" content=\"index, follow, max-snippet:-1, max-image-preview:large, max-video-preview:-1\" \/>\n<link rel=\"canonical\" href=\"https:\/\/axiomtsp.com\/fr\/produit\/seam-tape-dispenser\/\" \/>\n<meta property=\"og:locale\" content=\"fr_FR\" \/>\n<meta property=\"og:type\" content=\"article\" \/>\n<meta property=\"og:title\" content=\"SEAM TAPE DISPENSER - Axiom | Temporary Surface Protection\" \/>\n<meta property=\"og:description\" content=\"The Seam Tape Dispenser\u00a0a \u00e9t\u00e9 con\u00e7u pour rouler en douceur et appliquer pr\u00e9cis\u00e9ment du ruban adh\u00e9sif sur les joints de votre protection temporaire de sol.\" \/>\n<meta property=\"og:url\" content=\"https:\/\/axiomtsp.com\/fr\/produit\/seam-tape-dispenser\/\" \/>\n<meta property=\"og:site_name\" content=\"Axiom | Temporary Surface Protection\" \/>\n<meta property=\"article:modified_time\" content=\"2024-03-13T13:55:06+00:00\" \/>\n<meta property=\"og:image\" content=\"https:\/\/axiomtsp.com\/wp-content\/uploads\/2022\/05\/Armour-Floor-Tape-Dispenser.jpg\" \/>\n\t<meta property=\"og:image:width\" content=\"720\" \/>\n\t<meta property=\"og:image:height\" content=\"720\" \/>\n\t<meta property=\"og:image:type\" content=\"image\/jpeg\" \/>\n<meta name=\"twitter:card\" content=\"summary_large_image\" \/>\n<meta name=\"twitter:label1\" content=\"Dur\u00e9e de lecture estim\u00e9e\" \/>\n\t<meta name=\"twitter:data1\" content=\"1 minute\" \/>\n<script type=\"application\/ld+json\" class=\"yoast-schema-graph\">{\"@context\":\"https:\/\/schema.org\",\"@graph\":[{\"@type\":\"WebPage\",\"@id\":\"https:\/\/axiomtsp.com\/fr\/produit\/seam-tape-dispenser\/\",\"url\":\"https:\/\/axiomtsp.com\/fr\/produit\/seam-tape-dispenser\/\",\"name\":\"SEAM TAPE DISPENSER - Axiom | Temporary Surface Protection\",\"isPartOf\":{\"@id\":\"https:\/\/axiomtsp.com\/fr\/#website\"},\"primaryImageOfPage\":{\"@id\":\"https:\/\/axiomtsp.com\/fr\/produit\/seam-tape-dispenser\/#primaryimage\"},\"image\":{\"@id\":\"https:\/\/axiomtsp.com\/fr\/produit\/seam-tape-dispenser\/#primaryimage\"},\"thumbnailUrl\":\"https:\/\/axiomtsp.com\/wp-cms\/wp-content\/uploads\/2022\/05\/Armour-Floor-Tape-Dispenser-1-scaled.jpg\",\"datePublished\":\"2022-05-19T15:39:44+00:00\",\"dateModified\":\"2024-03-13T13:55:06+00:00\",\"description\":\"The Seam Tape Dispenser\u00a0a \u00e9t\u00e9 con\u00e7u pour rouler en douceur et appliquer pr\u00e9cis\u00e9ment du ruban adh\u00e9sif sur les joints de votre protection temporaire de sol.\",\"breadcrumb\":{\"@id\":\"https:\/\/axiomtsp.com\/fr\/produit\/seam-tape-dispenser\/#breadcrumb\"},\"inLanguage\":\"fr-FR\",\"potentialAction\":[{\"@type\":\"ReadAction\",\"target\":[\"https:\/\/axiomtsp.com\/fr\/produit\/seam-tape-dispenser\/\"]}]},{\"@type\":\"ImageObject\",\"inLanguage\":\"fr-FR\",\"@id\":\"https:\/\/axiomtsp.com\/fr\/produit\/seam-tape-dispenser\/#primaryimage\",\"url\":\"https:\/\/axiomtsp.com\/wp-cms\/wp-content\/uploads\/2022\/05\/Armour-Floor-Tape-Dispenser-1-scaled.jpg\",\"contentUrl\":\"https:\/\/axiomtsp.com\/wp-cms\/wp-content\/uploads\/2022\/05\/Armour-Floor-Tape-Dispenser-1-scaled.jpg\",\"width\":2560,\"height\":2560},{\"@type\":\"BreadcrumbList\",\"@id\":\"https:\/\/axiomtsp.com\/fr\/produit\/seam-tape-dispenser\/#breadcrumb\",\"itemListElement\":[{\"@type\":\"ListItem\",\"position\":1,\"name\":\"Home\",\"item\":\"https:\/\/axiomtsp.com\/fr\/\"},{\"@type\":\"ListItem\",\"position\":2,\"name\":\"Boutique\",\"item\":\"https:\/\/axiomtsp.com\/boutique\/?lang=fr\"},{\"@type\":\"ListItem\",\"position\":3,\"name\":\"SEAM TAPE DISPENSER\"}]},{\"@type\":\"WebSite\",\"@id\":\"https:\/\/axiomtsp.com\/fr\/#website\",\"url\":\"https:\/\/axiomtsp.com\/fr\/\",\"name\":\"Axiom | Temporary Surface Protection\",\"description\":\"We stock the largest range of Temporary Surface Protection products in Canada. We help you choose the best solution for your project to ensure that you save time and money, avoid disruption to your construction schedule, maximize profitability on your projects, and prevent damage to your reputation.\",\"potentialAction\":[{\"@type\":\"SearchAction\",\"target\":{\"@type\":\"EntryPoint\",\"urlTemplate\":\"https:\/\/axiomtsp.com\/fr\/?s={search_term_string}\"},\"query-input\":{\"@type\":\"PropertyValueSpecification\",\"valueRequired\":true,\"valueName\":\"search_term_string\"}}],\"inLanguage\":\"fr-FR\"}]}<\/script>\n<!-- \/ Yoast SEO plugin. -->","yoast_head_json":{"title":"SEAM TAPE DISPENSER - Axiom | Temporary Surface Protection","description":"The Seam Tape Dispenser\u00a0a \u00e9t\u00e9 con\u00e7u pour rouler en douceur et appliquer pr\u00e9cis\u00e9ment du ruban adh\u00e9sif sur les joints de votre protection temporaire de sol.","robots":{"index":"index","follow":"follow","max-snippet":"max-snippet:-1","max-image-preview":"max-image-preview:large","max-video-preview":"max-video-preview:-1"},"canonical":"https:\/\/axiomtsp.com\/fr\/produit\/seam-tape-dispenser\/","og_locale":"fr_FR","og_type":"article","og_title":"SEAM TAPE DISPENSER - Axiom | Temporary Surface Protection","og_description":"The Seam Tape Dispenser\u00a0a \u00e9t\u00e9 con\u00e7u pour rouler en douceur et appliquer pr\u00e9cis\u00e9ment du ruban adh\u00e9sif sur les joints de votre protection temporaire de sol.","og_url":"https:\/\/axiomtsp.com\/fr\/produit\/seam-tape-dispenser\/","og_site_name":"Axiom | Temporary Surface Protection","article_modified_time":"2024-03-13T13:55:06+00:00","og_image":[{"width":720,"height":720,"url":"https:\/\/axiomtsp.com\/wp-content\/uploads\/2022\/05\/Armour-Floor-Tape-Dispenser.jpg","type":"image\/jpeg"}],"twitter_card":"summary_large_image","twitter_misc":{"Dur\u00e9e de lecture estim\u00e9e":"1 minute"},"schema":{"@context":"https:\/\/schema.org","@graph":[{"@type":"WebPage","@id":"https:\/\/axiomtsp.com\/fr\/produit\/seam-tape-dispenser\/","url":"https:\/\/axiomtsp.com\/fr\/produit\/seam-tape-dispenser\/","name":"SEAM TAPE DISPENSER - Axiom | Temporary Surface Protection","isPartOf":{"@id":"https:\/\/axiomtsp.com\/fr\/#website"},"primaryImageOfPage":{"@id":"https:\/\/axiomtsp.com\/fr\/produit\/seam-tape-dispenser\/#primaryimage"},"image":{"@id":"https:\/\/axiomtsp.com\/fr\/produit\/seam-tape-dispenser\/#primaryimage"},"thumbnailUrl":"https:\/\/axiomtsp.com\/wp-cms\/wp-content\/uploads\/2022\/05\/Armour-Floor-Tape-Dispenser-1-scaled.jpg","datePublished":"2022-05-19T15:39:44+00:00","dateModified":"2024-03-13T13:55:06+00:00","description":"The Seam Tape Dispenser\u00a0a \u00e9t\u00e9 con\u00e7u pour rouler en douceur et appliquer pr\u00e9cis\u00e9ment du ruban adh\u00e9sif sur les joints de votre protection temporaire de sol.","breadcrumb":{"@id":"https:\/\/axiomtsp.com\/fr\/produit\/seam-tape-dispenser\/#breadcrumb"},"inLanguage":"fr-FR","potentialAction":[{"@type":"ReadAction","target":["https:\/\/axiomtsp.com\/fr\/produit\/seam-tape-dispenser\/"]}]},{"@type":"ImageObject","inLanguage":"fr-FR","@id":"https:\/\/axiomtsp.com\/fr\/produit\/seam-tape-dispenser\/#primaryimage","url":"https:\/\/axiomtsp.com\/wp-cms\/wp-content\/uploads\/2022\/05\/Armour-Floor-Tape-Dispenser-1-scaled.jpg","contentUrl":"https:\/\/axiomtsp.com\/wp-cms\/wp-content\/uploads\/2022\/05\/Armour-Floor-Tape-Dispenser-1-scaled.jpg","width":2560,"height":2560},{"@type":"BreadcrumbList","@id":"https:\/\/axiomtsp.com\/fr\/produit\/seam-tape-dispenser\/#breadcrumb","itemListElement":[{"@type":"ListItem","position":1,"name":"Home","item":"https:\/\/axiomtsp.com\/fr\/"},{"@type":"ListItem","position":2,"name":"Boutique","item":"https:\/\/axiomtsp.com\/boutique\/?lang=fr"},{"@type":"ListItem","position":3,"name":"SEAM TAPE DISPENSER"}]},{"@type":"WebSite","@id":"https:\/\/axiomtsp.com\/fr\/#website","url":"https:\/\/axiomtsp.com\/fr\/","name":"Axiom | Temporary Surface Protection","description":"We stock the largest range of Temporary Surface Protection products in Canada. We help you choose the best solution for your project to ensure that you save time and money, avoid disruption to your construction schedule, maximize profitability on your projects, and prevent damage to your reputation.","potentialAction":[{"@type":"SearchAction","target":{"@type":"EntryPoint","urlTemplate":"https:\/\/axiomtsp.com\/fr\/?s={search_term_string}"},"query-input":{"@type":"PropertyValueSpecification","valueRequired":true,"valueName":"search_term_string"}}],"inLanguage":"fr-FR"}]}},"_links":{"self":[{"href":"https:\/\/axiomtsp.com\/fr\/wp-json\/wp\/v2\/product\/5062","targetHints":{"allow":["GET"]}}],"collection":[{"href":"https:\/\/axiomtsp.com\/fr\/wp-json\/wp\/v2\/product"}],"about":[{"href":"https:\/\/axiomtsp.com\/fr\/wp-json\/wp\/v2\/types\/product"}],"replies":[{"embeddable":true,"href":"https:\/\/axiomtsp.com\/fr\/wp-json\/wp\/v2\/comments?post=5062"}],"wp:featuredmedia":[{"embeddable":true,"href":"https:\/\/axiomtsp.com\/fr\/wp-json\/wp\/v2\/media\/8205"}],"wp:attachment":[{"href":"https:\/\/axiomtsp.com\/fr\/wp-json\/wp\/v2\/media?parent=5062"}],"wp:term":[{"taxonomy":"product_brand","embeddable":true,"href":"https:\/\/axiomtsp.com\/fr\/wp-json\/wp\/v2\/product_brand?post=5062"},{"taxonomy":"product_cat","embeddable":true,"href":"https:\/\/axiomtsp.com\/fr\/wp-json\/wp\/v2\/product_cat?post=5062"},{"taxonomy":"product_tag","embeddable":true,"href":"https:\/\/axiomtsp.com\/fr\/wp-json\/wp\/v2\/product_tag?post=5062"}],"curies":[{"name":"wp","href":"https:\/\/api.w.org\/{rel}","templated":true}]}}