{"id":5054,"date":"2022-05-19T15:39:44","date_gmt":"2022-05-19T15:39:44","guid":{"rendered":"https:\/\/axiomtsp.com\/product\/armour-multi-use-protection-tape\/"},"modified":"2024-03-12T15:17:18","modified_gmt":"2024-03-12T15:17:18","slug":"armour-multi-use-protection-tape","status":"publish","type":"product","link":"https:\/\/axiomtsp.com\/fr\/produit\/armour-multi-use-protection-tape\/","title":{"rendered":"ARMOUR MULTI-USE PROTECTION TAPE"},"content":{"rendered":"<p>Armour Multi-Use Protection Tape est un film \u00e9pais et durable pour la protection temporaire des surfaces dures. Il se d\u00e9colle proprement sans laisser de r\u00e9sidu. Il s\u2019agit d\u2019une excellente solution qui offre une protection contre les dommages tels que les \u00e9raflures, les rayures et la poussi\u00e8re sur n\u2019importe quelle surface dure. Souvent utilis\u00e9 pour prot\u00e9ger les douches, les baignoires, les \u00e9viers, les balustrades, les cadres de portes et de fen\u00eatres, les murs-rideaux en verre, les meneaux, les seuils de portes et plus encore.<\/p>\n","protected":false},"excerpt":{"rendered":"<p>Armour Multi-Use Protection Tape est un film \u00e9pais et durable pour la protection temporaire des surfaces dures. Il se d\u00e9colle proprement sans laisser de r\u00e9sidu. Il s\u2019agit d\u2019une excellente solution qui offre une protection contre les dommages tels que les \u00e9raflures, les rayures et la poussi\u00e8re sur n\u2019importe quelle surface dure. Souvent utilis\u00e9 pour prot\u00e9ger les douches, les baignoires, les \u00e9viers, les balustrades, les cadres de portes et de fen\u00eatres, les murs-rideaux en verre, les meneaux, les seuils de portes et plus encore.<\/p>\n","protected":false},"featured_media":7959,"comment_status":"closed","ping_status":"closed","template":"","meta":{"_acf_changed":false},"product_brand":[],"product_cat":[281,173,153,147,154,156],"product_tag":[],"class_list":{"0":"post-5054","1":"product","2":"type-product","3":"status-publish","4":"has-post-thumbnail","6":"product_cat-bathtub-shower-protection-fr","7":"product_cat-protection-planques-escaliers","8":"product_cat-protection-de-porte-contour","9":"product_cat-protection-de-cuisine-salle-de-bain","10":"product_cat-protection-de-verre-fenetre","11":"product_cat-rubans-adhesifs-de-protection","13":"first","14":"instock","15":"taxable","16":"shipping-taxable","17":"purchasable","18":"product-type-variable"},"acf":[],"yoast_head":"<!-- This site is optimized with the Yoast SEO plugin v27.1.1 - https:\/\/yoast.com\/product\/yoast-seo-wordpress\/ -->\n<title>ARMOUR MULTI-USE PROTECTION TAPE - Axiom | Temporary Surface Protection<\/title>\n<meta name=\"description\" content=\"Armour Multi-Use Protection Tape est un film \u00e9pais et durable pour la protection temporaire des surfaces dures qui se retire proprement sans laisser de r\u00e9sidu\" \/>\n<meta name=\"robots\" content=\"index, follow, max-snippet:-1, max-image-preview:large, max-video-preview:-1\" \/>\n<link rel=\"canonical\" href=\"https:\/\/axiomtsp.com\/fr\/produit\/armour-multi-use-protection-tape\/\" \/>\n<meta property=\"og:locale\" content=\"fr_FR\" \/>\n<meta property=\"og:type\" content=\"article\" \/>\n<meta property=\"og:title\" content=\"ARMOUR MULTI-USE PROTECTION TAPE - Axiom | Temporary Surface Protection\" \/>\n<meta property=\"og:description\" content=\"Armour Multi-Use Protection Tape est un film \u00e9pais et durable pour la protection temporaire des surfaces dures qui se retire proprement sans laisser de r\u00e9sidu\" \/>\n<meta property=\"og:url\" content=\"https:\/\/axiomtsp.com\/fr\/produit\/armour-multi-use-protection-tape\/\" \/>\n<meta property=\"og:site_name\" content=\"Axiom | Temporary Surface Protection\" \/>\n<meta property=\"article:modified_time\" content=\"2024-03-12T15:17:18+00:00\" \/>\n<meta property=\"og:image\" content=\"https:\/\/axiomtsp.com\/wp-cms\/wp-content\/uploads\/2022\/05\/fd5b5f_152d912cfcf947dc9110353fff9aedfemv2.jpg\" \/>\n\t<meta property=\"og:image:width\" content=\"720\" \/>\n\t<meta property=\"og:image:height\" content=\"720\" \/>\n\t<meta property=\"og:image:type\" content=\"image\/jpeg\" \/>\n<meta name=\"twitter:card\" content=\"summary_large_image\" \/>\n<meta name=\"twitter:label1\" content=\"Dur\u00e9e de lecture estim\u00e9e\" \/>\n\t<meta name=\"twitter:data1\" content=\"1 minute\" \/>\n<script type=\"application\/ld+json\" class=\"yoast-schema-graph\">{\"@context\":\"https:\/\/schema.org\",\"@graph\":[{\"@type\":\"WebPage\",\"@id\":\"https:\/\/axiomtsp.com\/fr\/produit\/armour-multi-use-protection-tape\/\",\"url\":\"https:\/\/axiomtsp.com\/fr\/produit\/armour-multi-use-protection-tape\/\",\"name\":\"ARMOUR MULTI-USE PROTECTION TAPE - Axiom | Temporary Surface Protection\",\"isPartOf\":{\"@id\":\"https:\/\/axiomtsp.com\/fr\/#website\"},\"primaryImageOfPage\":{\"@id\":\"https:\/\/axiomtsp.com\/fr\/produit\/armour-multi-use-protection-tape\/#primaryimage\"},\"image\":{\"@id\":\"https:\/\/axiomtsp.com\/fr\/produit\/armour-multi-use-protection-tape\/#primaryimage\"},\"thumbnailUrl\":\"https:\/\/axiomtsp.com\/wp-cms\/wp-content\/uploads\/2022\/05\/Armour-Multi-Use-Protection-Tape-scaled.jpg\",\"datePublished\":\"2022-05-19T15:39:44+00:00\",\"dateModified\":\"2024-03-12T15:17:18+00:00\",\"description\":\"Armour Multi-Use Protection Tape est un film \u00e9pais et durable pour la protection temporaire des surfaces dures qui se retire proprement sans laisser de r\u00e9sidu\",\"breadcrumb\":{\"@id\":\"https:\/\/axiomtsp.com\/fr\/produit\/armour-multi-use-protection-tape\/#breadcrumb\"},\"inLanguage\":\"fr-FR\",\"potentialAction\":[{\"@type\":\"ReadAction\",\"target\":[\"https:\/\/axiomtsp.com\/fr\/produit\/armour-multi-use-protection-tape\/\"]}]},{\"@type\":\"ImageObject\",\"inLanguage\":\"fr-FR\",\"@id\":\"https:\/\/axiomtsp.com\/fr\/produit\/armour-multi-use-protection-tape\/#primaryimage\",\"url\":\"https:\/\/axiomtsp.com\/wp-cms\/wp-content\/uploads\/2022\/05\/Armour-Multi-Use-Protection-Tape-scaled.jpg\",\"contentUrl\":\"https:\/\/axiomtsp.com\/wp-cms\/wp-content\/uploads\/2022\/05\/Armour-Multi-Use-Protection-Tape-scaled.jpg\",\"width\":2560,\"height\":2560},{\"@type\":\"BreadcrumbList\",\"@id\":\"https:\/\/axiomtsp.com\/fr\/produit\/armour-multi-use-protection-tape\/#breadcrumb\",\"itemListElement\":[{\"@type\":\"ListItem\",\"position\":1,\"name\":\"Home\",\"item\":\"https:\/\/axiomtsp.com\/fr\/\"},{\"@type\":\"ListItem\",\"position\":2,\"name\":\"Boutique\",\"item\":\"https:\/\/axiomtsp.com\/boutique\/?lang=fr\"},{\"@type\":\"ListItem\",\"position\":3,\"name\":\"ARMOUR MULTI-USE PROTECTION TAPE\"}]},{\"@type\":\"WebSite\",\"@id\":\"https:\/\/axiomtsp.com\/fr\/#website\",\"url\":\"https:\/\/axiomtsp.com\/fr\/\",\"name\":\"Axiom | Temporary Surface Protection\",\"description\":\"We stock the largest range of Temporary Surface Protection products in Canada. We help you choose the best solution for your project to ensure that you save time and money, avoid disruption to your construction schedule, maximize profitability on your projects, and prevent damage to your reputation.\",\"potentialAction\":[{\"@type\":\"SearchAction\",\"target\":{\"@type\":\"EntryPoint\",\"urlTemplate\":\"https:\/\/axiomtsp.com\/fr\/?s={search_term_string}\"},\"query-input\":{\"@type\":\"PropertyValueSpecification\",\"valueRequired\":true,\"valueName\":\"search_term_string\"}}],\"inLanguage\":\"fr-FR\"}]}<\/script>\n<!-- \/ Yoast SEO plugin. -->","yoast_head_json":{"title":"ARMOUR MULTI-USE PROTECTION TAPE - Axiom | Temporary Surface Protection","description":"Armour Multi-Use Protection Tape est un film \u00e9pais et durable pour la protection temporaire des surfaces dures qui se retire proprement sans laisser de r\u00e9sidu","robots":{"index":"index","follow":"follow","max-snippet":"max-snippet:-1","max-image-preview":"max-image-preview:large","max-video-preview":"max-video-preview:-1"},"canonical":"https:\/\/axiomtsp.com\/fr\/produit\/armour-multi-use-protection-tape\/","og_locale":"fr_FR","og_type":"article","og_title":"ARMOUR MULTI-USE PROTECTION TAPE - Axiom | Temporary Surface Protection","og_description":"Armour Multi-Use Protection Tape est un film \u00e9pais et durable pour la protection temporaire des surfaces dures qui se retire proprement sans laisser de r\u00e9sidu","og_url":"https:\/\/axiomtsp.com\/fr\/produit\/armour-multi-use-protection-tape\/","og_site_name":"Axiom | Temporary Surface Protection","article_modified_time":"2024-03-12T15:17:18+00:00","og_image":[{"width":720,"height":720,"url":"https:\/\/axiomtsp.com\/wp-cms\/wp-content\/uploads\/2022\/05\/fd5b5f_152d912cfcf947dc9110353fff9aedfemv2.jpg","type":"image\/jpeg"}],"twitter_card":"summary_large_image","twitter_misc":{"Dur\u00e9e de lecture estim\u00e9e":"1 minute"},"schema":{"@context":"https:\/\/schema.org","@graph":[{"@type":"WebPage","@id":"https:\/\/axiomtsp.com\/fr\/produit\/armour-multi-use-protection-tape\/","url":"https:\/\/axiomtsp.com\/fr\/produit\/armour-multi-use-protection-tape\/","name":"ARMOUR MULTI-USE PROTECTION TAPE - Axiom | Temporary Surface Protection","isPartOf":{"@id":"https:\/\/axiomtsp.com\/fr\/#website"},"primaryImageOfPage":{"@id":"https:\/\/axiomtsp.com\/fr\/produit\/armour-multi-use-protection-tape\/#primaryimage"},"image":{"@id":"https:\/\/axiomtsp.com\/fr\/produit\/armour-multi-use-protection-tape\/#primaryimage"},"thumbnailUrl":"https:\/\/axiomtsp.com\/wp-cms\/wp-content\/uploads\/2022\/05\/Armour-Multi-Use-Protection-Tape-scaled.jpg","datePublished":"2022-05-19T15:39:44+00:00","dateModified":"2024-03-12T15:17:18+00:00","description":"Armour Multi-Use Protection Tape est un film \u00e9pais et durable pour la protection temporaire des surfaces dures qui se retire proprement sans laisser de r\u00e9sidu","breadcrumb":{"@id":"https:\/\/axiomtsp.com\/fr\/produit\/armour-multi-use-protection-tape\/#breadcrumb"},"inLanguage":"fr-FR","potentialAction":[{"@type":"ReadAction","target":["https:\/\/axiomtsp.com\/fr\/produit\/armour-multi-use-protection-tape\/"]}]},{"@type":"ImageObject","inLanguage":"fr-FR","@id":"https:\/\/axiomtsp.com\/fr\/produit\/armour-multi-use-protection-tape\/#primaryimage","url":"https:\/\/axiomtsp.com\/wp-cms\/wp-content\/uploads\/2022\/05\/Armour-Multi-Use-Protection-Tape-scaled.jpg","contentUrl":"https:\/\/axiomtsp.com\/wp-cms\/wp-content\/uploads\/2022\/05\/Armour-Multi-Use-Protection-Tape-scaled.jpg","width":2560,"height":2560},{"@type":"BreadcrumbList","@id":"https:\/\/axiomtsp.com\/fr\/produit\/armour-multi-use-protection-tape\/#breadcrumb","itemListElement":[{"@type":"ListItem","position":1,"name":"Home","item":"https:\/\/axiomtsp.com\/fr\/"},{"@type":"ListItem","position":2,"name":"Boutique","item":"https:\/\/axiomtsp.com\/boutique\/?lang=fr"},{"@type":"ListItem","position":3,"name":"ARMOUR MULTI-USE PROTECTION TAPE"}]},{"@type":"WebSite","@id":"https:\/\/axiomtsp.com\/fr\/#website","url":"https:\/\/axiomtsp.com\/fr\/","name":"Axiom | Temporary Surface Protection","description":"We stock the largest range of Temporary Surface Protection products in Canada. We help you choose the best solution for your project to ensure that you save time and money, avoid disruption to your construction schedule, maximize profitability on your projects, and prevent damage to your reputation.","potentialAction":[{"@type":"SearchAction","target":{"@type":"EntryPoint","urlTemplate":"https:\/\/axiomtsp.com\/fr\/?s={search_term_string}"},"query-input":{"@type":"PropertyValueSpecification","valueRequired":true,"valueName":"search_term_string"}}],"inLanguage":"fr-FR"}]}},"_links":{"self":[{"href":"https:\/\/axiomtsp.com\/fr\/wp-json\/wp\/v2\/product\/5054","targetHints":{"allow":["GET"]}}],"collection":[{"href":"https:\/\/axiomtsp.com\/fr\/wp-json\/wp\/v2\/product"}],"about":[{"href":"https:\/\/axiomtsp.com\/fr\/wp-json\/wp\/v2\/types\/product"}],"replies":[{"embeddable":true,"href":"https:\/\/axiomtsp.com\/fr\/wp-json\/wp\/v2\/comments?post=5054"}],"wp:featuredmedia":[{"embeddable":true,"href":"https:\/\/axiomtsp.com\/fr\/wp-json\/wp\/v2\/media\/7959"}],"wp:attachment":[{"href":"https:\/\/axiomtsp.com\/fr\/wp-json\/wp\/v2\/media?parent=5054"}],"wp:term":[{"taxonomy":"product_brand","embeddable":true,"href":"https:\/\/axiomtsp.com\/fr\/wp-json\/wp\/v2\/product_brand?post=5054"},{"taxonomy":"product_cat","embeddable":true,"href":"https:\/\/axiomtsp.com\/fr\/wp-json\/wp\/v2\/product_cat?post=5054"},{"taxonomy":"product_tag","embeddable":true,"href":"https:\/\/axiomtsp.com\/fr\/wp-json\/wp\/v2\/product_tag?post=5054"}],"curies":[{"name":"wp","href":"https:\/\/api.w.org\/{rel}","templated":true}]}}