{"id":5042,"date":"2022-05-19T15:40:05","date_gmt":"2022-05-19T15:40:05","guid":{"rendered":"https:\/\/axiomtsp.com\/product\/armour-premium-carpet-film\/"},"modified":"2024-03-08T08:23:44","modified_gmt":"2024-03-08T08:23:44","slug":"armour-premium-carpet-film","status":"publish","type":"product","link":"https:\/\/axiomtsp.com\/fr\/produit\/armour-premium-carpet-film\/","title":{"rendered":"ARMOUR PREMIUM CARPET FILM"},"content":{"rendered":"<p>Armour Premium Carpet Film est un moyen temporaire, mais extr\u00eamement efficace, de prot\u00e9ger les tapis de la salet\u00e9, des d\u00e9versements de peinture, de la poussi\u00e8re, des d\u00e9bris de construction et d\u2019autres dommages de construction. Il prot\u00e8ge jusqu\u2019\u00e0 45 jours et se d\u00e9colle proprement. Ce produit est enti\u00e8rement \u00e9tanche. Comme il est fabriqu\u00e9 \u00e0 partir d\u2019un film blanc r\u00e9sistant aux d\u00e9chirures et aux liquides, il permet de voir facilement les zones qui n\u2019ont pas \u00e9t\u00e9 couvertes et prot\u00e9g\u00e9es. Il peut \u00e9galement \u00eatre utilis\u00e9 pour faciliter les marquages de construction. Souvent utilis\u00e9 pour prot\u00e9ger les couloirs, les pi\u00e8ces, les escaliers et plus encore.<\/p>\n","protected":false},"excerpt":{"rendered":"<p>Armour Premium Carpet Film est un moyen temporaire, mais extr\u00eamement efficace, de prot\u00e9ger les tapis de la salet\u00e9, des d\u00e9versements de peinture, de la poussi\u00e8re, des d\u00e9bris de construction et d\u2019autres dommages de construction. Il prot\u00e8ge jusqu\u2019\u00e0 45 jours et se d\u00e9colle proprement. Ce produit est enti\u00e8rement \u00e9tanche. Comme il est fabriqu\u00e9 \u00e0 partir d\u2019un film blanc r\u00e9sistant aux d\u00e9chirures et aux liquides, il permet de voir facilement les zones qui n\u2019ont pas \u00e9t\u00e9 couvertes et prot\u00e9g\u00e9es. Il peut \u00e9galement \u00eatre utilis\u00e9 pour faciliter les marquages de construction. Souvent utilis\u00e9 pour prot\u00e9ger les couloirs, les pi\u00e8ces, les escaliers et plus encore.<\/p>\n","protected":false},"featured_media":7787,"comment_status":"closed","ping_status":"closed","template":"","meta":{"_acf_changed":false},"product_brand":[],"product_cat":[151,173],"product_tag":[],"class_list":{"0":"post-5042","1":"product","2":"type-product","3":"status-publish","4":"has-post-thumbnail","6":"product_cat-protection-de-plancher","7":"product_cat-protection-planques-escaliers","9":"first","10":"instock","11":"taxable","12":"shipping-taxable","13":"purchasable","14":"product-type-variable"},"acf":[],"yoast_head":"<!-- This site is optimized with the Yoast SEO plugin v27.1.1 - https:\/\/yoast.com\/product\/yoast-seo-wordpress\/ -->\n<title>ARMOUR PREMIUM CARPET FILM - Axiom | Temporary Surface Protection<\/title>\n<meta name=\"description\" content=\"Armour Premium Carpet Film prot\u00e8ge temporairement et efficacement les moquettes contre les dommages de construction, la salet\u00e9 et les d\u00e9bris.\" \/>\n<meta name=\"robots\" content=\"index, follow, max-snippet:-1, max-image-preview:large, max-video-preview:-1\" \/>\n<link rel=\"canonical\" href=\"https:\/\/axiomtsp.com\/fr\/produit\/armour-premium-carpet-film\/\" \/>\n<meta property=\"og:locale\" content=\"fr_FR\" \/>\n<meta property=\"og:type\" content=\"article\" \/>\n<meta property=\"og:title\" content=\"ARMOUR PREMIUM CARPET FILM - Axiom | Temporary Surface Protection\" \/>\n<meta property=\"og:description\" content=\"Armour Premium Carpet Film prot\u00e8ge temporairement et efficacement les moquettes contre les dommages de construction, la salet\u00e9 et les d\u00e9bris.\" \/>\n<meta property=\"og:url\" content=\"https:\/\/axiomtsp.com\/fr\/produit\/armour-premium-carpet-film\/\" \/>\n<meta property=\"og:site_name\" content=\"Axiom | Temporary Surface Protection\" \/>\n<meta property=\"article:modified_time\" content=\"2024-03-08T08:23:44+00:00\" \/>\n<meta property=\"og:image\" content=\"https:\/\/axiomtsp.com\/wp-content\/uploads\/2022\/05\/fd5b5f_bd8f2554bf354179850a925cf8ff1788mv2.jpg\" \/>\n\t<meta property=\"og:image:width\" content=\"720\" \/>\n\t<meta property=\"og:image:height\" content=\"720\" \/>\n\t<meta property=\"og:image:type\" content=\"image\/jpeg\" \/>\n<meta name=\"twitter:card\" content=\"summary_large_image\" \/>\n<meta name=\"twitter:label1\" content=\"Dur\u00e9e de lecture estim\u00e9e\" \/>\n\t<meta name=\"twitter:data1\" content=\"1 minute\" \/>\n<script type=\"application\/ld+json\" class=\"yoast-schema-graph\">{\"@context\":\"https:\/\/schema.org\",\"@graph\":[{\"@type\":\"WebPage\",\"@id\":\"https:\/\/axiomtsp.com\/fr\/produit\/armour-premium-carpet-film\/\",\"url\":\"https:\/\/axiomtsp.com\/fr\/produit\/armour-premium-carpet-film\/\",\"name\":\"ARMOUR PREMIUM CARPET FILM - Axiom | Temporary Surface Protection\",\"isPartOf\":{\"@id\":\"https:\/\/axiomtsp.com\/fr\/#website\"},\"primaryImageOfPage\":{\"@id\":\"https:\/\/axiomtsp.com\/fr\/produit\/armour-premium-carpet-film\/#primaryimage\"},\"image\":{\"@id\":\"https:\/\/axiomtsp.com\/fr\/produit\/armour-premium-carpet-film\/#primaryimage\"},\"thumbnailUrl\":\"https:\/\/axiomtsp.com\/wp-cms\/wp-content\/uploads\/2022\/05\/Armour-Premium-Carpet-Film-scaled.jpg\",\"datePublished\":\"2022-05-19T15:40:05+00:00\",\"dateModified\":\"2024-03-08T08:23:44+00:00\",\"description\":\"Armour Premium Carpet Film prot\u00e8ge temporairement et efficacement les moquettes contre les dommages de construction, la salet\u00e9 et les d\u00e9bris.\",\"breadcrumb\":{\"@id\":\"https:\/\/axiomtsp.com\/fr\/produit\/armour-premium-carpet-film\/#breadcrumb\"},\"inLanguage\":\"fr-FR\",\"potentialAction\":[{\"@type\":\"ReadAction\",\"target\":[\"https:\/\/axiomtsp.com\/fr\/produit\/armour-premium-carpet-film\/\"]}]},{\"@type\":\"ImageObject\",\"inLanguage\":\"fr-FR\",\"@id\":\"https:\/\/axiomtsp.com\/fr\/produit\/armour-premium-carpet-film\/#primaryimage\",\"url\":\"https:\/\/axiomtsp.com\/wp-cms\/wp-content\/uploads\/2022\/05\/Armour-Premium-Carpet-Film-scaled.jpg\",\"contentUrl\":\"https:\/\/axiomtsp.com\/wp-cms\/wp-content\/uploads\/2022\/05\/Armour-Premium-Carpet-Film-scaled.jpg\",\"width\":2560,\"height\":2560},{\"@type\":\"BreadcrumbList\",\"@id\":\"https:\/\/axiomtsp.com\/fr\/produit\/armour-premium-carpet-film\/#breadcrumb\",\"itemListElement\":[{\"@type\":\"ListItem\",\"position\":1,\"name\":\"Home\",\"item\":\"https:\/\/axiomtsp.com\/fr\/\"},{\"@type\":\"ListItem\",\"position\":2,\"name\":\"Boutique\",\"item\":\"https:\/\/axiomtsp.com\/boutique\/?lang=fr\"},{\"@type\":\"ListItem\",\"position\":3,\"name\":\"ARMOUR PREMIUM CARPET FILM\"}]},{\"@type\":\"WebSite\",\"@id\":\"https:\/\/axiomtsp.com\/fr\/#website\",\"url\":\"https:\/\/axiomtsp.com\/fr\/\",\"name\":\"Axiom | Temporary Surface Protection\",\"description\":\"We stock the largest range of Temporary Surface Protection products in Canada. We help you choose the best solution for your project to ensure that you save time and money, avoid disruption to your construction schedule, maximize profitability on your projects, and prevent damage to your reputation.\",\"potentialAction\":[{\"@type\":\"SearchAction\",\"target\":{\"@type\":\"EntryPoint\",\"urlTemplate\":\"https:\/\/axiomtsp.com\/fr\/?s={search_term_string}\"},\"query-input\":{\"@type\":\"PropertyValueSpecification\",\"valueRequired\":true,\"valueName\":\"search_term_string\"}}],\"inLanguage\":\"fr-FR\"}]}<\/script>\n<!-- \/ Yoast SEO plugin. -->","yoast_head_json":{"title":"ARMOUR PREMIUM CARPET FILM - Axiom | Temporary Surface Protection","description":"Armour Premium Carpet Film prot\u00e8ge temporairement et efficacement les moquettes contre les dommages de construction, la salet\u00e9 et les d\u00e9bris.","robots":{"index":"index","follow":"follow","max-snippet":"max-snippet:-1","max-image-preview":"max-image-preview:large","max-video-preview":"max-video-preview:-1"},"canonical":"https:\/\/axiomtsp.com\/fr\/produit\/armour-premium-carpet-film\/","og_locale":"fr_FR","og_type":"article","og_title":"ARMOUR PREMIUM CARPET FILM - Axiom | Temporary Surface Protection","og_description":"Armour Premium Carpet Film prot\u00e8ge temporairement et efficacement les moquettes contre les dommages de construction, la salet\u00e9 et les d\u00e9bris.","og_url":"https:\/\/axiomtsp.com\/fr\/produit\/armour-premium-carpet-film\/","og_site_name":"Axiom | Temporary Surface Protection","article_modified_time":"2024-03-08T08:23:44+00:00","og_image":[{"width":720,"height":720,"url":"https:\/\/axiomtsp.com\/wp-content\/uploads\/2022\/05\/fd5b5f_bd8f2554bf354179850a925cf8ff1788mv2.jpg","type":"image\/jpeg"}],"twitter_card":"summary_large_image","twitter_misc":{"Dur\u00e9e de lecture estim\u00e9e":"1 minute"},"schema":{"@context":"https:\/\/schema.org","@graph":[{"@type":"WebPage","@id":"https:\/\/axiomtsp.com\/fr\/produit\/armour-premium-carpet-film\/","url":"https:\/\/axiomtsp.com\/fr\/produit\/armour-premium-carpet-film\/","name":"ARMOUR PREMIUM CARPET FILM - Axiom | Temporary Surface Protection","isPartOf":{"@id":"https:\/\/axiomtsp.com\/fr\/#website"},"primaryImageOfPage":{"@id":"https:\/\/axiomtsp.com\/fr\/produit\/armour-premium-carpet-film\/#primaryimage"},"image":{"@id":"https:\/\/axiomtsp.com\/fr\/produit\/armour-premium-carpet-film\/#primaryimage"},"thumbnailUrl":"https:\/\/axiomtsp.com\/wp-cms\/wp-content\/uploads\/2022\/05\/Armour-Premium-Carpet-Film-scaled.jpg","datePublished":"2022-05-19T15:40:05+00:00","dateModified":"2024-03-08T08:23:44+00:00","description":"Armour Premium Carpet Film prot\u00e8ge temporairement et efficacement les moquettes contre les dommages de construction, la salet\u00e9 et les d\u00e9bris.","breadcrumb":{"@id":"https:\/\/axiomtsp.com\/fr\/produit\/armour-premium-carpet-film\/#breadcrumb"},"inLanguage":"fr-FR","potentialAction":[{"@type":"ReadAction","target":["https:\/\/axiomtsp.com\/fr\/produit\/armour-premium-carpet-film\/"]}]},{"@type":"ImageObject","inLanguage":"fr-FR","@id":"https:\/\/axiomtsp.com\/fr\/produit\/armour-premium-carpet-film\/#primaryimage","url":"https:\/\/axiomtsp.com\/wp-cms\/wp-content\/uploads\/2022\/05\/Armour-Premium-Carpet-Film-scaled.jpg","contentUrl":"https:\/\/axiomtsp.com\/wp-cms\/wp-content\/uploads\/2022\/05\/Armour-Premium-Carpet-Film-scaled.jpg","width":2560,"height":2560},{"@type":"BreadcrumbList","@id":"https:\/\/axiomtsp.com\/fr\/produit\/armour-premium-carpet-film\/#breadcrumb","itemListElement":[{"@type":"ListItem","position":1,"name":"Home","item":"https:\/\/axiomtsp.com\/fr\/"},{"@type":"ListItem","position":2,"name":"Boutique","item":"https:\/\/axiomtsp.com\/boutique\/?lang=fr"},{"@type":"ListItem","position":3,"name":"ARMOUR PREMIUM CARPET FILM"}]},{"@type":"WebSite","@id":"https:\/\/axiomtsp.com\/fr\/#website","url":"https:\/\/axiomtsp.com\/fr\/","name":"Axiom | Temporary Surface Protection","description":"We stock the largest range of Temporary Surface Protection products in Canada. We help you choose the best solution for your project to ensure that you save time and money, avoid disruption to your construction schedule, maximize profitability on your projects, and prevent damage to your reputation.","potentialAction":[{"@type":"SearchAction","target":{"@type":"EntryPoint","urlTemplate":"https:\/\/axiomtsp.com\/fr\/?s={search_term_string}"},"query-input":{"@type":"PropertyValueSpecification","valueRequired":true,"valueName":"search_term_string"}}],"inLanguage":"fr-FR"}]}},"_links":{"self":[{"href":"https:\/\/axiomtsp.com\/fr\/wp-json\/wp\/v2\/product\/5042","targetHints":{"allow":["GET"]}}],"collection":[{"href":"https:\/\/axiomtsp.com\/fr\/wp-json\/wp\/v2\/product"}],"about":[{"href":"https:\/\/axiomtsp.com\/fr\/wp-json\/wp\/v2\/types\/product"}],"replies":[{"embeddable":true,"href":"https:\/\/axiomtsp.com\/fr\/wp-json\/wp\/v2\/comments?post=5042"}],"wp:featuredmedia":[{"embeddable":true,"href":"https:\/\/axiomtsp.com\/fr\/wp-json\/wp\/v2\/media\/7787"}],"wp:attachment":[{"href":"https:\/\/axiomtsp.com\/fr\/wp-json\/wp\/v2\/media?parent=5042"}],"wp:term":[{"taxonomy":"product_brand","embeddable":true,"href":"https:\/\/axiomtsp.com\/fr\/wp-json\/wp\/v2\/product_brand?post=5042"},{"taxonomy":"product_cat","embeddable":true,"href":"https:\/\/axiomtsp.com\/fr\/wp-json\/wp\/v2\/product_cat?post=5042"},{"taxonomy":"product_tag","embeddable":true,"href":"https:\/\/axiomtsp.com\/fr\/wp-json\/wp\/v2\/product_tag?post=5042"}],"curies":[{"name":"wp","href":"https:\/\/api.w.org\/{rel}","templated":true}]}}