{"id":5038,"date":"2022-05-19T15:40:05","date_gmt":"2022-05-19T15:40:05","guid":{"rendered":"https:\/\/axiomtsp.com\/product\/armour-premium-duct-film\/"},"modified":"2024-03-13T12:00:13","modified_gmt":"2024-03-13T12:00:13","slug":"armour-premium-duct-film","status":"publish","type":"product","link":"https:\/\/axiomtsp.com\/fr\/produit\/armour-premium-duct-film\/","title":{"rendered":"ARMOUR PREMIUM DUCT FILM"},"content":{"rendered":"<p>Armour Premium Duct Film peut \u00eatre utilis\u00e9 pour prot\u00e9ger les syst\u00e8mes de conduits et de tuyauteries non install\u00e9s ou partiellement install\u00e9s contre les contaminants tels que la poussi\u00e8re et la salet\u00e9. Ce produit est \u00e9prouv\u00e9 et utilis\u00e9 par certaines des plus grandes organisations canadiennes de fabrication de CVAC et de t\u00f4les, assurant ainsi un produit de tr\u00e8s haute qualit\u00e9 et r\u00e9sistant aux d\u00e9chirures.<\/p>\n","protected":false},"excerpt":{"rendered":"<p>Armour Premium Duct Film peut \u00eatre utilis\u00e9 pour prot\u00e9ger les syst\u00e8mes de conduits et de tuyauteries non install\u00e9s ou partiellement install\u00e9s contre les contaminants tels que la poussi\u00e8re et la salet\u00e9. Ce produit est \u00e9prouv\u00e9 et utilis\u00e9 par certaines des plus grandes organisations canadiennes de fabrication de CVAC et de t\u00f4les, assurant ainsi un produit de tr\u00e8s haute qualit\u00e9 et r\u00e9sistant aux d\u00e9chirures.<\/p>\n","protected":false},"featured_media":8181,"comment_status":"closed","ping_status":"closed","template":"","meta":{"_acf_changed":false},"product_brand":[],"product_cat":[149],"product_tag":[],"class_list":{"0":"post-5038","1":"product","2":"type-product","3":"status-publish","4":"has-post-thumbnail","6":"product_cat-controle-de-la-poussiere","8":"first","9":"instock","10":"taxable","11":"shipping-taxable","12":"purchasable","13":"product-type-variable"},"acf":[],"yoast_head":"<!-- This site is optimized with the Yoast SEO plugin v27.1.1 - https:\/\/yoast.com\/product\/yoast-seo-wordpress\/ -->\n<title>ARMOUR PREMIUM DUCT FILM - Axiom | Temporary Surface Protection<\/title>\n<meta name=\"description\" content=\"Armour Premium Duct Film peut \u00eatre utilis\u00e9 pour prot\u00e9ger les conduits non install\u00e9s et partiellement install\u00e9s contre les contaminants tels que la poussi\u00e8re et la salet\u00e9.\" \/>\n<meta name=\"robots\" content=\"index, follow, max-snippet:-1, max-image-preview:large, max-video-preview:-1\" \/>\n<link rel=\"canonical\" href=\"https:\/\/axiomtsp.com\/fr\/produit\/armour-premium-duct-film\/\" \/>\n<meta property=\"og:locale\" content=\"fr_FR\" \/>\n<meta property=\"og:type\" content=\"article\" \/>\n<meta property=\"og:title\" content=\"ARMOUR PREMIUM DUCT FILM - Axiom | Temporary Surface Protection\" \/>\n<meta property=\"og:description\" content=\"Armour Premium Duct Film peut \u00eatre utilis\u00e9 pour prot\u00e9ger les conduits non install\u00e9s et partiellement install\u00e9s contre les contaminants tels que la poussi\u00e8re et la salet\u00e9.\" \/>\n<meta property=\"og:url\" content=\"https:\/\/axiomtsp.com\/fr\/produit\/armour-premium-duct-film\/\" \/>\n<meta property=\"og:site_name\" content=\"Axiom | Temporary Surface Protection\" \/>\n<meta property=\"article:modified_time\" content=\"2024-03-13T12:00:13+00:00\" \/>\n<meta property=\"og:image\" content=\"https:\/\/axiomtsp.com\/wp-content\/uploads\/2022\/05\/fd5b5f_6d359e5acca640429820a4a7a4df0cbdmv2.jpg\" \/>\n\t<meta property=\"og:image:width\" content=\"720\" \/>\n\t<meta property=\"og:image:height\" content=\"720\" \/>\n\t<meta property=\"og:image:type\" content=\"image\/jpeg\" \/>\n<meta name=\"twitter:card\" content=\"summary_large_image\" \/>\n<meta name=\"twitter:label1\" content=\"Dur\u00e9e de lecture estim\u00e9e\" \/>\n\t<meta name=\"twitter:data1\" content=\"1 minute\" \/>\n<script type=\"application\/ld+json\" class=\"yoast-schema-graph\">{\"@context\":\"https:\/\/schema.org\",\"@graph\":[{\"@type\":\"WebPage\",\"@id\":\"https:\/\/axiomtsp.com\/fr\/produit\/armour-premium-duct-film\/\",\"url\":\"https:\/\/axiomtsp.com\/fr\/produit\/armour-premium-duct-film\/\",\"name\":\"ARMOUR PREMIUM DUCT FILM - Axiom | Temporary Surface Protection\",\"isPartOf\":{\"@id\":\"https:\/\/axiomtsp.com\/fr\/#website\"},\"primaryImageOfPage\":{\"@id\":\"https:\/\/axiomtsp.com\/fr\/produit\/armour-premium-duct-film\/#primaryimage\"},\"image\":{\"@id\":\"https:\/\/axiomtsp.com\/fr\/produit\/armour-premium-duct-film\/#primaryimage\"},\"thumbnailUrl\":\"https:\/\/axiomtsp.com\/wp-cms\/wp-content\/uploads\/2022\/05\/Armour-Premioum-Duct-Film-scaled.jpg\",\"datePublished\":\"2022-05-19T15:40:05+00:00\",\"dateModified\":\"2024-03-13T12:00:13+00:00\",\"description\":\"Armour Premium Duct Film peut \u00eatre utilis\u00e9 pour prot\u00e9ger les conduits non install\u00e9s et partiellement install\u00e9s contre les contaminants tels que la poussi\u00e8re et la salet\u00e9.\",\"breadcrumb\":{\"@id\":\"https:\/\/axiomtsp.com\/fr\/produit\/armour-premium-duct-film\/#breadcrumb\"},\"inLanguage\":\"fr-FR\",\"potentialAction\":[{\"@type\":\"ReadAction\",\"target\":[\"https:\/\/axiomtsp.com\/fr\/produit\/armour-premium-duct-film\/\"]}]},{\"@type\":\"ImageObject\",\"inLanguage\":\"fr-FR\",\"@id\":\"https:\/\/axiomtsp.com\/fr\/produit\/armour-premium-duct-film\/#primaryimage\",\"url\":\"https:\/\/axiomtsp.com\/wp-cms\/wp-content\/uploads\/2022\/05\/Armour-Premioum-Duct-Film-scaled.jpg\",\"contentUrl\":\"https:\/\/axiomtsp.com\/wp-cms\/wp-content\/uploads\/2022\/05\/Armour-Premioum-Duct-Film-scaled.jpg\",\"width\":2560,\"height\":2560},{\"@type\":\"BreadcrumbList\",\"@id\":\"https:\/\/axiomtsp.com\/fr\/produit\/armour-premium-duct-film\/#breadcrumb\",\"itemListElement\":[{\"@type\":\"ListItem\",\"position\":1,\"name\":\"Home\",\"item\":\"https:\/\/axiomtsp.com\/fr\/\"},{\"@type\":\"ListItem\",\"position\":2,\"name\":\"Boutique\",\"item\":\"https:\/\/axiomtsp.com\/boutique\/?lang=fr\"},{\"@type\":\"ListItem\",\"position\":3,\"name\":\"ARMOUR PREMIUM DUCT FILM\"}]},{\"@type\":\"WebSite\",\"@id\":\"https:\/\/axiomtsp.com\/fr\/#website\",\"url\":\"https:\/\/axiomtsp.com\/fr\/\",\"name\":\"Axiom | Temporary Surface Protection\",\"description\":\"We stock the largest range of Temporary Surface Protection products in Canada. We help you choose the best solution for your project to ensure that you save time and money, avoid disruption to your construction schedule, maximize profitability on your projects, and prevent damage to your reputation.\",\"potentialAction\":[{\"@type\":\"SearchAction\",\"target\":{\"@type\":\"EntryPoint\",\"urlTemplate\":\"https:\/\/axiomtsp.com\/fr\/?s={search_term_string}\"},\"query-input\":{\"@type\":\"PropertyValueSpecification\",\"valueRequired\":true,\"valueName\":\"search_term_string\"}}],\"inLanguage\":\"fr-FR\"}]}<\/script>\n<!-- \/ Yoast SEO plugin. -->","yoast_head_json":{"title":"ARMOUR PREMIUM DUCT FILM - Axiom | Temporary Surface Protection","description":"Armour Premium Duct Film peut \u00eatre utilis\u00e9 pour prot\u00e9ger les conduits non install\u00e9s et partiellement install\u00e9s contre les contaminants tels que la poussi\u00e8re et la salet\u00e9.","robots":{"index":"index","follow":"follow","max-snippet":"max-snippet:-1","max-image-preview":"max-image-preview:large","max-video-preview":"max-video-preview:-1"},"canonical":"https:\/\/axiomtsp.com\/fr\/produit\/armour-premium-duct-film\/","og_locale":"fr_FR","og_type":"article","og_title":"ARMOUR PREMIUM DUCT FILM - Axiom | Temporary Surface Protection","og_description":"Armour Premium Duct Film peut \u00eatre utilis\u00e9 pour prot\u00e9ger les conduits non install\u00e9s et partiellement install\u00e9s contre les contaminants tels que la poussi\u00e8re et la salet\u00e9.","og_url":"https:\/\/axiomtsp.com\/fr\/produit\/armour-premium-duct-film\/","og_site_name":"Axiom | Temporary Surface Protection","article_modified_time":"2024-03-13T12:00:13+00:00","og_image":[{"width":720,"height":720,"url":"https:\/\/axiomtsp.com\/wp-content\/uploads\/2022\/05\/fd5b5f_6d359e5acca640429820a4a7a4df0cbdmv2.jpg","type":"image\/jpeg"}],"twitter_card":"summary_large_image","twitter_misc":{"Dur\u00e9e de lecture estim\u00e9e":"1 minute"},"schema":{"@context":"https:\/\/schema.org","@graph":[{"@type":"WebPage","@id":"https:\/\/axiomtsp.com\/fr\/produit\/armour-premium-duct-film\/","url":"https:\/\/axiomtsp.com\/fr\/produit\/armour-premium-duct-film\/","name":"ARMOUR PREMIUM DUCT FILM - Axiom | Temporary Surface Protection","isPartOf":{"@id":"https:\/\/axiomtsp.com\/fr\/#website"},"primaryImageOfPage":{"@id":"https:\/\/axiomtsp.com\/fr\/produit\/armour-premium-duct-film\/#primaryimage"},"image":{"@id":"https:\/\/axiomtsp.com\/fr\/produit\/armour-premium-duct-film\/#primaryimage"},"thumbnailUrl":"https:\/\/axiomtsp.com\/wp-cms\/wp-content\/uploads\/2022\/05\/Armour-Premioum-Duct-Film-scaled.jpg","datePublished":"2022-05-19T15:40:05+00:00","dateModified":"2024-03-13T12:00:13+00:00","description":"Armour Premium Duct Film peut \u00eatre utilis\u00e9 pour prot\u00e9ger les conduits non install\u00e9s et partiellement install\u00e9s contre les contaminants tels que la poussi\u00e8re et la salet\u00e9.","breadcrumb":{"@id":"https:\/\/axiomtsp.com\/fr\/produit\/armour-premium-duct-film\/#breadcrumb"},"inLanguage":"fr-FR","potentialAction":[{"@type":"ReadAction","target":["https:\/\/axiomtsp.com\/fr\/produit\/armour-premium-duct-film\/"]}]},{"@type":"ImageObject","inLanguage":"fr-FR","@id":"https:\/\/axiomtsp.com\/fr\/produit\/armour-premium-duct-film\/#primaryimage","url":"https:\/\/axiomtsp.com\/wp-cms\/wp-content\/uploads\/2022\/05\/Armour-Premioum-Duct-Film-scaled.jpg","contentUrl":"https:\/\/axiomtsp.com\/wp-cms\/wp-content\/uploads\/2022\/05\/Armour-Premioum-Duct-Film-scaled.jpg","width":2560,"height":2560},{"@type":"BreadcrumbList","@id":"https:\/\/axiomtsp.com\/fr\/produit\/armour-premium-duct-film\/#breadcrumb","itemListElement":[{"@type":"ListItem","position":1,"name":"Home","item":"https:\/\/axiomtsp.com\/fr\/"},{"@type":"ListItem","position":2,"name":"Boutique","item":"https:\/\/axiomtsp.com\/boutique\/?lang=fr"},{"@type":"ListItem","position":3,"name":"ARMOUR PREMIUM DUCT FILM"}]},{"@type":"WebSite","@id":"https:\/\/axiomtsp.com\/fr\/#website","url":"https:\/\/axiomtsp.com\/fr\/","name":"Axiom | Temporary Surface Protection","description":"We stock the largest range of Temporary Surface Protection products in Canada. We help you choose the best solution for your project to ensure that you save time and money, avoid disruption to your construction schedule, maximize profitability on your projects, and prevent damage to your reputation.","potentialAction":[{"@type":"SearchAction","target":{"@type":"EntryPoint","urlTemplate":"https:\/\/axiomtsp.com\/fr\/?s={search_term_string}"},"query-input":{"@type":"PropertyValueSpecification","valueRequired":true,"valueName":"search_term_string"}}],"inLanguage":"fr-FR"}]}},"_links":{"self":[{"href":"https:\/\/axiomtsp.com\/fr\/wp-json\/wp\/v2\/product\/5038","targetHints":{"allow":["GET"]}}],"collection":[{"href":"https:\/\/axiomtsp.com\/fr\/wp-json\/wp\/v2\/product"}],"about":[{"href":"https:\/\/axiomtsp.com\/fr\/wp-json\/wp\/v2\/types\/product"}],"replies":[{"embeddable":true,"href":"https:\/\/axiomtsp.com\/fr\/wp-json\/wp\/v2\/comments?post=5038"}],"wp:featuredmedia":[{"embeddable":true,"href":"https:\/\/axiomtsp.com\/fr\/wp-json\/wp\/v2\/media\/8181"}],"wp:attachment":[{"href":"https:\/\/axiomtsp.com\/fr\/wp-json\/wp\/v2\/media?parent=5038"}],"wp:term":[{"taxonomy":"product_brand","embeddable":true,"href":"https:\/\/axiomtsp.com\/fr\/wp-json\/wp\/v2\/product_brand?post=5038"},{"taxonomy":"product_cat","embeddable":true,"href":"https:\/\/axiomtsp.com\/fr\/wp-json\/wp\/v2\/product_cat?post=5038"},{"taxonomy":"product_tag","embeddable":true,"href":"https:\/\/axiomtsp.com\/fr\/wp-json\/wp\/v2\/product_tag?post=5038"}],"curies":[{"name":"wp","href":"https:\/\/api.w.org\/{rel}","templated":true}]}}