{"id":5030,"date":"2022-05-19T15:40:18","date_gmt":"2022-05-19T15:40:18","guid":{"rendered":"https:\/\/axiomtsp.com\/product\/armour-door-protection-sleeves\/"},"modified":"2024-03-08T10:29:59","modified_gmt":"2024-03-08T10:29:59","slug":"armour-door-protection-sleeves","status":"publish","type":"product","link":"https:\/\/axiomtsp.com\/fr\/produit\/armour-door-protection-sleeves\/","title":{"rendered":"ARMOUR DOOR PROTECTION SLEEVES"},"content":{"rendered":"<p>Armour Door Protection Sleeve est une solution simple et efficace pour prot\u00e9ger les portes contre les rayures, la poussi\u00e8re, la peinture, et plus encore pendant les projets. Le produit est fabriqu\u00e9 \u00e0 partir de mat\u00e9riau poly tr\u00e8s \u00e9pais et durable. Ce produit est ouvert d\u2019un c\u00f4t\u00e9, lui permettant de se glisser sur les portes avec facilit\u00e9. Les pochettes de porte s\u2019arrachent du rouleau perfor\u00e9 pour l\u2019installation vite et facile.<\/p>\n","protected":false},"excerpt":{"rendered":"<p>Armour Door Protection Sleeve est une solution simple et efficace pour prot\u00e9ger les portes contre les rayures, la poussi\u00e8re, la peinture, et plus encore pendant les projets. Le produit est fabriqu\u00e9 \u00e0 partir de mat\u00e9riau poly tr\u00e8s \u00e9pais et durable. Ce produit est ouvert d\u2019un c\u00f4t\u00e9, lui permettant de se glisser sur les portes avec facilit\u00e9. Les pochettes de porte s\u2019arrachent du rouleau perfor\u00e9 pour l\u2019installation vite et facile.<\/p>\n","protected":false},"featured_media":7975,"comment_status":"closed","ping_status":"closed","template":"","meta":{"_acf_changed":false},"product_brand":[],"product_cat":[153],"product_tag":[],"class_list":{"0":"post-5030","1":"product","2":"type-product","3":"status-publish","4":"has-post-thumbnail","6":"product_cat-protection-de-porte-contour","8":"first","9":"instock","10":"taxable","11":"shipping-taxable","12":"purchasable","13":"product-type-variable"},"acf":[],"yoast_head":"<!-- This site is optimized with the Yoast SEO plugin v27.1.1 - https:\/\/yoast.com\/product\/yoast-seo-wordpress\/ -->\n<title>ARMOUR DOOR PROTECTION SLEEVES - Axiom | Temporary Surface Protection<\/title>\n<meta name=\"description\" content=\"Les Armour Door Protection Sleeves sont une solution simple et \u00e9conomique utilis\u00e9e pour prot\u00e9ger les portes contre les dommages.\" \/>\n<meta name=\"robots\" content=\"index, follow, max-snippet:-1, max-image-preview:large, max-video-preview:-1\" \/>\n<link rel=\"canonical\" href=\"https:\/\/axiomtsp.com\/fr\/produit\/armour-door-protection-sleeves\/\" \/>\n<meta property=\"og:locale\" content=\"fr_FR\" \/>\n<meta property=\"og:type\" content=\"article\" \/>\n<meta property=\"og:title\" content=\"ARMOUR DOOR PROTECTION SLEEVES - Axiom | Temporary Surface Protection\" \/>\n<meta property=\"og:description\" content=\"Les Armour Door Protection Sleeves sont une solution simple et \u00e9conomique utilis\u00e9e pour prot\u00e9ger les portes contre les dommages.\" \/>\n<meta property=\"og:url\" content=\"https:\/\/axiomtsp.com\/fr\/produit\/armour-door-protection-sleeves\/\" \/>\n<meta property=\"og:site_name\" content=\"Axiom | Temporary Surface Protection\" \/>\n<meta property=\"article:modified_time\" content=\"2024-03-08T10:29:59+00:00\" \/>\n<meta property=\"og:image\" content=\"https:\/\/axiomtsp.com\/wp-content\/uploads\/2022\/05\/fd5b5f_7e513ce7b8134207a62fc2387c15528emv2.jpg\" \/>\n\t<meta property=\"og:image:width\" content=\"720\" \/>\n\t<meta property=\"og:image:height\" content=\"720\" \/>\n\t<meta property=\"og:image:type\" content=\"image\/jpeg\" \/>\n<meta name=\"twitter:card\" content=\"summary_large_image\" \/>\n<meta name=\"twitter:label1\" content=\"Dur\u00e9e de lecture estim\u00e9e\" \/>\n\t<meta name=\"twitter:data1\" content=\"1 minute\" \/>\n<script type=\"application\/ld+json\" class=\"yoast-schema-graph\">{\"@context\":\"https:\/\/schema.org\",\"@graph\":[{\"@type\":\"WebPage\",\"@id\":\"https:\/\/axiomtsp.com\/fr\/produit\/armour-door-protection-sleeves\/\",\"url\":\"https:\/\/axiomtsp.com\/fr\/produit\/armour-door-protection-sleeves\/\",\"name\":\"ARMOUR DOOR PROTECTION SLEEVES - Axiom | Temporary Surface Protection\",\"isPartOf\":{\"@id\":\"https:\/\/axiomtsp.com\/fr\/#website\"},\"primaryImageOfPage\":{\"@id\":\"https:\/\/axiomtsp.com\/fr\/produit\/armour-door-protection-sleeves\/#primaryimage\"},\"image\":{\"@id\":\"https:\/\/axiomtsp.com\/fr\/produit\/armour-door-protection-sleeves\/#primaryimage\"},\"thumbnailUrl\":\"https:\/\/axiomtsp.com\/wp-cms\/wp-content\/uploads\/2022\/05\/Armour-Door-Protection-Sleeves-scaled.jpg\",\"datePublished\":\"2022-05-19T15:40:18+00:00\",\"dateModified\":\"2024-03-08T10:29:59+00:00\",\"description\":\"Les Armour Door Protection Sleeves sont une solution simple et \u00e9conomique utilis\u00e9e pour prot\u00e9ger les portes contre les dommages.\",\"breadcrumb\":{\"@id\":\"https:\/\/axiomtsp.com\/fr\/produit\/armour-door-protection-sleeves\/#breadcrumb\"},\"inLanguage\":\"fr-FR\",\"potentialAction\":[{\"@type\":\"ReadAction\",\"target\":[\"https:\/\/axiomtsp.com\/fr\/produit\/armour-door-protection-sleeves\/\"]}]},{\"@type\":\"ImageObject\",\"inLanguage\":\"fr-FR\",\"@id\":\"https:\/\/axiomtsp.com\/fr\/produit\/armour-door-protection-sleeves\/#primaryimage\",\"url\":\"https:\/\/axiomtsp.com\/wp-cms\/wp-content\/uploads\/2022\/05\/Armour-Door-Protection-Sleeves-scaled.jpg\",\"contentUrl\":\"https:\/\/axiomtsp.com\/wp-cms\/wp-content\/uploads\/2022\/05\/Armour-Door-Protection-Sleeves-scaled.jpg\",\"width\":2560,\"height\":2560},{\"@type\":\"BreadcrumbList\",\"@id\":\"https:\/\/axiomtsp.com\/fr\/produit\/armour-door-protection-sleeves\/#breadcrumb\",\"itemListElement\":[{\"@type\":\"ListItem\",\"position\":1,\"name\":\"Home\",\"item\":\"https:\/\/axiomtsp.com\/fr\/\"},{\"@type\":\"ListItem\",\"position\":2,\"name\":\"Boutique\",\"item\":\"https:\/\/axiomtsp.com\/boutique\/?lang=fr\"},{\"@type\":\"ListItem\",\"position\":3,\"name\":\"ARMOUR DOOR PROTECTION SLEEVES\"}]},{\"@type\":\"WebSite\",\"@id\":\"https:\/\/axiomtsp.com\/fr\/#website\",\"url\":\"https:\/\/axiomtsp.com\/fr\/\",\"name\":\"Axiom | Temporary Surface Protection\",\"description\":\"We stock the largest range of Temporary Surface Protection products in Canada. We help you choose the best solution for your project to ensure that you save time and money, avoid disruption to your construction schedule, maximize profitability on your projects, and prevent damage to your reputation.\",\"potentialAction\":[{\"@type\":\"SearchAction\",\"target\":{\"@type\":\"EntryPoint\",\"urlTemplate\":\"https:\/\/axiomtsp.com\/fr\/?s={search_term_string}\"},\"query-input\":{\"@type\":\"PropertyValueSpecification\",\"valueRequired\":true,\"valueName\":\"search_term_string\"}}],\"inLanguage\":\"fr-FR\"}]}<\/script>\n<!-- \/ Yoast SEO plugin. -->","yoast_head_json":{"title":"ARMOUR DOOR PROTECTION SLEEVES - Axiom | Temporary Surface Protection","description":"Les Armour Door Protection Sleeves sont une solution simple et \u00e9conomique utilis\u00e9e pour prot\u00e9ger les portes contre les dommages.","robots":{"index":"index","follow":"follow","max-snippet":"max-snippet:-1","max-image-preview":"max-image-preview:large","max-video-preview":"max-video-preview:-1"},"canonical":"https:\/\/axiomtsp.com\/fr\/produit\/armour-door-protection-sleeves\/","og_locale":"fr_FR","og_type":"article","og_title":"ARMOUR DOOR PROTECTION SLEEVES - Axiom | Temporary Surface Protection","og_description":"Les Armour Door Protection Sleeves sont une solution simple et \u00e9conomique utilis\u00e9e pour prot\u00e9ger les portes contre les dommages.","og_url":"https:\/\/axiomtsp.com\/fr\/produit\/armour-door-protection-sleeves\/","og_site_name":"Axiom | Temporary Surface Protection","article_modified_time":"2024-03-08T10:29:59+00:00","og_image":[{"width":720,"height":720,"url":"https:\/\/axiomtsp.com\/wp-content\/uploads\/2022\/05\/fd5b5f_7e513ce7b8134207a62fc2387c15528emv2.jpg","type":"image\/jpeg"}],"twitter_card":"summary_large_image","twitter_misc":{"Dur\u00e9e de lecture estim\u00e9e":"1 minute"},"schema":{"@context":"https:\/\/schema.org","@graph":[{"@type":"WebPage","@id":"https:\/\/axiomtsp.com\/fr\/produit\/armour-door-protection-sleeves\/","url":"https:\/\/axiomtsp.com\/fr\/produit\/armour-door-protection-sleeves\/","name":"ARMOUR DOOR PROTECTION SLEEVES - Axiom | Temporary Surface Protection","isPartOf":{"@id":"https:\/\/axiomtsp.com\/fr\/#website"},"primaryImageOfPage":{"@id":"https:\/\/axiomtsp.com\/fr\/produit\/armour-door-protection-sleeves\/#primaryimage"},"image":{"@id":"https:\/\/axiomtsp.com\/fr\/produit\/armour-door-protection-sleeves\/#primaryimage"},"thumbnailUrl":"https:\/\/axiomtsp.com\/wp-cms\/wp-content\/uploads\/2022\/05\/Armour-Door-Protection-Sleeves-scaled.jpg","datePublished":"2022-05-19T15:40:18+00:00","dateModified":"2024-03-08T10:29:59+00:00","description":"Les Armour Door Protection Sleeves sont une solution simple et \u00e9conomique utilis\u00e9e pour prot\u00e9ger les portes contre les dommages.","breadcrumb":{"@id":"https:\/\/axiomtsp.com\/fr\/produit\/armour-door-protection-sleeves\/#breadcrumb"},"inLanguage":"fr-FR","potentialAction":[{"@type":"ReadAction","target":["https:\/\/axiomtsp.com\/fr\/produit\/armour-door-protection-sleeves\/"]}]},{"@type":"ImageObject","inLanguage":"fr-FR","@id":"https:\/\/axiomtsp.com\/fr\/produit\/armour-door-protection-sleeves\/#primaryimage","url":"https:\/\/axiomtsp.com\/wp-cms\/wp-content\/uploads\/2022\/05\/Armour-Door-Protection-Sleeves-scaled.jpg","contentUrl":"https:\/\/axiomtsp.com\/wp-cms\/wp-content\/uploads\/2022\/05\/Armour-Door-Protection-Sleeves-scaled.jpg","width":2560,"height":2560},{"@type":"BreadcrumbList","@id":"https:\/\/axiomtsp.com\/fr\/produit\/armour-door-protection-sleeves\/#breadcrumb","itemListElement":[{"@type":"ListItem","position":1,"name":"Home","item":"https:\/\/axiomtsp.com\/fr\/"},{"@type":"ListItem","position":2,"name":"Boutique","item":"https:\/\/axiomtsp.com\/boutique\/?lang=fr"},{"@type":"ListItem","position":3,"name":"ARMOUR DOOR PROTECTION SLEEVES"}]},{"@type":"WebSite","@id":"https:\/\/axiomtsp.com\/fr\/#website","url":"https:\/\/axiomtsp.com\/fr\/","name":"Axiom | Temporary Surface Protection","description":"We stock the largest range of Temporary Surface Protection products in Canada. We help you choose the best solution for your project to ensure that you save time and money, avoid disruption to your construction schedule, maximize profitability on your projects, and prevent damage to your reputation.","potentialAction":[{"@type":"SearchAction","target":{"@type":"EntryPoint","urlTemplate":"https:\/\/axiomtsp.com\/fr\/?s={search_term_string}"},"query-input":{"@type":"PropertyValueSpecification","valueRequired":true,"valueName":"search_term_string"}}],"inLanguage":"fr-FR"}]}},"_links":{"self":[{"href":"https:\/\/axiomtsp.com\/fr\/wp-json\/wp\/v2\/product\/5030","targetHints":{"allow":["GET"]}}],"collection":[{"href":"https:\/\/axiomtsp.com\/fr\/wp-json\/wp\/v2\/product"}],"about":[{"href":"https:\/\/axiomtsp.com\/fr\/wp-json\/wp\/v2\/types\/product"}],"replies":[{"embeddable":true,"href":"https:\/\/axiomtsp.com\/fr\/wp-json\/wp\/v2\/comments?post=5030"}],"wp:featuredmedia":[{"embeddable":true,"href":"https:\/\/axiomtsp.com\/fr\/wp-json\/wp\/v2\/media\/7975"}],"wp:attachment":[{"href":"https:\/\/axiomtsp.com\/fr\/wp-json\/wp\/v2\/media?parent=5030"}],"wp:term":[{"taxonomy":"product_brand","embeddable":true,"href":"https:\/\/axiomtsp.com\/fr\/wp-json\/wp\/v2\/product_brand?post=5030"},{"taxonomy":"product_cat","embeddable":true,"href":"https:\/\/axiomtsp.com\/fr\/wp-json\/wp\/v2\/product_cat?post=5030"},{"taxonomy":"product_tag","embeddable":true,"href":"https:\/\/axiomtsp.com\/fr\/wp-json\/wp\/v2\/product_tag?post=5030"}],"curies":[{"name":"wp","href":"https:\/\/api.w.org\/{rel}","templated":true}]}}