{"id":5018,"date":"2022-05-19T15:40:18","date_gmt":"2022-05-19T15:40:18","guid":{"rendered":"https:\/\/axiomtsp.com\/product\/armour-protection-board-black\/"},"modified":"2024-03-08T08:24:32","modified_gmt":"2024-03-08T08:24:32","slug":"armour-protection-board-black","status":"publish","type":"product","link":"https:\/\/axiomtsp.com\/fr\/produit\/armour-protection-board-black\/","title":{"rendered":"ARMOUR PROTECTION BOARD &#8211; BLACK"},"content":{"rendered":"<p>Armour Protection Board &#8211; Black est un produit de feuilles de plastique cannel\u00e9 de 2 mm d\u2019\u00e9paisseur. Il est tr\u00e8s facile \u00e0 utiliser et \u00e0 installer, et peut \u00eatre utilis\u00e9 de nombreuses fa\u00e7ons diff\u00e9rentes comme solution temporaire de protection de surface. Couramment utilis\u00e9 pour prot\u00e9ger les planchers, les armoires, les murs, les comptoirs, les douches, les portes, et plus encore. Le produit est l\u00e9ger, imperm\u00e9able aux liquides, flexible, r\u00e9sistant \u00e0 l\u2019impact, facile \u00e0 couper, et se repose bien \u00e0 plat. Le choix par excellence des professionnels de la construction au Canada.<\/p>\n<p>Souvent utilis\u00e9 avec <a href=\"https:\/\/axiomtsp.com\/produit\/armour-tape\/?lang=fr\" target=\"_blank\" rel=\"noopener\">Armour Tape<\/a>.<\/p>\n","protected":false},"excerpt":{"rendered":"<p>Armour Protection Board &#8211; Black est un produit de feuilles de plastique cannel\u00e9 de 2 mm d\u2019\u00e9paisseur. Il est tr\u00e8s facile \u00e0 utiliser et \u00e0 installer, et peut \u00eatre utilis\u00e9 de nombreuses fa\u00e7ons diff\u00e9rentes comme solution temporaire de protection de surface. Couramment utilis\u00e9 pour prot\u00e9ger les planchers, les armoires, les murs, les comptoirs, les douches, les portes, et plus encore. Le produit est l\u00e9ger, imperm\u00e9able aux liquides, flexible, r\u00e9sistant \u00e0 l\u2019impact, facile \u00e0 couper, et se repose bien \u00e0 plat. Le choix par excellence des professionnels de la construction au Canada.<\/p>\n<p>Souvent utilis\u00e9 avec <a href=\"https:\/\/axiomtsp.com\/produit\/armour-tape\/?lang=fr\" target=\"_blank\" rel=\"noopener\">Armour Tape<\/a>.<\/p>\n","protected":false},"featured_media":7871,"comment_status":"closed","ping_status":"closed","template":"","meta":{"_acf_changed":false},"product_brand":[],"product_cat":[151,173,153,147],"product_tag":[],"class_list":{"0":"post-5018","1":"product","2":"type-product","3":"status-publish","4":"has-post-thumbnail","6":"product_cat-protection-de-plancher","7":"product_cat-protection-planques-escaliers","8":"product_cat-protection-de-porte-contour","9":"product_cat-protection-de-cuisine-salle-de-bain","11":"first","12":"instock","13":"taxable","14":"shipping-taxable","15":"purchasable","16":"product-type-variable"},"acf":[],"yoast_head":"<!-- This site is optimized with the Yoast SEO plugin v27.1.1 - https:\/\/yoast.com\/product\/yoast-seo-wordpress\/ -->\n<title>ARMOUR PROTECTION BOARD - BLACK - Axiom | Temporary Surface Protection<\/title>\n<meta name=\"description\" content=\"Armour Protection Board - Black est un produit en feuille de plastique alv\u00e9olaire de 2 mm d&#039;\u00e9paisseur qui est polyvalent, facile \u00e0 utiliser et \u00e0 installer.\" \/>\n<meta name=\"robots\" content=\"index, follow, max-snippet:-1, max-image-preview:large, max-video-preview:-1\" \/>\n<link rel=\"canonical\" href=\"https:\/\/axiomtsp.com\/fr\/produit\/armour-protection-board-black\/\" \/>\n<meta property=\"og:locale\" content=\"fr_FR\" \/>\n<meta property=\"og:type\" content=\"article\" \/>\n<meta property=\"og:title\" content=\"ARMOUR PROTECTION BOARD - BLACK - Axiom | Temporary Surface Protection\" \/>\n<meta property=\"og:description\" content=\"Armour Protection Board - Black est un produit en feuille de plastique alv\u00e9olaire de 2 mm d&#039;\u00e9paisseur qui est polyvalent, facile \u00e0 utiliser et \u00e0 installer.\" \/>\n<meta property=\"og:url\" content=\"https:\/\/axiomtsp.com\/fr\/produit\/armour-protection-board-black\/\" \/>\n<meta property=\"og:site_name\" content=\"Axiom | Temporary Surface Protection\" \/>\n<meta property=\"article:modified_time\" content=\"2024-03-08T08:24:32+00:00\" \/>\n<meta property=\"og:image\" content=\"https:\/\/axiomtsp.com\/wp-cms\/wp-content\/uploads\/2022\/05\/Armour-Protection-Board-Black-scaled.jpg\" \/>\n\t<meta property=\"og:image:width\" content=\"2560\" \/>\n\t<meta property=\"og:image:height\" content=\"2560\" \/>\n\t<meta property=\"og:image:type\" content=\"image\/jpeg\" \/>\n<meta name=\"twitter:card\" content=\"summary_large_image\" \/>\n<meta name=\"twitter:label1\" content=\"Dur\u00e9e de lecture estim\u00e9e\" \/>\n\t<meta name=\"twitter:data1\" content=\"1 minute\" \/>\n<script type=\"application\/ld+json\" class=\"yoast-schema-graph\">{\"@context\":\"https:\/\/schema.org\",\"@graph\":[{\"@type\":\"WebPage\",\"@id\":\"https:\/\/axiomtsp.com\/fr\/produit\/armour-protection-board-black\/\",\"url\":\"https:\/\/axiomtsp.com\/fr\/produit\/armour-protection-board-black\/\",\"name\":\"ARMOUR PROTECTION BOARD - BLACK - Axiom | Temporary Surface Protection\",\"isPartOf\":{\"@id\":\"https:\/\/axiomtsp.com\/fr\/#website\"},\"primaryImageOfPage\":{\"@id\":\"https:\/\/axiomtsp.com\/fr\/produit\/armour-protection-board-black\/#primaryimage\"},\"image\":{\"@id\":\"https:\/\/axiomtsp.com\/fr\/produit\/armour-protection-board-black\/#primaryimage\"},\"thumbnailUrl\":\"https:\/\/axiomtsp.com\/wp-cms\/wp-content\/uploads\/2022\/05\/Armour-Protection-Board-Black-scaled.jpg\",\"datePublished\":\"2022-05-19T15:40:18+00:00\",\"dateModified\":\"2024-03-08T08:24:32+00:00\",\"description\":\"Armour Protection Board - Black est un produit en feuille de plastique alv\u00e9olaire de 2 mm d'\u00e9paisseur qui est polyvalent, facile \u00e0 utiliser et \u00e0 installer.\",\"breadcrumb\":{\"@id\":\"https:\/\/axiomtsp.com\/fr\/produit\/armour-protection-board-black\/#breadcrumb\"},\"inLanguage\":\"fr-FR\",\"potentialAction\":[{\"@type\":\"ReadAction\",\"target\":[\"https:\/\/axiomtsp.com\/fr\/produit\/armour-protection-board-black\/\"]}]},{\"@type\":\"ImageObject\",\"inLanguage\":\"fr-FR\",\"@id\":\"https:\/\/axiomtsp.com\/fr\/produit\/armour-protection-board-black\/#primaryimage\",\"url\":\"https:\/\/axiomtsp.com\/wp-cms\/wp-content\/uploads\/2022\/05\/Armour-Protection-Board-Black-scaled.jpg\",\"contentUrl\":\"https:\/\/axiomtsp.com\/wp-cms\/wp-content\/uploads\/2022\/05\/Armour-Protection-Board-Black-scaled.jpg\",\"width\":2560,\"height\":2560},{\"@type\":\"BreadcrumbList\",\"@id\":\"https:\/\/axiomtsp.com\/fr\/produit\/armour-protection-board-black\/#breadcrumb\",\"itemListElement\":[{\"@type\":\"ListItem\",\"position\":1,\"name\":\"Home\",\"item\":\"https:\/\/axiomtsp.com\/fr\/\"},{\"@type\":\"ListItem\",\"position\":2,\"name\":\"Boutique\",\"item\":\"https:\/\/axiomtsp.com\/boutique\/?lang=fr\"},{\"@type\":\"ListItem\",\"position\":3,\"name\":\"ARMOUR PROTECTION BOARD &#8211; BLACK\"}]},{\"@type\":\"WebSite\",\"@id\":\"https:\/\/axiomtsp.com\/fr\/#website\",\"url\":\"https:\/\/axiomtsp.com\/fr\/\",\"name\":\"Axiom | Temporary Surface Protection\",\"description\":\"We stock the largest range of Temporary Surface Protection products in Canada. We help you choose the best solution for your project to ensure that you save time and money, avoid disruption to your construction schedule, maximize profitability on your projects, and prevent damage to your reputation.\",\"potentialAction\":[{\"@type\":\"SearchAction\",\"target\":{\"@type\":\"EntryPoint\",\"urlTemplate\":\"https:\/\/axiomtsp.com\/fr\/?s={search_term_string}\"},\"query-input\":{\"@type\":\"PropertyValueSpecification\",\"valueRequired\":true,\"valueName\":\"search_term_string\"}}],\"inLanguage\":\"fr-FR\"}]}<\/script>\n<!-- \/ Yoast SEO plugin. -->","yoast_head_json":{"title":"ARMOUR PROTECTION BOARD - BLACK - Axiom | Temporary Surface Protection","description":"Armour Protection Board - Black est un produit en feuille de plastique alv\u00e9olaire de 2 mm d'\u00e9paisseur qui est polyvalent, facile \u00e0 utiliser et \u00e0 installer.","robots":{"index":"index","follow":"follow","max-snippet":"max-snippet:-1","max-image-preview":"max-image-preview:large","max-video-preview":"max-video-preview:-1"},"canonical":"https:\/\/axiomtsp.com\/fr\/produit\/armour-protection-board-black\/","og_locale":"fr_FR","og_type":"article","og_title":"ARMOUR PROTECTION BOARD - BLACK - Axiom | Temporary Surface Protection","og_description":"Armour Protection Board - Black est un produit en feuille de plastique alv\u00e9olaire de 2 mm d'\u00e9paisseur qui est polyvalent, facile \u00e0 utiliser et \u00e0 installer.","og_url":"https:\/\/axiomtsp.com\/fr\/produit\/armour-protection-board-black\/","og_site_name":"Axiom | Temporary Surface Protection","article_modified_time":"2024-03-08T08:24:32+00:00","og_image":[{"width":2560,"height":2560,"url":"https:\/\/axiomtsp.com\/wp-cms\/wp-content\/uploads\/2022\/05\/Armour-Protection-Board-Black-scaled.jpg","type":"image\/jpeg"}],"twitter_card":"summary_large_image","twitter_misc":{"Dur\u00e9e de lecture estim\u00e9e":"1 minute"},"schema":{"@context":"https:\/\/schema.org","@graph":[{"@type":"WebPage","@id":"https:\/\/axiomtsp.com\/fr\/produit\/armour-protection-board-black\/","url":"https:\/\/axiomtsp.com\/fr\/produit\/armour-protection-board-black\/","name":"ARMOUR PROTECTION BOARD - BLACK - Axiom | Temporary Surface Protection","isPartOf":{"@id":"https:\/\/axiomtsp.com\/fr\/#website"},"primaryImageOfPage":{"@id":"https:\/\/axiomtsp.com\/fr\/produit\/armour-protection-board-black\/#primaryimage"},"image":{"@id":"https:\/\/axiomtsp.com\/fr\/produit\/armour-protection-board-black\/#primaryimage"},"thumbnailUrl":"https:\/\/axiomtsp.com\/wp-cms\/wp-content\/uploads\/2022\/05\/Armour-Protection-Board-Black-scaled.jpg","datePublished":"2022-05-19T15:40:18+00:00","dateModified":"2024-03-08T08:24:32+00:00","description":"Armour Protection Board - Black est un produit en feuille de plastique alv\u00e9olaire de 2 mm d'\u00e9paisseur qui est polyvalent, facile \u00e0 utiliser et \u00e0 installer.","breadcrumb":{"@id":"https:\/\/axiomtsp.com\/fr\/produit\/armour-protection-board-black\/#breadcrumb"},"inLanguage":"fr-FR","potentialAction":[{"@type":"ReadAction","target":["https:\/\/axiomtsp.com\/fr\/produit\/armour-protection-board-black\/"]}]},{"@type":"ImageObject","inLanguage":"fr-FR","@id":"https:\/\/axiomtsp.com\/fr\/produit\/armour-protection-board-black\/#primaryimage","url":"https:\/\/axiomtsp.com\/wp-cms\/wp-content\/uploads\/2022\/05\/Armour-Protection-Board-Black-scaled.jpg","contentUrl":"https:\/\/axiomtsp.com\/wp-cms\/wp-content\/uploads\/2022\/05\/Armour-Protection-Board-Black-scaled.jpg","width":2560,"height":2560},{"@type":"BreadcrumbList","@id":"https:\/\/axiomtsp.com\/fr\/produit\/armour-protection-board-black\/#breadcrumb","itemListElement":[{"@type":"ListItem","position":1,"name":"Home","item":"https:\/\/axiomtsp.com\/fr\/"},{"@type":"ListItem","position":2,"name":"Boutique","item":"https:\/\/axiomtsp.com\/boutique\/?lang=fr"},{"@type":"ListItem","position":3,"name":"ARMOUR PROTECTION BOARD &#8211; BLACK"}]},{"@type":"WebSite","@id":"https:\/\/axiomtsp.com\/fr\/#website","url":"https:\/\/axiomtsp.com\/fr\/","name":"Axiom | Temporary Surface Protection","description":"We stock the largest range of Temporary Surface Protection products in Canada. We help you choose the best solution for your project to ensure that you save time and money, avoid disruption to your construction schedule, maximize profitability on your projects, and prevent damage to your reputation.","potentialAction":[{"@type":"SearchAction","target":{"@type":"EntryPoint","urlTemplate":"https:\/\/axiomtsp.com\/fr\/?s={search_term_string}"},"query-input":{"@type":"PropertyValueSpecification","valueRequired":true,"valueName":"search_term_string"}}],"inLanguage":"fr-FR"}]}},"_links":{"self":[{"href":"https:\/\/axiomtsp.com\/fr\/wp-json\/wp\/v2\/product\/5018","targetHints":{"allow":["GET"]}}],"collection":[{"href":"https:\/\/axiomtsp.com\/fr\/wp-json\/wp\/v2\/product"}],"about":[{"href":"https:\/\/axiomtsp.com\/fr\/wp-json\/wp\/v2\/types\/product"}],"replies":[{"embeddable":true,"href":"https:\/\/axiomtsp.com\/fr\/wp-json\/wp\/v2\/comments?post=5018"}],"wp:featuredmedia":[{"embeddable":true,"href":"https:\/\/axiomtsp.com\/fr\/wp-json\/wp\/v2\/media\/7871"}],"wp:attachment":[{"href":"https:\/\/axiomtsp.com\/fr\/wp-json\/wp\/v2\/media?parent=5018"}],"wp:term":[{"taxonomy":"product_brand","embeddable":true,"href":"https:\/\/axiomtsp.com\/fr\/wp-json\/wp\/v2\/product_brand?post=5018"},{"taxonomy":"product_cat","embeddable":true,"href":"https:\/\/axiomtsp.com\/fr\/wp-json\/wp\/v2\/product_cat?post=5018"},{"taxonomy":"product_tag","embeddable":true,"href":"https:\/\/axiomtsp.com\/fr\/wp-json\/wp\/v2\/product_tag?post=5018"}],"curies":[{"name":"wp","href":"https:\/\/api.w.org\/{rel}","templated":true}]}}