{"id":5013,"date":"2022-05-19T15:40:18","date_gmt":"2022-05-19T15:40:18","guid":{"rendered":"https:\/\/axiomtsp.com\/product\/armour-protection-fleece\/"},"modified":"2024-03-22T09:57:33","modified_gmt":"2024-03-22T09:57:33","slug":"armour-protection-fleece","status":"publish","type":"product","link":"https:\/\/axiomtsp.com\/fr\/produit\/armour-protection-fleece\/","title":{"rendered":"ARMOUR PROTECTION FLEECE"},"content":{"rendered":"<p>Armour Protection Fleece est fabriqu\u00e9 \u00e0 partir de fibres synth\u00e9tiques non tiss\u00e9es de 160 gsm avec un rev\u00eatement antid\u00e9rapant collant sur le dessous et une couche imperm\u00e9able sur le dessus. Cela garantit qu\u2019il reste en place sans glisser sur la surface finie. Il prot\u00e8ge de toute p\u00e9n\u00e9tration liquide.b Comme il est doux et non abrasif, il prot\u00e8ge contre les \u00e9raflures et les rayures, en particulier surb les surfaces lisses et brillantes. Souvent utilis\u00e9 pour prot\u00e9ger les planchers durs, les armoires, les comptoirs, les bases de douche, les escaliers, et plus encore.<\/p>\n<p>Souvent utilis\u00e9 avec\u00a0<a href=\"https:\/\/axiomtsp.com\/produit\/armour-tape\/?lang=fr\" target=\"_blank\" rel=\"noopener\">Armour Tape<\/a> ou <a href=\"https:\/\/axiomtsp.com\/produit\/bulldog-board-tape-breathable\/?lang=fr\">Bulldog Board Tape &#8211; Breathable<\/a>.<\/p>\n","protected":false},"excerpt":{"rendered":"<p>Armour Protection Fleece est fabriqu\u00e9 \u00e0 partir de fibres synth\u00e9tiques non tiss\u00e9es de 160 gsm avec un rev\u00eatement antid\u00e9rapant collant sur le dessous et une couche imperm\u00e9able sur le dessus. Cela garantit qu\u2019il reste en place sans glisser sur la surface finie. Il prot\u00e8ge de toute p\u00e9n\u00e9tration liquide.b Comme il est doux et non abrasif, il prot\u00e8ge contre les \u00e9raflures et les rayures, en particulier surb les surfaces lisses et brillantes. Souvent utilis\u00e9 pour prot\u00e9ger les planchers durs, les armoires, les comptoirs, les bases de douche, les escaliers, et plus encore.<\/p>\n<p>Souvent utilis\u00e9 avec\u00a0<a href=\"https:\/\/axiomtsp.com\/produit\/armour-tape\/?lang=fr\" target=\"_blank\" rel=\"noopener\">Armour Tape<\/a> ou <a href=\"https:\/\/axiomtsp.com\/product\/bulldog-board-tape-breathable\/\">Bulldog Board Tape &#8211; Breathable<\/a>.<\/p>\n","protected":false},"featured_media":7810,"comment_status":"closed","ping_status":"closed","template":"","meta":{"_acf_changed":false},"product_brand":[],"product_cat":[281,151,173],"product_tag":[],"class_list":{"0":"post-5013","1":"product","2":"type-product","3":"status-publish","4":"has-post-thumbnail","6":"product_cat-bathtub-shower-protection-fr","7":"product_cat-protection-de-plancher","8":"product_cat-protection-planques-escaliers","10":"first","11":"instock","12":"taxable","13":"shipping-taxable","14":"purchasable","15":"product-type-variable"},"acf":[],"yoast_head":"<!-- This site is optimized with the Yoast SEO plugin v27.1.1 - https:\/\/yoast.com\/product\/yoast-seo-wordpress\/ -->\n<title>ARMOUR PROTECTION FLEECE - Axiom | Temporary Surface Protection<\/title>\n<meta name=\"description\" content=\"Armour Protection Fleece est fabriqu\u00e9 \u00e0 partir de fibres non tiss\u00e9es douces avec un rev\u00eatement antid\u00e9rapant collant en dessous et une couche imperm\u00e9able sur le dessus.\" \/>\n<meta name=\"robots\" content=\"index, follow, max-snippet:-1, max-image-preview:large, max-video-preview:-1\" \/>\n<link rel=\"canonical\" href=\"https:\/\/axiomtsp.com\/fr\/produit\/armour-protection-fleece\/\" \/>\n<meta property=\"og:locale\" content=\"fr_FR\" \/>\n<meta property=\"og:type\" content=\"article\" \/>\n<meta property=\"og:title\" content=\"ARMOUR PROTECTION FLEECE - Axiom | Temporary Surface Protection\" \/>\n<meta property=\"og:description\" content=\"Armour Protection Fleece est fabriqu\u00e9 \u00e0 partir de fibres non tiss\u00e9es douces avec un rev\u00eatement antid\u00e9rapant collant en dessous et une couche imperm\u00e9able sur le dessus.\" \/>\n<meta property=\"og:url\" content=\"https:\/\/axiomtsp.com\/fr\/produit\/armour-protection-fleece\/\" \/>\n<meta property=\"og:site_name\" content=\"Axiom | Temporary Surface Protection\" \/>\n<meta property=\"article:modified_time\" content=\"2024-03-22T09:57:33+00:00\" \/>\n<meta property=\"og:image\" content=\"https:\/\/axiomtsp.com\/wp-cms\/wp-content\/uploads\/2022\/05\/Armour-Protection-Fleece-1-scaled.jpg\" \/>\n\t<meta property=\"og:image:width\" content=\"2560\" \/>\n\t<meta property=\"og:image:height\" content=\"2560\" \/>\n\t<meta property=\"og:image:type\" content=\"image\/jpeg\" \/>\n<meta name=\"twitter:card\" content=\"summary_large_image\" \/>\n<meta name=\"twitter:label1\" content=\"Dur\u00e9e de lecture estim\u00e9e\" \/>\n\t<meta name=\"twitter:data1\" content=\"1 minute\" \/>\n<script type=\"application\/ld+json\" class=\"yoast-schema-graph\">{\"@context\":\"https:\/\/schema.org\",\"@graph\":[{\"@type\":\"WebPage\",\"@id\":\"https:\/\/axiomtsp.com\/fr\/produit\/armour-protection-fleece\/\",\"url\":\"https:\/\/axiomtsp.com\/fr\/produit\/armour-protection-fleece\/\",\"name\":\"ARMOUR PROTECTION FLEECE - Axiom | Temporary Surface Protection\",\"isPartOf\":{\"@id\":\"https:\/\/axiomtsp.com\/fr\/#website\"},\"primaryImageOfPage\":{\"@id\":\"https:\/\/axiomtsp.com\/fr\/produit\/armour-protection-fleece\/#primaryimage\"},\"image\":{\"@id\":\"https:\/\/axiomtsp.com\/fr\/produit\/armour-protection-fleece\/#primaryimage\"},\"thumbnailUrl\":\"https:\/\/axiomtsp.com\/wp-cms\/wp-content\/uploads\/2022\/05\/Armour-Protection-Fleece-1-scaled.jpg\",\"datePublished\":\"2022-05-19T15:40:18+00:00\",\"dateModified\":\"2024-03-22T09:57:33+00:00\",\"description\":\"Armour Protection Fleece est fabriqu\u00e9 \u00e0 partir de fibres non tiss\u00e9es douces avec un rev\u00eatement antid\u00e9rapant collant en dessous et une couche imperm\u00e9able sur le dessus.\",\"breadcrumb\":{\"@id\":\"https:\/\/axiomtsp.com\/fr\/produit\/armour-protection-fleece\/#breadcrumb\"},\"inLanguage\":\"fr-FR\",\"potentialAction\":[{\"@type\":\"ReadAction\",\"target\":[\"https:\/\/axiomtsp.com\/fr\/produit\/armour-protection-fleece\/\"]}]},{\"@type\":\"ImageObject\",\"inLanguage\":\"fr-FR\",\"@id\":\"https:\/\/axiomtsp.com\/fr\/produit\/armour-protection-fleece\/#primaryimage\",\"url\":\"https:\/\/axiomtsp.com\/wp-cms\/wp-content\/uploads\/2022\/05\/Armour-Protection-Fleece-1-scaled.jpg\",\"contentUrl\":\"https:\/\/axiomtsp.com\/wp-cms\/wp-content\/uploads\/2022\/05\/Armour-Protection-Fleece-1-scaled.jpg\",\"width\":2560,\"height\":2560},{\"@type\":\"BreadcrumbList\",\"@id\":\"https:\/\/axiomtsp.com\/fr\/produit\/armour-protection-fleece\/#breadcrumb\",\"itemListElement\":[{\"@type\":\"ListItem\",\"position\":1,\"name\":\"Home\",\"item\":\"https:\/\/axiomtsp.com\/fr\/\"},{\"@type\":\"ListItem\",\"position\":2,\"name\":\"Boutique\",\"item\":\"https:\/\/axiomtsp.com\/boutique\/?lang=fr\"},{\"@type\":\"ListItem\",\"position\":3,\"name\":\"ARMOUR PROTECTION FLEECE\"}]},{\"@type\":\"WebSite\",\"@id\":\"https:\/\/axiomtsp.com\/fr\/#website\",\"url\":\"https:\/\/axiomtsp.com\/fr\/\",\"name\":\"Axiom | Temporary Surface Protection\",\"description\":\"We stock the largest range of Temporary Surface Protection products in Canada. We help you choose the best solution for your project to ensure that you save time and money, avoid disruption to your construction schedule, maximize profitability on your projects, and prevent damage to your reputation.\",\"potentialAction\":[{\"@type\":\"SearchAction\",\"target\":{\"@type\":\"EntryPoint\",\"urlTemplate\":\"https:\/\/axiomtsp.com\/fr\/?s={search_term_string}\"},\"query-input\":{\"@type\":\"PropertyValueSpecification\",\"valueRequired\":true,\"valueName\":\"search_term_string\"}}],\"inLanguage\":\"fr-FR\"}]}<\/script>\n<!-- \/ Yoast SEO plugin. -->","yoast_head_json":{"title":"ARMOUR PROTECTION FLEECE - Axiom | Temporary Surface Protection","description":"Armour Protection Fleece est fabriqu\u00e9 \u00e0 partir de fibres non tiss\u00e9es douces avec un rev\u00eatement antid\u00e9rapant collant en dessous et une couche imperm\u00e9able sur le dessus.","robots":{"index":"index","follow":"follow","max-snippet":"max-snippet:-1","max-image-preview":"max-image-preview:large","max-video-preview":"max-video-preview:-1"},"canonical":"https:\/\/axiomtsp.com\/fr\/produit\/armour-protection-fleece\/","og_locale":"fr_FR","og_type":"article","og_title":"ARMOUR PROTECTION FLEECE - Axiom | Temporary Surface Protection","og_description":"Armour Protection Fleece est fabriqu\u00e9 \u00e0 partir de fibres non tiss\u00e9es douces avec un rev\u00eatement antid\u00e9rapant collant en dessous et une couche imperm\u00e9able sur le dessus.","og_url":"https:\/\/axiomtsp.com\/fr\/produit\/armour-protection-fleece\/","og_site_name":"Axiom | Temporary Surface Protection","article_modified_time":"2024-03-22T09:57:33+00:00","og_image":[{"width":2560,"height":2560,"url":"https:\/\/axiomtsp.com\/wp-cms\/wp-content\/uploads\/2022\/05\/Armour-Protection-Fleece-1-scaled.jpg","type":"image\/jpeg"}],"twitter_card":"summary_large_image","twitter_misc":{"Dur\u00e9e de lecture estim\u00e9e":"1 minute"},"schema":{"@context":"https:\/\/schema.org","@graph":[{"@type":"WebPage","@id":"https:\/\/axiomtsp.com\/fr\/produit\/armour-protection-fleece\/","url":"https:\/\/axiomtsp.com\/fr\/produit\/armour-protection-fleece\/","name":"ARMOUR PROTECTION FLEECE - Axiom | Temporary Surface Protection","isPartOf":{"@id":"https:\/\/axiomtsp.com\/fr\/#website"},"primaryImageOfPage":{"@id":"https:\/\/axiomtsp.com\/fr\/produit\/armour-protection-fleece\/#primaryimage"},"image":{"@id":"https:\/\/axiomtsp.com\/fr\/produit\/armour-protection-fleece\/#primaryimage"},"thumbnailUrl":"https:\/\/axiomtsp.com\/wp-cms\/wp-content\/uploads\/2022\/05\/Armour-Protection-Fleece-1-scaled.jpg","datePublished":"2022-05-19T15:40:18+00:00","dateModified":"2024-03-22T09:57:33+00:00","description":"Armour Protection Fleece est fabriqu\u00e9 \u00e0 partir de fibres non tiss\u00e9es douces avec un rev\u00eatement antid\u00e9rapant collant en dessous et une couche imperm\u00e9able sur le dessus.","breadcrumb":{"@id":"https:\/\/axiomtsp.com\/fr\/produit\/armour-protection-fleece\/#breadcrumb"},"inLanguage":"fr-FR","potentialAction":[{"@type":"ReadAction","target":["https:\/\/axiomtsp.com\/fr\/produit\/armour-protection-fleece\/"]}]},{"@type":"ImageObject","inLanguage":"fr-FR","@id":"https:\/\/axiomtsp.com\/fr\/produit\/armour-protection-fleece\/#primaryimage","url":"https:\/\/axiomtsp.com\/wp-cms\/wp-content\/uploads\/2022\/05\/Armour-Protection-Fleece-1-scaled.jpg","contentUrl":"https:\/\/axiomtsp.com\/wp-cms\/wp-content\/uploads\/2022\/05\/Armour-Protection-Fleece-1-scaled.jpg","width":2560,"height":2560},{"@type":"BreadcrumbList","@id":"https:\/\/axiomtsp.com\/fr\/produit\/armour-protection-fleece\/#breadcrumb","itemListElement":[{"@type":"ListItem","position":1,"name":"Home","item":"https:\/\/axiomtsp.com\/fr\/"},{"@type":"ListItem","position":2,"name":"Boutique","item":"https:\/\/axiomtsp.com\/boutique\/?lang=fr"},{"@type":"ListItem","position":3,"name":"ARMOUR PROTECTION FLEECE"}]},{"@type":"WebSite","@id":"https:\/\/axiomtsp.com\/fr\/#website","url":"https:\/\/axiomtsp.com\/fr\/","name":"Axiom | Temporary Surface Protection","description":"We stock the largest range of Temporary Surface Protection products in Canada. We help you choose the best solution for your project to ensure that you save time and money, avoid disruption to your construction schedule, maximize profitability on your projects, and prevent damage to your reputation.","potentialAction":[{"@type":"SearchAction","target":{"@type":"EntryPoint","urlTemplate":"https:\/\/axiomtsp.com\/fr\/?s={search_term_string}"},"query-input":{"@type":"PropertyValueSpecification","valueRequired":true,"valueName":"search_term_string"}}],"inLanguage":"fr-FR"}]}},"_links":{"self":[{"href":"https:\/\/axiomtsp.com\/fr\/wp-json\/wp\/v2\/product\/5013","targetHints":{"allow":["GET"]}}],"collection":[{"href":"https:\/\/axiomtsp.com\/fr\/wp-json\/wp\/v2\/product"}],"about":[{"href":"https:\/\/axiomtsp.com\/fr\/wp-json\/wp\/v2\/types\/product"}],"replies":[{"embeddable":true,"href":"https:\/\/axiomtsp.com\/fr\/wp-json\/wp\/v2\/comments?post=5013"}],"wp:featuredmedia":[{"embeddable":true,"href":"https:\/\/axiomtsp.com\/fr\/wp-json\/wp\/v2\/media\/7810"}],"wp:attachment":[{"href":"https:\/\/axiomtsp.com\/fr\/wp-json\/wp\/v2\/media?parent=5013"}],"wp:term":[{"taxonomy":"product_brand","embeddable":true,"href":"https:\/\/axiomtsp.com\/fr\/wp-json\/wp\/v2\/product_brand?post=5013"},{"taxonomy":"product_cat","embeddable":true,"href":"https:\/\/axiomtsp.com\/fr\/wp-json\/wp\/v2\/product_cat?post=5013"},{"taxonomy":"product_tag","embeddable":true,"href":"https:\/\/axiomtsp.com\/fr\/wp-json\/wp\/v2\/product_tag?post=5013"}],"curies":[{"name":"wp","href":"https:\/\/api.w.org\/{rel}","templated":true}]}}