{"id":5004,"date":"2022-05-19T15:40:42","date_gmt":"2022-05-19T15:40:42","guid":{"rendered":"https:\/\/axiomtsp.com\/product\/bulldog-board-temporary-floor-protection\/"},"modified":"2024-03-22T09:40:57","modified_gmt":"2024-03-22T09:40:57","slug":"bulldog-board-temporary-floor-protection","status":"publish","type":"product","link":"https:\/\/axiomtsp.com\/fr\/produit\/bulldog-board-temporary-floor-protection\/","title":{"rendered":"BULLDOG BOARD TEMPORARY FLOOR PROTECTION"},"content":{"rendered":"<p>Bulldog Board a une r\u00e9putation dans l\u2019industrie en tant que solution de protection temporaire pour les planchers de haute qualit\u00e9 qui prot\u00e8ge contre les dommages. Bulldog Board poss\u00e8de plus de fonctionnalit\u00e9s que toute autre protection de planchers en carton sur le march\u00e9. Une simple solution \u00e0 valeur exceptionnelle pour prot\u00e9ger vos planchers contre les dommages pendant la construction et les r\u00e9novations.<\/p>\n<p>Bulldog Board offre &#8211; PROTECTION CONTRE LES DOMMAGES LIQUIDES &#8211; S\u2019ALLONGE \u00c0 PLAT TR\u00c8S RAPIDEMENT &#8211; TECHNOLOGIE ARMOUR BREATHE &#8211; PROTECTION EXTR\u00c8ME- PROTECTION ARMOR WALL &#8211; CONTRIBUE AUX CR\u00c9DITS LEED &#8211; R\u00c9SISTANT \u00c0 L\u2019IMPACT &#8211; R\u00c9UTILISABLE ET 100% RECYCLABLE<\/p>\n<p>Souvent utilis\u00e9 en association avec <a href=\"https:\/\/axiomtsp.com\/produit\/bulldog-board-tape\/?lang=fr\">Bulldog Board Tape<\/a>, <a href=\"https:\/\/axiomtsp.com\/produit\/bulldog-board-tape-breathable\/?lang=fr\">Bulldog Board Tape &#8211; Breathable<\/a>, <a href=\"https:\/\/axiomtsp.com\/produit\/armour-tape\/?lang=fr\">Armour Tape<\/a>, ou <a href=\"https:\/\/axiomtsp.com\/produit\/clean-green-tape\/?lang=fr\">Clean Green Tape<\/a>.<\/p>\n","protected":false},"excerpt":{"rendered":"<p>Bulldog Board a une r\u00e9putation dans l\u2019industrie en tant que solution de protection temporaire pour les planchers de haute qualit\u00e9 qui prot\u00e8ge contre les dommages. Bulldog Board poss\u00e8de plus de fonctionnalit\u00e9s que toute autre protection de planchers en carton sur le march\u00e9. Une simple solution \u00e0 valeur exceptionnelle pour prot\u00e9ger vos planchers contre les dommages pendant la construction et les r\u00e9novations.<\/p>\n<p>Bulldog Board offre &#8211; PROTECTION CONTRE LES DOMMAGES LIQUIDES &#8211; S\u2019ALLONGE \u00c0 PLAT TR\u00c8S RAPIDEMENT &#8211; TECHNOLOGIE ARMOUR BREATHE &#8211; PROTECTION EXTR\u00c8ME- PROTECTION ARMOR WALL &#8211; CONTRIBUE AUX CR\u00c9DITS LEED &#8211; R\u00c9SISTANT \u00c0 L\u2019IMPACT &#8211; R\u00c9UTILISABLE ET 100% RECYCLABLE<\/p>\n<p>Souvent utilis\u00e9 en association avec <a href=\"https:\/\/axiomtsp.com\/product\/bulldog-board-tape\/\">Bulldog Board Tape<\/a>, <a href=\"https:\/\/axiomtsp.com\/product\/bulldog-board-tape-breathable\/\">Bulldog Board Tape &#8211; Breathable<\/a>, <a href=\"https:\/\/axiomtsp.com\/produit\/armour-tape\/?lang=fr\">Armour Tape<\/a>, ou <a href=\"https:\/\/axiomtsp.com\/produit\/clean-green-tape\/?lang=fr\">Clean Green Tape<\/a>.<\/p>\n","protected":false},"featured_media":7783,"comment_status":"closed","ping_status":"closed","template":"","meta":{"_acf_changed":false},"product_brand":[],"product_cat":[151],"product_tag":[],"class_list":{"0":"post-5004","1":"product","2":"type-product","3":"status-publish","4":"has-post-thumbnail","6":"product_cat-protection-de-plancher","8":"first","9":"instock","10":"taxable","11":"shipping-taxable","12":"purchasable","13":"product-type-variable"},"acf":[],"yoast_head":"<!-- This site is optimized with the Yoast SEO plugin v27.1.1 - https:\/\/yoast.com\/product\/yoast-seo-wordpress\/ -->\n<title>BULLDOG BOARD TEMPORARY FLOOR PROTECTION - Axiom | Temporary Surface Protection<\/title>\n<meta name=\"description\" content=\"Bulldog Board has a reputation in the industry as a high quality temporary floor protection solution that defends against damage. Bulldog Board comes standard with more features packed into it than any other paperboard floor protection on the market. All of this is wrapped up with exceptional value in an easy solution to keep your floors protected from damage during construction and renovations.\" \/>\n<meta name=\"robots\" content=\"index, follow, max-snippet:-1, max-image-preview:large, max-video-preview:-1\" \/>\n<link rel=\"canonical\" href=\"https:\/\/axiomtsp.com\/fr\/produit\/bulldog-board-temporary-floor-protection\/\" \/>\n<meta property=\"og:locale\" content=\"fr_FR\" \/>\n<meta property=\"og:type\" content=\"article\" \/>\n<meta property=\"og:title\" content=\"BULLDOG BOARD TEMPORARY FLOOR PROTECTION - Axiom | Temporary Surface Protection\" \/>\n<meta property=\"og:description\" content=\"Bulldog Board has a reputation in the industry as a high quality temporary floor protection solution that defends against damage. Bulldog Board comes standard with more features packed into it than any other paperboard floor protection on the market. All of this is wrapped up with exceptional value in an easy solution to keep your floors protected from damage during construction and renovations.\" \/>\n<meta property=\"og:url\" content=\"https:\/\/axiomtsp.com\/fr\/produit\/bulldog-board-temporary-floor-protection\/\" \/>\n<meta property=\"og:site_name\" content=\"Axiom | Temporary Surface Protection\" \/>\n<meta property=\"article:modified_time\" content=\"2024-03-22T09:40:57+00:00\" \/>\n<meta property=\"og:image\" content=\"https:\/\/axiomtsp.com\/wp-content\/uploads\/2022\/05\/fd5b5f_93636fa81a79413a9ce3a0149a1d1c4emv2.jpg\" \/>\n\t<meta property=\"og:image:width\" content=\"720\" \/>\n\t<meta property=\"og:image:height\" content=\"720\" \/>\n\t<meta property=\"og:image:type\" content=\"image\/jpeg\" \/>\n<meta name=\"twitter:card\" content=\"summary_large_image\" \/>\n<meta name=\"twitter:label1\" content=\"Dur\u00e9e de lecture estim\u00e9e\" \/>\n\t<meta name=\"twitter:data1\" content=\"1 minute\" \/>\n<script type=\"application\/ld+json\" class=\"yoast-schema-graph\">{\"@context\":\"https:\/\/schema.org\",\"@graph\":[{\"@type\":\"WebPage\",\"@id\":\"https:\/\/axiomtsp.com\/fr\/produit\/bulldog-board-temporary-floor-protection\/\",\"url\":\"https:\/\/axiomtsp.com\/fr\/produit\/bulldog-board-temporary-floor-protection\/\",\"name\":\"BULLDOG BOARD TEMPORARY FLOOR PROTECTION - Axiom | Temporary Surface Protection\",\"isPartOf\":{\"@id\":\"https:\/\/axiomtsp.com\/fr\/#website\"},\"primaryImageOfPage\":{\"@id\":\"https:\/\/axiomtsp.com\/fr\/produit\/bulldog-board-temporary-floor-protection\/#primaryimage\"},\"image\":{\"@id\":\"https:\/\/axiomtsp.com\/fr\/produit\/bulldog-board-temporary-floor-protection\/#primaryimage\"},\"thumbnailUrl\":\"https:\/\/axiomtsp.com\/wp-cms\/wp-content\/uploads\/2022\/05\/Bulldog-Board-scaled.jpg\",\"datePublished\":\"2022-05-19T15:40:42+00:00\",\"dateModified\":\"2024-03-22T09:40:57+00:00\",\"description\":\"Bulldog Board has a reputation in the industry as a high quality temporary floor protection solution that defends against damage. Bulldog Board comes standard with more features packed into it than any other paperboard floor protection on the market. All of this is wrapped up with exceptional value in an easy solution to keep your floors protected from damage during construction and renovations.\",\"breadcrumb\":{\"@id\":\"https:\/\/axiomtsp.com\/fr\/produit\/bulldog-board-temporary-floor-protection\/#breadcrumb\"},\"inLanguage\":\"fr-FR\",\"potentialAction\":[{\"@type\":\"ReadAction\",\"target\":[\"https:\/\/axiomtsp.com\/fr\/produit\/bulldog-board-temporary-floor-protection\/\"]}]},{\"@type\":\"ImageObject\",\"inLanguage\":\"fr-FR\",\"@id\":\"https:\/\/axiomtsp.com\/fr\/produit\/bulldog-board-temporary-floor-protection\/#primaryimage\",\"url\":\"https:\/\/axiomtsp.com\/wp-cms\/wp-content\/uploads\/2022\/05\/Bulldog-Board-scaled.jpg\",\"contentUrl\":\"https:\/\/axiomtsp.com\/wp-cms\/wp-content\/uploads\/2022\/05\/Bulldog-Board-scaled.jpg\",\"width\":2560,\"height\":2560},{\"@type\":\"BreadcrumbList\",\"@id\":\"https:\/\/axiomtsp.com\/fr\/produit\/bulldog-board-temporary-floor-protection\/#breadcrumb\",\"itemListElement\":[{\"@type\":\"ListItem\",\"position\":1,\"name\":\"Home\",\"item\":\"https:\/\/axiomtsp.com\/fr\/\"},{\"@type\":\"ListItem\",\"position\":2,\"name\":\"Boutique\",\"item\":\"https:\/\/axiomtsp.com\/boutique\/?lang=fr\"},{\"@type\":\"ListItem\",\"position\":3,\"name\":\"BULLDOG BOARD TEMPORARY FLOOR PROTECTION\"}]},{\"@type\":\"WebSite\",\"@id\":\"https:\/\/axiomtsp.com\/fr\/#website\",\"url\":\"https:\/\/axiomtsp.com\/fr\/\",\"name\":\"Axiom | Temporary Surface Protection\",\"description\":\"We stock the largest range of Temporary Surface Protection products in Canada. We help you choose the best solution for your project to ensure that you save time and money, avoid disruption to your construction schedule, maximize profitability on your projects, and prevent damage to your reputation.\",\"potentialAction\":[{\"@type\":\"SearchAction\",\"target\":{\"@type\":\"EntryPoint\",\"urlTemplate\":\"https:\/\/axiomtsp.com\/fr\/?s={search_term_string}\"},\"query-input\":{\"@type\":\"PropertyValueSpecification\",\"valueRequired\":true,\"valueName\":\"search_term_string\"}}],\"inLanguage\":\"fr-FR\"}]}<\/script>\n<!-- \/ Yoast SEO plugin. -->","yoast_head_json":{"title":"BULLDOG BOARD TEMPORARY FLOOR PROTECTION - Axiom | Temporary Surface Protection","description":"Bulldog Board has a reputation in the industry as a high quality temporary floor protection solution that defends against damage. Bulldog Board comes standard with more features packed into it than any other paperboard floor protection on the market. All of this is wrapped up with exceptional value in an easy solution to keep your floors protected from damage during construction and renovations.","robots":{"index":"index","follow":"follow","max-snippet":"max-snippet:-1","max-image-preview":"max-image-preview:large","max-video-preview":"max-video-preview:-1"},"canonical":"https:\/\/axiomtsp.com\/fr\/produit\/bulldog-board-temporary-floor-protection\/","og_locale":"fr_FR","og_type":"article","og_title":"BULLDOG BOARD TEMPORARY FLOOR PROTECTION - Axiom | Temporary Surface Protection","og_description":"Bulldog Board has a reputation in the industry as a high quality temporary floor protection solution that defends against damage. Bulldog Board comes standard with more features packed into it than any other paperboard floor protection on the market. All of this is wrapped up with exceptional value in an easy solution to keep your floors protected from damage during construction and renovations.","og_url":"https:\/\/axiomtsp.com\/fr\/produit\/bulldog-board-temporary-floor-protection\/","og_site_name":"Axiom | Temporary Surface Protection","article_modified_time":"2024-03-22T09:40:57+00:00","og_image":[{"width":720,"height":720,"url":"https:\/\/axiomtsp.com\/wp-content\/uploads\/2022\/05\/fd5b5f_93636fa81a79413a9ce3a0149a1d1c4emv2.jpg","type":"image\/jpeg"}],"twitter_card":"summary_large_image","twitter_misc":{"Dur\u00e9e de lecture estim\u00e9e":"1 minute"},"schema":{"@context":"https:\/\/schema.org","@graph":[{"@type":"WebPage","@id":"https:\/\/axiomtsp.com\/fr\/produit\/bulldog-board-temporary-floor-protection\/","url":"https:\/\/axiomtsp.com\/fr\/produit\/bulldog-board-temporary-floor-protection\/","name":"BULLDOG BOARD TEMPORARY FLOOR PROTECTION - Axiom | Temporary Surface Protection","isPartOf":{"@id":"https:\/\/axiomtsp.com\/fr\/#website"},"primaryImageOfPage":{"@id":"https:\/\/axiomtsp.com\/fr\/produit\/bulldog-board-temporary-floor-protection\/#primaryimage"},"image":{"@id":"https:\/\/axiomtsp.com\/fr\/produit\/bulldog-board-temporary-floor-protection\/#primaryimage"},"thumbnailUrl":"https:\/\/axiomtsp.com\/wp-cms\/wp-content\/uploads\/2022\/05\/Bulldog-Board-scaled.jpg","datePublished":"2022-05-19T15:40:42+00:00","dateModified":"2024-03-22T09:40:57+00:00","description":"Bulldog Board has a reputation in the industry as a high quality temporary floor protection solution that defends against damage. Bulldog Board comes standard with more features packed into it than any other paperboard floor protection on the market. All of this is wrapped up with exceptional value in an easy solution to keep your floors protected from damage during construction and renovations.","breadcrumb":{"@id":"https:\/\/axiomtsp.com\/fr\/produit\/bulldog-board-temporary-floor-protection\/#breadcrumb"},"inLanguage":"fr-FR","potentialAction":[{"@type":"ReadAction","target":["https:\/\/axiomtsp.com\/fr\/produit\/bulldog-board-temporary-floor-protection\/"]}]},{"@type":"ImageObject","inLanguage":"fr-FR","@id":"https:\/\/axiomtsp.com\/fr\/produit\/bulldog-board-temporary-floor-protection\/#primaryimage","url":"https:\/\/axiomtsp.com\/wp-cms\/wp-content\/uploads\/2022\/05\/Bulldog-Board-scaled.jpg","contentUrl":"https:\/\/axiomtsp.com\/wp-cms\/wp-content\/uploads\/2022\/05\/Bulldog-Board-scaled.jpg","width":2560,"height":2560},{"@type":"BreadcrumbList","@id":"https:\/\/axiomtsp.com\/fr\/produit\/bulldog-board-temporary-floor-protection\/#breadcrumb","itemListElement":[{"@type":"ListItem","position":1,"name":"Home","item":"https:\/\/axiomtsp.com\/fr\/"},{"@type":"ListItem","position":2,"name":"Boutique","item":"https:\/\/axiomtsp.com\/boutique\/?lang=fr"},{"@type":"ListItem","position":3,"name":"BULLDOG BOARD TEMPORARY FLOOR PROTECTION"}]},{"@type":"WebSite","@id":"https:\/\/axiomtsp.com\/fr\/#website","url":"https:\/\/axiomtsp.com\/fr\/","name":"Axiom | Temporary Surface Protection","description":"We stock the largest range of Temporary Surface Protection products in Canada. We help you choose the best solution for your project to ensure that you save time and money, avoid disruption to your construction schedule, maximize profitability on your projects, and prevent damage to your reputation.","potentialAction":[{"@type":"SearchAction","target":{"@type":"EntryPoint","urlTemplate":"https:\/\/axiomtsp.com\/fr\/?s={search_term_string}"},"query-input":{"@type":"PropertyValueSpecification","valueRequired":true,"valueName":"search_term_string"}}],"inLanguage":"fr-FR"}]}},"_links":{"self":[{"href":"https:\/\/axiomtsp.com\/fr\/wp-json\/wp\/v2\/product\/5004","targetHints":{"allow":["GET"]}}],"collection":[{"href":"https:\/\/axiomtsp.com\/fr\/wp-json\/wp\/v2\/product"}],"about":[{"href":"https:\/\/axiomtsp.com\/fr\/wp-json\/wp\/v2\/types\/product"}],"replies":[{"embeddable":true,"href":"https:\/\/axiomtsp.com\/fr\/wp-json\/wp\/v2\/comments?post=5004"}],"wp:featuredmedia":[{"embeddable":true,"href":"https:\/\/axiomtsp.com\/fr\/wp-json\/wp\/v2\/media\/7783"}],"wp:attachment":[{"href":"https:\/\/axiomtsp.com\/fr\/wp-json\/wp\/v2\/media?parent=5004"}],"wp:term":[{"taxonomy":"product_brand","embeddable":true,"href":"https:\/\/axiomtsp.com\/fr\/wp-json\/wp\/v2\/product_brand?post=5004"},{"taxonomy":"product_cat","embeddable":true,"href":"https:\/\/axiomtsp.com\/fr\/wp-json\/wp\/v2\/product_cat?post=5004"},{"taxonomy":"product_tag","embeddable":true,"href":"https:\/\/axiomtsp.com\/fr\/wp-json\/wp\/v2\/product_tag?post=5004"}],"curies":[{"name":"wp","href":"https:\/\/api.w.org\/{rel}","templated":true}]}}