{"id":5001,"date":"2022-05-19T15:40:42","date_gmt":"2022-05-19T15:40:42","guid":{"rendered":"https:\/\/axiomtsp.com\/product\/armour-tape\/"},"modified":"2024-03-07T10:51:52","modified_gmt":"2024-03-07T10:51:52","slug":"armour-tape","status":"publish","type":"product","link":"https:\/\/axiomtsp.com\/fr\/produit\/armour-tape\/","title":{"rendered":"ARMOUR TAPE"},"content":{"rendered":"<p>Armour Tape est fabriqu\u00e9 de poly\u00e9thyl\u00e8ne, est r\u00e9sistant aux UV et est couramment utilis\u00e9 avec d\u2019autres produits de protection de surface temporaire afin de fixer et de joindre les mat\u00e9riaux ou les garder en place. Avec enl\u00e8vement propre de 60 jours, Armour Tape est un meilleur choix que les rubans adh\u00e9sifs d\u2019autres types, et fonctionne tr\u00e8s bien comme ruban adh\u00e9sif pour vos projets. Chaque rouleau est fabriqu\u00e9 avec les c\u00f4t\u00e9s dentel\u00e9s pour un arrachement facile, afin de vous aider \u00e0 gagner du temps sur votre projet. D\u2019autres couleurs et tailles sont disponibles par commande sp\u00e9ciale.<\/p>\n","protected":false},"excerpt":{"rendered":"<p>Armour Tape est fabriqu\u00e9 de poly\u00e9thyl\u00e8ne, est r\u00e9sistant aux UV et est couramment utilis\u00e9 avec d\u2019autres produits de protection de surface temporaire afin de fixer et de joindre les mat\u00e9riaux ou les garder en place. Avec enl\u00e8vement propre de 60 jours, Armour Tape est un meilleur choix que les rubans adh\u00e9sifs d\u2019autres types, et fonctionne tr\u00e8s bien comme ruban adh\u00e9sif pour vos projets. Chaque rouleau est fabriqu\u00e9 avec les c\u00f4t\u00e9s dentel\u00e9s pour un arrachement facile, afin de vous aider \u00e0 gagner du temps sur votre projet. D\u2019autres couleurs et tailles sont disponibles par commande sp\u00e9ciale.<\/p>\n","protected":false},"featured_media":8071,"comment_status":"closed","ping_status":"closed","template":"","meta":{"_acf_changed":false},"product_brand":[],"product_cat":[156],"product_tag":[],"class_list":{"0":"post-5001","1":"product","2":"type-product","3":"status-publish","4":"has-post-thumbnail","6":"product_cat-rubans-adhesifs-de-protection","8":"first","9":"instock","10":"taxable","11":"shipping-taxable","12":"purchasable","13":"product-type-variable"},"acf":[],"yoast_head":"<!-- This site is optimized with the Yoast SEO plugin v27.1.1 - https:\/\/yoast.com\/product\/yoast-seo-wordpress\/ -->\n<title>ARMOUR TAPE - Axiom | Temporary Surface Protection<\/title>\n<meta name=\"description\" content=\"Armour Tape, avec son support en poly\u00e9thyl\u00e8ne et sa stabilisation UV, est id\u00e9al pour la protection temporaire des surfaces.\" \/>\n<meta name=\"robots\" content=\"index, follow, max-snippet:-1, max-image-preview:large, max-video-preview:-1\" \/>\n<link rel=\"canonical\" href=\"https:\/\/axiomtsp.com\/fr\/produit\/armour-tape\/\" \/>\n<meta property=\"og:locale\" content=\"fr_FR\" \/>\n<meta property=\"og:type\" content=\"article\" \/>\n<meta property=\"og:title\" content=\"ARMOUR TAPE - Axiom | Temporary Surface Protection\" \/>\n<meta property=\"og:description\" content=\"Armour Tape, avec son support en poly\u00e9thyl\u00e8ne et sa stabilisation UV, est id\u00e9al pour la protection temporaire des surfaces.\" \/>\n<meta property=\"og:url\" content=\"https:\/\/axiomtsp.com\/fr\/produit\/armour-tape\/\" \/>\n<meta property=\"og:site_name\" content=\"Axiom | Temporary Surface Protection\" \/>\n<meta property=\"article:modified_time\" content=\"2024-03-07T10:51:52+00:00\" \/>\n<meta property=\"og:image\" content=\"https:\/\/axiomtsp.com\/wp-content\/uploads\/2022\/05\/Armour-Tape.jpg\" \/>\n\t<meta property=\"og:image:width\" content=\"720\" \/>\n\t<meta property=\"og:image:height\" content=\"720\" \/>\n\t<meta property=\"og:image:type\" content=\"image\/jpeg\" \/>\n<meta name=\"twitter:card\" content=\"summary_large_image\" \/>\n<meta name=\"twitter:label1\" content=\"Dur\u00e9e de lecture estim\u00e9e\" \/>\n\t<meta name=\"twitter:data1\" content=\"1 minute\" \/>\n<script type=\"application\/ld+json\" class=\"yoast-schema-graph\">{\"@context\":\"https:\/\/schema.org\",\"@graph\":[{\"@type\":\"WebPage\",\"@id\":\"https:\/\/axiomtsp.com\/fr\/produit\/armour-tape\/\",\"url\":\"https:\/\/axiomtsp.com\/fr\/produit\/armour-tape\/\",\"name\":\"ARMOUR TAPE - Axiom | Temporary Surface Protection\",\"isPartOf\":{\"@id\":\"https:\/\/axiomtsp.com\/fr\/#website\"},\"primaryImageOfPage\":{\"@id\":\"https:\/\/axiomtsp.com\/fr\/produit\/armour-tape\/#primaryimage\"},\"image\":{\"@id\":\"https:\/\/axiomtsp.com\/fr\/produit\/armour-tape\/#primaryimage\"},\"thumbnailUrl\":\"https:\/\/axiomtsp.com\/wp-cms\/wp-content\/uploads\/2022\/05\/Armour-Tape-1-scaled.jpg\",\"datePublished\":\"2022-05-19T15:40:42+00:00\",\"dateModified\":\"2024-03-07T10:51:52+00:00\",\"description\":\"Armour Tape, avec son support en poly\u00e9thyl\u00e8ne et sa stabilisation UV, est id\u00e9al pour la protection temporaire des surfaces.\",\"breadcrumb\":{\"@id\":\"https:\/\/axiomtsp.com\/fr\/produit\/armour-tape\/#breadcrumb\"},\"inLanguage\":\"fr-FR\",\"potentialAction\":[{\"@type\":\"ReadAction\",\"target\":[\"https:\/\/axiomtsp.com\/fr\/produit\/armour-tape\/\"]}]},{\"@type\":\"ImageObject\",\"inLanguage\":\"fr-FR\",\"@id\":\"https:\/\/axiomtsp.com\/fr\/produit\/armour-tape\/#primaryimage\",\"url\":\"https:\/\/axiomtsp.com\/wp-cms\/wp-content\/uploads\/2022\/05\/Armour-Tape-1-scaled.jpg\",\"contentUrl\":\"https:\/\/axiomtsp.com\/wp-cms\/wp-content\/uploads\/2022\/05\/Armour-Tape-1-scaled.jpg\",\"width\":2560,\"height\":2560},{\"@type\":\"BreadcrumbList\",\"@id\":\"https:\/\/axiomtsp.com\/fr\/produit\/armour-tape\/#breadcrumb\",\"itemListElement\":[{\"@type\":\"ListItem\",\"position\":1,\"name\":\"Home\",\"item\":\"https:\/\/axiomtsp.com\/fr\/\"},{\"@type\":\"ListItem\",\"position\":2,\"name\":\"Boutique\",\"item\":\"https:\/\/axiomtsp.com\/boutique\/?lang=fr\"},{\"@type\":\"ListItem\",\"position\":3,\"name\":\"ARMOUR TAPE\"}]},{\"@type\":\"WebSite\",\"@id\":\"https:\/\/axiomtsp.com\/fr\/#website\",\"url\":\"https:\/\/axiomtsp.com\/fr\/\",\"name\":\"Axiom | Temporary Surface Protection\",\"description\":\"We stock the largest range of Temporary Surface Protection products in Canada. We help you choose the best solution for your project to ensure that you save time and money, avoid disruption to your construction schedule, maximize profitability on your projects, and prevent damage to your reputation.\",\"potentialAction\":[{\"@type\":\"SearchAction\",\"target\":{\"@type\":\"EntryPoint\",\"urlTemplate\":\"https:\/\/axiomtsp.com\/fr\/?s={search_term_string}\"},\"query-input\":{\"@type\":\"PropertyValueSpecification\",\"valueRequired\":true,\"valueName\":\"search_term_string\"}}],\"inLanguage\":\"fr-FR\"}]}<\/script>\n<!-- \/ Yoast SEO plugin. -->","yoast_head_json":{"title":"ARMOUR TAPE - Axiom | Temporary Surface Protection","description":"Armour Tape, avec son support en poly\u00e9thyl\u00e8ne et sa stabilisation UV, est id\u00e9al pour la protection temporaire des surfaces.","robots":{"index":"index","follow":"follow","max-snippet":"max-snippet:-1","max-image-preview":"max-image-preview:large","max-video-preview":"max-video-preview:-1"},"canonical":"https:\/\/axiomtsp.com\/fr\/produit\/armour-tape\/","og_locale":"fr_FR","og_type":"article","og_title":"ARMOUR TAPE - Axiom | Temporary Surface Protection","og_description":"Armour Tape, avec son support en poly\u00e9thyl\u00e8ne et sa stabilisation UV, est id\u00e9al pour la protection temporaire des surfaces.","og_url":"https:\/\/axiomtsp.com\/fr\/produit\/armour-tape\/","og_site_name":"Axiom | Temporary Surface Protection","article_modified_time":"2024-03-07T10:51:52+00:00","og_image":[{"width":720,"height":720,"url":"https:\/\/axiomtsp.com\/wp-content\/uploads\/2022\/05\/Armour-Tape.jpg","type":"image\/jpeg"}],"twitter_card":"summary_large_image","twitter_misc":{"Dur\u00e9e de lecture estim\u00e9e":"1 minute"},"schema":{"@context":"https:\/\/schema.org","@graph":[{"@type":"WebPage","@id":"https:\/\/axiomtsp.com\/fr\/produit\/armour-tape\/","url":"https:\/\/axiomtsp.com\/fr\/produit\/armour-tape\/","name":"ARMOUR TAPE - Axiom | Temporary Surface Protection","isPartOf":{"@id":"https:\/\/axiomtsp.com\/fr\/#website"},"primaryImageOfPage":{"@id":"https:\/\/axiomtsp.com\/fr\/produit\/armour-tape\/#primaryimage"},"image":{"@id":"https:\/\/axiomtsp.com\/fr\/produit\/armour-tape\/#primaryimage"},"thumbnailUrl":"https:\/\/axiomtsp.com\/wp-cms\/wp-content\/uploads\/2022\/05\/Armour-Tape-1-scaled.jpg","datePublished":"2022-05-19T15:40:42+00:00","dateModified":"2024-03-07T10:51:52+00:00","description":"Armour Tape, avec son support en poly\u00e9thyl\u00e8ne et sa stabilisation UV, est id\u00e9al pour la protection temporaire des surfaces.","breadcrumb":{"@id":"https:\/\/axiomtsp.com\/fr\/produit\/armour-tape\/#breadcrumb"},"inLanguage":"fr-FR","potentialAction":[{"@type":"ReadAction","target":["https:\/\/axiomtsp.com\/fr\/produit\/armour-tape\/"]}]},{"@type":"ImageObject","inLanguage":"fr-FR","@id":"https:\/\/axiomtsp.com\/fr\/produit\/armour-tape\/#primaryimage","url":"https:\/\/axiomtsp.com\/wp-cms\/wp-content\/uploads\/2022\/05\/Armour-Tape-1-scaled.jpg","contentUrl":"https:\/\/axiomtsp.com\/wp-cms\/wp-content\/uploads\/2022\/05\/Armour-Tape-1-scaled.jpg","width":2560,"height":2560},{"@type":"BreadcrumbList","@id":"https:\/\/axiomtsp.com\/fr\/produit\/armour-tape\/#breadcrumb","itemListElement":[{"@type":"ListItem","position":1,"name":"Home","item":"https:\/\/axiomtsp.com\/fr\/"},{"@type":"ListItem","position":2,"name":"Boutique","item":"https:\/\/axiomtsp.com\/boutique\/?lang=fr"},{"@type":"ListItem","position":3,"name":"ARMOUR TAPE"}]},{"@type":"WebSite","@id":"https:\/\/axiomtsp.com\/fr\/#website","url":"https:\/\/axiomtsp.com\/fr\/","name":"Axiom | Temporary Surface Protection","description":"We stock the largest range of Temporary Surface Protection products in Canada. We help you choose the best solution for your project to ensure that you save time and money, avoid disruption to your construction schedule, maximize profitability on your projects, and prevent damage to your reputation.","potentialAction":[{"@type":"SearchAction","target":{"@type":"EntryPoint","urlTemplate":"https:\/\/axiomtsp.com\/fr\/?s={search_term_string}"},"query-input":{"@type":"PropertyValueSpecification","valueRequired":true,"valueName":"search_term_string"}}],"inLanguage":"fr-FR"}]}},"_links":{"self":[{"href":"https:\/\/axiomtsp.com\/fr\/wp-json\/wp\/v2\/product\/5001","targetHints":{"allow":["GET"]}}],"collection":[{"href":"https:\/\/axiomtsp.com\/fr\/wp-json\/wp\/v2\/product"}],"about":[{"href":"https:\/\/axiomtsp.com\/fr\/wp-json\/wp\/v2\/types\/product"}],"replies":[{"embeddable":true,"href":"https:\/\/axiomtsp.com\/fr\/wp-json\/wp\/v2\/comments?post=5001"}],"wp:featuredmedia":[{"embeddable":true,"href":"https:\/\/axiomtsp.com\/fr\/wp-json\/wp\/v2\/media\/8071"}],"wp:attachment":[{"href":"https:\/\/axiomtsp.com\/fr\/wp-json\/wp\/v2\/media?parent=5001"}],"wp:term":[{"taxonomy":"product_brand","embeddable":true,"href":"https:\/\/axiomtsp.com\/fr\/wp-json\/wp\/v2\/product_brand?post=5001"},{"taxonomy":"product_cat","embeddable":true,"href":"https:\/\/axiomtsp.com\/fr\/wp-json\/wp\/v2\/product_cat?post=5001"},{"taxonomy":"product_tag","embeddable":true,"href":"https:\/\/axiomtsp.com\/fr\/wp-json\/wp\/v2\/product_tag?post=5001"}],"curies":[{"name":"wp","href":"https:\/\/api.w.org\/{rel}","templated":true}]}}