{"id":4999,"date":"2022-05-19T15:40:42","date_gmt":"2022-05-19T15:40:42","guid":{"rendered":"https:\/\/axiomtsp.com\/product\/armour-tak-mat-pad\/"},"modified":"2024-03-13T12:19:19","modified_gmt":"2024-03-13T12:19:19","slug":"armour-tak-mat-pad","status":"publish","type":"product","link":"https:\/\/axiomtsp.com\/fr\/produit\/armour-tak-mat-pad\/","title":{"rendered":"ARMOUR TAK-MAT PAD"},"content":{"rendered":"<p>Les Armour Tak-Mat Pads viennent en paquet de 30 feuilles collantes. Chaque feuille enl\u00e8ve la salet\u00e9 et les d\u00e9bris des chaussures, laissant les planchers propres et sans dommage. Id\u00e9al pour le contr\u00f4le de la poussi\u00e8re dans les environnements tels que les h\u00f4pitaux, les \u00e9tablissements de soins de sant\u00e9, et les chantiers de travail en \u00e9tape de finition. Ils sont faciles \u00e0 utiliser; il suffit d\u2019enlever la premi\u00e8re feuille protectrice pour atteindre les feuilles propres en dessous.<\/p>\n<p>Souvent utilis\u00e9 avec <a href=\"https:\/\/axiomtsp.com\/produit\/armour-tak-mat-base\/?lang=fr\"><span data-sheets-root=\"1\" data-sheets-value=\"{&quot;1&quot;:2,&quot;2&quot;:&quot;ARMOUR TAK-MAT BASE&quot;}\" data-sheets-userformat=\"{&quot;2&quot;:13185,&quot;3&quot;:{&quot;1&quot;:0},&quot;10&quot;:1,&quot;11&quot;:4,&quot;12&quot;:0,&quot;15&quot;:&quot;Krub&quot;,&quot;16&quot;:10}\">ARMOUR TAK-MAT BASE<\/span><\/a><\/p>\n","protected":false},"excerpt":{"rendered":"<p>Les Armour Tak-Mat Pads viennent en paquet de 30 feuilles collantes. Chaque feuille enl\u00e8ve la salet\u00e9 et les d\u00e9bris des chaussures, laissant les planchers propres et sans dommage. Id\u00e9al pour le contr\u00f4le de la poussi\u00e8re dans les environnements tels que les h\u00f4pitaux, les \u00e9tablissements de soins de sant\u00e9, et les chantiers de travail en \u00e9tape de finition. Ils sont faciles \u00e0 utiliser; il suffit d\u2019enlever la premi\u00e8re feuille protectrice pour atteindre les feuilles propres en dessous.<\/p>\n<p>Souvent utilis\u00e9 avec <a href=\"https:\/\/axiomtsp.com\/produit\/armour-tak-mat-base\/?lang=fr\"><span data-sheets-root=\"1\" data-sheets-value=\"{&quot;1&quot;:2,&quot;2&quot;:&quot;ARMOUR TAK-MAT BASE&quot;}\" data-sheets-userformat=\"{&quot;2&quot;:13185,&quot;3&quot;:{&quot;1&quot;:0},&quot;10&quot;:1,&quot;11&quot;:4,&quot;12&quot;:0,&quot;15&quot;:&quot;Krub&quot;,&quot;16&quot;:10}\">ARMOUR TAK-MAT BASE<\/span><\/a><\/p>\n","protected":false},"featured_media":8164,"comment_status":"closed","ping_status":"closed","template":"","meta":{"_acf_changed":false},"product_brand":[],"product_cat":[183,149],"product_tag":[],"class_list":{"0":"post-4999","1":"product","2":"type-product","3":"status-publish","4":"has-post-thumbnail","6":"product_cat-protection-cvac","7":"product_cat-controle-de-la-poussiere","9":"first","10":"instock","11":"taxable","12":"shipping-taxable","13":"purchasable","14":"product-type-variable"},"acf":[],"yoast_head":"<!-- This site is optimized with the Yoast SEO plugin v27.1.1 - https:\/\/yoast.com\/product\/yoast-seo-wordpress\/ -->\n<title>ARMOUR TAK-MAT PAD - Axiom | Temporary Surface Protection<\/title>\n<meta name=\"description\" content=\"Armour Tak-Mat Pads sont livr\u00e9s avec 30 feuilles collantes par coussinet qui capturent la salet\u00e9 et les d\u00e9bris des chaussures, laissant les sols propres et intacts.\" \/>\n<meta name=\"robots\" content=\"index, follow, max-snippet:-1, max-image-preview:large, max-video-preview:-1\" \/>\n<link rel=\"canonical\" href=\"https:\/\/axiomtsp.com\/fr\/produit\/armour-tak-mat-pad\/\" \/>\n<meta property=\"og:locale\" content=\"fr_FR\" \/>\n<meta property=\"og:type\" content=\"article\" \/>\n<meta property=\"og:title\" content=\"ARMOUR TAK-MAT PAD - Axiom | Temporary Surface Protection\" \/>\n<meta property=\"og:description\" content=\"Armour Tak-Mat Pads sont livr\u00e9s avec 30 feuilles collantes par coussinet qui capturent la salet\u00e9 et les d\u00e9bris des chaussures, laissant les sols propres et intacts.\" \/>\n<meta property=\"og:url\" content=\"https:\/\/axiomtsp.com\/fr\/produit\/armour-tak-mat-pad\/\" \/>\n<meta property=\"og:site_name\" content=\"Axiom | Temporary Surface Protection\" \/>\n<meta property=\"article:modified_time\" content=\"2024-03-13T12:19:19+00:00\" \/>\n<meta property=\"og:image\" content=\"https:\/\/axiomtsp.com\/wp-cms\/wp-content\/uploads\/2022\/05\/Armour-Tak-Mat-Pad-scaled.jpg\" \/>\n\t<meta property=\"og:image:width\" content=\"2560\" \/>\n\t<meta property=\"og:image:height\" content=\"2560\" \/>\n\t<meta property=\"og:image:type\" content=\"image\/jpeg\" \/>\n<meta name=\"twitter:card\" content=\"summary_large_image\" \/>\n<meta name=\"twitter:label1\" content=\"Dur\u00e9e de lecture estim\u00e9e\" \/>\n\t<meta name=\"twitter:data1\" content=\"1 minute\" \/>\n<script type=\"application\/ld+json\" class=\"yoast-schema-graph\">{\"@context\":\"https:\/\/schema.org\",\"@graph\":[{\"@type\":\"WebPage\",\"@id\":\"https:\/\/axiomtsp.com\/fr\/produit\/armour-tak-mat-pad\/\",\"url\":\"https:\/\/axiomtsp.com\/fr\/produit\/armour-tak-mat-pad\/\",\"name\":\"ARMOUR TAK-MAT PAD - Axiom | Temporary Surface Protection\",\"isPartOf\":{\"@id\":\"https:\/\/axiomtsp.com\/fr\/#website\"},\"primaryImageOfPage\":{\"@id\":\"https:\/\/axiomtsp.com\/fr\/produit\/armour-tak-mat-pad\/#primaryimage\"},\"image\":{\"@id\":\"https:\/\/axiomtsp.com\/fr\/produit\/armour-tak-mat-pad\/#primaryimage\"},\"thumbnailUrl\":\"https:\/\/axiomtsp.com\/wp-cms\/wp-content\/uploads\/2022\/05\/Armour-Tak-Mat-Pad-scaled.jpg\",\"datePublished\":\"2022-05-19T15:40:42+00:00\",\"dateModified\":\"2024-03-13T12:19:19+00:00\",\"description\":\"Armour Tak-Mat Pads sont livr\u00e9s avec 30 feuilles collantes par coussinet qui capturent la salet\u00e9 et les d\u00e9bris des chaussures, laissant les sols propres et intacts.\",\"breadcrumb\":{\"@id\":\"https:\/\/axiomtsp.com\/fr\/produit\/armour-tak-mat-pad\/#breadcrumb\"},\"inLanguage\":\"fr-FR\",\"potentialAction\":[{\"@type\":\"ReadAction\",\"target\":[\"https:\/\/axiomtsp.com\/fr\/produit\/armour-tak-mat-pad\/\"]}]},{\"@type\":\"ImageObject\",\"inLanguage\":\"fr-FR\",\"@id\":\"https:\/\/axiomtsp.com\/fr\/produit\/armour-tak-mat-pad\/#primaryimage\",\"url\":\"https:\/\/axiomtsp.com\/wp-cms\/wp-content\/uploads\/2022\/05\/Armour-Tak-Mat-Pad-scaled.jpg\",\"contentUrl\":\"https:\/\/axiomtsp.com\/wp-cms\/wp-content\/uploads\/2022\/05\/Armour-Tak-Mat-Pad-scaled.jpg\",\"width\":2560,\"height\":2560},{\"@type\":\"BreadcrumbList\",\"@id\":\"https:\/\/axiomtsp.com\/fr\/produit\/armour-tak-mat-pad\/#breadcrumb\",\"itemListElement\":[{\"@type\":\"ListItem\",\"position\":1,\"name\":\"Home\",\"item\":\"https:\/\/axiomtsp.com\/fr\/\"},{\"@type\":\"ListItem\",\"position\":2,\"name\":\"Boutique\",\"item\":\"https:\/\/axiomtsp.com\/boutique\/?lang=fr\"},{\"@type\":\"ListItem\",\"position\":3,\"name\":\"ARMOUR TAK-MAT PAD\"}]},{\"@type\":\"WebSite\",\"@id\":\"https:\/\/axiomtsp.com\/fr\/#website\",\"url\":\"https:\/\/axiomtsp.com\/fr\/\",\"name\":\"Axiom | Temporary Surface Protection\",\"description\":\"We stock the largest range of Temporary Surface Protection products in Canada. We help you choose the best solution for your project to ensure that you save time and money, avoid disruption to your construction schedule, maximize profitability on your projects, and prevent damage to your reputation.\",\"potentialAction\":[{\"@type\":\"SearchAction\",\"target\":{\"@type\":\"EntryPoint\",\"urlTemplate\":\"https:\/\/axiomtsp.com\/fr\/?s={search_term_string}\"},\"query-input\":{\"@type\":\"PropertyValueSpecification\",\"valueRequired\":true,\"valueName\":\"search_term_string\"}}],\"inLanguage\":\"fr-FR\"}]}<\/script>\n<!-- \/ Yoast SEO plugin. -->","yoast_head_json":{"title":"ARMOUR TAK-MAT PAD - Axiom | Temporary Surface Protection","description":"Armour Tak-Mat Pads sont livr\u00e9s avec 30 feuilles collantes par coussinet qui capturent la salet\u00e9 et les d\u00e9bris des chaussures, laissant les sols propres et intacts.","robots":{"index":"index","follow":"follow","max-snippet":"max-snippet:-1","max-image-preview":"max-image-preview:large","max-video-preview":"max-video-preview:-1"},"canonical":"https:\/\/axiomtsp.com\/fr\/produit\/armour-tak-mat-pad\/","og_locale":"fr_FR","og_type":"article","og_title":"ARMOUR TAK-MAT PAD - Axiom | Temporary Surface Protection","og_description":"Armour Tak-Mat Pads sont livr\u00e9s avec 30 feuilles collantes par coussinet qui capturent la salet\u00e9 et les d\u00e9bris des chaussures, laissant les sols propres et intacts.","og_url":"https:\/\/axiomtsp.com\/fr\/produit\/armour-tak-mat-pad\/","og_site_name":"Axiom | Temporary Surface Protection","article_modified_time":"2024-03-13T12:19:19+00:00","og_image":[{"width":2560,"height":2560,"url":"https:\/\/axiomtsp.com\/wp-cms\/wp-content\/uploads\/2022\/05\/Armour-Tak-Mat-Pad-scaled.jpg","type":"image\/jpeg"}],"twitter_card":"summary_large_image","twitter_misc":{"Dur\u00e9e de lecture estim\u00e9e":"1 minute"},"schema":{"@context":"https:\/\/schema.org","@graph":[{"@type":"WebPage","@id":"https:\/\/axiomtsp.com\/fr\/produit\/armour-tak-mat-pad\/","url":"https:\/\/axiomtsp.com\/fr\/produit\/armour-tak-mat-pad\/","name":"ARMOUR TAK-MAT PAD - Axiom | Temporary Surface Protection","isPartOf":{"@id":"https:\/\/axiomtsp.com\/fr\/#website"},"primaryImageOfPage":{"@id":"https:\/\/axiomtsp.com\/fr\/produit\/armour-tak-mat-pad\/#primaryimage"},"image":{"@id":"https:\/\/axiomtsp.com\/fr\/produit\/armour-tak-mat-pad\/#primaryimage"},"thumbnailUrl":"https:\/\/axiomtsp.com\/wp-cms\/wp-content\/uploads\/2022\/05\/Armour-Tak-Mat-Pad-scaled.jpg","datePublished":"2022-05-19T15:40:42+00:00","dateModified":"2024-03-13T12:19:19+00:00","description":"Armour Tak-Mat Pads sont livr\u00e9s avec 30 feuilles collantes par coussinet qui capturent la salet\u00e9 et les d\u00e9bris des chaussures, laissant les sols propres et intacts.","breadcrumb":{"@id":"https:\/\/axiomtsp.com\/fr\/produit\/armour-tak-mat-pad\/#breadcrumb"},"inLanguage":"fr-FR","potentialAction":[{"@type":"ReadAction","target":["https:\/\/axiomtsp.com\/fr\/produit\/armour-tak-mat-pad\/"]}]},{"@type":"ImageObject","inLanguage":"fr-FR","@id":"https:\/\/axiomtsp.com\/fr\/produit\/armour-tak-mat-pad\/#primaryimage","url":"https:\/\/axiomtsp.com\/wp-cms\/wp-content\/uploads\/2022\/05\/Armour-Tak-Mat-Pad-scaled.jpg","contentUrl":"https:\/\/axiomtsp.com\/wp-cms\/wp-content\/uploads\/2022\/05\/Armour-Tak-Mat-Pad-scaled.jpg","width":2560,"height":2560},{"@type":"BreadcrumbList","@id":"https:\/\/axiomtsp.com\/fr\/produit\/armour-tak-mat-pad\/#breadcrumb","itemListElement":[{"@type":"ListItem","position":1,"name":"Home","item":"https:\/\/axiomtsp.com\/fr\/"},{"@type":"ListItem","position":2,"name":"Boutique","item":"https:\/\/axiomtsp.com\/boutique\/?lang=fr"},{"@type":"ListItem","position":3,"name":"ARMOUR TAK-MAT PAD"}]},{"@type":"WebSite","@id":"https:\/\/axiomtsp.com\/fr\/#website","url":"https:\/\/axiomtsp.com\/fr\/","name":"Axiom | Temporary Surface Protection","description":"We stock the largest range of Temporary Surface Protection products in Canada. We help you choose the best solution for your project to ensure that you save time and money, avoid disruption to your construction schedule, maximize profitability on your projects, and prevent damage to your reputation.","potentialAction":[{"@type":"SearchAction","target":{"@type":"EntryPoint","urlTemplate":"https:\/\/axiomtsp.com\/fr\/?s={search_term_string}"},"query-input":{"@type":"PropertyValueSpecification","valueRequired":true,"valueName":"search_term_string"}}],"inLanguage":"fr-FR"}]}},"_links":{"self":[{"href":"https:\/\/axiomtsp.com\/fr\/wp-json\/wp\/v2\/product\/4999","targetHints":{"allow":["GET"]}}],"collection":[{"href":"https:\/\/axiomtsp.com\/fr\/wp-json\/wp\/v2\/product"}],"about":[{"href":"https:\/\/axiomtsp.com\/fr\/wp-json\/wp\/v2\/types\/product"}],"replies":[{"embeddable":true,"href":"https:\/\/axiomtsp.com\/fr\/wp-json\/wp\/v2\/comments?post=4999"}],"wp:featuredmedia":[{"embeddable":true,"href":"https:\/\/axiomtsp.com\/fr\/wp-json\/wp\/v2\/media\/8164"}],"wp:attachment":[{"href":"https:\/\/axiomtsp.com\/fr\/wp-json\/wp\/v2\/media?parent=4999"}],"wp:term":[{"taxonomy":"product_brand","embeddable":true,"href":"https:\/\/axiomtsp.com\/fr\/wp-json\/wp\/v2\/product_brand?post=4999"},{"taxonomy":"product_cat","embeddable":true,"href":"https:\/\/axiomtsp.com\/fr\/wp-json\/wp\/v2\/product_cat?post=4999"},{"taxonomy":"product_tag","embeddable":true,"href":"https:\/\/axiomtsp.com\/fr\/wp-json\/wp\/v2\/product_tag?post=4999"}],"curies":[{"name":"wp","href":"https:\/\/api.w.org\/{rel}","templated":true}]}}