{"id":4995,"date":"2022-05-19T15:40:42","date_gmt":"2022-05-19T15:40:42","guid":{"rendered":"https:\/\/axiomtsp.com\/product\/armour-premium-countertop-film\/"},"modified":"2024-03-12T15:39:40","modified_gmt":"2024-03-12T15:39:40","slug":"armour-premium-countertop-film","status":"publish","type":"product","link":"https:\/\/axiomtsp.com\/fr\/produit\/armour-premium-countertop-film\/","title":{"rendered":"ARMOUR PREMIUM COUNTERTOP FILM"},"content":{"rendered":"<p>Armour Premium Countertop Film peut \u00eatre appliqu\u00e9 aux surfaces sans endommager les comptoirs ou laisser de r\u00e9sidu. Avec l\u2019enl\u00e8vement propre de 45 jours, ce produit fonctionne tr\u00e8s bien pour prot\u00e9ger le granit, le marbre, le quartz, et diverses autres surfaces et comptoirs contre les \u00e9raflures, les rayures, la peinture, et plus encore.<\/p>\n","protected":false},"excerpt":{"rendered":"<p>Armour Premium Countertop Film peut \u00eatre appliqu\u00e9 aux surfaces sans endommager les comptoirs ou laisser de r\u00e9sidu. Avec l\u2019enl\u00e8vement propre de 45 jours, ce produit fonctionne tr\u00e8s bien pour prot\u00e9ger le granit, le marbre, le quartz, et diverses autres surfaces et comptoirs contre les \u00e9raflures, les rayures, la peinture, et plus encore.<\/p>\n","protected":false},"featured_media":8037,"comment_status":"closed","ping_status":"closed","template":"","meta":{"_acf_changed":false},"product_brand":[],"product_cat":[147],"product_tag":[],"class_list":{"0":"post-4995","1":"product","2":"type-product","3":"status-publish","4":"has-post-thumbnail","6":"product_cat-protection-de-cuisine-salle-de-bain","8":"first","9":"instock","10":"taxable","11":"shipping-taxable","12":"purchasable","13":"product-type-variable"},"acf":[],"yoast_head":"<!-- This site is optimized with the Yoast SEO plugin v27.1.1 - https:\/\/yoast.com\/product\/yoast-seo-wordpress\/ -->\n<title>ARMOUR PREMIUM COUNTERTOP FILM - Axiom | Temporary Surface Protection<\/title>\n<meta name=\"description\" content=\"Armour Premium Countertop Film peut \u00eatre appliqu\u00e9 en toute s\u00e9curit\u00e9 sur la surface sans endommager le comptoir ni laisser de r\u00e9sidus.\" \/>\n<meta name=\"robots\" content=\"index, follow, max-snippet:-1, max-image-preview:large, max-video-preview:-1\" \/>\n<link rel=\"canonical\" href=\"https:\/\/axiomtsp.com\/fr\/produit\/armour-premium-countertop-film\/\" \/>\n<meta property=\"og:locale\" content=\"fr_FR\" \/>\n<meta property=\"og:type\" content=\"article\" \/>\n<meta property=\"og:title\" content=\"ARMOUR PREMIUM COUNTERTOP FILM - Axiom | Temporary Surface Protection\" \/>\n<meta property=\"og:description\" content=\"Armour Premium Countertop Film peut \u00eatre appliqu\u00e9 en toute s\u00e9curit\u00e9 sur la surface sans endommager le comptoir ni laisser de r\u00e9sidus.\" \/>\n<meta property=\"og:url\" content=\"https:\/\/axiomtsp.com\/fr\/produit\/armour-premium-countertop-film\/\" \/>\n<meta property=\"og:site_name\" content=\"Axiom | Temporary Surface Protection\" \/>\n<meta property=\"article:modified_time\" content=\"2024-03-12T15:39:40+00:00\" \/>\n<meta property=\"og:image\" content=\"https:\/\/axiomtsp.com\/wp-content\/uploads\/2022\/05\/fd5b5f_f184a3e7a4034426a497155cdb95468bmv2.jpg\" \/>\n\t<meta property=\"og:image:width\" content=\"720\" \/>\n\t<meta property=\"og:image:height\" content=\"720\" \/>\n\t<meta property=\"og:image:type\" content=\"image\/jpeg\" \/>\n<meta name=\"twitter:card\" content=\"summary_large_image\" \/>\n<meta name=\"twitter:label1\" content=\"Dur\u00e9e de lecture estim\u00e9e\" \/>\n\t<meta name=\"twitter:data1\" content=\"1 minute\" \/>\n<script type=\"application\/ld+json\" class=\"yoast-schema-graph\">{\"@context\":\"https:\/\/schema.org\",\"@graph\":[{\"@type\":\"WebPage\",\"@id\":\"https:\/\/axiomtsp.com\/fr\/produit\/armour-premium-countertop-film\/\",\"url\":\"https:\/\/axiomtsp.com\/fr\/produit\/armour-premium-countertop-film\/\",\"name\":\"ARMOUR PREMIUM COUNTERTOP FILM - Axiom | Temporary Surface Protection\",\"isPartOf\":{\"@id\":\"https:\/\/axiomtsp.com\/fr\/#website\"},\"primaryImageOfPage\":{\"@id\":\"https:\/\/axiomtsp.com\/fr\/produit\/armour-premium-countertop-film\/#primaryimage\"},\"image\":{\"@id\":\"https:\/\/axiomtsp.com\/fr\/produit\/armour-premium-countertop-film\/#primaryimage\"},\"thumbnailUrl\":\"https:\/\/axiomtsp.com\/wp-cms\/wp-content\/uploads\/2022\/05\/Armour-Premium-Countertop-Film-scaled.jpg\",\"datePublished\":\"2022-05-19T15:40:42+00:00\",\"dateModified\":\"2024-03-12T15:39:40+00:00\",\"description\":\"Armour Premium Countertop Film peut \u00eatre appliqu\u00e9 en toute s\u00e9curit\u00e9 sur la surface sans endommager le comptoir ni laisser de r\u00e9sidus.\",\"breadcrumb\":{\"@id\":\"https:\/\/axiomtsp.com\/fr\/produit\/armour-premium-countertop-film\/#breadcrumb\"},\"inLanguage\":\"fr-FR\",\"potentialAction\":[{\"@type\":\"ReadAction\",\"target\":[\"https:\/\/axiomtsp.com\/fr\/produit\/armour-premium-countertop-film\/\"]}]},{\"@type\":\"ImageObject\",\"inLanguage\":\"fr-FR\",\"@id\":\"https:\/\/axiomtsp.com\/fr\/produit\/armour-premium-countertop-film\/#primaryimage\",\"url\":\"https:\/\/axiomtsp.com\/wp-cms\/wp-content\/uploads\/2022\/05\/Armour-Premium-Countertop-Film-scaled.jpg\",\"contentUrl\":\"https:\/\/axiomtsp.com\/wp-cms\/wp-content\/uploads\/2022\/05\/Armour-Premium-Countertop-Film-scaled.jpg\",\"width\":2560,\"height\":2560},{\"@type\":\"BreadcrumbList\",\"@id\":\"https:\/\/axiomtsp.com\/fr\/produit\/armour-premium-countertop-film\/#breadcrumb\",\"itemListElement\":[{\"@type\":\"ListItem\",\"position\":1,\"name\":\"Home\",\"item\":\"https:\/\/axiomtsp.com\/fr\/\"},{\"@type\":\"ListItem\",\"position\":2,\"name\":\"Boutique\",\"item\":\"https:\/\/axiomtsp.com\/boutique\/?lang=fr\"},{\"@type\":\"ListItem\",\"position\":3,\"name\":\"ARMOUR PREMIUM COUNTERTOP FILM\"}]},{\"@type\":\"WebSite\",\"@id\":\"https:\/\/axiomtsp.com\/fr\/#website\",\"url\":\"https:\/\/axiomtsp.com\/fr\/\",\"name\":\"Axiom | Temporary Surface Protection\",\"description\":\"We stock the largest range of Temporary Surface Protection products in Canada. We help you choose the best solution for your project to ensure that you save time and money, avoid disruption to your construction schedule, maximize profitability on your projects, and prevent damage to your reputation.\",\"potentialAction\":[{\"@type\":\"SearchAction\",\"target\":{\"@type\":\"EntryPoint\",\"urlTemplate\":\"https:\/\/axiomtsp.com\/fr\/?s={search_term_string}\"},\"query-input\":{\"@type\":\"PropertyValueSpecification\",\"valueRequired\":true,\"valueName\":\"search_term_string\"}}],\"inLanguage\":\"fr-FR\"}]}<\/script>\n<!-- \/ Yoast SEO plugin. -->","yoast_head_json":{"title":"ARMOUR PREMIUM COUNTERTOP FILM - Axiom | Temporary Surface Protection","description":"Armour Premium Countertop Film peut \u00eatre appliqu\u00e9 en toute s\u00e9curit\u00e9 sur la surface sans endommager le comptoir ni laisser de r\u00e9sidus.","robots":{"index":"index","follow":"follow","max-snippet":"max-snippet:-1","max-image-preview":"max-image-preview:large","max-video-preview":"max-video-preview:-1"},"canonical":"https:\/\/axiomtsp.com\/fr\/produit\/armour-premium-countertop-film\/","og_locale":"fr_FR","og_type":"article","og_title":"ARMOUR PREMIUM COUNTERTOP FILM - Axiom | Temporary Surface Protection","og_description":"Armour Premium Countertop Film peut \u00eatre appliqu\u00e9 en toute s\u00e9curit\u00e9 sur la surface sans endommager le comptoir ni laisser de r\u00e9sidus.","og_url":"https:\/\/axiomtsp.com\/fr\/produit\/armour-premium-countertop-film\/","og_site_name":"Axiom | Temporary Surface Protection","article_modified_time":"2024-03-12T15:39:40+00:00","og_image":[{"width":720,"height":720,"url":"https:\/\/axiomtsp.com\/wp-content\/uploads\/2022\/05\/fd5b5f_f184a3e7a4034426a497155cdb95468bmv2.jpg","type":"image\/jpeg"}],"twitter_card":"summary_large_image","twitter_misc":{"Dur\u00e9e de lecture estim\u00e9e":"1 minute"},"schema":{"@context":"https:\/\/schema.org","@graph":[{"@type":"WebPage","@id":"https:\/\/axiomtsp.com\/fr\/produit\/armour-premium-countertop-film\/","url":"https:\/\/axiomtsp.com\/fr\/produit\/armour-premium-countertop-film\/","name":"ARMOUR PREMIUM COUNTERTOP FILM - Axiom | Temporary Surface Protection","isPartOf":{"@id":"https:\/\/axiomtsp.com\/fr\/#website"},"primaryImageOfPage":{"@id":"https:\/\/axiomtsp.com\/fr\/produit\/armour-premium-countertop-film\/#primaryimage"},"image":{"@id":"https:\/\/axiomtsp.com\/fr\/produit\/armour-premium-countertop-film\/#primaryimage"},"thumbnailUrl":"https:\/\/axiomtsp.com\/wp-cms\/wp-content\/uploads\/2022\/05\/Armour-Premium-Countertop-Film-scaled.jpg","datePublished":"2022-05-19T15:40:42+00:00","dateModified":"2024-03-12T15:39:40+00:00","description":"Armour Premium Countertop Film peut \u00eatre appliqu\u00e9 en toute s\u00e9curit\u00e9 sur la surface sans endommager le comptoir ni laisser de r\u00e9sidus.","breadcrumb":{"@id":"https:\/\/axiomtsp.com\/fr\/produit\/armour-premium-countertop-film\/#breadcrumb"},"inLanguage":"fr-FR","potentialAction":[{"@type":"ReadAction","target":["https:\/\/axiomtsp.com\/fr\/produit\/armour-premium-countertop-film\/"]}]},{"@type":"ImageObject","inLanguage":"fr-FR","@id":"https:\/\/axiomtsp.com\/fr\/produit\/armour-premium-countertop-film\/#primaryimage","url":"https:\/\/axiomtsp.com\/wp-cms\/wp-content\/uploads\/2022\/05\/Armour-Premium-Countertop-Film-scaled.jpg","contentUrl":"https:\/\/axiomtsp.com\/wp-cms\/wp-content\/uploads\/2022\/05\/Armour-Premium-Countertop-Film-scaled.jpg","width":2560,"height":2560},{"@type":"BreadcrumbList","@id":"https:\/\/axiomtsp.com\/fr\/produit\/armour-premium-countertop-film\/#breadcrumb","itemListElement":[{"@type":"ListItem","position":1,"name":"Home","item":"https:\/\/axiomtsp.com\/fr\/"},{"@type":"ListItem","position":2,"name":"Boutique","item":"https:\/\/axiomtsp.com\/boutique\/?lang=fr"},{"@type":"ListItem","position":3,"name":"ARMOUR PREMIUM COUNTERTOP FILM"}]},{"@type":"WebSite","@id":"https:\/\/axiomtsp.com\/fr\/#website","url":"https:\/\/axiomtsp.com\/fr\/","name":"Axiom | Temporary Surface Protection","description":"We stock the largest range of Temporary Surface Protection products in Canada. We help you choose the best solution for your project to ensure that you save time and money, avoid disruption to your construction schedule, maximize profitability on your projects, and prevent damage to your reputation.","potentialAction":[{"@type":"SearchAction","target":{"@type":"EntryPoint","urlTemplate":"https:\/\/axiomtsp.com\/fr\/?s={search_term_string}"},"query-input":{"@type":"PropertyValueSpecification","valueRequired":true,"valueName":"search_term_string"}}],"inLanguage":"fr-FR"}]}},"_links":{"self":[{"href":"https:\/\/axiomtsp.com\/fr\/wp-json\/wp\/v2\/product\/4995","targetHints":{"allow":["GET"]}}],"collection":[{"href":"https:\/\/axiomtsp.com\/fr\/wp-json\/wp\/v2\/product"}],"about":[{"href":"https:\/\/axiomtsp.com\/fr\/wp-json\/wp\/v2\/types\/product"}],"replies":[{"embeddable":true,"href":"https:\/\/axiomtsp.com\/fr\/wp-json\/wp\/v2\/comments?post=4995"}],"wp:featuredmedia":[{"embeddable":true,"href":"https:\/\/axiomtsp.com\/fr\/wp-json\/wp\/v2\/media\/8037"}],"wp:attachment":[{"href":"https:\/\/axiomtsp.com\/fr\/wp-json\/wp\/v2\/media?parent=4995"}],"wp:term":[{"taxonomy":"product_brand","embeddable":true,"href":"https:\/\/axiomtsp.com\/fr\/wp-json\/wp\/v2\/product_brand?post=4995"},{"taxonomy":"product_cat","embeddable":true,"href":"https:\/\/axiomtsp.com\/fr\/wp-json\/wp\/v2\/product_cat?post=4995"},{"taxonomy":"product_tag","embeddable":true,"href":"https:\/\/axiomtsp.com\/fr\/wp-json\/wp\/v2\/product_tag?post=4995"}],"curies":[{"name":"wp","href":"https:\/\/api.w.org\/{rel}","templated":true}]}}