{"id":4990,"date":"2022-06-23T13:03:17","date_gmt":"2022-06-23T13:03:17","guid":{"rendered":"https:\/\/axiomtsp.com\/product\/armour-door-guard\/"},"modified":"2024-03-07T10:33:06","modified_gmt":"2024-03-07T10:33:06","slug":"armour-door-guard","status":"publish","type":"product","link":"https:\/\/axiomtsp.com\/fr\/produit\/armour-door-guard\/","title":{"rendered":"ARMOUR DOOR-GUARD"},"content":{"rendered":"<p>The Armour Door-Guard est probablement le moyen le plus rapide et le plus simple de prot\u00e9ger une porte contre les chocs potentiels et les dommages sur le chantier. Il est livr\u00e9 pr\u00e9-pli\u00e9, ce qui le rend facile \u00e0 ranger avec peu d\u2019espace requis, et lorsque vous \u00eates pr\u00eat \u00e0 prot\u00e9ger la porte, accrochez-le simplement au-dessus de la porte et d\u00e9pliez le Door-Guard de chaque c\u00f4t\u00e9.<\/p>\n","protected":false},"excerpt":{"rendered":"<p>The Armour Door-Guard est probablement le moyen le plus rapide et le plus simple de prot\u00e9ger une porte contre les chocs potentiels et les dommages sur le chantier. Il est livr\u00e9 pr\u00e9-pli\u00e9, ce qui le rend facile \u00e0 ranger avec peu d\u2019espace requis, et lorsque vous \u00eates pr\u00eat \u00e0 prot\u00e9ger la porte, accrochez-le simplement au-dessus de la porte et d\u00e9pliez le Door-Guard de chaque c\u00f4t\u00e9.<\/p>\n","protected":false},"featured_media":7218,"comment_status":"closed","ping_status":"closed","template":"","meta":{"_acf_changed":false},"product_brand":[],"product_cat":[153],"product_tag":[],"class_list":{"0":"post-4990","1":"product","2":"type-product","3":"status-publish","4":"has-post-thumbnail","6":"product_cat-protection-de-porte-contour","8":"first","9":"instock","10":"taxable","11":"shipping-taxable","12":"purchasable","13":"product-type-variable"},"acf":[],"yoast_head":"<!-- This site is optimized with the Yoast SEO plugin v27.1.1 - https:\/\/yoast.com\/product\/yoast-seo-wordpress\/ -->\n<title>ARMOUR DOOR-GUARD - Axiom | Temporary Surface Protection<\/title>\n<meta name=\"description\" content=\"Prot\u00e9gez votre porte sur le chantier avec The Armour Door-Guard. Facile \u00e0 ranger et \u00e0 installer, il offre une protection instantan\u00e9e contre les chocs.\" \/>\n<meta name=\"robots\" content=\"index, follow, max-snippet:-1, max-image-preview:large, max-video-preview:-1\" \/>\n<link rel=\"canonical\" href=\"https:\/\/axiomtsp.com\/fr\/produit\/armour-door-guard\/\" \/>\n<meta property=\"og:locale\" content=\"fr_FR\" \/>\n<meta property=\"og:type\" content=\"article\" \/>\n<meta property=\"og:title\" content=\"ARMOUR DOOR-GUARD - Axiom | Temporary Surface Protection\" \/>\n<meta property=\"og:description\" content=\"Prot\u00e9gez votre porte sur le chantier avec The Armour Door-Guard. Facile \u00e0 ranger et \u00e0 installer, il offre une protection instantan\u00e9e contre les chocs.\" \/>\n<meta property=\"og:url\" content=\"https:\/\/axiomtsp.com\/fr\/produit\/armour-door-guard\/\" \/>\n<meta property=\"og:site_name\" content=\"Axiom | Temporary Surface Protection\" \/>\n<meta property=\"article:modified_time\" content=\"2024-03-07T10:33:06+00:00\" \/>\n<meta property=\"og:image\" content=\"https:\/\/axiomtsp.com\/wp-cms\/wp-content\/uploads\/2022\/06\/Armour-Door-Guard.jpg\" \/>\n\t<meta property=\"og:image:width\" content=\"720\" \/>\n\t<meta property=\"og:image:height\" content=\"720\" \/>\n\t<meta property=\"og:image:type\" content=\"image\/jpeg\" \/>\n<meta name=\"twitter:card\" content=\"summary_large_image\" \/>\n<meta name=\"twitter:label1\" content=\"Dur\u00e9e de lecture estim\u00e9e\" \/>\n\t<meta name=\"twitter:data1\" content=\"1 minute\" \/>\n<script type=\"application\/ld+json\" class=\"yoast-schema-graph\">{\"@context\":\"https:\/\/schema.org\",\"@graph\":[{\"@type\":\"WebPage\",\"@id\":\"https:\/\/axiomtsp.com\/fr\/produit\/armour-door-guard\/\",\"url\":\"https:\/\/axiomtsp.com\/fr\/produit\/armour-door-guard\/\",\"name\":\"ARMOUR DOOR-GUARD - Axiom | Temporary Surface Protection\",\"isPartOf\":{\"@id\":\"https:\/\/axiomtsp.com\/fr\/#website\"},\"primaryImageOfPage\":{\"@id\":\"https:\/\/axiomtsp.com\/fr\/produit\/armour-door-guard\/#primaryimage\"},\"image\":{\"@id\":\"https:\/\/axiomtsp.com\/fr\/produit\/armour-door-guard\/#primaryimage\"},\"thumbnailUrl\":\"https:\/\/axiomtsp.com\/wp-cms\/wp-content\/uploads\/2022\/06\/Armour-Door-Guard-1-scaled.jpg\",\"datePublished\":\"2022-06-23T13:03:17+00:00\",\"dateModified\":\"2024-03-07T10:33:06+00:00\",\"description\":\"Prot\u00e9gez votre porte sur le chantier avec The Armour Door-Guard. Facile \u00e0 ranger et \u00e0 installer, il offre une protection instantan\u00e9e contre les chocs.\",\"breadcrumb\":{\"@id\":\"https:\/\/axiomtsp.com\/fr\/produit\/armour-door-guard\/#breadcrumb\"},\"inLanguage\":\"fr-FR\",\"potentialAction\":[{\"@type\":\"ReadAction\",\"target\":[\"https:\/\/axiomtsp.com\/fr\/produit\/armour-door-guard\/\"]}]},{\"@type\":\"ImageObject\",\"inLanguage\":\"fr-FR\",\"@id\":\"https:\/\/axiomtsp.com\/fr\/produit\/armour-door-guard\/#primaryimage\",\"url\":\"https:\/\/axiomtsp.com\/wp-cms\/wp-content\/uploads\/2022\/06\/Armour-Door-Guard-1-scaled.jpg\",\"contentUrl\":\"https:\/\/axiomtsp.com\/wp-cms\/wp-content\/uploads\/2022\/06\/Armour-Door-Guard-1-scaled.jpg\",\"width\":2560,\"height\":2560,\"caption\":\"Armour Door-Guard\"},{\"@type\":\"BreadcrumbList\",\"@id\":\"https:\/\/axiomtsp.com\/fr\/produit\/armour-door-guard\/#breadcrumb\",\"itemListElement\":[{\"@type\":\"ListItem\",\"position\":1,\"name\":\"Home\",\"item\":\"https:\/\/axiomtsp.com\/fr\/\"},{\"@type\":\"ListItem\",\"position\":2,\"name\":\"Boutique\",\"item\":\"https:\/\/axiomtsp.com\/boutique\/?lang=fr\"},{\"@type\":\"ListItem\",\"position\":3,\"name\":\"ARMOUR DOOR-GUARD\"}]},{\"@type\":\"WebSite\",\"@id\":\"https:\/\/axiomtsp.com\/fr\/#website\",\"url\":\"https:\/\/axiomtsp.com\/fr\/\",\"name\":\"Axiom | Temporary Surface Protection\",\"description\":\"We stock the largest range of Temporary Surface Protection products in Canada. We help you choose the best solution for your project to ensure that you save time and money, avoid disruption to your construction schedule, maximize profitability on your projects, and prevent damage to your reputation.\",\"potentialAction\":[{\"@type\":\"SearchAction\",\"target\":{\"@type\":\"EntryPoint\",\"urlTemplate\":\"https:\/\/axiomtsp.com\/fr\/?s={search_term_string}\"},\"query-input\":{\"@type\":\"PropertyValueSpecification\",\"valueRequired\":true,\"valueName\":\"search_term_string\"}}],\"inLanguage\":\"fr-FR\"}]}<\/script>\n<!-- \/ Yoast SEO plugin. -->","yoast_head_json":{"title":"ARMOUR DOOR-GUARD - Axiom | Temporary Surface Protection","description":"Prot\u00e9gez votre porte sur le chantier avec The Armour Door-Guard. Facile \u00e0 ranger et \u00e0 installer, il offre une protection instantan\u00e9e contre les chocs.","robots":{"index":"index","follow":"follow","max-snippet":"max-snippet:-1","max-image-preview":"max-image-preview:large","max-video-preview":"max-video-preview:-1"},"canonical":"https:\/\/axiomtsp.com\/fr\/produit\/armour-door-guard\/","og_locale":"fr_FR","og_type":"article","og_title":"ARMOUR DOOR-GUARD - Axiom | Temporary Surface Protection","og_description":"Prot\u00e9gez votre porte sur le chantier avec The Armour Door-Guard. Facile \u00e0 ranger et \u00e0 installer, il offre une protection instantan\u00e9e contre les chocs.","og_url":"https:\/\/axiomtsp.com\/fr\/produit\/armour-door-guard\/","og_site_name":"Axiom | Temporary Surface Protection","article_modified_time":"2024-03-07T10:33:06+00:00","og_image":[{"width":720,"height":720,"url":"https:\/\/axiomtsp.com\/wp-cms\/wp-content\/uploads\/2022\/06\/Armour-Door-Guard.jpg","type":"image\/jpeg"}],"twitter_card":"summary_large_image","twitter_misc":{"Dur\u00e9e de lecture estim\u00e9e":"1 minute"},"schema":{"@context":"https:\/\/schema.org","@graph":[{"@type":"WebPage","@id":"https:\/\/axiomtsp.com\/fr\/produit\/armour-door-guard\/","url":"https:\/\/axiomtsp.com\/fr\/produit\/armour-door-guard\/","name":"ARMOUR DOOR-GUARD - Axiom | Temporary Surface Protection","isPartOf":{"@id":"https:\/\/axiomtsp.com\/fr\/#website"},"primaryImageOfPage":{"@id":"https:\/\/axiomtsp.com\/fr\/produit\/armour-door-guard\/#primaryimage"},"image":{"@id":"https:\/\/axiomtsp.com\/fr\/produit\/armour-door-guard\/#primaryimage"},"thumbnailUrl":"https:\/\/axiomtsp.com\/wp-cms\/wp-content\/uploads\/2022\/06\/Armour-Door-Guard-1-scaled.jpg","datePublished":"2022-06-23T13:03:17+00:00","dateModified":"2024-03-07T10:33:06+00:00","description":"Prot\u00e9gez votre porte sur le chantier avec The Armour Door-Guard. Facile \u00e0 ranger et \u00e0 installer, il offre une protection instantan\u00e9e contre les chocs.","breadcrumb":{"@id":"https:\/\/axiomtsp.com\/fr\/produit\/armour-door-guard\/#breadcrumb"},"inLanguage":"fr-FR","potentialAction":[{"@type":"ReadAction","target":["https:\/\/axiomtsp.com\/fr\/produit\/armour-door-guard\/"]}]},{"@type":"ImageObject","inLanguage":"fr-FR","@id":"https:\/\/axiomtsp.com\/fr\/produit\/armour-door-guard\/#primaryimage","url":"https:\/\/axiomtsp.com\/wp-cms\/wp-content\/uploads\/2022\/06\/Armour-Door-Guard-1-scaled.jpg","contentUrl":"https:\/\/axiomtsp.com\/wp-cms\/wp-content\/uploads\/2022\/06\/Armour-Door-Guard-1-scaled.jpg","width":2560,"height":2560,"caption":"Armour Door-Guard"},{"@type":"BreadcrumbList","@id":"https:\/\/axiomtsp.com\/fr\/produit\/armour-door-guard\/#breadcrumb","itemListElement":[{"@type":"ListItem","position":1,"name":"Home","item":"https:\/\/axiomtsp.com\/fr\/"},{"@type":"ListItem","position":2,"name":"Boutique","item":"https:\/\/axiomtsp.com\/boutique\/?lang=fr"},{"@type":"ListItem","position":3,"name":"ARMOUR DOOR-GUARD"}]},{"@type":"WebSite","@id":"https:\/\/axiomtsp.com\/fr\/#website","url":"https:\/\/axiomtsp.com\/fr\/","name":"Axiom | Temporary Surface Protection","description":"We stock the largest range of Temporary Surface Protection products in Canada. We help you choose the best solution for your project to ensure that you save time and money, avoid disruption to your construction schedule, maximize profitability on your projects, and prevent damage to your reputation.","potentialAction":[{"@type":"SearchAction","target":{"@type":"EntryPoint","urlTemplate":"https:\/\/axiomtsp.com\/fr\/?s={search_term_string}"},"query-input":{"@type":"PropertyValueSpecification","valueRequired":true,"valueName":"search_term_string"}}],"inLanguage":"fr-FR"}]}},"_links":{"self":[{"href":"https:\/\/axiomtsp.com\/fr\/wp-json\/wp\/v2\/product\/4990","targetHints":{"allow":["GET"]}}],"collection":[{"href":"https:\/\/axiomtsp.com\/fr\/wp-json\/wp\/v2\/product"}],"about":[{"href":"https:\/\/axiomtsp.com\/fr\/wp-json\/wp\/v2\/types\/product"}],"replies":[{"embeddable":true,"href":"https:\/\/axiomtsp.com\/fr\/wp-json\/wp\/v2\/comments?post=4990"}],"wp:featuredmedia":[{"embeddable":true,"href":"https:\/\/axiomtsp.com\/fr\/wp-json\/wp\/v2\/media\/7218"}],"wp:attachment":[{"href":"https:\/\/axiomtsp.com\/fr\/wp-json\/wp\/v2\/media?parent=4990"}],"wp:term":[{"taxonomy":"product_brand","embeddable":true,"href":"https:\/\/axiomtsp.com\/fr\/wp-json\/wp\/v2\/product_brand?post=4990"},{"taxonomy":"product_cat","embeddable":true,"href":"https:\/\/axiomtsp.com\/fr\/wp-json\/wp\/v2\/product_cat?post=4990"},{"taxonomy":"product_tag","embeddable":true,"href":"https:\/\/axiomtsp.com\/fr\/wp-json\/wp\/v2\/product_tag?post=4990"}],"curies":[{"name":"wp","href":"https:\/\/api.w.org\/{rel}","templated":true}]}}