{"id":4988,"date":"2022-08-26T19:46:03","date_gmt":"2022-08-26T19:46:03","guid":{"rendered":"https:\/\/axiomtsp.com\/product\/clean-green-tape\/"},"modified":"2024-03-12T15:56:42","modified_gmt":"2024-03-12T15:56:42","slug":"clean-green-tape","status":"publish","type":"product","link":"https:\/\/axiomtsp.com\/fr\/produit\/clean-green-tape\/","title":{"rendered":"CLEAN GREEN TAPE"},"content":{"rendered":"<p>Clean Green Tape offers up to 180 day clean removal when used indoors, and up to 60 day clean removal for outdoor applications. This unique product is chemical resistant, hand tearable, and repositionable, making it an excellent choice for using on delicate surfaces. It is solvent-resistant and waterproof, and commonly used to hold temporary surface protection materials in place as an edge tape.<\/p>\n","protected":false},"excerpt":{"rendered":"<p>Clean Green Tape offers up to 180 day clean removal when used indoors, and up to 60 day clean removal for outdoor applications. This unique product is chemical resistant, hand tearable, and repositionable, making it an excellent choice for using on delicate surfaces. It is solvent-resistant and waterproof, and commonly used to hold temporary surface protection materials in place as an edge tape.<\/p>\n","protected":false},"featured_media":8090,"comment_status":"closed","ping_status":"closed","template":"","meta":{"_acf_changed":false},"product_brand":[],"product_cat":[156],"product_tag":[],"class_list":{"0":"post-4988","1":"product","2":"type-product","3":"status-publish","4":"has-post-thumbnail","6":"product_cat-rubans-adhesifs-de-protection","8":"first","9":"instock","10":"taxable","11":"shipping-taxable","12":"purchasable","13":"product-type-variable"},"acf":[],"yoast_head":"<!-- This site is optimized with the Yoast SEO plugin v27.1.1 - https:\/\/yoast.com\/product\/yoast-seo-wordpress\/ -->\n<title>CLEAN GREEN TAPE - Axiom | Temporary Surface Protection<\/title>\n<meta name=\"description\" content=\"offre un retrait propre jusqu&#039;\u00e0 180 jours lorsqu&#039;il est utilis\u00e9 \u00e0 l&#039;int\u00e9rieur et jusqu&#039;\u00e0 60 jours lorsqu&#039;il est utilis\u00e9 \u00e0 l&#039;ext\u00e9rieur.\" \/>\n<meta name=\"robots\" content=\"index, follow, max-snippet:-1, max-image-preview:large, max-video-preview:-1\" \/>\n<link rel=\"canonical\" href=\"https:\/\/axiomtsp.com\/fr\/produit\/clean-green-tape\/\" \/>\n<meta property=\"og:locale\" content=\"fr_FR\" \/>\n<meta property=\"og:type\" content=\"article\" \/>\n<meta property=\"og:title\" content=\"CLEAN GREEN TAPE - Axiom | Temporary Surface Protection\" \/>\n<meta property=\"og:description\" content=\"offre un retrait propre jusqu&#039;\u00e0 180 jours lorsqu&#039;il est utilis\u00e9 \u00e0 l&#039;int\u00e9rieur et jusqu&#039;\u00e0 60 jours lorsqu&#039;il est utilis\u00e9 \u00e0 l&#039;ext\u00e9rieur.\" \/>\n<meta property=\"og:url\" content=\"https:\/\/axiomtsp.com\/fr\/produit\/clean-green-tape\/\" \/>\n<meta property=\"og:site_name\" content=\"Axiom | Temporary Surface Protection\" \/>\n<meta property=\"article:modified_time\" content=\"2024-03-12T15:56:42+00:00\" \/>\n<meta property=\"og:image\" content=\"https:\/\/axiomtsp.com\/wp-content\/uploads\/2022\/08\/Armour-Pro-Clean-Tape.jpg\" \/>\n\t<meta property=\"og:image:width\" content=\"720\" \/>\n\t<meta property=\"og:image:height\" content=\"720\" \/>\n\t<meta property=\"og:image:type\" content=\"image\/jpeg\" \/>\n<meta name=\"twitter:card\" content=\"summary_large_image\" \/>\n<meta name=\"twitter:label1\" content=\"Dur\u00e9e de lecture estim\u00e9e\" \/>\n\t<meta name=\"twitter:data1\" content=\"1 minute\" \/>\n<script type=\"application\/ld+json\" class=\"yoast-schema-graph\">{\"@context\":\"https:\/\/schema.org\",\"@graph\":[{\"@type\":\"WebPage\",\"@id\":\"https:\/\/axiomtsp.com\/fr\/produit\/clean-green-tape\/\",\"url\":\"https:\/\/axiomtsp.com\/fr\/produit\/clean-green-tape\/\",\"name\":\"CLEAN GREEN TAPE - Axiom | Temporary Surface Protection\",\"isPartOf\":{\"@id\":\"https:\/\/axiomtsp.com\/fr\/#website\"},\"primaryImageOfPage\":{\"@id\":\"https:\/\/axiomtsp.com\/fr\/produit\/clean-green-tape\/#primaryimage\"},\"image\":{\"@id\":\"https:\/\/axiomtsp.com\/fr\/produit\/clean-green-tape\/#primaryimage\"},\"thumbnailUrl\":\"https:\/\/axiomtsp.com\/wp-cms\/wp-content\/uploads\/2022\/08\/Armour-Pro-Clean-Tape-1-scaled.jpg\",\"datePublished\":\"2022-08-26T19:46:03+00:00\",\"dateModified\":\"2024-03-12T15:56:42+00:00\",\"description\":\"offre un retrait propre jusqu'\u00e0 180 jours lorsqu'il est utilis\u00e9 \u00e0 l'int\u00e9rieur et jusqu'\u00e0 60 jours lorsqu'il est utilis\u00e9 \u00e0 l'ext\u00e9rieur.\",\"breadcrumb\":{\"@id\":\"https:\/\/axiomtsp.com\/fr\/produit\/clean-green-tape\/#breadcrumb\"},\"inLanguage\":\"fr-FR\",\"potentialAction\":[{\"@type\":\"ReadAction\",\"target\":[\"https:\/\/axiomtsp.com\/fr\/produit\/clean-green-tape\/\"]}]},{\"@type\":\"ImageObject\",\"inLanguage\":\"fr-FR\",\"@id\":\"https:\/\/axiomtsp.com\/fr\/produit\/clean-green-tape\/#primaryimage\",\"url\":\"https:\/\/axiomtsp.com\/wp-cms\/wp-content\/uploads\/2022\/08\/Armour-Pro-Clean-Tape-1-scaled.jpg\",\"contentUrl\":\"https:\/\/axiomtsp.com\/wp-cms\/wp-content\/uploads\/2022\/08\/Armour-Pro-Clean-Tape-1-scaled.jpg\",\"width\":2560,\"height\":2560},{\"@type\":\"BreadcrumbList\",\"@id\":\"https:\/\/axiomtsp.com\/fr\/produit\/clean-green-tape\/#breadcrumb\",\"itemListElement\":[{\"@type\":\"ListItem\",\"position\":1,\"name\":\"Home\",\"item\":\"https:\/\/axiomtsp.com\/fr\/\"},{\"@type\":\"ListItem\",\"position\":2,\"name\":\"Boutique\",\"item\":\"https:\/\/axiomtsp.com\/boutique\/?lang=fr\"},{\"@type\":\"ListItem\",\"position\":3,\"name\":\"CLEAN GREEN TAPE\"}]},{\"@type\":\"WebSite\",\"@id\":\"https:\/\/axiomtsp.com\/fr\/#website\",\"url\":\"https:\/\/axiomtsp.com\/fr\/\",\"name\":\"Axiom | Temporary Surface Protection\",\"description\":\"We stock the largest range of Temporary Surface Protection products in Canada. We help you choose the best solution for your project to ensure that you save time and money, avoid disruption to your construction schedule, maximize profitability on your projects, and prevent damage to your reputation.\",\"potentialAction\":[{\"@type\":\"SearchAction\",\"target\":{\"@type\":\"EntryPoint\",\"urlTemplate\":\"https:\/\/axiomtsp.com\/fr\/?s={search_term_string}\"},\"query-input\":{\"@type\":\"PropertyValueSpecification\",\"valueRequired\":true,\"valueName\":\"search_term_string\"}}],\"inLanguage\":\"fr-FR\"}]}<\/script>\n<!-- \/ Yoast SEO plugin. -->","yoast_head_json":{"title":"CLEAN GREEN TAPE - Axiom | Temporary Surface Protection","description":"offre un retrait propre jusqu'\u00e0 180 jours lorsqu'il est utilis\u00e9 \u00e0 l'int\u00e9rieur et jusqu'\u00e0 60 jours lorsqu'il est utilis\u00e9 \u00e0 l'ext\u00e9rieur.","robots":{"index":"index","follow":"follow","max-snippet":"max-snippet:-1","max-image-preview":"max-image-preview:large","max-video-preview":"max-video-preview:-1"},"canonical":"https:\/\/axiomtsp.com\/fr\/produit\/clean-green-tape\/","og_locale":"fr_FR","og_type":"article","og_title":"CLEAN GREEN TAPE - Axiom | Temporary Surface Protection","og_description":"offre un retrait propre jusqu'\u00e0 180 jours lorsqu'il est utilis\u00e9 \u00e0 l'int\u00e9rieur et jusqu'\u00e0 60 jours lorsqu'il est utilis\u00e9 \u00e0 l'ext\u00e9rieur.","og_url":"https:\/\/axiomtsp.com\/fr\/produit\/clean-green-tape\/","og_site_name":"Axiom | Temporary Surface Protection","article_modified_time":"2024-03-12T15:56:42+00:00","og_image":[{"width":720,"height":720,"url":"https:\/\/axiomtsp.com\/wp-content\/uploads\/2022\/08\/Armour-Pro-Clean-Tape.jpg","type":"image\/jpeg"}],"twitter_card":"summary_large_image","twitter_misc":{"Dur\u00e9e de lecture estim\u00e9e":"1 minute"},"schema":{"@context":"https:\/\/schema.org","@graph":[{"@type":"WebPage","@id":"https:\/\/axiomtsp.com\/fr\/produit\/clean-green-tape\/","url":"https:\/\/axiomtsp.com\/fr\/produit\/clean-green-tape\/","name":"CLEAN GREEN TAPE - Axiom | Temporary Surface Protection","isPartOf":{"@id":"https:\/\/axiomtsp.com\/fr\/#website"},"primaryImageOfPage":{"@id":"https:\/\/axiomtsp.com\/fr\/produit\/clean-green-tape\/#primaryimage"},"image":{"@id":"https:\/\/axiomtsp.com\/fr\/produit\/clean-green-tape\/#primaryimage"},"thumbnailUrl":"https:\/\/axiomtsp.com\/wp-cms\/wp-content\/uploads\/2022\/08\/Armour-Pro-Clean-Tape-1-scaled.jpg","datePublished":"2022-08-26T19:46:03+00:00","dateModified":"2024-03-12T15:56:42+00:00","description":"offre un retrait propre jusqu'\u00e0 180 jours lorsqu'il est utilis\u00e9 \u00e0 l'int\u00e9rieur et jusqu'\u00e0 60 jours lorsqu'il est utilis\u00e9 \u00e0 l'ext\u00e9rieur.","breadcrumb":{"@id":"https:\/\/axiomtsp.com\/fr\/produit\/clean-green-tape\/#breadcrumb"},"inLanguage":"fr-FR","potentialAction":[{"@type":"ReadAction","target":["https:\/\/axiomtsp.com\/fr\/produit\/clean-green-tape\/"]}]},{"@type":"ImageObject","inLanguage":"fr-FR","@id":"https:\/\/axiomtsp.com\/fr\/produit\/clean-green-tape\/#primaryimage","url":"https:\/\/axiomtsp.com\/wp-cms\/wp-content\/uploads\/2022\/08\/Armour-Pro-Clean-Tape-1-scaled.jpg","contentUrl":"https:\/\/axiomtsp.com\/wp-cms\/wp-content\/uploads\/2022\/08\/Armour-Pro-Clean-Tape-1-scaled.jpg","width":2560,"height":2560},{"@type":"BreadcrumbList","@id":"https:\/\/axiomtsp.com\/fr\/produit\/clean-green-tape\/#breadcrumb","itemListElement":[{"@type":"ListItem","position":1,"name":"Home","item":"https:\/\/axiomtsp.com\/fr\/"},{"@type":"ListItem","position":2,"name":"Boutique","item":"https:\/\/axiomtsp.com\/boutique\/?lang=fr"},{"@type":"ListItem","position":3,"name":"CLEAN GREEN TAPE"}]},{"@type":"WebSite","@id":"https:\/\/axiomtsp.com\/fr\/#website","url":"https:\/\/axiomtsp.com\/fr\/","name":"Axiom | Temporary Surface Protection","description":"We stock the largest range of Temporary Surface Protection products in Canada. We help you choose the best solution for your project to ensure that you save time and money, avoid disruption to your construction schedule, maximize profitability on your projects, and prevent damage to your reputation.","potentialAction":[{"@type":"SearchAction","target":{"@type":"EntryPoint","urlTemplate":"https:\/\/axiomtsp.com\/fr\/?s={search_term_string}"},"query-input":{"@type":"PropertyValueSpecification","valueRequired":true,"valueName":"search_term_string"}}],"inLanguage":"fr-FR"}]}},"_links":{"self":[{"href":"https:\/\/axiomtsp.com\/fr\/wp-json\/wp\/v2\/product\/4988","targetHints":{"allow":["GET"]}}],"collection":[{"href":"https:\/\/axiomtsp.com\/fr\/wp-json\/wp\/v2\/product"}],"about":[{"href":"https:\/\/axiomtsp.com\/fr\/wp-json\/wp\/v2\/types\/product"}],"replies":[{"embeddable":true,"href":"https:\/\/axiomtsp.com\/fr\/wp-json\/wp\/v2\/comments?post=4988"}],"wp:featuredmedia":[{"embeddable":true,"href":"https:\/\/axiomtsp.com\/fr\/wp-json\/wp\/v2\/media\/8090"}],"wp:attachment":[{"href":"https:\/\/axiomtsp.com\/fr\/wp-json\/wp\/v2\/media?parent=4988"}],"wp:term":[{"taxonomy":"product_brand","embeddable":true,"href":"https:\/\/axiomtsp.com\/fr\/wp-json\/wp\/v2\/product_brand?post=4988"},{"taxonomy":"product_cat","embeddable":true,"href":"https:\/\/axiomtsp.com\/fr\/wp-json\/wp\/v2\/product_cat?post=4988"},{"taxonomy":"product_tag","embeddable":true,"href":"https:\/\/axiomtsp.com\/fr\/wp-json\/wp\/v2\/product_tag?post=4988"}],"curies":[{"name":"wp","href":"https:\/\/api.w.org\/{rel}","templated":true}]}}