{"id":4984,"date":"2023-02-08T02:35:23","date_gmt":"2023-02-08T02:35:23","guid":{"rendered":"https:\/\/axiomtsp.com\/product\/armour-protection-board-green-hd\/"},"modified":"2024-03-22T09:59:19","modified_gmt":"2024-03-22T09:59:19","slug":"armour-protection-board-green-hd","status":"publish","type":"product","link":"https:\/\/axiomtsp.com\/fr\/produit\/armour-protection-board-green-hd\/","title":{"rendered":"ARMOUR PROTECTION BOARD &#8211; GREEN HD"},"content":{"rendered":"<p>L\u2019Armour Protection Board &#8211; Green HD est un produit en feuille plastique haute densit\u00e9 de 5 mm d\u2019\u00e9paisseur avec une structure interne en nid<br \/>\nd\u2019abeille capable de r\u00e9sister \u00e0 des impacts extr\u00eames. Il est livr\u00e9 en standard avec une doublure en polaire appliqu\u00e9e sur la face inf\u00e9rieure pour une protection douce et non abrasive suppl\u00e9mentaire afin d\u2019\u00e9viter les rayures et les \u00e9raflures sur les surfaces finies. Dot\u00e9 d\u2019une surface antid\u00e9rapante, il est couramment utilis\u00e9 pour prot\u00e9ger les sols dans les zones \u00e0 fort trafic pendant de longues p\u00e9riodes, contre les \u00e9l\u00e9vateurs, les chariots et autres engins de chantier lourds. Souvent utilis\u00e9 en remplacement du contreplaqu\u00e9 et du panneau dur, car il est durable, tr\u00e8s r\u00e9utilisable, r\u00e9sistant aux UV pour les applications ext\u00e9rieures, et facile \u00e0 installer et \u00e0 assembler. Il est l\u00e9ger, \u00e9tanche, r\u00e9sistant aux chocs et il se pose \u00e0 plat.<\/p>\n<p>Souvent utilis\u00e9 avec <a href=\"https:\/\/axiomtsp.com\/produit\/armour-tape\/?lang=fr\" target=\"_blank\" rel=\"noopener\">Armour Tape<\/a>.<\/p>\n","protected":false},"excerpt":{"rendered":"<p>L\u2019Armour Protection Board &#8211; Green HD est un produit en feuille plastique haute densit\u00e9 de 5 mm d\u2019\u00e9paisseur avec une structure interne en nid<br \/>\nd\u2019abeille capable de r\u00e9sister \u00e0 des impacts extr\u00eames. Il est livr\u00e9 en standard avec une doublure en polaire appliqu\u00e9e sur la face inf\u00e9rieure pour une protection douce et non abrasive suppl\u00e9mentaire afin d\u2019\u00e9viter les rayures et les \u00e9raflures sur les surfaces finies. Dot\u00e9 d\u2019une surface antid\u00e9rapante, il est couramment utilis\u00e9 pour prot\u00e9ger les sols dans les zones \u00e0 fort trafic pendant de longues p\u00e9riodes, contre les \u00e9l\u00e9vateurs, les chariots et autres engins de chantier lourds. Souvent utilis\u00e9 en remplacement du contreplaqu\u00e9 et du panneau dur, car il est durable, tr\u00e8s r\u00e9utilisable, r\u00e9sistant aux UV pour les applications ext\u00e9rieures, et facile \u00e0 installer et \u00e0 assembler. Il est l\u00e9ger, \u00e9tanche, r\u00e9sistant aux chocs et il se pose \u00e0 plat.<\/p>\n<p>Souvent utilis\u00e9 avec <a href=\"https:\/\/axiomtsp.com\/product\/armour-tape\/\" target=\"_blank\" rel=\"noopener\">Armour Tape<\/a>.<\/p>\n","protected":false},"featured_media":7899,"comment_status":"closed","ping_status":"closed","template":"","meta":{"_acf_changed":false},"product_brand":[],"product_cat":[151,153,147,154],"product_tag":[],"class_list":{"0":"post-4984","1":"product","2":"type-product","3":"status-publish","4":"has-post-thumbnail","6":"product_cat-protection-de-plancher","7":"product_cat-protection-de-porte-contour","8":"product_cat-protection-de-cuisine-salle-de-bain","9":"product_cat-protection-de-verre-fenetre","11":"first","12":"instock","13":"taxable","14":"shipping-taxable","15":"purchasable","16":"product-type-variable"},"acf":[],"yoast_head":"<!-- This site is optimized with the Yoast SEO plugin v27.1.1 - https:\/\/yoast.com\/product\/yoast-seo-wordpress\/ -->\n<title>ARMOUR PROTECTION BOARD - GREEN HD - Axiom | Temporary Surface Protection<\/title>\n<meta name=\"description\" content=\"Une feuille de plastique haute densit\u00e9 de 5 mm d&#039;\u00e9paisseur avec un noyau en forme de nid d&#039;abeille, r\u00e9sistant aux impacts extr\u00eames.\" \/>\n<meta name=\"robots\" content=\"index, follow, max-snippet:-1, max-image-preview:large, max-video-preview:-1\" \/>\n<link rel=\"canonical\" href=\"https:\/\/axiomtsp.com\/fr\/produit\/armour-protection-board-green-hd\/\" \/>\n<meta property=\"og:locale\" content=\"fr_FR\" \/>\n<meta property=\"og:type\" content=\"article\" \/>\n<meta property=\"og:title\" content=\"ARMOUR PROTECTION BOARD - GREEN HD - Axiom | Temporary Surface Protection\" \/>\n<meta property=\"og:description\" content=\"Une feuille de plastique haute densit\u00e9 de 5 mm d&#039;\u00e9paisseur avec un noyau en forme de nid d&#039;abeille, r\u00e9sistant aux impacts extr\u00eames.\" \/>\n<meta property=\"og:url\" content=\"https:\/\/axiomtsp.com\/fr\/produit\/armour-protection-board-green-hd\/\" \/>\n<meta property=\"og:site_name\" content=\"Axiom | Temporary Surface Protection\" \/>\n<meta property=\"article:modified_time\" content=\"2024-03-22T09:59:19+00:00\" \/>\n<meta property=\"og:image\" content=\"https:\/\/axiomtsp.com\/wp-content\/uploads\/2023\/02\/Armour-Protection-Board-Green-HD.jpg\" \/>\n\t<meta property=\"og:image:width\" content=\"720\" \/>\n\t<meta property=\"og:image:height\" content=\"720\" \/>\n\t<meta property=\"og:image:type\" content=\"image\/jpeg\" \/>\n<meta name=\"twitter:card\" content=\"summary_large_image\" \/>\n<meta name=\"twitter:label1\" content=\"Dur\u00e9e de lecture estim\u00e9e\" \/>\n\t<meta name=\"twitter:data1\" content=\"1 minute\" \/>\n<script type=\"application\/ld+json\" class=\"yoast-schema-graph\">{\"@context\":\"https:\/\/schema.org\",\"@graph\":[{\"@type\":\"WebPage\",\"@id\":\"https:\/\/axiomtsp.com\/fr\/produit\/armour-protection-board-green-hd\/\",\"url\":\"https:\/\/axiomtsp.com\/fr\/produit\/armour-protection-board-green-hd\/\",\"name\":\"ARMOUR PROTECTION BOARD - GREEN HD - Axiom | Temporary Surface Protection\",\"isPartOf\":{\"@id\":\"https:\/\/axiomtsp.com\/fr\/#website\"},\"primaryImageOfPage\":{\"@id\":\"https:\/\/axiomtsp.com\/fr\/produit\/armour-protection-board-green-hd\/#primaryimage\"},\"image\":{\"@id\":\"https:\/\/axiomtsp.com\/fr\/produit\/armour-protection-board-green-hd\/#primaryimage\"},\"thumbnailUrl\":\"https:\/\/axiomtsp.com\/wp-cms\/wp-content\/uploads\/2023\/02\/Armour-Protection-Board-Green-HD-3-scaled.jpg\",\"datePublished\":\"2023-02-08T02:35:23+00:00\",\"dateModified\":\"2024-03-22T09:59:19+00:00\",\"description\":\"Une feuille de plastique haute densit\u00e9 de 5 mm d'\u00e9paisseur avec un noyau en forme de nid d'abeille, r\u00e9sistant aux impacts extr\u00eames.\",\"breadcrumb\":{\"@id\":\"https:\/\/axiomtsp.com\/fr\/produit\/armour-protection-board-green-hd\/#breadcrumb\"},\"inLanguage\":\"fr-FR\",\"potentialAction\":[{\"@type\":\"ReadAction\",\"target\":[\"https:\/\/axiomtsp.com\/fr\/produit\/armour-protection-board-green-hd\/\"]}]},{\"@type\":\"ImageObject\",\"inLanguage\":\"fr-FR\",\"@id\":\"https:\/\/axiomtsp.com\/fr\/produit\/armour-protection-board-green-hd\/#primaryimage\",\"url\":\"https:\/\/axiomtsp.com\/wp-cms\/wp-content\/uploads\/2023\/02\/Armour-Protection-Board-Green-HD-3-scaled.jpg\",\"contentUrl\":\"https:\/\/axiomtsp.com\/wp-cms\/wp-content\/uploads\/2023\/02\/Armour-Protection-Board-Green-HD-3-scaled.jpg\",\"width\":2560,\"height\":2560},{\"@type\":\"BreadcrumbList\",\"@id\":\"https:\/\/axiomtsp.com\/fr\/produit\/armour-protection-board-green-hd\/#breadcrumb\",\"itemListElement\":[{\"@type\":\"ListItem\",\"position\":1,\"name\":\"Home\",\"item\":\"https:\/\/axiomtsp.com\/fr\/\"},{\"@type\":\"ListItem\",\"position\":2,\"name\":\"Boutique\",\"item\":\"https:\/\/axiomtsp.com\/boutique\/?lang=fr\"},{\"@type\":\"ListItem\",\"position\":3,\"name\":\"ARMOUR PROTECTION BOARD &#8211; GREEN HD\"}]},{\"@type\":\"WebSite\",\"@id\":\"https:\/\/axiomtsp.com\/fr\/#website\",\"url\":\"https:\/\/axiomtsp.com\/fr\/\",\"name\":\"Axiom | Temporary Surface Protection\",\"description\":\"We stock the largest range of Temporary Surface Protection products in Canada. We help you choose the best solution for your project to ensure that you save time and money, avoid disruption to your construction schedule, maximize profitability on your projects, and prevent damage to your reputation.\",\"potentialAction\":[{\"@type\":\"SearchAction\",\"target\":{\"@type\":\"EntryPoint\",\"urlTemplate\":\"https:\/\/axiomtsp.com\/fr\/?s={search_term_string}\"},\"query-input\":{\"@type\":\"PropertyValueSpecification\",\"valueRequired\":true,\"valueName\":\"search_term_string\"}}],\"inLanguage\":\"fr-FR\"}]}<\/script>\n<!-- \/ Yoast SEO plugin. -->","yoast_head_json":{"title":"ARMOUR PROTECTION BOARD - GREEN HD - Axiom | Temporary Surface Protection","description":"Une feuille de plastique haute densit\u00e9 de 5 mm d'\u00e9paisseur avec un noyau en forme de nid d'abeille, r\u00e9sistant aux impacts extr\u00eames.","robots":{"index":"index","follow":"follow","max-snippet":"max-snippet:-1","max-image-preview":"max-image-preview:large","max-video-preview":"max-video-preview:-1"},"canonical":"https:\/\/axiomtsp.com\/fr\/produit\/armour-protection-board-green-hd\/","og_locale":"fr_FR","og_type":"article","og_title":"ARMOUR PROTECTION BOARD - GREEN HD - Axiom | Temporary Surface Protection","og_description":"Une feuille de plastique haute densit\u00e9 de 5 mm d'\u00e9paisseur avec un noyau en forme de nid d'abeille, r\u00e9sistant aux impacts extr\u00eames.","og_url":"https:\/\/axiomtsp.com\/fr\/produit\/armour-protection-board-green-hd\/","og_site_name":"Axiom | Temporary Surface Protection","article_modified_time":"2024-03-22T09:59:19+00:00","og_image":[{"width":720,"height":720,"url":"https:\/\/axiomtsp.com\/wp-content\/uploads\/2023\/02\/Armour-Protection-Board-Green-HD.jpg","type":"image\/jpeg"}],"twitter_card":"summary_large_image","twitter_misc":{"Dur\u00e9e de lecture estim\u00e9e":"1 minute"},"schema":{"@context":"https:\/\/schema.org","@graph":[{"@type":"WebPage","@id":"https:\/\/axiomtsp.com\/fr\/produit\/armour-protection-board-green-hd\/","url":"https:\/\/axiomtsp.com\/fr\/produit\/armour-protection-board-green-hd\/","name":"ARMOUR PROTECTION BOARD - GREEN HD - Axiom | Temporary Surface Protection","isPartOf":{"@id":"https:\/\/axiomtsp.com\/fr\/#website"},"primaryImageOfPage":{"@id":"https:\/\/axiomtsp.com\/fr\/produit\/armour-protection-board-green-hd\/#primaryimage"},"image":{"@id":"https:\/\/axiomtsp.com\/fr\/produit\/armour-protection-board-green-hd\/#primaryimage"},"thumbnailUrl":"https:\/\/axiomtsp.com\/wp-cms\/wp-content\/uploads\/2023\/02\/Armour-Protection-Board-Green-HD-3-scaled.jpg","datePublished":"2023-02-08T02:35:23+00:00","dateModified":"2024-03-22T09:59:19+00:00","description":"Une feuille de plastique haute densit\u00e9 de 5 mm d'\u00e9paisseur avec un noyau en forme de nid d'abeille, r\u00e9sistant aux impacts extr\u00eames.","breadcrumb":{"@id":"https:\/\/axiomtsp.com\/fr\/produit\/armour-protection-board-green-hd\/#breadcrumb"},"inLanguage":"fr-FR","potentialAction":[{"@type":"ReadAction","target":["https:\/\/axiomtsp.com\/fr\/produit\/armour-protection-board-green-hd\/"]}]},{"@type":"ImageObject","inLanguage":"fr-FR","@id":"https:\/\/axiomtsp.com\/fr\/produit\/armour-protection-board-green-hd\/#primaryimage","url":"https:\/\/axiomtsp.com\/wp-cms\/wp-content\/uploads\/2023\/02\/Armour-Protection-Board-Green-HD-3-scaled.jpg","contentUrl":"https:\/\/axiomtsp.com\/wp-cms\/wp-content\/uploads\/2023\/02\/Armour-Protection-Board-Green-HD-3-scaled.jpg","width":2560,"height":2560},{"@type":"BreadcrumbList","@id":"https:\/\/axiomtsp.com\/fr\/produit\/armour-protection-board-green-hd\/#breadcrumb","itemListElement":[{"@type":"ListItem","position":1,"name":"Home","item":"https:\/\/axiomtsp.com\/fr\/"},{"@type":"ListItem","position":2,"name":"Boutique","item":"https:\/\/axiomtsp.com\/boutique\/?lang=fr"},{"@type":"ListItem","position":3,"name":"ARMOUR PROTECTION BOARD &#8211; GREEN HD"}]},{"@type":"WebSite","@id":"https:\/\/axiomtsp.com\/fr\/#website","url":"https:\/\/axiomtsp.com\/fr\/","name":"Axiom | Temporary Surface Protection","description":"We stock the largest range of Temporary Surface Protection products in Canada. We help you choose the best solution for your project to ensure that you save time and money, avoid disruption to your construction schedule, maximize profitability on your projects, and prevent damage to your reputation.","potentialAction":[{"@type":"SearchAction","target":{"@type":"EntryPoint","urlTemplate":"https:\/\/axiomtsp.com\/fr\/?s={search_term_string}"},"query-input":{"@type":"PropertyValueSpecification","valueRequired":true,"valueName":"search_term_string"}}],"inLanguage":"fr-FR"}]}},"_links":{"self":[{"href":"https:\/\/axiomtsp.com\/fr\/wp-json\/wp\/v2\/product\/4984","targetHints":{"allow":["GET"]}}],"collection":[{"href":"https:\/\/axiomtsp.com\/fr\/wp-json\/wp\/v2\/product"}],"about":[{"href":"https:\/\/axiomtsp.com\/fr\/wp-json\/wp\/v2\/types\/product"}],"replies":[{"embeddable":true,"href":"https:\/\/axiomtsp.com\/fr\/wp-json\/wp\/v2\/comments?post=4984"}],"wp:featuredmedia":[{"embeddable":true,"href":"https:\/\/axiomtsp.com\/fr\/wp-json\/wp\/v2\/media\/7899"}],"wp:attachment":[{"href":"https:\/\/axiomtsp.com\/fr\/wp-json\/wp\/v2\/media?parent=4984"}],"wp:term":[{"taxonomy":"product_brand","embeddable":true,"href":"https:\/\/axiomtsp.com\/fr\/wp-json\/wp\/v2\/product_brand?post=4984"},{"taxonomy":"product_cat","embeddable":true,"href":"https:\/\/axiomtsp.com\/fr\/wp-json\/wp\/v2\/product_cat?post=4984"},{"taxonomy":"product_tag","embeddable":true,"href":"https:\/\/axiomtsp.com\/fr\/wp-json\/wp\/v2\/product_tag?post=4984"}],"curies":[{"name":"wp","href":"https:\/\/api.w.org\/{rel}","templated":true}]}}