{"id":4982,"date":"2023-04-27T18:40:56","date_gmt":"2023-04-27T18:40:56","guid":{"rendered":"https:\/\/axiomtsp.com\/product\/armour-defender-guard-lite\/"},"modified":"2024-03-08T08:25:15","modified_gmt":"2024-03-08T08:25:15","slug":"armour-defender-guard-lite","status":"publish","type":"product","link":"https:\/\/axiomtsp.com\/fr\/produit\/armour-defender-guard-lite\/","title":{"rendered":"ARMOUR DEFENDER-GUARD LITE"},"content":{"rendered":"<p>Armour Defender-Guard Lite offre de nombreuses fonctionnalit\u00e9s appr\u00e9ci\u00e9es par nos clients dans la version r\u00e9guli\u00e8re de l\u2019Armour Defender-Guard, mais avec une \u00e9paisseur d\u2019environ la moiti\u00e9. Il s\u2019agit d\u2019une solution de protection de sol temporaire \u00e0 haute r\u00e9sistance, offrant une excellente adh\u00e9rence sous le pied, enti\u00e8rement imperm\u00e9able et se pose \u00e0 plat \u00e0 chaque fois sans se r\u00e9tracter, ce qui permet \u00e0 l\u2019utilisateur de le d\u00e9ployer rapidement et efficacement. Parfait pour les projets \u00e0 faible trafic, il offre une plus grande durabilit\u00e9 que les produits \u00e0 base de papier et peut \u00eatre r\u00e9utilis\u00e9, en en faisant un choix rentable pour votre prochain chantier !<\/p>\n<p>Defender-Guard Lite offre &#8211; PROTECTION CONTRE LES D\u00c9VERSEMENTS LIQUIDES &#8211; S\u2019ALLONGE \u00c0 PLAT RAPIDEMENT &#8211; R\u00c9UTILISABLE &#8211; R\u00c9SISTANTb AUX GLISSEMENTS Souvent utilis\u00e9 avec le produit <span style=\"text-decoration: underline;\"><strong><span style=\"color: #00af43;\"><a style=\"color: #00af43; text-decoration: underline;\" href=\"https:\/\/axiomtsp.com\/produit\/armour-tape\/?lang=fr\">Armour Tape.<\/a><\/span><\/strong><\/span><\/p>\n<p>&nbsp;<\/p>\n","protected":false},"excerpt":{"rendered":"<p>Armour Defender-Guard Lite offre de nombreuses fonctionnalit\u00e9s appr\u00e9ci\u00e9es par nos clients dans la version r\u00e9guli\u00e8re de l\u2019Armour Defender-Guard, mais avec une \u00e9paisseur d\u2019environ la moiti\u00e9. Il s\u2019agit d\u2019une solution de protection de sol temporaire \u00e0 haute r\u00e9sistance, offrant une excellente adh\u00e9rence sous le pied, enti\u00e8rement imperm\u00e9able et se pose \u00e0 plat \u00e0 chaque fois sans se r\u00e9tracter, ce qui permet \u00e0 l\u2019utilisateur de le d\u00e9ployer rapidement et efficacement. Parfait pour les projets \u00e0 faible trafic, il offre une plus grande durabilit\u00e9 que les produits \u00e0 base de papier et peut \u00eatre r\u00e9utilis\u00e9, en en faisant un choix rentable pour votre prochain chantier !<\/p>\n<p>Defender-Guard Lite offre &#8211; PROTECTION CONTRE LES D\u00c9VERSEMENTS LIQUIDES &#8211; S\u2019ALLONGE \u00c0 PLAT RAPIDEMENT &#8211; R\u00c9UTILISABLE &#8211; R\u00c9SISTANTb AUX GLISSEMENTS Souvent utilis\u00e9 avec le produit <a href=\"https:\/\/axiomtsp.com\/produit\/armour-tape\/?lang=fr\">Armour Tape.<\/a><\/p>\n<p>&nbsp;<\/p>\n","protected":false},"featured_media":7752,"comment_status":"closed","ping_status":"closed","template":"","meta":{"_acf_changed":false},"product_brand":[],"product_cat":[151],"product_tag":[],"class_list":{"0":"post-4982","1":"product","2":"type-product","3":"status-publish","4":"has-post-thumbnail","6":"product_cat-protection-de-plancher","8":"first","9":"instock","10":"taxable","11":"shipping-taxable","12":"purchasable","13":"product-type-variable"},"acf":[],"yoast_head":"<!-- This site is optimized with the Yoast SEO plugin v27.1.1 - https:\/\/yoast.com\/product\/yoast-seo-wordpress\/ -->\n<title>ARMOUR DEFENDER-GUARD LITE - Axiom | Temporary Surface Protection<\/title>\n<meta name=\"description\" content=\"Armour Defender-Guard Lite offers many of the same features that our customers love in the regular Armour Defender-Guard, but at approximately half the thickness. It is a high strength temporary floor protection solution with great grip under foot, fully waterproof, and it lays flat every time without recoiling, which allows the user to lay it down quickly and effectively. Perfect for projects with light traffic, it offers greater durability than paper-based products and can be re-used, making it a cost- effective choice for your next job! Defender-Guard Lite offers - HIGH TEAR RESISTANCE - ARMOUR SPILL PROTECTION - LAYS OUT FLAT AND FAST - RE-USABLE - SLIP RESISTANT. Often used in conjunction with Armour Tape.\" \/>\n<meta name=\"robots\" content=\"index, follow, max-snippet:-1, max-image-preview:large, max-video-preview:-1\" \/>\n<link rel=\"canonical\" href=\"https:\/\/axiomtsp.com\/fr\/produit\/armour-defender-guard-lite\/\" \/>\n<meta property=\"og:locale\" content=\"fr_FR\" \/>\n<meta property=\"og:type\" content=\"article\" \/>\n<meta property=\"og:title\" content=\"ARMOUR DEFENDER-GUARD LITE - Axiom | Temporary Surface Protection\" \/>\n<meta property=\"og:description\" content=\"Armour Defender-Guard Lite offers many of the same features that our customers love in the regular Armour Defender-Guard, but at approximately half the thickness. It is a high strength temporary floor protection solution with great grip under foot, fully waterproof, and it lays flat every time without recoiling, which allows the user to lay it down quickly and effectively. Perfect for projects with light traffic, it offers greater durability than paper-based products and can be re-used, making it a cost- effective choice for your next job! Defender-Guard Lite offers - HIGH TEAR RESISTANCE - ARMOUR SPILL PROTECTION - LAYS OUT FLAT AND FAST - RE-USABLE - SLIP RESISTANT. Often used in conjunction with Armour Tape.\" \/>\n<meta property=\"og:url\" content=\"https:\/\/axiomtsp.com\/fr\/produit\/armour-defender-guard-lite\/\" \/>\n<meta property=\"og:site_name\" content=\"Axiom | Temporary Surface Protection\" \/>\n<meta property=\"article:modified_time\" content=\"2024-03-08T08:25:15+00:00\" \/>\n<meta property=\"og:image\" content=\"https:\/\/axiomtsp.com\/wp-content\/uploads\/2023\/04\/Armour-Defender-Guard-Lite.jpg\" \/>\n\t<meta property=\"og:image:width\" content=\"720\" \/>\n\t<meta property=\"og:image:height\" content=\"720\" \/>\n\t<meta property=\"og:image:type\" content=\"image\/jpeg\" \/>\n<meta name=\"twitter:card\" content=\"summary_large_image\" \/>\n<meta name=\"twitter:label1\" content=\"Dur\u00e9e de lecture estim\u00e9e\" \/>\n\t<meta name=\"twitter:data1\" content=\"1 minute\" \/>\n<script type=\"application\/ld+json\" class=\"yoast-schema-graph\">{\"@context\":\"https:\/\/schema.org\",\"@graph\":[{\"@type\":\"WebPage\",\"@id\":\"https:\/\/axiomtsp.com\/fr\/produit\/armour-defender-guard-lite\/\",\"url\":\"https:\/\/axiomtsp.com\/fr\/produit\/armour-defender-guard-lite\/\",\"name\":\"ARMOUR DEFENDER-GUARD LITE - Axiom | Temporary Surface Protection\",\"isPartOf\":{\"@id\":\"https:\/\/axiomtsp.com\/fr\/#website\"},\"primaryImageOfPage\":{\"@id\":\"https:\/\/axiomtsp.com\/fr\/produit\/armour-defender-guard-lite\/#primaryimage\"},\"image\":{\"@id\":\"https:\/\/axiomtsp.com\/fr\/produit\/armour-defender-guard-lite\/#primaryimage\"},\"thumbnailUrl\":\"https:\/\/axiomtsp.com\/wp-cms\/wp-content\/uploads\/2023\/04\/Armour-Defender-Guard-Lite-1-scaled.jpg\",\"datePublished\":\"2023-04-27T18:40:56+00:00\",\"dateModified\":\"2024-03-08T08:25:15+00:00\",\"description\":\"Armour Defender-Guard Lite offers many of the same features that our customers love in the regular Armour Defender-Guard, but at approximately half the thickness. It is a high strength temporary floor protection solution with great grip under foot, fully waterproof, and it lays flat every time without recoiling, which allows the user to lay it down quickly and effectively. Perfect for projects with light traffic, it offers greater durability than paper-based products and can be re-used, making it a cost- effective choice for your next job! Defender-Guard Lite offers - HIGH TEAR RESISTANCE - ARMOUR SPILL PROTECTION - LAYS OUT FLAT AND FAST - RE-USABLE - SLIP RESISTANT. Often used in conjunction with Armour Tape.\",\"breadcrumb\":{\"@id\":\"https:\/\/axiomtsp.com\/fr\/produit\/armour-defender-guard-lite\/#breadcrumb\"},\"inLanguage\":\"fr-FR\",\"potentialAction\":[{\"@type\":\"ReadAction\",\"target\":[\"https:\/\/axiomtsp.com\/fr\/produit\/armour-defender-guard-lite\/\"]}]},{\"@type\":\"ImageObject\",\"inLanguage\":\"fr-FR\",\"@id\":\"https:\/\/axiomtsp.com\/fr\/produit\/armour-defender-guard-lite\/#primaryimage\",\"url\":\"https:\/\/axiomtsp.com\/wp-cms\/wp-content\/uploads\/2023\/04\/Armour-Defender-Guard-Lite-1-scaled.jpg\",\"contentUrl\":\"https:\/\/axiomtsp.com\/wp-cms\/wp-content\/uploads\/2023\/04\/Armour-Defender-Guard-Lite-1-scaled.jpg\",\"width\":2560,\"height\":2560},{\"@type\":\"BreadcrumbList\",\"@id\":\"https:\/\/axiomtsp.com\/fr\/produit\/armour-defender-guard-lite\/#breadcrumb\",\"itemListElement\":[{\"@type\":\"ListItem\",\"position\":1,\"name\":\"Home\",\"item\":\"https:\/\/axiomtsp.com\/fr\/\"},{\"@type\":\"ListItem\",\"position\":2,\"name\":\"Boutique\",\"item\":\"https:\/\/axiomtsp.com\/boutique\/?lang=fr\"},{\"@type\":\"ListItem\",\"position\":3,\"name\":\"ARMOUR DEFENDER-GUARD LITE\"}]},{\"@type\":\"WebSite\",\"@id\":\"https:\/\/axiomtsp.com\/fr\/#website\",\"url\":\"https:\/\/axiomtsp.com\/fr\/\",\"name\":\"Axiom | Temporary Surface Protection\",\"description\":\"We stock the largest range of Temporary Surface Protection products in Canada. We help you choose the best solution for your project to ensure that you save time and money, avoid disruption to your construction schedule, maximize profitability on your projects, and prevent damage to your reputation.\",\"potentialAction\":[{\"@type\":\"SearchAction\",\"target\":{\"@type\":\"EntryPoint\",\"urlTemplate\":\"https:\/\/axiomtsp.com\/fr\/?s={search_term_string}\"},\"query-input\":{\"@type\":\"PropertyValueSpecification\",\"valueRequired\":true,\"valueName\":\"search_term_string\"}}],\"inLanguage\":\"fr-FR\"}]}<\/script>\n<!-- \/ Yoast SEO plugin. -->","yoast_head_json":{"title":"ARMOUR DEFENDER-GUARD LITE - Axiom | Temporary Surface Protection","description":"Armour Defender-Guard Lite offers many of the same features that our customers love in the regular Armour Defender-Guard, but at approximately half the thickness. It is a high strength temporary floor protection solution with great grip under foot, fully waterproof, and it lays flat every time without recoiling, which allows the user to lay it down quickly and effectively. Perfect for projects with light traffic, it offers greater durability than paper-based products and can be re-used, making it a cost- effective choice for your next job! Defender-Guard Lite offers - HIGH TEAR RESISTANCE - ARMOUR SPILL PROTECTION - LAYS OUT FLAT AND FAST - RE-USABLE - SLIP RESISTANT. Often used in conjunction with Armour Tape.","robots":{"index":"index","follow":"follow","max-snippet":"max-snippet:-1","max-image-preview":"max-image-preview:large","max-video-preview":"max-video-preview:-1"},"canonical":"https:\/\/axiomtsp.com\/fr\/produit\/armour-defender-guard-lite\/","og_locale":"fr_FR","og_type":"article","og_title":"ARMOUR DEFENDER-GUARD LITE - Axiom | Temporary Surface Protection","og_description":"Armour Defender-Guard Lite offers many of the same features that our customers love in the regular Armour Defender-Guard, but at approximately half the thickness. It is a high strength temporary floor protection solution with great grip under foot, fully waterproof, and it lays flat every time without recoiling, which allows the user to lay it down quickly and effectively. Perfect for projects with light traffic, it offers greater durability than paper-based products and can be re-used, making it a cost- effective choice for your next job! Defender-Guard Lite offers - HIGH TEAR RESISTANCE - ARMOUR SPILL PROTECTION - LAYS OUT FLAT AND FAST - RE-USABLE - SLIP RESISTANT. Often used in conjunction with Armour Tape.","og_url":"https:\/\/axiomtsp.com\/fr\/produit\/armour-defender-guard-lite\/","og_site_name":"Axiom | Temporary Surface Protection","article_modified_time":"2024-03-08T08:25:15+00:00","og_image":[{"width":720,"height":720,"url":"https:\/\/axiomtsp.com\/wp-content\/uploads\/2023\/04\/Armour-Defender-Guard-Lite.jpg","type":"image\/jpeg"}],"twitter_card":"summary_large_image","twitter_misc":{"Dur\u00e9e de lecture estim\u00e9e":"1 minute"},"schema":{"@context":"https:\/\/schema.org","@graph":[{"@type":"WebPage","@id":"https:\/\/axiomtsp.com\/fr\/produit\/armour-defender-guard-lite\/","url":"https:\/\/axiomtsp.com\/fr\/produit\/armour-defender-guard-lite\/","name":"ARMOUR DEFENDER-GUARD LITE - Axiom | Temporary Surface Protection","isPartOf":{"@id":"https:\/\/axiomtsp.com\/fr\/#website"},"primaryImageOfPage":{"@id":"https:\/\/axiomtsp.com\/fr\/produit\/armour-defender-guard-lite\/#primaryimage"},"image":{"@id":"https:\/\/axiomtsp.com\/fr\/produit\/armour-defender-guard-lite\/#primaryimage"},"thumbnailUrl":"https:\/\/axiomtsp.com\/wp-cms\/wp-content\/uploads\/2023\/04\/Armour-Defender-Guard-Lite-1-scaled.jpg","datePublished":"2023-04-27T18:40:56+00:00","dateModified":"2024-03-08T08:25:15+00:00","description":"Armour Defender-Guard Lite offers many of the same features that our customers love in the regular Armour Defender-Guard, but at approximately half the thickness. It is a high strength temporary floor protection solution with great grip under foot, fully waterproof, and it lays flat every time without recoiling, which allows the user to lay it down quickly and effectively. Perfect for projects with light traffic, it offers greater durability than paper-based products and can be re-used, making it a cost- effective choice for your next job! Defender-Guard Lite offers - HIGH TEAR RESISTANCE - ARMOUR SPILL PROTECTION - LAYS OUT FLAT AND FAST - RE-USABLE - SLIP RESISTANT. Often used in conjunction with Armour Tape.","breadcrumb":{"@id":"https:\/\/axiomtsp.com\/fr\/produit\/armour-defender-guard-lite\/#breadcrumb"},"inLanguage":"fr-FR","potentialAction":[{"@type":"ReadAction","target":["https:\/\/axiomtsp.com\/fr\/produit\/armour-defender-guard-lite\/"]}]},{"@type":"ImageObject","inLanguage":"fr-FR","@id":"https:\/\/axiomtsp.com\/fr\/produit\/armour-defender-guard-lite\/#primaryimage","url":"https:\/\/axiomtsp.com\/wp-cms\/wp-content\/uploads\/2023\/04\/Armour-Defender-Guard-Lite-1-scaled.jpg","contentUrl":"https:\/\/axiomtsp.com\/wp-cms\/wp-content\/uploads\/2023\/04\/Armour-Defender-Guard-Lite-1-scaled.jpg","width":2560,"height":2560},{"@type":"BreadcrumbList","@id":"https:\/\/axiomtsp.com\/fr\/produit\/armour-defender-guard-lite\/#breadcrumb","itemListElement":[{"@type":"ListItem","position":1,"name":"Home","item":"https:\/\/axiomtsp.com\/fr\/"},{"@type":"ListItem","position":2,"name":"Boutique","item":"https:\/\/axiomtsp.com\/boutique\/?lang=fr"},{"@type":"ListItem","position":3,"name":"ARMOUR DEFENDER-GUARD LITE"}]},{"@type":"WebSite","@id":"https:\/\/axiomtsp.com\/fr\/#website","url":"https:\/\/axiomtsp.com\/fr\/","name":"Axiom | Temporary Surface Protection","description":"We stock the largest range of Temporary Surface Protection products in Canada. We help you choose the best solution for your project to ensure that you save time and money, avoid disruption to your construction schedule, maximize profitability on your projects, and prevent damage to your reputation.","potentialAction":[{"@type":"SearchAction","target":{"@type":"EntryPoint","urlTemplate":"https:\/\/axiomtsp.com\/fr\/?s={search_term_string}"},"query-input":{"@type":"PropertyValueSpecification","valueRequired":true,"valueName":"search_term_string"}}],"inLanguage":"fr-FR"}]}},"_links":{"self":[{"href":"https:\/\/axiomtsp.com\/fr\/wp-json\/wp\/v2\/product\/4982","targetHints":{"allow":["GET"]}}],"collection":[{"href":"https:\/\/axiomtsp.com\/fr\/wp-json\/wp\/v2\/product"}],"about":[{"href":"https:\/\/axiomtsp.com\/fr\/wp-json\/wp\/v2\/types\/product"}],"replies":[{"embeddable":true,"href":"https:\/\/axiomtsp.com\/fr\/wp-json\/wp\/v2\/comments?post=4982"}],"wp:featuredmedia":[{"embeddable":true,"href":"https:\/\/axiomtsp.com\/fr\/wp-json\/wp\/v2\/media\/7752"}],"wp:attachment":[{"href":"https:\/\/axiomtsp.com\/fr\/wp-json\/wp\/v2\/media?parent=4982"}],"wp:term":[{"taxonomy":"product_brand","embeddable":true,"href":"https:\/\/axiomtsp.com\/fr\/wp-json\/wp\/v2\/product_brand?post=4982"},{"taxonomy":"product_cat","embeddable":true,"href":"https:\/\/axiomtsp.com\/fr\/wp-json\/wp\/v2\/product_cat?post=4982"},{"taxonomy":"product_tag","embeddable":true,"href":"https:\/\/axiomtsp.com\/fr\/wp-json\/wp\/v2\/product_tag?post=4982"}],"curies":[{"name":"wp","href":"https:\/\/api.w.org\/{rel}","templated":true}]}}