{"id":4980,"date":"2023-05-03T21:37:23","date_gmt":"2023-05-03T21:37:23","guid":{"rendered":"https:\/\/axiomtsp.com\/product\/poly-sheeting-roll-fr-white\/"},"modified":"2024-03-13T13:51:45","modified_gmt":"2024-03-13T13:51:45","slug":"poly-sheeting-roll-fr-white","status":"publish","type":"product","link":"https:\/\/axiomtsp.com\/fr\/produit\/poly-sheeting-roll-fr-white\/","title":{"rendered":"POLY SHEETING ROLL &#8211; FR (WHITE)"},"content":{"rendered":"<p>Les rouleaux de poly\u00e9thyl\u00e8ne ignifuge (FR) r\u00e9ussissent le test NFPA 701, test 1, et sont utilis\u00e9s dans de nombreuses applications dans la construction, telles que la cl\u00f4ture temporaire, l\u2019enclos de structures, la lutte contre la poussi\u00e8re, la restauration et le d\u00e9samiantage, entre autres.<\/p>\n","protected":false},"excerpt":{"rendered":"<p>Les rouleaux de poly\u00e9thyl\u00e8ne ignifuge (FR) r\u00e9ussissent le test NFPA 701, test 1, et sont utilis\u00e9s dans de nombreuses applications dans la construction, telles que la cl\u00f4ture temporaire, l\u2019enclos de structures, la lutte contre la poussi\u00e8re, la restauration et le d\u00e9samiantage, entre autres.<\/p>\n","protected":false},"featured_media":8203,"comment_status":"closed","ping_status":"closed","template":"","meta":{"_acf_changed":false},"product_brand":[],"product_cat":[149],"product_tag":[],"class_list":{"0":"post-4980","1":"product","2":"type-product","3":"status-publish","4":"has-post-thumbnail","6":"product_cat-controle-de-la-poussiere","8":"first","9":"instock","10":"taxable","11":"shipping-taxable","12":"purchasable","13":"product-type-variable"},"acf":[],"yoast_head":"<!-- This site is optimized with the Yoast SEO plugin v27.1.1 - https:\/\/yoast.com\/product\/yoast-seo-wordpress\/ -->\n<title>POLY SHEETING ROLL - FR (WHITE) - Axiom | Temporary Surface Protection<\/title>\n<meta name=\"description\" content=\"The FR poly sheeting rolls passent le test NFPA 701, partie 1, et sont utilis\u00e9s dans de nombreuses applications de construction.\" \/>\n<meta name=\"robots\" content=\"index, follow, max-snippet:-1, max-image-preview:large, max-video-preview:-1\" \/>\n<link rel=\"canonical\" href=\"https:\/\/axiomtsp.com\/fr\/produit\/poly-sheeting-roll-fr-white\/\" \/>\n<meta property=\"og:locale\" content=\"fr_FR\" \/>\n<meta property=\"og:type\" content=\"article\" \/>\n<meta property=\"og:title\" content=\"POLY SHEETING ROLL - FR (WHITE) - Axiom | Temporary Surface Protection\" \/>\n<meta property=\"og:description\" content=\"The FR poly sheeting rolls passent le test NFPA 701, partie 1, et sont utilis\u00e9s dans de nombreuses applications de construction.\" \/>\n<meta property=\"og:url\" content=\"https:\/\/axiomtsp.com\/fr\/produit\/poly-sheeting-roll-fr-white\/\" \/>\n<meta property=\"og:site_name\" content=\"Axiom | Temporary Surface Protection\" \/>\n<meta property=\"article:modified_time\" content=\"2024-03-13T13:51:45+00:00\" \/>\n<meta property=\"og:image\" content=\"https:\/\/axiomtsp.com\/wp-cms\/wp-content\/uploads\/2023\/05\/Poly-Sheeting-Roll-FR-White-scaled.jpg\" \/>\n\t<meta property=\"og:image:width\" content=\"2560\" \/>\n\t<meta property=\"og:image:height\" content=\"2560\" \/>\n\t<meta property=\"og:image:type\" content=\"image\/jpeg\" \/>\n<meta name=\"twitter:card\" content=\"summary_large_image\" \/>\n<meta name=\"twitter:label1\" content=\"Dur\u00e9e de lecture estim\u00e9e\" \/>\n\t<meta name=\"twitter:data1\" content=\"1 minute\" \/>\n<script type=\"application\/ld+json\" class=\"yoast-schema-graph\">{\"@context\":\"https:\/\/schema.org\",\"@graph\":[{\"@type\":\"WebPage\",\"@id\":\"https:\/\/axiomtsp.com\/fr\/produit\/poly-sheeting-roll-fr-white\/\",\"url\":\"https:\/\/axiomtsp.com\/fr\/produit\/poly-sheeting-roll-fr-white\/\",\"name\":\"POLY SHEETING ROLL - FR (WHITE) - Axiom | Temporary Surface Protection\",\"isPartOf\":{\"@id\":\"https:\/\/axiomtsp.com\/fr\/#website\"},\"primaryImageOfPage\":{\"@id\":\"https:\/\/axiomtsp.com\/fr\/produit\/poly-sheeting-roll-fr-white\/#primaryimage\"},\"image\":{\"@id\":\"https:\/\/axiomtsp.com\/fr\/produit\/poly-sheeting-roll-fr-white\/#primaryimage\"},\"thumbnailUrl\":\"https:\/\/axiomtsp.com\/wp-cms\/wp-content\/uploads\/2023\/05\/Poly-Sheeting-Roll-FR-White-scaled.jpg\",\"datePublished\":\"2023-05-03T21:37:23+00:00\",\"dateModified\":\"2024-03-13T13:51:45+00:00\",\"description\":\"The FR poly sheeting rolls passent le test NFPA 701, partie 1, et sont utilis\u00e9s dans de nombreuses applications de construction.\",\"breadcrumb\":{\"@id\":\"https:\/\/axiomtsp.com\/fr\/produit\/poly-sheeting-roll-fr-white\/#breadcrumb\"},\"inLanguage\":\"fr-FR\",\"potentialAction\":[{\"@type\":\"ReadAction\",\"target\":[\"https:\/\/axiomtsp.com\/fr\/produit\/poly-sheeting-roll-fr-white\/\"]}]},{\"@type\":\"ImageObject\",\"inLanguage\":\"fr-FR\",\"@id\":\"https:\/\/axiomtsp.com\/fr\/produit\/poly-sheeting-roll-fr-white\/#primaryimage\",\"url\":\"https:\/\/axiomtsp.com\/wp-cms\/wp-content\/uploads\/2023\/05\/Poly-Sheeting-Roll-FR-White-scaled.jpg\",\"contentUrl\":\"https:\/\/axiomtsp.com\/wp-cms\/wp-content\/uploads\/2023\/05\/Poly-Sheeting-Roll-FR-White-scaled.jpg\",\"width\":2560,\"height\":2560},{\"@type\":\"BreadcrumbList\",\"@id\":\"https:\/\/axiomtsp.com\/fr\/produit\/poly-sheeting-roll-fr-white\/#breadcrumb\",\"itemListElement\":[{\"@type\":\"ListItem\",\"position\":1,\"name\":\"Home\",\"item\":\"https:\/\/axiomtsp.com\/fr\/\"},{\"@type\":\"ListItem\",\"position\":2,\"name\":\"Boutique\",\"item\":\"https:\/\/axiomtsp.com\/boutique\/?lang=fr\"},{\"@type\":\"ListItem\",\"position\":3,\"name\":\"POLY SHEETING ROLL &#8211; FR (WHITE)\"}]},{\"@type\":\"WebSite\",\"@id\":\"https:\/\/axiomtsp.com\/fr\/#website\",\"url\":\"https:\/\/axiomtsp.com\/fr\/\",\"name\":\"Axiom | Temporary Surface Protection\",\"description\":\"We stock the largest range of Temporary Surface Protection products in Canada. We help you choose the best solution for your project to ensure that you save time and money, avoid disruption to your construction schedule, maximize profitability on your projects, and prevent damage to your reputation.\",\"potentialAction\":[{\"@type\":\"SearchAction\",\"target\":{\"@type\":\"EntryPoint\",\"urlTemplate\":\"https:\/\/axiomtsp.com\/fr\/?s={search_term_string}\"},\"query-input\":{\"@type\":\"PropertyValueSpecification\",\"valueRequired\":true,\"valueName\":\"search_term_string\"}}],\"inLanguage\":\"fr-FR\"}]}<\/script>\n<!-- \/ Yoast SEO plugin. -->","yoast_head_json":{"title":"POLY SHEETING ROLL - FR (WHITE) - Axiom | Temporary Surface Protection","description":"The FR poly sheeting rolls passent le test NFPA 701, partie 1, et sont utilis\u00e9s dans de nombreuses applications de construction.","robots":{"index":"index","follow":"follow","max-snippet":"max-snippet:-1","max-image-preview":"max-image-preview:large","max-video-preview":"max-video-preview:-1"},"canonical":"https:\/\/axiomtsp.com\/fr\/produit\/poly-sheeting-roll-fr-white\/","og_locale":"fr_FR","og_type":"article","og_title":"POLY SHEETING ROLL - FR (WHITE) - Axiom | Temporary Surface Protection","og_description":"The FR poly sheeting rolls passent le test NFPA 701, partie 1, et sont utilis\u00e9s dans de nombreuses applications de construction.","og_url":"https:\/\/axiomtsp.com\/fr\/produit\/poly-sheeting-roll-fr-white\/","og_site_name":"Axiom | Temporary Surface Protection","article_modified_time":"2024-03-13T13:51:45+00:00","og_image":[{"width":2560,"height":2560,"url":"https:\/\/axiomtsp.com\/wp-cms\/wp-content\/uploads\/2023\/05\/Poly-Sheeting-Roll-FR-White-scaled.jpg","type":"image\/jpeg"}],"twitter_card":"summary_large_image","twitter_misc":{"Dur\u00e9e de lecture estim\u00e9e":"1 minute"},"schema":{"@context":"https:\/\/schema.org","@graph":[{"@type":"WebPage","@id":"https:\/\/axiomtsp.com\/fr\/produit\/poly-sheeting-roll-fr-white\/","url":"https:\/\/axiomtsp.com\/fr\/produit\/poly-sheeting-roll-fr-white\/","name":"POLY SHEETING ROLL - FR (WHITE) - Axiom | Temporary Surface Protection","isPartOf":{"@id":"https:\/\/axiomtsp.com\/fr\/#website"},"primaryImageOfPage":{"@id":"https:\/\/axiomtsp.com\/fr\/produit\/poly-sheeting-roll-fr-white\/#primaryimage"},"image":{"@id":"https:\/\/axiomtsp.com\/fr\/produit\/poly-sheeting-roll-fr-white\/#primaryimage"},"thumbnailUrl":"https:\/\/axiomtsp.com\/wp-cms\/wp-content\/uploads\/2023\/05\/Poly-Sheeting-Roll-FR-White-scaled.jpg","datePublished":"2023-05-03T21:37:23+00:00","dateModified":"2024-03-13T13:51:45+00:00","description":"The FR poly sheeting rolls passent le test NFPA 701, partie 1, et sont utilis\u00e9s dans de nombreuses applications de construction.","breadcrumb":{"@id":"https:\/\/axiomtsp.com\/fr\/produit\/poly-sheeting-roll-fr-white\/#breadcrumb"},"inLanguage":"fr-FR","potentialAction":[{"@type":"ReadAction","target":["https:\/\/axiomtsp.com\/fr\/produit\/poly-sheeting-roll-fr-white\/"]}]},{"@type":"ImageObject","inLanguage":"fr-FR","@id":"https:\/\/axiomtsp.com\/fr\/produit\/poly-sheeting-roll-fr-white\/#primaryimage","url":"https:\/\/axiomtsp.com\/wp-cms\/wp-content\/uploads\/2023\/05\/Poly-Sheeting-Roll-FR-White-scaled.jpg","contentUrl":"https:\/\/axiomtsp.com\/wp-cms\/wp-content\/uploads\/2023\/05\/Poly-Sheeting-Roll-FR-White-scaled.jpg","width":2560,"height":2560},{"@type":"BreadcrumbList","@id":"https:\/\/axiomtsp.com\/fr\/produit\/poly-sheeting-roll-fr-white\/#breadcrumb","itemListElement":[{"@type":"ListItem","position":1,"name":"Home","item":"https:\/\/axiomtsp.com\/fr\/"},{"@type":"ListItem","position":2,"name":"Boutique","item":"https:\/\/axiomtsp.com\/boutique\/?lang=fr"},{"@type":"ListItem","position":3,"name":"POLY SHEETING ROLL &#8211; FR (WHITE)"}]},{"@type":"WebSite","@id":"https:\/\/axiomtsp.com\/fr\/#website","url":"https:\/\/axiomtsp.com\/fr\/","name":"Axiom | Temporary Surface Protection","description":"We stock the largest range of Temporary Surface Protection products in Canada. We help you choose the best solution for your project to ensure that you save time and money, avoid disruption to your construction schedule, maximize profitability on your projects, and prevent damage to your reputation.","potentialAction":[{"@type":"SearchAction","target":{"@type":"EntryPoint","urlTemplate":"https:\/\/axiomtsp.com\/fr\/?s={search_term_string}"},"query-input":{"@type":"PropertyValueSpecification","valueRequired":true,"valueName":"search_term_string"}}],"inLanguage":"fr-FR"}]}},"_links":{"self":[{"href":"https:\/\/axiomtsp.com\/fr\/wp-json\/wp\/v2\/product\/4980","targetHints":{"allow":["GET"]}}],"collection":[{"href":"https:\/\/axiomtsp.com\/fr\/wp-json\/wp\/v2\/product"}],"about":[{"href":"https:\/\/axiomtsp.com\/fr\/wp-json\/wp\/v2\/types\/product"}],"replies":[{"embeddable":true,"href":"https:\/\/axiomtsp.com\/fr\/wp-json\/wp\/v2\/comments?post=4980"}],"wp:featuredmedia":[{"embeddable":true,"href":"https:\/\/axiomtsp.com\/fr\/wp-json\/wp\/v2\/media\/8203"}],"wp:attachment":[{"href":"https:\/\/axiomtsp.com\/fr\/wp-json\/wp\/v2\/media?parent=4980"}],"wp:term":[{"taxonomy":"product_brand","embeddable":true,"href":"https:\/\/axiomtsp.com\/fr\/wp-json\/wp\/v2\/product_brand?post=4980"},{"taxonomy":"product_cat","embeddable":true,"href":"https:\/\/axiomtsp.com\/fr\/wp-json\/wp\/v2\/product_cat?post=4980"},{"taxonomy":"product_tag","embeddable":true,"href":"https:\/\/axiomtsp.com\/fr\/wp-json\/wp\/v2\/product_tag?post=4980"}],"curies":[{"name":"wp","href":"https:\/\/api.w.org\/{rel}","templated":true}]}}