{"id":4942,"date":"2022-05-17T12:00:49","date_gmt":"2022-05-17T12:00:49","guid":{"rendered":"https:\/\/axiomtsp.com\/insights\/"},"modified":"2024-03-06T13:12:54","modified_gmt":"2024-03-06T13:12:54","slug":"notre-bulletin","status":"publish","type":"page","link":"https:\/\/axiomtsp.com\/fr\/notre-bulletin\/","title":{"rendered":"Actualit\u00e9s et Analyses de L&rsquo;Industrie"},"content":{"rendered":"<h2 class=\"wp-block-heading\">Inscrivez-Vous \u00e0 Notre Bulletin D&rsquo;Information<\/h2><h3 class=\"wp-block-heading\">Pour acc\u00e9der aux derni\u00e8res nouvelles sur les produits, aux conseils et aux offres, inscrivez-vous d&rsquo;abord \u00e0 la newsletter par e-mail d&rsquo;Axiom. <\/h3><div style=\"height:20px\" aria-hidden=\"true\" class=\"wp-block-spacer\"><\/div><p>Nous enverrons uniquement des informations rapides que nous savons que vous trouverez utiles.<\/p>","protected":false},"excerpt":{"rendered":"<p>Inscrivez-Vous \u00e0 Notre Bulletin D&rsquo;Information Pour acc\u00e9der aux derni\u00e8res nouvelles sur les produits, aux conseils et aux offres, inscrivez-vous d&rsquo;abord \u00e0 la newsletter par e-mail d&rsquo;Axiom. Nous enverrons uniquement des informations rapides que nous savons que vous trouverez utiles.<\/p>\n","protected":false},"author":1,"featured_media":3771,"parent":0,"menu_order":3,"comment_status":"closed","ping_status":"closed","template":"page-form.php","meta":{"_acf_changed":false,"footnotes":""},"class_list":["post-4942","page","type-page","status-publish","has-post-thumbnail","hentry"],"acf":[],"yoast_head":"<!-- This site is optimized with the Yoast SEO plugin v27.1.1 - https:\/\/yoast.com\/product\/yoast-seo-wordpress\/ -->\n<title>Actualit\u00e9s et Analyses de L&#039;Industrie - Axiom | Temporary Surface Protection<\/title>\n<meta name=\"description\" content=\"Restez inform\u00e9 avec la newsletter d&#039;Axiom : les derni\u00e8res mises \u00e0 jour produits, les analyses de l&#039;industrie et les offres exclusives.\" \/>\n<meta name=\"robots\" content=\"index, follow, max-snippet:-1, max-image-preview:large, max-video-preview:-1\" \/>\n<link rel=\"canonical\" href=\"https:\/\/axiomtsp.com\/fr\/notre-bulletin\/\" \/>\n<meta property=\"og:locale\" content=\"fr_FR\" \/>\n<meta property=\"og:type\" content=\"article\" \/>\n<meta property=\"og:title\" content=\"Actualit\u00e9s et Analyses de L&#039;Industrie - Axiom | Temporary Surface Protection\" \/>\n<meta property=\"og:description\" content=\"Restez inform\u00e9 avec la newsletter d&#039;Axiom : les derni\u00e8res mises \u00e0 jour produits, les analyses de l&#039;industrie et les offres exclusives.\" \/>\n<meta property=\"og:url\" content=\"https:\/\/axiomtsp.com\/fr\/notre-bulletin\/\" \/>\n<meta property=\"og:site_name\" content=\"Axiom | Temporary Surface Protection\" \/>\n<meta property=\"article:modified_time\" content=\"2024-03-06T13:12:54+00:00\" \/>\n<meta property=\"og:image\" content=\"https:\/\/axiomtsp.com\/wp-content\/uploads\/2022\/05\/delivery-information.jpg\" \/>\n\t<meta property=\"og:image:width\" content=\"1920\" \/>\n\t<meta property=\"og:image:height\" content=\"305\" \/>\n\t<meta property=\"og:image:type\" content=\"image\/jpeg\" \/>\n<meta name=\"twitter:card\" content=\"summary_large_image\" \/>\n<meta name=\"twitter:label1\" content=\"Dur\u00e9e de lecture estim\u00e9e\" \/>\n\t<meta name=\"twitter:data1\" content=\"1 minute\" \/>\n<script type=\"application\/ld+json\" class=\"yoast-schema-graph\">{\"@context\":\"https:\/\/schema.org\",\"@graph\":[{\"@type\":\"WebPage\",\"@id\":\"https:\/\/axiomtsp.com\/fr\/notre-bulletin\/\",\"url\":\"https:\/\/axiomtsp.com\/fr\/notre-bulletin\/\",\"name\":\"Actualit\u00e9s et Analyses de L'Industrie - Axiom | Temporary Surface Protection\",\"isPartOf\":{\"@id\":\"https:\/\/axiomtsp.com\/fr\/#website\"},\"primaryImageOfPage\":{\"@id\":\"https:\/\/axiomtsp.com\/fr\/notre-bulletin\/#primaryimage\"},\"image\":{\"@id\":\"https:\/\/axiomtsp.com\/fr\/notre-bulletin\/#primaryimage\"},\"thumbnailUrl\":\"https:\/\/axiomtsp.com\/wp-cms\/wp-content\/uploads\/2022\/05\/delivery-information.jpg\",\"datePublished\":\"2022-05-17T12:00:49+00:00\",\"dateModified\":\"2024-03-06T13:12:54+00:00\",\"description\":\"Restez inform\u00e9 avec la newsletter d'Axiom : les derni\u00e8res mises \u00e0 jour produits, les analyses de l'industrie et les offres exclusives.\",\"breadcrumb\":{\"@id\":\"https:\/\/axiomtsp.com\/fr\/notre-bulletin\/#breadcrumb\"},\"inLanguage\":\"fr-FR\",\"potentialAction\":[{\"@type\":\"ReadAction\",\"target\":[\"https:\/\/axiomtsp.com\/fr\/notre-bulletin\/\"]}]},{\"@type\":\"ImageObject\",\"inLanguage\":\"fr-FR\",\"@id\":\"https:\/\/axiomtsp.com\/fr\/notre-bulletin\/#primaryimage\",\"url\":\"https:\/\/axiomtsp.com\/wp-cms\/wp-content\/uploads\/2022\/05\/delivery-information.jpg\",\"contentUrl\":\"https:\/\/axiomtsp.com\/wp-cms\/wp-content\/uploads\/2022\/05\/delivery-information.jpg\",\"width\":1920,\"height\":305},{\"@type\":\"BreadcrumbList\",\"@id\":\"https:\/\/axiomtsp.com\/fr\/notre-bulletin\/#breadcrumb\",\"itemListElement\":[{\"@type\":\"ListItem\",\"position\":1,\"name\":\"Home\",\"item\":\"https:\/\/axiomtsp.com\/fr\/\"},{\"@type\":\"ListItem\",\"position\":2,\"name\":\"Actualit\u00e9s et Analyses de L&#8217;Industrie\"}]},{\"@type\":\"WebSite\",\"@id\":\"https:\/\/axiomtsp.com\/fr\/#website\",\"url\":\"https:\/\/axiomtsp.com\/fr\/\",\"name\":\"Axiom | Temporary Surface Protection\",\"description\":\"We stock the largest range of Temporary Surface Protection products in Canada. We help you choose the best solution for your project to ensure that you save time and money, avoid disruption to your construction schedule, maximize profitability on your projects, and prevent damage to your reputation.\",\"potentialAction\":[{\"@type\":\"SearchAction\",\"target\":{\"@type\":\"EntryPoint\",\"urlTemplate\":\"https:\/\/axiomtsp.com\/fr\/?s={search_term_string}\"},\"query-input\":{\"@type\":\"PropertyValueSpecification\",\"valueRequired\":true,\"valueName\":\"search_term_string\"}}],\"inLanguage\":\"fr-FR\"}]}<\/script>\n<!-- \/ Yoast SEO plugin. -->","yoast_head_json":{"title":"Actualit\u00e9s et Analyses de L'Industrie - Axiom | Temporary Surface Protection","description":"Restez inform\u00e9 avec la newsletter d'Axiom : les derni\u00e8res mises \u00e0 jour produits, les analyses de l'industrie et les offres exclusives.","robots":{"index":"index","follow":"follow","max-snippet":"max-snippet:-1","max-image-preview":"max-image-preview:large","max-video-preview":"max-video-preview:-1"},"canonical":"https:\/\/axiomtsp.com\/fr\/notre-bulletin\/","og_locale":"fr_FR","og_type":"article","og_title":"Actualit\u00e9s et Analyses de L'Industrie - Axiom | Temporary Surface Protection","og_description":"Restez inform\u00e9 avec la newsletter d'Axiom : les derni\u00e8res mises \u00e0 jour produits, les analyses de l'industrie et les offres exclusives.","og_url":"https:\/\/axiomtsp.com\/fr\/notre-bulletin\/","og_site_name":"Axiom | Temporary Surface Protection","article_modified_time":"2024-03-06T13:12:54+00:00","og_image":[{"width":1920,"height":305,"url":"https:\/\/axiomtsp.com\/wp-content\/uploads\/2022\/05\/delivery-information.jpg","type":"image\/jpeg"}],"twitter_card":"summary_large_image","twitter_misc":{"Dur\u00e9e de lecture estim\u00e9e":"1 minute"},"schema":{"@context":"https:\/\/schema.org","@graph":[{"@type":"WebPage","@id":"https:\/\/axiomtsp.com\/fr\/notre-bulletin\/","url":"https:\/\/axiomtsp.com\/fr\/notre-bulletin\/","name":"Actualit\u00e9s et Analyses de L'Industrie - Axiom | Temporary Surface Protection","isPartOf":{"@id":"https:\/\/axiomtsp.com\/fr\/#website"},"primaryImageOfPage":{"@id":"https:\/\/axiomtsp.com\/fr\/notre-bulletin\/#primaryimage"},"image":{"@id":"https:\/\/axiomtsp.com\/fr\/notre-bulletin\/#primaryimage"},"thumbnailUrl":"https:\/\/axiomtsp.com\/wp-cms\/wp-content\/uploads\/2022\/05\/delivery-information.jpg","datePublished":"2022-05-17T12:00:49+00:00","dateModified":"2024-03-06T13:12:54+00:00","description":"Restez inform\u00e9 avec la newsletter d'Axiom : les derni\u00e8res mises \u00e0 jour produits, les analyses de l'industrie et les offres exclusives.","breadcrumb":{"@id":"https:\/\/axiomtsp.com\/fr\/notre-bulletin\/#breadcrumb"},"inLanguage":"fr-FR","potentialAction":[{"@type":"ReadAction","target":["https:\/\/axiomtsp.com\/fr\/notre-bulletin\/"]}]},{"@type":"ImageObject","inLanguage":"fr-FR","@id":"https:\/\/axiomtsp.com\/fr\/notre-bulletin\/#primaryimage","url":"https:\/\/axiomtsp.com\/wp-cms\/wp-content\/uploads\/2022\/05\/delivery-information.jpg","contentUrl":"https:\/\/axiomtsp.com\/wp-cms\/wp-content\/uploads\/2022\/05\/delivery-information.jpg","width":1920,"height":305},{"@type":"BreadcrumbList","@id":"https:\/\/axiomtsp.com\/fr\/notre-bulletin\/#breadcrumb","itemListElement":[{"@type":"ListItem","position":1,"name":"Home","item":"https:\/\/axiomtsp.com\/fr\/"},{"@type":"ListItem","position":2,"name":"Actualit\u00e9s et Analyses de L&#8217;Industrie"}]},{"@type":"WebSite","@id":"https:\/\/axiomtsp.com\/fr\/#website","url":"https:\/\/axiomtsp.com\/fr\/","name":"Axiom | Temporary Surface Protection","description":"We stock the largest range of Temporary Surface Protection products in Canada. We help you choose the best solution for your project to ensure that you save time and money, avoid disruption to your construction schedule, maximize profitability on your projects, and prevent damage to your reputation.","potentialAction":[{"@type":"SearchAction","target":{"@type":"EntryPoint","urlTemplate":"https:\/\/axiomtsp.com\/fr\/?s={search_term_string}"},"query-input":{"@type":"PropertyValueSpecification","valueRequired":true,"valueName":"search_term_string"}}],"inLanguage":"fr-FR"}]}},"_links":{"self":[{"href":"https:\/\/axiomtsp.com\/fr\/wp-json\/wp\/v2\/pages\/4942","targetHints":{"allow":["GET"]}}],"collection":[{"href":"https:\/\/axiomtsp.com\/fr\/wp-json\/wp\/v2\/pages"}],"about":[{"href":"https:\/\/axiomtsp.com\/fr\/wp-json\/wp\/v2\/types\/page"}],"author":[{"embeddable":true,"href":"https:\/\/axiomtsp.com\/fr\/wp-json\/wp\/v2\/users\/1"}],"replies":[{"embeddable":true,"href":"https:\/\/axiomtsp.com\/fr\/wp-json\/wp\/v2\/comments?post=4942"}],"version-history":[{"count":4,"href":"https:\/\/axiomtsp.com\/fr\/wp-json\/wp\/v2\/pages\/4942\/revisions"}],"predecessor-version":[{"id":4947,"href":"https:\/\/axiomtsp.com\/fr\/wp-json\/wp\/v2\/pages\/4942\/revisions\/4947"}],"wp:featuredmedia":[{"embeddable":true,"href":"https:\/\/axiomtsp.com\/fr\/wp-json\/wp\/v2\/media\/3771"}],"wp:attachment":[{"href":"https:\/\/axiomtsp.com\/fr\/wp-json\/wp\/v2\/media?parent=4942"}],"curies":[{"name":"wp","href":"https:\/\/api.w.org\/{rel}","templated":true}]}}