{"id":4939,"date":"2022-05-16T21:59:27","date_gmt":"2022-05-16T21:59:27","guid":{"rendered":"https:\/\/axiomtsp.com\/returns-policy\/"},"modified":"2024-03-06T13:20:21","modified_gmt":"2024-03-06T13:20:21","slug":"retours","status":"publish","type":"page","link":"https:\/\/axiomtsp.com\/fr\/retours\/","title":{"rendered":"Retours"},"content":{"rendered":"<p>Notre politique de retours est valable pendant 30 jours \u00e0 partir de la date d&rsquo;achat. Si 30 jours se sont \u00e9coul\u00e9s depuis votre achat, nous ne pouvons pas vous offrir de remboursement ou d&rsquo;\u00e9change. Pour \u00eatre \u00e9ligible \u00e0 un retour, votre article doit \u00eatre inutilis\u00e9 et dans le m\u00eame \u00e9tat que vous l&rsquo;avez re\u00e7u. Il doit \u00e9galement \u00eatre dans son emballage d&rsquo;origine. Pour finaliser votre retour, nous pouvons demander un re\u00e7u ou une preuve d&rsquo;achat. Veuillez ne pas renvoyer votre achat au fabricant.<\/p><h2 class=\"wp-block-heading\">Remboursements<\/h2><p>Une fois votre retour re\u00e7u et inspect\u00e9, nous vous enverrons un e-mail pour vous informer que nous avons bien re\u00e7u votre article retourn\u00e9. Nous vous informerons \u00e9galement de l&rsquo;approbation ou du rejet de votre remboursement. Si vous \u00eates approuv\u00e9, alors votre remboursement sera trait\u00e9 et un cr\u00e9dit sera automatiquement appliqu\u00e9 \u00e0 votre carte de cr\u00e9dit ou \u00e0 votre mode de paiement d&rsquo;origine, dans un d\u00e9lai de 5 jours ouvrables.<\/p><h2 class=\"wp-block-heading\">Frais de Restockage<\/h2><p>Si un remboursement est approuv\u00e9, des frais de restockage de 20 % peuvent s&rsquo;appliquer.<\/p><h2 class=\"wp-block-heading\">Articles en Solde<\/h2><p>Seuls les articles \u00e0 prix r\u00e9gulier peuvent \u00eatre rembours\u00e9s, malheureusement les articles en solde ne peuvent pas \u00eatre rembours\u00e9s.<\/p><h2 class=\"wp-block-heading\">\u00c9changes<\/h2><p>Nous rempla\u00e7ons uniquement les articles s&rsquo;ils sont d\u00e9fectueux ou endommag\u00e9s. Si vous devez \u00e9changer un article pour le m\u00eame, envoyez-nous un e-mail \u00e0 s<a href=\"mailto:sales@axiomsp.ca\">sales@axiomtsp.com<\/a> et envoyez votre article \u00e0 : 125-5305 McCall Way NE, Calgary, AB T2E 7N7, Canada.<\/p><h2 class=\"wp-block-heading\">Exp\u00e9dition<\/h2><p>Pour retourner votre produit, veuillez nous contacter et attendre une autorisation de retour avant de retourner le produit. Vous devrez payer vos propres frais d&rsquo;exp\u00e9dition pour retourner votre article. Les frais d&rsquo;exp\u00e9dition ne sont pas remboursables. Si vous recevez un remboursement, les frais d&rsquo;exp\u00e9dition de retour seront d\u00e9duits de votre remboursement. En fonction de l&rsquo;endroit o\u00f9 vous vivez, le d\u00e9lai n\u00e9cessaire pour que votre produit \u00e9chang\u00e9 vous parvienne peut varier. Si vous exp\u00e9diez un article de plus de 75 $, vous devriez envisager d&rsquo;utiliser un service d&rsquo;exp\u00e9dition tra\u00e7able ou de souscrire une assurance exp\u00e9dition. Nous ne garantissons pas que nous recevrons votre article retourn\u00e9.<\/p>","protected":false},"excerpt":{"rendered":"<p>Notre politique de retours est valable pendant 30 jours \u00e0 partir de la date d&rsquo;achat. Si 30 jours se sont \u00e9coul\u00e9s depuis votre achat, nous ne pouvons pas vous offrir de remboursement ou d&rsquo;\u00e9change. Pour \u00eatre \u00e9ligible \u00e0 un retour, votre article doit \u00eatre inutilis\u00e9 et dans le m\u00eame \u00e9tat que vous l&rsquo;avez re\u00e7u. Il [&hellip;]<\/p>\n","protected":false},"author":1,"featured_media":3707,"parent":0,"menu_order":15,"comment_status":"closed","ping_status":"closed","template":"","meta":{"_acf_changed":false,"footnotes":""},"class_list":["post-4939","page","type-page","status-publish","has-post-thumbnail","hentry"],"acf":[],"yoast_head":"<!-- This site is optimized with the Yoast SEO plugin v27.1.1 - https:\/\/yoast.com\/product\/yoast-seo-wordpress\/ -->\n<title>Retours - Axiom | Temporary Surface Protection<\/title>\n<meta name=\"description\" content=\"Rester inform\u00e9 de notre politique de retours avec Axiom. Nos directives compl\u00e8tes garantissent un processus fluide pour les retours et les \u00e9changes\" \/>\n<meta name=\"robots\" content=\"index, follow, max-snippet:-1, max-image-preview:large, max-video-preview:-1\" \/>\n<link rel=\"canonical\" href=\"https:\/\/axiomtsp.com\/fr\/retours\/\" \/>\n<meta property=\"og:locale\" content=\"fr_FR\" \/>\n<meta property=\"og:type\" content=\"article\" \/>\n<meta property=\"og:title\" content=\"Retours - Axiom | Temporary Surface Protection\" \/>\n<meta property=\"og:description\" content=\"Rester inform\u00e9 de notre politique de retours avec Axiom. Nos directives compl\u00e8tes garantissent un processus fluide pour les retours et les \u00e9changes\" \/>\n<meta property=\"og:url\" content=\"https:\/\/axiomtsp.com\/fr\/retours\/\" \/>\n<meta property=\"og:site_name\" content=\"Axiom | Temporary Surface Protection\" \/>\n<meta property=\"article:modified_time\" content=\"2024-03-06T13:20:21+00:00\" \/>\n<meta property=\"og:image\" content=\"https:\/\/axiomtsp.com\/wp-content\/uploads\/2022\/07\/Contact-e1658531319160.jpg\" \/>\n\t<meta property=\"og:image:width\" content=\"1800\" \/>\n\t<meta property=\"og:image:height\" content=\"922\" \/>\n\t<meta property=\"og:image:type\" content=\"image\/jpeg\" \/>\n<meta name=\"twitter:card\" content=\"summary_large_image\" \/>\n<meta name=\"twitter:label1\" content=\"Dur\u00e9e de lecture estim\u00e9e\" \/>\n\t<meta name=\"twitter:data1\" content=\"2 minutes\" \/>\n<script type=\"application\/ld+json\" class=\"yoast-schema-graph\">{\"@context\":\"https:\/\/schema.org\",\"@graph\":[{\"@type\":\"WebPage\",\"@id\":\"https:\/\/axiomtsp.com\/fr\/retours\/\",\"url\":\"https:\/\/axiomtsp.com\/fr\/retours\/\",\"name\":\"Retours - Axiom | Temporary Surface Protection\",\"isPartOf\":{\"@id\":\"https:\/\/axiomtsp.com\/fr\/#website\"},\"primaryImageOfPage\":{\"@id\":\"https:\/\/axiomtsp.com\/fr\/retours\/#primaryimage\"},\"image\":{\"@id\":\"https:\/\/axiomtsp.com\/fr\/retours\/#primaryimage\"},\"thumbnailUrl\":\"https:\/\/axiomtsp.com\/wp-cms\/wp-content\/uploads\/2022\/07\/Contact-e1658531319160.jpg\",\"datePublished\":\"2022-05-16T21:59:27+00:00\",\"dateModified\":\"2024-03-06T13:20:21+00:00\",\"description\":\"Rester inform\u00e9 de notre politique de retours avec Axiom. Nos directives compl\u00e8tes garantissent un processus fluide pour les retours et les \u00e9changes\",\"breadcrumb\":{\"@id\":\"https:\/\/axiomtsp.com\/fr\/retours\/#breadcrumb\"},\"inLanguage\":\"fr-FR\",\"potentialAction\":[{\"@type\":\"ReadAction\",\"target\":[\"https:\/\/axiomtsp.com\/fr\/retours\/\"]}]},{\"@type\":\"ImageObject\",\"inLanguage\":\"fr-FR\",\"@id\":\"https:\/\/axiomtsp.com\/fr\/retours\/#primaryimage\",\"url\":\"https:\/\/axiomtsp.com\/wp-cms\/wp-content\/uploads\/2022\/07\/Contact-e1658531319160.jpg\",\"contentUrl\":\"https:\/\/axiomtsp.com\/wp-cms\/wp-content\/uploads\/2022\/07\/Contact-e1658531319160.jpg\",\"width\":1800,\"height\":922},{\"@type\":\"BreadcrumbList\",\"@id\":\"https:\/\/axiomtsp.com\/fr\/retours\/#breadcrumb\",\"itemListElement\":[{\"@type\":\"ListItem\",\"position\":1,\"name\":\"Home\",\"item\":\"https:\/\/axiomtsp.com\/fr\/\"},{\"@type\":\"ListItem\",\"position\":2,\"name\":\"Retours\"}]},{\"@type\":\"WebSite\",\"@id\":\"https:\/\/axiomtsp.com\/fr\/#website\",\"url\":\"https:\/\/axiomtsp.com\/fr\/\",\"name\":\"Axiom | Temporary Surface Protection\",\"description\":\"We stock the largest range of Temporary Surface Protection products in Canada. We help you choose the best solution for your project to ensure that you save time and money, avoid disruption to your construction schedule, maximize profitability on your projects, and prevent damage to your reputation.\",\"potentialAction\":[{\"@type\":\"SearchAction\",\"target\":{\"@type\":\"EntryPoint\",\"urlTemplate\":\"https:\/\/axiomtsp.com\/fr\/?s={search_term_string}\"},\"query-input\":{\"@type\":\"PropertyValueSpecification\",\"valueRequired\":true,\"valueName\":\"search_term_string\"}}],\"inLanguage\":\"fr-FR\"}]}<\/script>\n<!-- \/ Yoast SEO plugin. -->","yoast_head_json":{"title":"Retours - Axiom | Temporary Surface Protection","description":"Rester inform\u00e9 de notre politique de retours avec Axiom. Nos directives compl\u00e8tes garantissent un processus fluide pour les retours et les \u00e9changes","robots":{"index":"index","follow":"follow","max-snippet":"max-snippet:-1","max-image-preview":"max-image-preview:large","max-video-preview":"max-video-preview:-1"},"canonical":"https:\/\/axiomtsp.com\/fr\/retours\/","og_locale":"fr_FR","og_type":"article","og_title":"Retours - Axiom | Temporary Surface Protection","og_description":"Rester inform\u00e9 de notre politique de retours avec Axiom. Nos directives compl\u00e8tes garantissent un processus fluide pour les retours et les \u00e9changes","og_url":"https:\/\/axiomtsp.com\/fr\/retours\/","og_site_name":"Axiom | Temporary Surface Protection","article_modified_time":"2024-03-06T13:20:21+00:00","og_image":[{"width":1800,"height":922,"url":"https:\/\/axiomtsp.com\/wp-content\/uploads\/2022\/07\/Contact-e1658531319160.jpg","type":"image\/jpeg"}],"twitter_card":"summary_large_image","twitter_misc":{"Dur\u00e9e de lecture estim\u00e9e":"2 minutes"},"schema":{"@context":"https:\/\/schema.org","@graph":[{"@type":"WebPage","@id":"https:\/\/axiomtsp.com\/fr\/retours\/","url":"https:\/\/axiomtsp.com\/fr\/retours\/","name":"Retours - Axiom | Temporary Surface Protection","isPartOf":{"@id":"https:\/\/axiomtsp.com\/fr\/#website"},"primaryImageOfPage":{"@id":"https:\/\/axiomtsp.com\/fr\/retours\/#primaryimage"},"image":{"@id":"https:\/\/axiomtsp.com\/fr\/retours\/#primaryimage"},"thumbnailUrl":"https:\/\/axiomtsp.com\/wp-cms\/wp-content\/uploads\/2022\/07\/Contact-e1658531319160.jpg","datePublished":"2022-05-16T21:59:27+00:00","dateModified":"2024-03-06T13:20:21+00:00","description":"Rester inform\u00e9 de notre politique de retours avec Axiom. Nos directives compl\u00e8tes garantissent un processus fluide pour les retours et les \u00e9changes","breadcrumb":{"@id":"https:\/\/axiomtsp.com\/fr\/retours\/#breadcrumb"},"inLanguage":"fr-FR","potentialAction":[{"@type":"ReadAction","target":["https:\/\/axiomtsp.com\/fr\/retours\/"]}]},{"@type":"ImageObject","inLanguage":"fr-FR","@id":"https:\/\/axiomtsp.com\/fr\/retours\/#primaryimage","url":"https:\/\/axiomtsp.com\/wp-cms\/wp-content\/uploads\/2022\/07\/Contact-e1658531319160.jpg","contentUrl":"https:\/\/axiomtsp.com\/wp-cms\/wp-content\/uploads\/2022\/07\/Contact-e1658531319160.jpg","width":1800,"height":922},{"@type":"BreadcrumbList","@id":"https:\/\/axiomtsp.com\/fr\/retours\/#breadcrumb","itemListElement":[{"@type":"ListItem","position":1,"name":"Home","item":"https:\/\/axiomtsp.com\/fr\/"},{"@type":"ListItem","position":2,"name":"Retours"}]},{"@type":"WebSite","@id":"https:\/\/axiomtsp.com\/fr\/#website","url":"https:\/\/axiomtsp.com\/fr\/","name":"Axiom | Temporary Surface Protection","description":"We stock the largest range of Temporary Surface Protection products in Canada. We help you choose the best solution for your project to ensure that you save time and money, avoid disruption to your construction schedule, maximize profitability on your projects, and prevent damage to your reputation.","potentialAction":[{"@type":"SearchAction","target":{"@type":"EntryPoint","urlTemplate":"https:\/\/axiomtsp.com\/fr\/?s={search_term_string}"},"query-input":{"@type":"PropertyValueSpecification","valueRequired":true,"valueName":"search_term_string"}}],"inLanguage":"fr-FR"}]}},"_links":{"self":[{"href":"https:\/\/axiomtsp.com\/fr\/wp-json\/wp\/v2\/pages\/4939","targetHints":{"allow":["GET"]}}],"collection":[{"href":"https:\/\/axiomtsp.com\/fr\/wp-json\/wp\/v2\/pages"}],"about":[{"href":"https:\/\/axiomtsp.com\/fr\/wp-json\/wp\/v2\/types\/page"}],"author":[{"embeddable":true,"href":"https:\/\/axiomtsp.com\/fr\/wp-json\/wp\/v2\/users\/1"}],"replies":[{"embeddable":true,"href":"https:\/\/axiomtsp.com\/fr\/wp-json\/wp\/v2\/comments?post=4939"}],"version-history":[{"count":1,"href":"https:\/\/axiomtsp.com\/fr\/wp-json\/wp\/v2\/pages\/4939\/revisions"}],"predecessor-version":[{"id":4949,"href":"https:\/\/axiomtsp.com\/fr\/wp-json\/wp\/v2\/pages\/4939\/revisions\/4949"}],"wp:featuredmedia":[{"embeddable":true,"href":"https:\/\/axiomtsp.com\/fr\/wp-json\/wp\/v2\/media\/3707"}],"wp:attachment":[{"href":"https:\/\/axiomtsp.com\/fr\/wp-json\/wp\/v2\/media?parent=4939"}],"curies":[{"name":"wp","href":"https:\/\/api.w.org\/{rel}","templated":true}]}}