{"id":4925,"date":"2022-06-08T10:20:50","date_gmt":"2022-06-08T10:20:50","guid":{"rendered":"https:\/\/axiomtsp.com\/order-your-printed-catalogue\/"},"modified":"2024-03-06T16:28:11","modified_gmt":"2024-03-06T16:28:11","slug":"notre-catalogue-de-produits","status":"publish","type":"page","link":"https:\/\/axiomtsp.com\/fr\/notre-catalogue-de-produits\/","title":{"rendered":"Notre Catalogue de Produits"},"content":{"rendered":"<h2 class=\"wp-block-heading\" style=\"font-size:38px\">Consultez en ligne, t\u00e9l\u00e9chargez ou obtenez une copie imprim\u00e9e.<\/h2><p>Notre catalogue de produits, \u00e9dition 7, regorge de 80 pages de solutions de protection temporaire des surfaces en stock, pr\u00eates \u00e0 vous aider \u00e0 r\u00e9duire les risques sur votre chantier.<\/p><p>Disponible en t\u00e9l\u00e9chargement ou \u00e0 consulter en ligne. Besoin d&rsquo;une copie imprim\u00e9e ? Il suffit de demander ! Nous l&rsquo;enverrons imm\u00e9diatement.<\/p><p><a class=\"button\" href=\"https:\/\/axiomtsp.com\/wp-content\/uploads\/2023\/09\/Axiom-Catalogue-Des-Produits-Edition-7.pdf\" target=\"_blank\" rel=\"noreferrer noopener\">T\u00e9l\u00e9chargement<\/a><\/p><figure class=\"wp-block-image size-large is-resized\"><img loading=\"lazy\" decoding=\"async\" width=\"1024\" height=\"1024\" src=\"https:\/\/axiomtsp.com\/wp-cms\/wp-content\/uploads\/2023\/09\/Catalogue-Edition-7-1024x1024.jpg\" alt=\"\" class=\"wp-image-3464\" style=\"object-fit:cover;width:250px;height:250px\" srcset=\"https:\/\/axiomtsp.com\/wp-cms\/wp-content\/uploads\/2023\/09\/Catalogue-Edition-7-1024x1024.jpg 1024w, https:\/\/axiomtsp.com\/wp-cms\/wp-content\/uploads\/2023\/09\/Catalogue-Edition-7-300x300.jpg 300w, https:\/\/axiomtsp.com\/wp-cms\/wp-content\/uploads\/2023\/09\/Catalogue-Edition-7-150x150.jpg 150w, https:\/\/axiomtsp.com\/wp-cms\/wp-content\/uploads\/2023\/09\/Catalogue-Edition-7-768x768.jpg 768w, https:\/\/axiomtsp.com\/wp-cms\/wp-content\/uploads\/2023\/09\/Catalogue-Edition-7-100x100.jpg 100w, https:\/\/axiomtsp.com\/wp-cms\/wp-content\/uploads\/2023\/09\/Catalogue-Edition-7-600x600.jpg 600w, https:\/\/axiomtsp.com\/wp-cms\/wp-content\/uploads\/2023\/09\/Catalogue-Edition-7.jpg 1440w\" sizes=\"auto, (max-width: 1024px) 100vw, 1024px\" \/><\/figure>","protected":false},"excerpt":{"rendered":"<p>Consultez en ligne, t\u00e9l\u00e9chargez ou obtenez une copie imprim\u00e9e. Notre catalogue de produits, \u00e9dition 7, regorge de 80 pages de solutions de protection temporaire des surfaces en stock, pr\u00eates \u00e0 vous aider \u00e0 r\u00e9duire les risques sur votre chantier. Disponible en t\u00e9l\u00e9chargement ou \u00e0 consulter en ligne. Besoin d&rsquo;une copie imprim\u00e9e ? Il suffit de [&hellip;]<\/p>\n","protected":false},"author":4,"featured_media":4292,"parent":0,"menu_order":7,"comment_status":"closed","ping_status":"closed","template":"page-form.php","meta":{"_acf_changed":false,"footnotes":""},"class_list":["post-4925","page","type-page","status-publish","has-post-thumbnail","hentry"],"acf":[],"yoast_head":"<!-- This site is optimized with the Yoast SEO plugin v27.1.1 - https:\/\/yoast.com\/product\/yoast-seo-wordpress\/ -->\n<title>Notre Catalogue de Produits - Axiom | Temporary Surface Protection<\/title>\n<meta name=\"description\" content=\"Notre catalogue de produits regorge de 36 pages de solutions de protection temporaire des surfaces en stock, disponibles partout au Canada!\" \/>\n<meta name=\"robots\" content=\"index, follow, max-snippet:-1, max-image-preview:large, max-video-preview:-1\" \/>\n<link rel=\"canonical\" href=\"https:\/\/axiomtsp.com\/fr\/notre-catalogue-de-produits\/\" \/>\n<meta property=\"og:locale\" content=\"fr_FR\" \/>\n<meta property=\"og:type\" content=\"article\" \/>\n<meta property=\"og:title\" content=\"Notre Catalogue de Produits - Axiom | Temporary Surface Protection\" \/>\n<meta property=\"og:description\" content=\"Notre catalogue de produits regorge de 36 pages de solutions de protection temporaire des surfaces en stock, disponibles partout au Canada!\" \/>\n<meta property=\"og:url\" content=\"https:\/\/axiomtsp.com\/fr\/notre-catalogue-de-produits\/\" \/>\n<meta property=\"og:site_name\" content=\"Axiom | Temporary Surface Protection\" \/>\n<meta property=\"article:modified_time\" content=\"2024-03-06T16:28:11+00:00\" \/>\n<meta property=\"og:image\" content=\"https:\/\/axiomtsp.com\/wp-content\/uploads\/2022\/07\/Catalogue-e1658545689961.jpg\" \/>\n\t<meta property=\"og:image:width\" content=\"1800\" \/>\n\t<meta property=\"og:image:height\" content=\"922\" \/>\n\t<meta property=\"og:image:type\" content=\"image\/jpeg\" \/>\n<meta name=\"twitter:card\" content=\"summary_large_image\" \/>\n<meta name=\"twitter:label1\" content=\"Dur\u00e9e de lecture estim\u00e9e\" \/>\n\t<meta name=\"twitter:data1\" content=\"1 minute\" \/>\n<script type=\"application\/ld+json\" class=\"yoast-schema-graph\">{\"@context\":\"https:\/\/schema.org\",\"@graph\":[{\"@type\":\"WebPage\",\"@id\":\"https:\/\/axiomtsp.com\/fr\/notre-catalogue-de-produits\/\",\"url\":\"https:\/\/axiomtsp.com\/fr\/notre-catalogue-de-produits\/\",\"name\":\"Notre Catalogue de Produits - Axiom | Temporary Surface Protection\",\"isPartOf\":{\"@id\":\"https:\/\/axiomtsp.com\/fr\/#website\"},\"primaryImageOfPage\":{\"@id\":\"https:\/\/axiomtsp.com\/fr\/notre-catalogue-de-produits\/#primaryimage\"},\"image\":{\"@id\":\"https:\/\/axiomtsp.com\/fr\/notre-catalogue-de-produits\/#primaryimage\"},\"thumbnailUrl\":\"https:\/\/axiomtsp.com\/wp-cms\/wp-content\/uploads\/2022\/07\/Catalogue-e1658545689961.jpg\",\"datePublished\":\"2022-06-08T10:20:50+00:00\",\"dateModified\":\"2024-03-06T16:28:11+00:00\",\"description\":\"Notre catalogue de produits regorge de 36 pages de solutions de protection temporaire des surfaces en stock, disponibles partout au Canada!\",\"breadcrumb\":{\"@id\":\"https:\/\/axiomtsp.com\/fr\/notre-catalogue-de-produits\/#breadcrumb\"},\"inLanguage\":\"fr-FR\",\"potentialAction\":[{\"@type\":\"ReadAction\",\"target\":[\"https:\/\/axiomtsp.com\/fr\/notre-catalogue-de-produits\/\"]}]},{\"@type\":\"ImageObject\",\"inLanguage\":\"fr-FR\",\"@id\":\"https:\/\/axiomtsp.com\/fr\/notre-catalogue-de-produits\/#primaryimage\",\"url\":\"https:\/\/axiomtsp.com\/wp-cms\/wp-content\/uploads\/2022\/07\/Catalogue-e1658545689961.jpg\",\"contentUrl\":\"https:\/\/axiomtsp.com\/wp-cms\/wp-content\/uploads\/2022\/07\/Catalogue-e1658545689961.jpg\",\"width\":1800,\"height\":922},{\"@type\":\"BreadcrumbList\",\"@id\":\"https:\/\/axiomtsp.com\/fr\/notre-catalogue-de-produits\/#breadcrumb\",\"itemListElement\":[{\"@type\":\"ListItem\",\"position\":1,\"name\":\"Home\",\"item\":\"https:\/\/axiomtsp.com\/fr\/\"},{\"@type\":\"ListItem\",\"position\":2,\"name\":\"Notre Catalogue de Produits\"}]},{\"@type\":\"WebSite\",\"@id\":\"https:\/\/axiomtsp.com\/fr\/#website\",\"url\":\"https:\/\/axiomtsp.com\/fr\/\",\"name\":\"Axiom | Temporary Surface Protection\",\"description\":\"We stock the largest range of Temporary Surface Protection products in Canada. We help you choose the best solution for your project to ensure that you save time and money, avoid disruption to your construction schedule, maximize profitability on your projects, and prevent damage to your reputation.\",\"potentialAction\":[{\"@type\":\"SearchAction\",\"target\":{\"@type\":\"EntryPoint\",\"urlTemplate\":\"https:\/\/axiomtsp.com\/fr\/?s={search_term_string}\"},\"query-input\":{\"@type\":\"PropertyValueSpecification\",\"valueRequired\":true,\"valueName\":\"search_term_string\"}}],\"inLanguage\":\"fr-FR\"}]}<\/script>\n<!-- \/ Yoast SEO plugin. -->","yoast_head_json":{"title":"Notre Catalogue de Produits - Axiom | Temporary Surface Protection","description":"Notre catalogue de produits regorge de 36 pages de solutions de protection temporaire des surfaces en stock, disponibles partout au Canada!","robots":{"index":"index","follow":"follow","max-snippet":"max-snippet:-1","max-image-preview":"max-image-preview:large","max-video-preview":"max-video-preview:-1"},"canonical":"https:\/\/axiomtsp.com\/fr\/notre-catalogue-de-produits\/","og_locale":"fr_FR","og_type":"article","og_title":"Notre Catalogue de Produits - Axiom | Temporary Surface Protection","og_description":"Notre catalogue de produits regorge de 36 pages de solutions de protection temporaire des surfaces en stock, disponibles partout au Canada!","og_url":"https:\/\/axiomtsp.com\/fr\/notre-catalogue-de-produits\/","og_site_name":"Axiom | Temporary Surface Protection","article_modified_time":"2024-03-06T16:28:11+00:00","og_image":[{"width":1800,"height":922,"url":"https:\/\/axiomtsp.com\/wp-content\/uploads\/2022\/07\/Catalogue-e1658545689961.jpg","type":"image\/jpeg"}],"twitter_card":"summary_large_image","twitter_misc":{"Dur\u00e9e de lecture estim\u00e9e":"1 minute"},"schema":{"@context":"https:\/\/schema.org","@graph":[{"@type":"WebPage","@id":"https:\/\/axiomtsp.com\/fr\/notre-catalogue-de-produits\/","url":"https:\/\/axiomtsp.com\/fr\/notre-catalogue-de-produits\/","name":"Notre Catalogue de Produits - Axiom | Temporary Surface Protection","isPartOf":{"@id":"https:\/\/axiomtsp.com\/fr\/#website"},"primaryImageOfPage":{"@id":"https:\/\/axiomtsp.com\/fr\/notre-catalogue-de-produits\/#primaryimage"},"image":{"@id":"https:\/\/axiomtsp.com\/fr\/notre-catalogue-de-produits\/#primaryimage"},"thumbnailUrl":"https:\/\/axiomtsp.com\/wp-cms\/wp-content\/uploads\/2022\/07\/Catalogue-e1658545689961.jpg","datePublished":"2022-06-08T10:20:50+00:00","dateModified":"2024-03-06T16:28:11+00:00","description":"Notre catalogue de produits regorge de 36 pages de solutions de protection temporaire des surfaces en stock, disponibles partout au Canada!","breadcrumb":{"@id":"https:\/\/axiomtsp.com\/fr\/notre-catalogue-de-produits\/#breadcrumb"},"inLanguage":"fr-FR","potentialAction":[{"@type":"ReadAction","target":["https:\/\/axiomtsp.com\/fr\/notre-catalogue-de-produits\/"]}]},{"@type":"ImageObject","inLanguage":"fr-FR","@id":"https:\/\/axiomtsp.com\/fr\/notre-catalogue-de-produits\/#primaryimage","url":"https:\/\/axiomtsp.com\/wp-cms\/wp-content\/uploads\/2022\/07\/Catalogue-e1658545689961.jpg","contentUrl":"https:\/\/axiomtsp.com\/wp-cms\/wp-content\/uploads\/2022\/07\/Catalogue-e1658545689961.jpg","width":1800,"height":922},{"@type":"BreadcrumbList","@id":"https:\/\/axiomtsp.com\/fr\/notre-catalogue-de-produits\/#breadcrumb","itemListElement":[{"@type":"ListItem","position":1,"name":"Home","item":"https:\/\/axiomtsp.com\/fr\/"},{"@type":"ListItem","position":2,"name":"Notre Catalogue de Produits"}]},{"@type":"WebSite","@id":"https:\/\/axiomtsp.com\/fr\/#website","url":"https:\/\/axiomtsp.com\/fr\/","name":"Axiom | Temporary Surface Protection","description":"We stock the largest range of Temporary Surface Protection products in Canada. We help you choose the best solution for your project to ensure that you save time and money, avoid disruption to your construction schedule, maximize profitability on your projects, and prevent damage to your reputation.","potentialAction":[{"@type":"SearchAction","target":{"@type":"EntryPoint","urlTemplate":"https:\/\/axiomtsp.com\/fr\/?s={search_term_string}"},"query-input":{"@type":"PropertyValueSpecification","valueRequired":true,"valueName":"search_term_string"}}],"inLanguage":"fr-FR"}]}},"_links":{"self":[{"href":"https:\/\/axiomtsp.com\/fr\/wp-json\/wp\/v2\/pages\/4925","targetHints":{"allow":["GET"]}}],"collection":[{"href":"https:\/\/axiomtsp.com\/fr\/wp-json\/wp\/v2\/pages"}],"about":[{"href":"https:\/\/axiomtsp.com\/fr\/wp-json\/wp\/v2\/types\/page"}],"author":[{"embeddable":true,"href":"https:\/\/axiomtsp.com\/fr\/wp-json\/wp\/v2\/users\/4"}],"replies":[{"embeddable":true,"href":"https:\/\/axiomtsp.com\/fr\/wp-json\/wp\/v2\/comments?post=4925"}],"version-history":[{"count":4,"href":"https:\/\/axiomtsp.com\/fr\/wp-json\/wp\/v2\/pages\/4925\/revisions"}],"predecessor-version":[{"id":4970,"href":"https:\/\/axiomtsp.com\/fr\/wp-json\/wp\/v2\/pages\/4925\/revisions\/4970"}],"wp:featuredmedia":[{"embeddable":true,"href":"https:\/\/axiomtsp.com\/fr\/wp-json\/wp\/v2\/media\/4292"}],"wp:attachment":[{"href":"https:\/\/axiomtsp.com\/fr\/wp-json\/wp\/v2\/media?parent=4925"}],"curies":[{"name":"wp","href":"https:\/\/api.w.org\/{rel}","templated":true}]}}