{"id":4906,"date":"2022-05-17T11:57:57","date_gmt":"2022-05-17T11:57:57","guid":{"rendered":"https:\/\/axiomtsp.com\/get-a-quote\/"},"modified":"2024-07-25T08:21:01","modified_gmt":"2024-07-25T08:21:01","slug":"obtenez-un-devis","status":"publish","type":"page","link":"https:\/\/axiomtsp.com\/fr\/obtenez-un-devis\/","title":{"rendered":"Obtenez un Devis"},"content":{"rendered":"<p><\/p><h2 class=\"wp-block-heading\">Besoin D\u2019un Devis Ou D\u2019une Assistance Au Projet?<\/h2><p>Avez-vous un probl\u00e8me de protection temporaire de surface que vous ne pouvez pas r\u00e9soudre ? Ou voulez-vous simplement en savoir plus sur les solutions potentielles, le savoir-faire et l\u2019exp\u00e9rience des autres d\u00e9fis similaires qui ont \u00e9t\u00e9 surmont\u00e9s auparavant? Demandez \u00e0 Axiom.<\/p><p>Parce que nous savons que chaque minute compte, nous vous proposons un service rapide de devis et d\u2019assistance au projet en pr\u00e9sentiel ou virtuel. <\/p><p>Acc\u00e9dez aux tarifs des entrepreneurs d\u00e8s aujourd\u2019hui ! Plus des remises sp\u00e9ciales sur le volume et un Key Account Manager d\u00e9di\u00e9.<\/p>","protected":false},"excerpt":{"rendered":"<p>Besoin D\u2019un Devis Ou D\u2019une Assistance Au Projet? Avez-vous un probl\u00e8me de protection temporaire de surface que vous ne pouvez pas r\u00e9soudre ? Ou voulez-vous simplement en savoir plus sur les solutions potentielles, le savoir-faire et l\u2019exp\u00e9rience des autres d\u00e9fis similaires qui ont \u00e9t\u00e9 surmont\u00e9s auparavant? Demandez \u00e0 Axiom. Parce que nous savons que chaque [&hellip;]<\/p>\n","protected":false},"author":1,"featured_media":4289,"parent":0,"menu_order":5,"comment_status":"closed","ping_status":"closed","template":"page-form.php","meta":{"_acf_changed":false,"footnotes":""},"class_list":["post-4906","page","type-page","status-publish","has-post-thumbnail","hentry"],"acf":[],"yoast_head":"<!-- This site is optimized with the Yoast SEO plugin v27.1.1 - https:\/\/yoast.com\/product\/yoast-seo-wordpress\/ -->\n<title>Obtenez un Devis pour la Protection Temporaire des Surfaces<\/title>\n<meta name=\"description\" content=\"Cliquez pour demander votre devis ou parler \u00e0 un sp\u00e9cialiste de la protection temporaire pour obtenir rapidement un prix pour vos besoins.\" \/>\n<meta name=\"robots\" content=\"index, follow, max-snippet:-1, max-image-preview:large, max-video-preview:-1\" \/>\n<link rel=\"canonical\" href=\"https:\/\/axiomtsp.com\/fr\/obtenez-un-devis\/\" \/>\n<meta property=\"og:locale\" content=\"fr_FR\" \/>\n<meta property=\"og:type\" content=\"article\" \/>\n<meta property=\"og:title\" content=\"Obtenez un Devis pour la Protection Temporaire des Surfaces\" \/>\n<meta property=\"og:description\" content=\"Cliquez pour demander votre devis ou parler \u00e0 un sp\u00e9cialiste de la protection temporaire pour obtenir rapidement un prix pour vos besoins.\" \/>\n<meta property=\"og:url\" content=\"https:\/\/axiomtsp.com\/fr\/obtenez-un-devis\/\" \/>\n<meta property=\"og:site_name\" content=\"Axiom | Temporary Surface Protection\" \/>\n<meta property=\"article:modified_time\" content=\"2024-07-25T08:21:01+00:00\" \/>\n<meta property=\"og:image\" content=\"https:\/\/axiomtsp.com\/wp-content\/uploads\/2022\/07\/Project-Assistance-e1658532233938.jpg\" \/>\n\t<meta property=\"og:image:width\" content=\"1800\" \/>\n\t<meta property=\"og:image:height\" content=\"922\" \/>\n\t<meta property=\"og:image:type\" content=\"image\/jpeg\" \/>\n<meta name=\"twitter:card\" content=\"summary_large_image\" \/>\n<meta name=\"twitter:label1\" content=\"Dur\u00e9e de lecture estim\u00e9e\" \/>\n\t<meta name=\"twitter:data1\" content=\"1 minute\" \/>\n<script type=\"application\/ld+json\" class=\"yoast-schema-graph\">{\"@context\":\"https:\/\/schema.org\",\"@graph\":[{\"@type\":\"WebPage\",\"@id\":\"https:\/\/axiomtsp.com\/fr\/obtenez-un-devis\/\",\"url\":\"https:\/\/axiomtsp.com\/fr\/obtenez-un-devis\/\",\"name\":\"Obtenez un Devis pour la Protection Temporaire des Surfaces\",\"isPartOf\":{\"@id\":\"https:\/\/axiomtsp.com\/fr\/#website\"},\"primaryImageOfPage\":{\"@id\":\"https:\/\/axiomtsp.com\/fr\/obtenez-un-devis\/#primaryimage\"},\"image\":{\"@id\":\"https:\/\/axiomtsp.com\/fr\/obtenez-un-devis\/#primaryimage\"},\"thumbnailUrl\":\"https:\/\/axiomtsp.com\/wp-cms\/wp-content\/uploads\/2022\/07\/Project-Assistance-e1658532233938.jpg\",\"datePublished\":\"2022-05-17T11:57:57+00:00\",\"dateModified\":\"2024-07-25T08:21:01+00:00\",\"description\":\"Cliquez pour demander votre devis ou parler \u00e0 un sp\u00e9cialiste de la protection temporaire pour obtenir rapidement un prix pour vos besoins.\",\"breadcrumb\":{\"@id\":\"https:\/\/axiomtsp.com\/fr\/obtenez-un-devis\/#breadcrumb\"},\"inLanguage\":\"fr-FR\",\"potentialAction\":[{\"@type\":\"ReadAction\",\"target\":[\"https:\/\/axiomtsp.com\/fr\/obtenez-un-devis\/\"]}]},{\"@type\":\"ImageObject\",\"inLanguage\":\"fr-FR\",\"@id\":\"https:\/\/axiomtsp.com\/fr\/obtenez-un-devis\/#primaryimage\",\"url\":\"https:\/\/axiomtsp.com\/wp-cms\/wp-content\/uploads\/2022\/07\/Project-Assistance-e1658532233938.jpg\",\"contentUrl\":\"https:\/\/axiomtsp.com\/wp-cms\/wp-content\/uploads\/2022\/07\/Project-Assistance-e1658532233938.jpg\",\"width\":1800,\"height\":922},{\"@type\":\"BreadcrumbList\",\"@id\":\"https:\/\/axiomtsp.com\/fr\/obtenez-un-devis\/#breadcrumb\",\"itemListElement\":[{\"@type\":\"ListItem\",\"position\":1,\"name\":\"Home\",\"item\":\"https:\/\/axiomtsp.com\/fr\/\"},{\"@type\":\"ListItem\",\"position\":2,\"name\":\"Obtenez un Devis\"}]},{\"@type\":\"WebSite\",\"@id\":\"https:\/\/axiomtsp.com\/fr\/#website\",\"url\":\"https:\/\/axiomtsp.com\/fr\/\",\"name\":\"Axiom | Temporary Surface Protection\",\"description\":\"We stock the largest range of Temporary Surface Protection products in Canada. We help you choose the best solution for your project to ensure that you save time and money, avoid disruption to your construction schedule, maximize profitability on your projects, and prevent damage to your reputation.\",\"potentialAction\":[{\"@type\":\"SearchAction\",\"target\":{\"@type\":\"EntryPoint\",\"urlTemplate\":\"https:\/\/axiomtsp.com\/fr\/?s={search_term_string}\"},\"query-input\":{\"@type\":\"PropertyValueSpecification\",\"valueRequired\":true,\"valueName\":\"search_term_string\"}}],\"inLanguage\":\"fr-FR\"}]}<\/script>\n<!-- \/ Yoast SEO plugin. -->","yoast_head_json":{"title":"Obtenez un Devis pour la Protection Temporaire des Surfaces","description":"Cliquez pour demander votre devis ou parler \u00e0 un sp\u00e9cialiste de la protection temporaire pour obtenir rapidement un prix pour vos besoins.","robots":{"index":"index","follow":"follow","max-snippet":"max-snippet:-1","max-image-preview":"max-image-preview:large","max-video-preview":"max-video-preview:-1"},"canonical":"https:\/\/axiomtsp.com\/fr\/obtenez-un-devis\/","og_locale":"fr_FR","og_type":"article","og_title":"Obtenez un Devis pour la Protection Temporaire des Surfaces","og_description":"Cliquez pour demander votre devis ou parler \u00e0 un sp\u00e9cialiste de la protection temporaire pour obtenir rapidement un prix pour vos besoins.","og_url":"https:\/\/axiomtsp.com\/fr\/obtenez-un-devis\/","og_site_name":"Axiom | Temporary Surface Protection","article_modified_time":"2024-07-25T08:21:01+00:00","og_image":[{"width":1800,"height":922,"url":"https:\/\/axiomtsp.com\/wp-content\/uploads\/2022\/07\/Project-Assistance-e1658532233938.jpg","type":"image\/jpeg"}],"twitter_card":"summary_large_image","twitter_misc":{"Dur\u00e9e de lecture estim\u00e9e":"1 minute"},"schema":{"@context":"https:\/\/schema.org","@graph":[{"@type":"WebPage","@id":"https:\/\/axiomtsp.com\/fr\/obtenez-un-devis\/","url":"https:\/\/axiomtsp.com\/fr\/obtenez-un-devis\/","name":"Obtenez un Devis pour la Protection Temporaire des Surfaces","isPartOf":{"@id":"https:\/\/axiomtsp.com\/fr\/#website"},"primaryImageOfPage":{"@id":"https:\/\/axiomtsp.com\/fr\/obtenez-un-devis\/#primaryimage"},"image":{"@id":"https:\/\/axiomtsp.com\/fr\/obtenez-un-devis\/#primaryimage"},"thumbnailUrl":"https:\/\/axiomtsp.com\/wp-cms\/wp-content\/uploads\/2022\/07\/Project-Assistance-e1658532233938.jpg","datePublished":"2022-05-17T11:57:57+00:00","dateModified":"2024-07-25T08:21:01+00:00","description":"Cliquez pour demander votre devis ou parler \u00e0 un sp\u00e9cialiste de la protection temporaire pour obtenir rapidement un prix pour vos besoins.","breadcrumb":{"@id":"https:\/\/axiomtsp.com\/fr\/obtenez-un-devis\/#breadcrumb"},"inLanguage":"fr-FR","potentialAction":[{"@type":"ReadAction","target":["https:\/\/axiomtsp.com\/fr\/obtenez-un-devis\/"]}]},{"@type":"ImageObject","inLanguage":"fr-FR","@id":"https:\/\/axiomtsp.com\/fr\/obtenez-un-devis\/#primaryimage","url":"https:\/\/axiomtsp.com\/wp-cms\/wp-content\/uploads\/2022\/07\/Project-Assistance-e1658532233938.jpg","contentUrl":"https:\/\/axiomtsp.com\/wp-cms\/wp-content\/uploads\/2022\/07\/Project-Assistance-e1658532233938.jpg","width":1800,"height":922},{"@type":"BreadcrumbList","@id":"https:\/\/axiomtsp.com\/fr\/obtenez-un-devis\/#breadcrumb","itemListElement":[{"@type":"ListItem","position":1,"name":"Home","item":"https:\/\/axiomtsp.com\/fr\/"},{"@type":"ListItem","position":2,"name":"Obtenez un Devis"}]},{"@type":"WebSite","@id":"https:\/\/axiomtsp.com\/fr\/#website","url":"https:\/\/axiomtsp.com\/fr\/","name":"Axiom | Temporary Surface Protection","description":"We stock the largest range of Temporary Surface Protection products in Canada. We help you choose the best solution for your project to ensure that you save time and money, avoid disruption to your construction schedule, maximize profitability on your projects, and prevent damage to your reputation.","potentialAction":[{"@type":"SearchAction","target":{"@type":"EntryPoint","urlTemplate":"https:\/\/axiomtsp.com\/fr\/?s={search_term_string}"},"query-input":{"@type":"PropertyValueSpecification","valueRequired":true,"valueName":"search_term_string"}}],"inLanguage":"fr-FR"}]}},"_links":{"self":[{"href":"https:\/\/axiomtsp.com\/fr\/wp-json\/wp\/v2\/pages\/4906","targetHints":{"allow":["GET"]}}],"collection":[{"href":"https:\/\/axiomtsp.com\/fr\/wp-json\/wp\/v2\/pages"}],"about":[{"href":"https:\/\/axiomtsp.com\/fr\/wp-json\/wp\/v2\/types\/page"}],"author":[{"embeddable":true,"href":"https:\/\/axiomtsp.com\/fr\/wp-json\/wp\/v2\/users\/1"}],"replies":[{"embeddable":true,"href":"https:\/\/axiomtsp.com\/fr\/wp-json\/wp\/v2\/comments?post=4906"}],"version-history":[{"count":3,"href":"https:\/\/axiomtsp.com\/fr\/wp-json\/wp\/v2\/pages\/4906\/revisions"}],"predecessor-version":[{"id":5894,"href":"https:\/\/axiomtsp.com\/fr\/wp-json\/wp\/v2\/pages\/4906\/revisions\/5894"}],"wp:featuredmedia":[{"embeddable":true,"href":"https:\/\/axiomtsp.com\/fr\/wp-json\/wp\/v2\/media\/4289"}],"wp:attachment":[{"href":"https:\/\/axiomtsp.com\/fr\/wp-json\/wp\/v2\/media?parent=4906"}],"curies":[{"name":"wp","href":"https:\/\/api.w.org\/{rel}","templated":true}]}}