{"id":4899,"date":"2022-05-23T21:38:44","date_gmt":"2022-05-23T21:38:44","guid":{"rendered":"https:\/\/axiomtsp.com\/custom-printed\/"},"modified":"2024-03-22T10:26:54","modified_gmt":"2024-03-22T10:26:54","slug":"imprime-personnalise","status":"publish","type":"page","link":"https:\/\/axiomtsp.com\/fr\/imprime-personnalise\/","title":{"rendered":"Imprim\u00e9 Personnalis\u00e9"},"content":{"rendered":"<h2 class=\"wp-block-heading\">Envoyez Votre Logo Pour Une \u00c9preuve Et Un Devis Gratuit.<\/h2><p>Pour un professionnalisme ultime sur le chantier, bon nombre de nos produits peuvent \u00eatre command\u00e9s \u00e0 l\u2019usine avec votre impression personnalis\u00e9e lorsque vous respectez la quantit\u00e9 minimale de commande pour chaque produit individuel. Vous pouvez voir quels produits sont disponibles pour ce programme lorsque vous magasinez nos solutions uniques.<br><br>Pour obtenir un prix pr\u00e9cis sur l\u2019impression de votre logo sur un produit, contactez-nous pour une proposition.<\/p>","protected":false},"excerpt":{"rendered":"<p>Envoyez Votre Logo Pour Une \u00c9preuve Et Un Devis Gratuit. Pour un professionnalisme ultime sur le chantier, bon nombre de nos produits peuvent \u00eatre command\u00e9s \u00e0 l\u2019usine avec votre impression personnalis\u00e9e lorsque vous respectez la quantit\u00e9 minimale de commande pour chaque produit individuel. Vous pouvez voir quels produits sont disponibles pour ce programme lorsque vous [&hellip;]<\/p>\n","protected":false},"author":1,"featured_media":4293,"parent":0,"menu_order":8,"comment_status":"closed","ping_status":"closed","template":"page-form.php","meta":{"_acf_changed":false,"footnotes":""},"class_list":["post-4899","page","type-page","status-publish","has-post-thumbnail","hentry"],"acf":[],"yoast_head":"<!-- This site is optimized with the Yoast SEO plugin v27.1.1 - https:\/\/yoast.com\/product\/yoast-seo-wordpress\/ -->\n<title>Imprim\u00e9 Personnalis\u00e9 - Axiom | Temporary Surface Protection<\/title>\n<meta name=\"description\" content=\"Pour vous d\u00e9marquer et commander votre propre logo personnalis\u00e9 imprim\u00e9 sur nos produits, d\u00e8s que vous atteignez la quantit\u00e9 minimale requise\" \/>\n<meta name=\"robots\" content=\"index, follow, max-snippet:-1, max-image-preview:large, max-video-preview:-1\" \/>\n<link rel=\"canonical\" href=\"https:\/\/axiomtsp.com\/fr\/imprime-personnalise\/\" \/>\n<meta property=\"og:locale\" content=\"fr_FR\" \/>\n<meta property=\"og:type\" content=\"article\" \/>\n<meta property=\"og:title\" content=\"Imprim\u00e9 Personnalis\u00e9 - Axiom | Temporary Surface Protection\" \/>\n<meta property=\"og:description\" content=\"Pour vous d\u00e9marquer et commander votre propre logo personnalis\u00e9 imprim\u00e9 sur nos produits, d\u00e8s que vous atteignez la quantit\u00e9 minimale requise\" \/>\n<meta property=\"og:url\" content=\"https:\/\/axiomtsp.com\/fr\/imprime-personnalise\/\" \/>\n<meta property=\"og:site_name\" content=\"Axiom | Temporary Surface Protection\" \/>\n<meta property=\"article:modified_time\" content=\"2024-03-22T10:26:54+00:00\" \/>\n<meta property=\"og:image\" content=\"https:\/\/axiomtsp.com\/wp-content\/uploads\/2022\/07\/Custom-Printed-e1658546206727.jpg\" \/>\n\t<meta property=\"og:image:width\" content=\"1800\" \/>\n\t<meta property=\"og:image:height\" content=\"922\" \/>\n\t<meta property=\"og:image:type\" content=\"image\/jpeg\" \/>\n<meta name=\"twitter:card\" content=\"summary_large_image\" \/>\n<meta name=\"twitter:label1\" content=\"Dur\u00e9e de lecture estim\u00e9e\" \/>\n\t<meta name=\"twitter:data1\" content=\"1 minute\" \/>\n<script type=\"application\/ld+json\" class=\"yoast-schema-graph\">{\"@context\":\"https:\/\/schema.org\",\"@graph\":[{\"@type\":\"WebPage\",\"@id\":\"https:\/\/axiomtsp.com\/fr\/imprime-personnalise\/\",\"url\":\"https:\/\/axiomtsp.com\/fr\/imprime-personnalise\/\",\"name\":\"Imprim\u00e9 Personnalis\u00e9 - Axiom | Temporary Surface Protection\",\"isPartOf\":{\"@id\":\"https:\/\/axiomtsp.com\/fr\/#website\"},\"primaryImageOfPage\":{\"@id\":\"https:\/\/axiomtsp.com\/fr\/imprime-personnalise\/#primaryimage\"},\"image\":{\"@id\":\"https:\/\/axiomtsp.com\/fr\/imprime-personnalise\/#primaryimage\"},\"thumbnailUrl\":\"https:\/\/axiomtsp.com\/wp-cms\/wp-content\/uploads\/2022\/07\/Custom-Printed-e1658546206727.jpg\",\"datePublished\":\"2022-05-23T21:38:44+00:00\",\"dateModified\":\"2024-03-22T10:26:54+00:00\",\"description\":\"Pour vous d\u00e9marquer et commander votre propre logo personnalis\u00e9 imprim\u00e9 sur nos produits, d\u00e8s que vous atteignez la quantit\u00e9 minimale requise\",\"breadcrumb\":{\"@id\":\"https:\/\/axiomtsp.com\/fr\/imprime-personnalise\/#breadcrumb\"},\"inLanguage\":\"fr-FR\",\"potentialAction\":[{\"@type\":\"ReadAction\",\"target\":[\"https:\/\/axiomtsp.com\/fr\/imprime-personnalise\/\"]}]},{\"@type\":\"ImageObject\",\"inLanguage\":\"fr-FR\",\"@id\":\"https:\/\/axiomtsp.com\/fr\/imprime-personnalise\/#primaryimage\",\"url\":\"https:\/\/axiomtsp.com\/wp-cms\/wp-content\/uploads\/2022\/07\/Custom-Printed-e1658546206727.jpg\",\"contentUrl\":\"https:\/\/axiomtsp.com\/wp-cms\/wp-content\/uploads\/2022\/07\/Custom-Printed-e1658546206727.jpg\",\"width\":1800,\"height\":922},{\"@type\":\"BreadcrumbList\",\"@id\":\"https:\/\/axiomtsp.com\/fr\/imprime-personnalise\/#breadcrumb\",\"itemListElement\":[{\"@type\":\"ListItem\",\"position\":1,\"name\":\"Home\",\"item\":\"https:\/\/axiomtsp.com\/fr\/\"},{\"@type\":\"ListItem\",\"position\":2,\"name\":\"Imprim\u00e9 Personnalis\u00e9\"}]},{\"@type\":\"WebSite\",\"@id\":\"https:\/\/axiomtsp.com\/fr\/#website\",\"url\":\"https:\/\/axiomtsp.com\/fr\/\",\"name\":\"Axiom | Temporary Surface Protection\",\"description\":\"We stock the largest range of Temporary Surface Protection products in Canada. We help you choose the best solution for your project to ensure that you save time and money, avoid disruption to your construction schedule, maximize profitability on your projects, and prevent damage to your reputation.\",\"potentialAction\":[{\"@type\":\"SearchAction\",\"target\":{\"@type\":\"EntryPoint\",\"urlTemplate\":\"https:\/\/axiomtsp.com\/fr\/?s={search_term_string}\"},\"query-input\":{\"@type\":\"PropertyValueSpecification\",\"valueRequired\":true,\"valueName\":\"search_term_string\"}}],\"inLanguage\":\"fr-FR\"}]}<\/script>\n<!-- \/ Yoast SEO plugin. -->","yoast_head_json":{"title":"Imprim\u00e9 Personnalis\u00e9 - Axiom | Temporary Surface Protection","description":"Pour vous d\u00e9marquer et commander votre propre logo personnalis\u00e9 imprim\u00e9 sur nos produits, d\u00e8s que vous atteignez la quantit\u00e9 minimale requise","robots":{"index":"index","follow":"follow","max-snippet":"max-snippet:-1","max-image-preview":"max-image-preview:large","max-video-preview":"max-video-preview:-1"},"canonical":"https:\/\/axiomtsp.com\/fr\/imprime-personnalise\/","og_locale":"fr_FR","og_type":"article","og_title":"Imprim\u00e9 Personnalis\u00e9 - Axiom | Temporary Surface Protection","og_description":"Pour vous d\u00e9marquer et commander votre propre logo personnalis\u00e9 imprim\u00e9 sur nos produits, d\u00e8s que vous atteignez la quantit\u00e9 minimale requise","og_url":"https:\/\/axiomtsp.com\/fr\/imprime-personnalise\/","og_site_name":"Axiom | Temporary Surface Protection","article_modified_time":"2024-03-22T10:26:54+00:00","og_image":[{"width":1800,"height":922,"url":"https:\/\/axiomtsp.com\/wp-content\/uploads\/2022\/07\/Custom-Printed-e1658546206727.jpg","type":"image\/jpeg"}],"twitter_card":"summary_large_image","twitter_misc":{"Dur\u00e9e de lecture estim\u00e9e":"1 minute"},"schema":{"@context":"https:\/\/schema.org","@graph":[{"@type":"WebPage","@id":"https:\/\/axiomtsp.com\/fr\/imprime-personnalise\/","url":"https:\/\/axiomtsp.com\/fr\/imprime-personnalise\/","name":"Imprim\u00e9 Personnalis\u00e9 - Axiom | Temporary Surface Protection","isPartOf":{"@id":"https:\/\/axiomtsp.com\/fr\/#website"},"primaryImageOfPage":{"@id":"https:\/\/axiomtsp.com\/fr\/imprime-personnalise\/#primaryimage"},"image":{"@id":"https:\/\/axiomtsp.com\/fr\/imprime-personnalise\/#primaryimage"},"thumbnailUrl":"https:\/\/axiomtsp.com\/wp-cms\/wp-content\/uploads\/2022\/07\/Custom-Printed-e1658546206727.jpg","datePublished":"2022-05-23T21:38:44+00:00","dateModified":"2024-03-22T10:26:54+00:00","description":"Pour vous d\u00e9marquer et commander votre propre logo personnalis\u00e9 imprim\u00e9 sur nos produits, d\u00e8s que vous atteignez la quantit\u00e9 minimale requise","breadcrumb":{"@id":"https:\/\/axiomtsp.com\/fr\/imprime-personnalise\/#breadcrumb"},"inLanguage":"fr-FR","potentialAction":[{"@type":"ReadAction","target":["https:\/\/axiomtsp.com\/fr\/imprime-personnalise\/"]}]},{"@type":"ImageObject","inLanguage":"fr-FR","@id":"https:\/\/axiomtsp.com\/fr\/imprime-personnalise\/#primaryimage","url":"https:\/\/axiomtsp.com\/wp-cms\/wp-content\/uploads\/2022\/07\/Custom-Printed-e1658546206727.jpg","contentUrl":"https:\/\/axiomtsp.com\/wp-cms\/wp-content\/uploads\/2022\/07\/Custom-Printed-e1658546206727.jpg","width":1800,"height":922},{"@type":"BreadcrumbList","@id":"https:\/\/axiomtsp.com\/fr\/imprime-personnalise\/#breadcrumb","itemListElement":[{"@type":"ListItem","position":1,"name":"Home","item":"https:\/\/axiomtsp.com\/fr\/"},{"@type":"ListItem","position":2,"name":"Imprim\u00e9 Personnalis\u00e9"}]},{"@type":"WebSite","@id":"https:\/\/axiomtsp.com\/fr\/#website","url":"https:\/\/axiomtsp.com\/fr\/","name":"Axiom | Temporary Surface Protection","description":"We stock the largest range of Temporary Surface Protection products in Canada. We help you choose the best solution for your project to ensure that you save time and money, avoid disruption to your construction schedule, maximize profitability on your projects, and prevent damage to your reputation.","potentialAction":[{"@type":"SearchAction","target":{"@type":"EntryPoint","urlTemplate":"https:\/\/axiomtsp.com\/fr\/?s={search_term_string}"},"query-input":{"@type":"PropertyValueSpecification","valueRequired":true,"valueName":"search_term_string"}}],"inLanguage":"fr-FR"}]}},"_links":{"self":[{"href":"https:\/\/axiomtsp.com\/fr\/wp-json\/wp\/v2\/pages\/4899","targetHints":{"allow":["GET"]}}],"collection":[{"href":"https:\/\/axiomtsp.com\/fr\/wp-json\/wp\/v2\/pages"}],"about":[{"href":"https:\/\/axiomtsp.com\/fr\/wp-json\/wp\/v2\/types\/page"}],"author":[{"embeddable":true,"href":"https:\/\/axiomtsp.com\/fr\/wp-json\/wp\/v2\/users\/1"}],"replies":[{"embeddable":true,"href":"https:\/\/axiomtsp.com\/fr\/wp-json\/wp\/v2\/comments?post=4899"}],"version-history":[{"count":3,"href":"https:\/\/axiomtsp.com\/fr\/wp-json\/wp\/v2\/pages\/4899\/revisions"}],"predecessor-version":[{"id":5325,"href":"https:\/\/axiomtsp.com\/fr\/wp-json\/wp\/v2\/pages\/4899\/revisions\/5325"}],"wp:featuredmedia":[{"embeddable":true,"href":"https:\/\/axiomtsp.com\/fr\/wp-json\/wp\/v2\/media\/4293"}],"wp:attachment":[{"href":"https:\/\/axiomtsp.com\/fr\/wp-json\/wp\/v2\/media?parent=4899"}],"curies":[{"name":"wp","href":"https:\/\/api.w.org\/{rel}","templated":true}]}}