{"id":4896,"date":"2022-05-17T11:58:18","date_gmt":"2022-05-17T11:58:18","guid":{"rendered":"https:\/\/axiomtsp.com\/get-samples\/"},"modified":"2024-07-25T08:19:33","modified_gmt":"2024-07-25T08:19:33","slug":"boite-dechantillons","status":"publish","type":"page","link":"https:\/\/axiomtsp.com\/fr\/boite-dechantillons\/","title":{"rendered":"#AxiomSampleBox"},"content":{"rendered":"<h2 class=\"wp-block-heading\">Obtenez Votre Propre Bo\u00eete D\u00e9chantillons Axiom D\u00e9s Maintenant<\/h2><p>Notre bo\u00eete d\u2019\u00e9chantillons Axiom gratuite signifie que vous pouvez essayer avant d\u2019acheter (nous inclurons m\u00eame un paquet de bonbons gratuit pour vous remercier!).<\/p><p>Parce que parfois vous avez besoin d\u2019essayer un produit ou de le sentir entre vos mains, vous pouvez v\u00e9rifier qu\u2019un produit r\u00e9pondra \u00e0 vos besoins gr\u00e2ce \u00e0 notre service gratuit Axiom Sample Box, livr\u00e9e directement chez vous.<\/p><p>D\u00e9couvrez la protection temporaire de surface sans aucune conjecture ! Demandez la v\u00f4tre maintenant.<\/p><figure class=\"wp-block-image size-large is-resized\"><img loading=\"lazy\" decoding=\"async\" width=\"1024\" height=\"1024\" src=\"https:\/\/axiomtsp.com\/wp-cms\/wp-content\/uploads\/2023\/09\/Axiom-Sample-Box-1-1024x1024.jpg\" alt=\"\" class=\"wp-image-3468\" style=\"object-fit:cover;width:250px;height:250px\" srcset=\"https:\/\/axiomtsp.com\/wp-cms\/wp-content\/uploads\/2023\/09\/Axiom-Sample-Box-1-1024x1024.jpg 1024w, https:\/\/axiomtsp.com\/wp-cms\/wp-content\/uploads\/2023\/09\/Axiom-Sample-Box-1-300x300.jpg 300w, https:\/\/axiomtsp.com\/wp-cms\/wp-content\/uploads\/2023\/09\/Axiom-Sample-Box-1-150x150.jpg 150w, https:\/\/axiomtsp.com\/wp-cms\/wp-content\/uploads\/2023\/09\/Axiom-Sample-Box-1-768x768.jpg 768w, https:\/\/axiomtsp.com\/wp-cms\/wp-content\/uploads\/2023\/09\/Axiom-Sample-Box-1-100x100.jpg 100w, https:\/\/axiomtsp.com\/wp-cms\/wp-content\/uploads\/2023\/09\/Axiom-Sample-Box-1-600x600.jpg 600w, https:\/\/axiomtsp.com\/wp-cms\/wp-content\/uploads\/2023\/09\/Axiom-Sample-Box-1.jpg 1440w\" sizes=\"auto, (max-width: 1024px) 100vw, 1024px\" \/><\/figure>","protected":false},"excerpt":{"rendered":"<p>Obtenez Votre Propre Bo\u00eete D\u00e9chantillons Axiom D\u00e9s Maintenant Notre bo\u00eete d\u2019\u00e9chantillons Axiom gratuite signifie que vous pouvez essayer avant d\u2019acheter (nous inclurons m\u00eame un paquet de bonbons gratuit pour vous remercier!). Parce que parfois vous avez besoin d\u2019essayer un produit ou de le sentir entre vos mains, vous pouvez v\u00e9rifier qu\u2019un produit r\u00e9pondra \u00e0 vos [&hellip;]<\/p>\n","protected":false},"author":1,"featured_media":5458,"parent":0,"menu_order":6,"comment_status":"closed","ping_status":"closed","template":"page-form.php","meta":{"_acf_changed":false,"footnotes":""},"class_list":["post-4896","page","type-page","status-publish","has-post-thumbnail","hentry"],"acf":[],"yoast_head":"<!-- This site is optimized with the Yoast SEO plugin v27.1.1 - https:\/\/yoast.com\/product\/yoast-seo-wordpress\/ -->\n<title>#AxiomSampleBox - Axiom | Temporary Surface Protection<\/title>\n<meta name=\"description\" content=\"V\u00e9rifiez si un produit conviendra \u00e0 vos besoins avec notre service de bo\u00eete d&#039;\u00e9chantillons Axiom gratuit. Sans aucune incertitude!\" \/>\n<meta name=\"robots\" content=\"index, follow, max-snippet:-1, max-image-preview:large, max-video-preview:-1\" \/>\n<link rel=\"canonical\" href=\"https:\/\/axiomtsp.com\/fr\/boite-dechantillons\/\" \/>\n<meta property=\"og:locale\" content=\"fr_FR\" \/>\n<meta property=\"og:type\" content=\"article\" \/>\n<meta property=\"og:title\" content=\"#AxiomSampleBox - Axiom | Temporary Surface Protection\" \/>\n<meta property=\"og:description\" content=\"V\u00e9rifiez si un produit conviendra \u00e0 vos besoins avec notre service de bo\u00eete d&#039;\u00e9chantillons Axiom gratuit. Sans aucune incertitude!\" \/>\n<meta property=\"og:url\" content=\"https:\/\/axiomtsp.com\/fr\/boite-dechantillons\/\" \/>\n<meta property=\"og:site_name\" content=\"Axiom | Temporary Surface Protection\" \/>\n<meta property=\"article:modified_time\" content=\"2024-07-25T08:19:33+00:00\" \/>\n<meta property=\"og:image\" content=\"https:\/\/axiomtsp.com\/wp-content\/uploads\/2024\/05\/Axiom-Sample-Box.jpg\" \/>\n\t<meta property=\"og:image:width\" content=\"1800\" \/>\n\t<meta property=\"og:image:height\" content=\"922\" \/>\n\t<meta property=\"og:image:type\" content=\"image\/jpeg\" \/>\n<meta name=\"twitter:card\" content=\"summary_large_image\" \/>\n<meta name=\"twitter:label1\" content=\"Dur\u00e9e de lecture estim\u00e9e\" \/>\n\t<meta name=\"twitter:data1\" content=\"1 minute\" \/>\n<script type=\"application\/ld+json\" class=\"yoast-schema-graph\">{\"@context\":\"https:\/\/schema.org\",\"@graph\":[{\"@type\":\"WebPage\",\"@id\":\"https:\/\/axiomtsp.com\/fr\/boite-dechantillons\/\",\"url\":\"https:\/\/axiomtsp.com\/fr\/boite-dechantillons\/\",\"name\":\"#AxiomSampleBox - Axiom | Temporary Surface Protection\",\"isPartOf\":{\"@id\":\"https:\/\/axiomtsp.com\/fr\/#website\"},\"primaryImageOfPage\":{\"@id\":\"https:\/\/axiomtsp.com\/fr\/boite-dechantillons\/#primaryimage\"},\"image\":{\"@id\":\"https:\/\/axiomtsp.com\/fr\/boite-dechantillons\/#primaryimage\"},\"thumbnailUrl\":\"https:\/\/axiomtsp.com\/wp-cms\/wp-content\/uploads\/2024\/05\/Axiom-Sample-Box.jpg\",\"datePublished\":\"2022-05-17T11:58:18+00:00\",\"dateModified\":\"2024-07-25T08:19:33+00:00\",\"description\":\"V\u00e9rifiez si un produit conviendra \u00e0 vos besoins avec notre service de bo\u00eete d'\u00e9chantillons Axiom gratuit. Sans aucune incertitude!\",\"breadcrumb\":{\"@id\":\"https:\/\/axiomtsp.com\/fr\/boite-dechantillons\/#breadcrumb\"},\"inLanguage\":\"fr-FR\",\"potentialAction\":[{\"@type\":\"ReadAction\",\"target\":[\"https:\/\/axiomtsp.com\/fr\/boite-dechantillons\/\"]}]},{\"@type\":\"ImageObject\",\"inLanguage\":\"fr-FR\",\"@id\":\"https:\/\/axiomtsp.com\/fr\/boite-dechantillons\/#primaryimage\",\"url\":\"https:\/\/axiomtsp.com\/wp-cms\/wp-content\/uploads\/2024\/05\/Axiom-Sample-Box.jpg\",\"contentUrl\":\"https:\/\/axiomtsp.com\/wp-cms\/wp-content\/uploads\/2024\/05\/Axiom-Sample-Box.jpg\",\"width\":1800,\"height\":922},{\"@type\":\"BreadcrumbList\",\"@id\":\"https:\/\/axiomtsp.com\/fr\/boite-dechantillons\/#breadcrumb\",\"itemListElement\":[{\"@type\":\"ListItem\",\"position\":1,\"name\":\"Home\",\"item\":\"https:\/\/axiomtsp.com\/fr\/\"},{\"@type\":\"ListItem\",\"position\":2,\"name\":\"#AxiomSampleBox\"}]},{\"@type\":\"WebSite\",\"@id\":\"https:\/\/axiomtsp.com\/fr\/#website\",\"url\":\"https:\/\/axiomtsp.com\/fr\/\",\"name\":\"Axiom | Temporary Surface Protection\",\"description\":\"We stock the largest range of Temporary Surface Protection products in Canada. We help you choose the best solution for your project to ensure that you save time and money, avoid disruption to your construction schedule, maximize profitability on your projects, and prevent damage to your reputation.\",\"potentialAction\":[{\"@type\":\"SearchAction\",\"target\":{\"@type\":\"EntryPoint\",\"urlTemplate\":\"https:\/\/axiomtsp.com\/fr\/?s={search_term_string}\"},\"query-input\":{\"@type\":\"PropertyValueSpecification\",\"valueRequired\":true,\"valueName\":\"search_term_string\"}}],\"inLanguage\":\"fr-FR\"}]}<\/script>\n<!-- \/ Yoast SEO plugin. -->","yoast_head_json":{"title":"#AxiomSampleBox - Axiom | Temporary Surface Protection","description":"V\u00e9rifiez si un produit conviendra \u00e0 vos besoins avec notre service de bo\u00eete d'\u00e9chantillons Axiom gratuit. Sans aucune incertitude!","robots":{"index":"index","follow":"follow","max-snippet":"max-snippet:-1","max-image-preview":"max-image-preview:large","max-video-preview":"max-video-preview:-1"},"canonical":"https:\/\/axiomtsp.com\/fr\/boite-dechantillons\/","og_locale":"fr_FR","og_type":"article","og_title":"#AxiomSampleBox - Axiom | Temporary Surface Protection","og_description":"V\u00e9rifiez si un produit conviendra \u00e0 vos besoins avec notre service de bo\u00eete d'\u00e9chantillons Axiom gratuit. Sans aucune incertitude!","og_url":"https:\/\/axiomtsp.com\/fr\/boite-dechantillons\/","og_site_name":"Axiom | Temporary Surface Protection","article_modified_time":"2024-07-25T08:19:33+00:00","og_image":[{"width":1800,"height":922,"url":"https:\/\/axiomtsp.com\/wp-content\/uploads\/2024\/05\/Axiom-Sample-Box.jpg","type":"image\/jpeg"}],"twitter_card":"summary_large_image","twitter_misc":{"Dur\u00e9e de lecture estim\u00e9e":"1 minute"},"schema":{"@context":"https:\/\/schema.org","@graph":[{"@type":"WebPage","@id":"https:\/\/axiomtsp.com\/fr\/boite-dechantillons\/","url":"https:\/\/axiomtsp.com\/fr\/boite-dechantillons\/","name":"#AxiomSampleBox - Axiom | Temporary Surface Protection","isPartOf":{"@id":"https:\/\/axiomtsp.com\/fr\/#website"},"primaryImageOfPage":{"@id":"https:\/\/axiomtsp.com\/fr\/boite-dechantillons\/#primaryimage"},"image":{"@id":"https:\/\/axiomtsp.com\/fr\/boite-dechantillons\/#primaryimage"},"thumbnailUrl":"https:\/\/axiomtsp.com\/wp-cms\/wp-content\/uploads\/2024\/05\/Axiom-Sample-Box.jpg","datePublished":"2022-05-17T11:58:18+00:00","dateModified":"2024-07-25T08:19:33+00:00","description":"V\u00e9rifiez si un produit conviendra \u00e0 vos besoins avec notre service de bo\u00eete d'\u00e9chantillons Axiom gratuit. Sans aucune incertitude!","breadcrumb":{"@id":"https:\/\/axiomtsp.com\/fr\/boite-dechantillons\/#breadcrumb"},"inLanguage":"fr-FR","potentialAction":[{"@type":"ReadAction","target":["https:\/\/axiomtsp.com\/fr\/boite-dechantillons\/"]}]},{"@type":"ImageObject","inLanguage":"fr-FR","@id":"https:\/\/axiomtsp.com\/fr\/boite-dechantillons\/#primaryimage","url":"https:\/\/axiomtsp.com\/wp-cms\/wp-content\/uploads\/2024\/05\/Axiom-Sample-Box.jpg","contentUrl":"https:\/\/axiomtsp.com\/wp-cms\/wp-content\/uploads\/2024\/05\/Axiom-Sample-Box.jpg","width":1800,"height":922},{"@type":"BreadcrumbList","@id":"https:\/\/axiomtsp.com\/fr\/boite-dechantillons\/#breadcrumb","itemListElement":[{"@type":"ListItem","position":1,"name":"Home","item":"https:\/\/axiomtsp.com\/fr\/"},{"@type":"ListItem","position":2,"name":"#AxiomSampleBox"}]},{"@type":"WebSite","@id":"https:\/\/axiomtsp.com\/fr\/#website","url":"https:\/\/axiomtsp.com\/fr\/","name":"Axiom | Temporary Surface Protection","description":"We stock the largest range of Temporary Surface Protection products in Canada. We help you choose the best solution for your project to ensure that you save time and money, avoid disruption to your construction schedule, maximize profitability on your projects, and prevent damage to your reputation.","potentialAction":[{"@type":"SearchAction","target":{"@type":"EntryPoint","urlTemplate":"https:\/\/axiomtsp.com\/fr\/?s={search_term_string}"},"query-input":{"@type":"PropertyValueSpecification","valueRequired":true,"valueName":"search_term_string"}}],"inLanguage":"fr-FR"}]}},"_links":{"self":[{"href":"https:\/\/axiomtsp.com\/fr\/wp-json\/wp\/v2\/pages\/4896","targetHints":{"allow":["GET"]}}],"collection":[{"href":"https:\/\/axiomtsp.com\/fr\/wp-json\/wp\/v2\/pages"}],"about":[{"href":"https:\/\/axiomtsp.com\/fr\/wp-json\/wp\/v2\/types\/page"}],"author":[{"embeddable":true,"href":"https:\/\/axiomtsp.com\/fr\/wp-json\/wp\/v2\/users\/1"}],"replies":[{"embeddable":true,"href":"https:\/\/axiomtsp.com\/fr\/wp-json\/wp\/v2\/comments?post=4896"}],"version-history":[{"count":2,"href":"https:\/\/axiomtsp.com\/fr\/wp-json\/wp\/v2\/pages\/4896\/revisions"}],"predecessor-version":[{"id":5893,"href":"https:\/\/axiomtsp.com\/fr\/wp-json\/wp\/v2\/pages\/4896\/revisions\/5893"}],"wp:featuredmedia":[{"embeddable":true,"href":"https:\/\/axiomtsp.com\/fr\/wp-json\/wp\/v2\/media\/5458"}],"wp:attachment":[{"href":"https:\/\/axiomtsp.com\/fr\/wp-json\/wp\/v2\/media?parent=4896"}],"curies":[{"name":"wp","href":"https:\/\/api.w.org\/{rel}","templated":true}]}}