{"id":4692,"date":"2022-05-16T21:58:47","date_gmt":"2022-05-16T21:58:47","guid":{"rendered":"https:\/\/axiomtsp.com\/delivery-information\/"},"modified":"2024-07-16T09:56:09","modified_gmt":"2024-07-16T09:56:09","slug":"informations-de-livraison","status":"publish","type":"page","link":"https:\/\/axiomtsp.com\/fr\/informations-de-livraison\/","title":{"rendered":"Informations Sur La Livraison"},"content":{"rendered":"<p>Nos produits sont g\u00e9n\u00e9ralement exp\u00e9di\u00e9s dans un d\u00e9lai de 1 \u00e0 2 jours ouvrables en utilisant divers transporteurs pr\u00e9f\u00e9r\u00e9s. Si un produit n&rsquo;est pas en stock ou en cas de probl\u00e8mes impr\u00e9vus, vous serez inform\u00e9 dans les 3 jours ouvrables. Pour retourner votre produit, veuillez l&rsquo;envoyer \u00e0 l&rsquo;adresse suivante : 125-5305 McCall Way NE, Calgary, AB T2E 7N7, Canada. Vous serez responsable des frais d&rsquo;exp\u00e9dition pour le retour de votre article. Les frais d&rsquo;exp\u00e9dition ne sont pas remboursables. Si vous recevez un remboursement, le co\u00fbt de l&rsquo;exp\u00e9dition de retour sera d\u00e9duit de votre remboursement. Si vous exp\u00e9diez un article de plus de 75 $, vous devriez envisager d&rsquo;utiliser un service d&rsquo;exp\u00e9dition tra\u00e7able ou d&rsquo;acheter une assurance exp\u00e9dition. Nous ne garantissons pas la r\u00e9ception de votre article retourn\u00e9.<\/p><p>La livraison est gratuite partout au Canada pour toutes les commandes de plus de 750 $, \u00e0 l&rsquo;exception des Territoires du Nord-Ouest, du Nunavut, du territoire du Yukon et des zones \u00e9loign\u00e9es d\u00e9termin\u00e9es par un responsable de compte cl\u00e9 d&rsquo;Axiom. Les frais de livraison de base pour toutes les commandes de moins de 750 $ sont de 39,95 $ (REMARQUE : des frais de livraison suppl\u00e9mentaires tels que la livraison r\u00e9sidentielle, sur chantier de construction, l&rsquo;utilisation de la plate-forme \u00e9l\u00e9vatrice, le temps d&rsquo;attente \u00e0 la livraison, etc., peuvent encore s&rsquo;appliquer).<\/p>","protected":false},"excerpt":{"rendered":"<p>Nos produits sont g\u00e9n\u00e9ralement exp\u00e9di\u00e9s dans un d\u00e9lai de 1 \u00e0 2 jours ouvrables en utilisant divers transporteurs pr\u00e9f\u00e9r\u00e9s. Si un produit n&rsquo;est pas en stock ou en cas de probl\u00e8mes impr\u00e9vus, vous serez inform\u00e9 dans les 3 jours ouvrables. Pour retourner votre produit, veuillez l&rsquo;envoyer \u00e0 l&rsquo;adresse suivante : 125-5305 McCall Way NE, Calgary, [&hellip;]<\/p>\n","protected":false},"author":1,"featured_media":3707,"parent":0,"menu_order":16,"comment_status":"closed","ping_status":"open","template":"","meta":{"_acf_changed":false,"footnotes":""},"class_list":["post-4692","page","type-page","status-publish","has-post-thumbnail","hentry"],"acf":[],"yoast_head":"<!-- This site is optimized with the Yoast SEO plugin v27.1.1 - https:\/\/yoast.com\/product\/yoast-seo-wordpress\/ -->\n<title>Informations Sur La Livraison - Axiom | Temporary Surface Protection<\/title>\n<meta name=\"description\" content=\"D\u00e9couvrez la livraison rapide et le retour transparent chez Axiom, avec la livraison gratuite au Canada pour les commandes de plus de 750$.\" \/>\n<meta name=\"robots\" content=\"index, follow, max-snippet:-1, max-image-preview:large, max-video-preview:-1\" \/>\n<link rel=\"canonical\" href=\"https:\/\/axiomtsp.com\/fr\/informations-de-livraison\/\" \/>\n<meta property=\"og:locale\" content=\"fr_FR\" \/>\n<meta property=\"og:type\" content=\"article\" \/>\n<meta property=\"og:title\" content=\"Informations Sur La Livraison - Axiom | Temporary Surface Protection\" \/>\n<meta property=\"og:description\" content=\"D\u00e9couvrez la livraison rapide et le retour transparent chez Axiom, avec la livraison gratuite au Canada pour les commandes de plus de 750$.\" \/>\n<meta property=\"og:url\" content=\"https:\/\/axiomtsp.com\/fr\/informations-de-livraison\/\" \/>\n<meta property=\"og:site_name\" content=\"Axiom | Temporary Surface Protection\" \/>\n<meta property=\"article:modified_time\" content=\"2024-07-16T09:56:09+00:00\" \/>\n<meta property=\"og:image\" content=\"https:\/\/axiomtsp.com\/wp-content\/uploads\/2022\/07\/Contact-e1658531319160.jpg\" \/>\n\t<meta property=\"og:image:width\" content=\"1800\" \/>\n\t<meta property=\"og:image:height\" content=\"922\" \/>\n\t<meta property=\"og:image:type\" content=\"image\/jpeg\" \/>\n<meta name=\"twitter:card\" content=\"summary_large_image\" \/>\n<meta name=\"twitter:label1\" content=\"Dur\u00e9e de lecture estim\u00e9e\" \/>\n\t<meta name=\"twitter:data1\" content=\"2 minutes\" \/>\n<script type=\"application\/ld+json\" class=\"yoast-schema-graph\">{\"@context\":\"https:\/\/schema.org\",\"@graph\":[{\"@type\":\"WebPage\",\"@id\":\"https:\/\/axiomtsp.com\/fr\/informations-de-livraison\/\",\"url\":\"https:\/\/axiomtsp.com\/fr\/informations-de-livraison\/\",\"name\":\"Informations Sur La Livraison - Axiom | Temporary Surface Protection\",\"isPartOf\":{\"@id\":\"https:\/\/axiomtsp.com\/fr\/#website\"},\"primaryImageOfPage\":{\"@id\":\"https:\/\/axiomtsp.com\/fr\/informations-de-livraison\/#primaryimage\"},\"image\":{\"@id\":\"https:\/\/axiomtsp.com\/fr\/informations-de-livraison\/#primaryimage\"},\"thumbnailUrl\":\"https:\/\/axiomtsp.com\/wp-cms\/wp-content\/uploads\/2022\/07\/Contact-e1658531319160.jpg\",\"datePublished\":\"2022-05-16T21:58:47+00:00\",\"dateModified\":\"2024-07-16T09:56:09+00:00\",\"description\":\"D\u00e9couvrez la livraison rapide et le retour transparent chez Axiom, avec la livraison gratuite au Canada pour les commandes de plus de 750$.\",\"breadcrumb\":{\"@id\":\"https:\/\/axiomtsp.com\/fr\/informations-de-livraison\/#breadcrumb\"},\"inLanguage\":\"fr-FR\",\"potentialAction\":[{\"@type\":\"ReadAction\",\"target\":[\"https:\/\/axiomtsp.com\/fr\/informations-de-livraison\/\"]}]},{\"@type\":\"ImageObject\",\"inLanguage\":\"fr-FR\",\"@id\":\"https:\/\/axiomtsp.com\/fr\/informations-de-livraison\/#primaryimage\",\"url\":\"https:\/\/axiomtsp.com\/wp-cms\/wp-content\/uploads\/2022\/07\/Contact-e1658531319160.jpg\",\"contentUrl\":\"https:\/\/axiomtsp.com\/wp-cms\/wp-content\/uploads\/2022\/07\/Contact-e1658531319160.jpg\",\"width\":1800,\"height\":922},{\"@type\":\"BreadcrumbList\",\"@id\":\"https:\/\/axiomtsp.com\/fr\/informations-de-livraison\/#breadcrumb\",\"itemListElement\":[{\"@type\":\"ListItem\",\"position\":1,\"name\":\"Home\",\"item\":\"https:\/\/axiomtsp.com\/fr\/\"},{\"@type\":\"ListItem\",\"position\":2,\"name\":\"Informations Sur La Livraison\"}]},{\"@type\":\"WebSite\",\"@id\":\"https:\/\/axiomtsp.com\/fr\/#website\",\"url\":\"https:\/\/axiomtsp.com\/fr\/\",\"name\":\"Axiom | Temporary Surface Protection\",\"description\":\"We stock the largest range of Temporary Surface Protection products in Canada. We help you choose the best solution for your project to ensure that you save time and money, avoid disruption to your construction schedule, maximize profitability on your projects, and prevent damage to your reputation.\",\"potentialAction\":[{\"@type\":\"SearchAction\",\"target\":{\"@type\":\"EntryPoint\",\"urlTemplate\":\"https:\/\/axiomtsp.com\/fr\/?s={search_term_string}\"},\"query-input\":{\"@type\":\"PropertyValueSpecification\",\"valueRequired\":true,\"valueName\":\"search_term_string\"}}],\"inLanguage\":\"fr-FR\"}]}<\/script>\n<!-- \/ Yoast SEO plugin. -->","yoast_head_json":{"title":"Informations Sur La Livraison - Axiom | Temporary Surface Protection","description":"D\u00e9couvrez la livraison rapide et le retour transparent chez Axiom, avec la livraison gratuite au Canada pour les commandes de plus de 750$.","robots":{"index":"index","follow":"follow","max-snippet":"max-snippet:-1","max-image-preview":"max-image-preview:large","max-video-preview":"max-video-preview:-1"},"canonical":"https:\/\/axiomtsp.com\/fr\/informations-de-livraison\/","og_locale":"fr_FR","og_type":"article","og_title":"Informations Sur La Livraison - Axiom | Temporary Surface Protection","og_description":"D\u00e9couvrez la livraison rapide et le retour transparent chez Axiom, avec la livraison gratuite au Canada pour les commandes de plus de 750$.","og_url":"https:\/\/axiomtsp.com\/fr\/informations-de-livraison\/","og_site_name":"Axiom | Temporary Surface Protection","article_modified_time":"2024-07-16T09:56:09+00:00","og_image":[{"width":1800,"height":922,"url":"https:\/\/axiomtsp.com\/wp-content\/uploads\/2022\/07\/Contact-e1658531319160.jpg","type":"image\/jpeg"}],"twitter_card":"summary_large_image","twitter_misc":{"Dur\u00e9e de lecture estim\u00e9e":"2 minutes"},"schema":{"@context":"https:\/\/schema.org","@graph":[{"@type":"WebPage","@id":"https:\/\/axiomtsp.com\/fr\/informations-de-livraison\/","url":"https:\/\/axiomtsp.com\/fr\/informations-de-livraison\/","name":"Informations Sur La Livraison - Axiom | Temporary Surface Protection","isPartOf":{"@id":"https:\/\/axiomtsp.com\/fr\/#website"},"primaryImageOfPage":{"@id":"https:\/\/axiomtsp.com\/fr\/informations-de-livraison\/#primaryimage"},"image":{"@id":"https:\/\/axiomtsp.com\/fr\/informations-de-livraison\/#primaryimage"},"thumbnailUrl":"https:\/\/axiomtsp.com\/wp-cms\/wp-content\/uploads\/2022\/07\/Contact-e1658531319160.jpg","datePublished":"2022-05-16T21:58:47+00:00","dateModified":"2024-07-16T09:56:09+00:00","description":"D\u00e9couvrez la livraison rapide et le retour transparent chez Axiom, avec la livraison gratuite au Canada pour les commandes de plus de 750$.","breadcrumb":{"@id":"https:\/\/axiomtsp.com\/fr\/informations-de-livraison\/#breadcrumb"},"inLanguage":"fr-FR","potentialAction":[{"@type":"ReadAction","target":["https:\/\/axiomtsp.com\/fr\/informations-de-livraison\/"]}]},{"@type":"ImageObject","inLanguage":"fr-FR","@id":"https:\/\/axiomtsp.com\/fr\/informations-de-livraison\/#primaryimage","url":"https:\/\/axiomtsp.com\/wp-cms\/wp-content\/uploads\/2022\/07\/Contact-e1658531319160.jpg","contentUrl":"https:\/\/axiomtsp.com\/wp-cms\/wp-content\/uploads\/2022\/07\/Contact-e1658531319160.jpg","width":1800,"height":922},{"@type":"BreadcrumbList","@id":"https:\/\/axiomtsp.com\/fr\/informations-de-livraison\/#breadcrumb","itemListElement":[{"@type":"ListItem","position":1,"name":"Home","item":"https:\/\/axiomtsp.com\/fr\/"},{"@type":"ListItem","position":2,"name":"Informations Sur La Livraison"}]},{"@type":"WebSite","@id":"https:\/\/axiomtsp.com\/fr\/#website","url":"https:\/\/axiomtsp.com\/fr\/","name":"Axiom | Temporary Surface Protection","description":"We stock the largest range of Temporary Surface Protection products in Canada. We help you choose the best solution for your project to ensure that you save time and money, avoid disruption to your construction schedule, maximize profitability on your projects, and prevent damage to your reputation.","potentialAction":[{"@type":"SearchAction","target":{"@type":"EntryPoint","urlTemplate":"https:\/\/axiomtsp.com\/fr\/?s={search_term_string}"},"query-input":{"@type":"PropertyValueSpecification","valueRequired":true,"valueName":"search_term_string"}}],"inLanguage":"fr-FR"}]}},"_links":{"self":[{"href":"https:\/\/axiomtsp.com\/fr\/wp-json\/wp\/v2\/pages\/4692","targetHints":{"allow":["GET"]}}],"collection":[{"href":"https:\/\/axiomtsp.com\/fr\/wp-json\/wp\/v2\/pages"}],"about":[{"href":"https:\/\/axiomtsp.com\/fr\/wp-json\/wp\/v2\/types\/page"}],"author":[{"embeddable":true,"href":"https:\/\/axiomtsp.com\/fr\/wp-json\/wp\/v2\/users\/1"}],"replies":[{"embeddable":true,"href":"https:\/\/axiomtsp.com\/fr\/wp-json\/wp\/v2\/comments?post=4692"}],"version-history":[{"count":5,"href":"https:\/\/axiomtsp.com\/fr\/wp-json\/wp\/v2\/pages\/4692\/revisions"}],"predecessor-version":[{"id":5666,"href":"https:\/\/axiomtsp.com\/fr\/wp-json\/wp\/v2\/pages\/4692\/revisions\/5666"}],"wp:featuredmedia":[{"embeddable":true,"href":"https:\/\/axiomtsp.com\/fr\/wp-json\/wp\/v2\/media\/3707"}],"wp:attachment":[{"href":"https:\/\/axiomtsp.com\/fr\/wp-json\/wp\/v2\/media?parent=4692"}],"curies":[{"name":"wp","href":"https:\/\/api.w.org\/{rel}","templated":true}]}}