{"id":4691,"date":"2022-05-23T14:49:51","date_gmt":"2022-05-23T14:49:51","guid":{"rendered":"https:\/\/axiomtsp.com\/home\/"},"modified":"2024-07-25T08:12:38","modified_gmt":"2024-07-25T08:12:38","slug":"accueil","status":"publish","type":"page","link":"https:\/\/axiomtsp.com\/fr\/","title":{"rendered":"Accueil"},"content":{"rendered":"","protected":false},"excerpt":{"rendered":"","protected":false},"author":4,"featured_media":0,"parent":0,"menu_order":0,"comment_status":"closed","ping_status":"closed","template":"","meta":{"_acf_changed":false,"footnotes":""},"class_list":["post-4691","page","type-page","status-publish","hentry"],"acf":[],"yoast_head":"<!-- This site is optimized with the Yoast SEO plugin v27.1.1 - https:\/\/yoast.com\/product\/yoast-seo-wordpress\/ -->\n<title>Protection Temporaire Compl\u00e8te des Surfaces - Axiom TSP<\/title>\n<meta name=\"description\" content=\"Trouvez les produits et conseils pour prot\u00e9ger temporairement vos surfaces et \u00e9viter les dommages \u00e0 votre projet.\" \/>\n<meta name=\"robots\" content=\"index, follow, max-snippet:-1, max-image-preview:large, max-video-preview:-1\" \/>\n<link rel=\"canonical\" href=\"https:\/\/axiomtsp.com\/fr\/\" \/>\n<meta property=\"og:locale\" content=\"fr_FR\" \/>\n<meta property=\"og:type\" content=\"article\" \/>\n<meta property=\"og:title\" content=\"Protection Temporaire Compl\u00e8te des Surfaces - Axiom TSP\" \/>\n<meta property=\"og:description\" content=\"Trouvez les produits et conseils pour prot\u00e9ger temporairement vos surfaces et \u00e9viter les dommages \u00e0 votre projet.\" \/>\n<meta property=\"og:url\" content=\"https:\/\/axiomtsp.com\/fr\/\" \/>\n<meta property=\"og:site_name\" content=\"Axiom | Temporary Surface Protection\" \/>\n<meta property=\"article:modified_time\" content=\"2024-07-25T08:12:38+00:00\" \/>\n<meta name=\"twitter:card\" content=\"summary_large_image\" \/>\n<script type=\"application\/ld+json\" class=\"yoast-schema-graph\">{\"@context\":\"https:\/\/schema.org\",\"@graph\":[{\"@type\":\"WebPage\",\"@id\":\"https:\/\/axiomtsp.com\/fr\/\",\"url\":\"https:\/\/axiomtsp.com\/fr\/\",\"name\":\"Protection Temporaire Compl\u00e8te des Surfaces - Axiom TSP\",\"isPartOf\":{\"@id\":\"https:\/\/axiomtsp.com\/fr\/#website\"},\"datePublished\":\"2022-05-23T14:49:51+00:00\",\"dateModified\":\"2024-07-25T08:12:38+00:00\",\"description\":\"Trouvez les produits et conseils pour prot\u00e9ger temporairement vos surfaces et \u00e9viter les dommages \u00e0 votre projet.\",\"breadcrumb\":{\"@id\":\"https:\/\/axiomtsp.com\/fr\/#breadcrumb\"},\"inLanguage\":\"fr-FR\",\"potentialAction\":[{\"@type\":\"ReadAction\",\"target\":[\"https:\/\/axiomtsp.com\/fr\/\"]}]},{\"@type\":\"BreadcrumbList\",\"@id\":\"https:\/\/axiomtsp.com\/fr\/#breadcrumb\",\"itemListElement\":[{\"@type\":\"ListItem\",\"position\":1,\"name\":\"Home\",\"item\":\"https:\/\/axiomtsp.com\/fr\/\"},{\"@type\":\"ListItem\",\"position\":2,\"name\":\"Accueil\"}]},{\"@type\":\"WebSite\",\"@id\":\"https:\/\/axiomtsp.com\/fr\/#website\",\"url\":\"https:\/\/axiomtsp.com\/fr\/\",\"name\":\"Axiom | Temporary Surface Protection\",\"description\":\"We stock the largest range of Temporary Surface Protection products in Canada. We help you choose the best solution for your project to ensure that you save time and money, avoid disruption to your construction schedule, maximize profitability on your projects, and prevent damage to your reputation.\",\"potentialAction\":[{\"@type\":\"SearchAction\",\"target\":{\"@type\":\"EntryPoint\",\"urlTemplate\":\"https:\/\/axiomtsp.com\/fr\/?s={search_term_string}\"},\"query-input\":{\"@type\":\"PropertyValueSpecification\",\"valueRequired\":true,\"valueName\":\"search_term_string\"}}],\"inLanguage\":\"fr-FR\"}]}<\/script>\n<!-- \/ Yoast SEO plugin. -->","yoast_head_json":{"title":"Protection Temporaire Compl\u00e8te des Surfaces - Axiom TSP","description":"Trouvez les produits et conseils pour prot\u00e9ger temporairement vos surfaces et \u00e9viter les dommages \u00e0 votre projet.","robots":{"index":"index","follow":"follow","max-snippet":"max-snippet:-1","max-image-preview":"max-image-preview:large","max-video-preview":"max-video-preview:-1"},"canonical":"https:\/\/axiomtsp.com\/fr\/","og_locale":"fr_FR","og_type":"article","og_title":"Protection Temporaire Compl\u00e8te des Surfaces - Axiom TSP","og_description":"Trouvez les produits et conseils pour prot\u00e9ger temporairement vos surfaces et \u00e9viter les dommages \u00e0 votre projet.","og_url":"https:\/\/axiomtsp.com\/fr\/","og_site_name":"Axiom | Temporary Surface Protection","article_modified_time":"2024-07-25T08:12:38+00:00","twitter_card":"summary_large_image","schema":{"@context":"https:\/\/schema.org","@graph":[{"@type":"WebPage","@id":"https:\/\/axiomtsp.com\/fr\/","url":"https:\/\/axiomtsp.com\/fr\/","name":"Protection Temporaire Compl\u00e8te des Surfaces - Axiom TSP","isPartOf":{"@id":"https:\/\/axiomtsp.com\/fr\/#website"},"datePublished":"2022-05-23T14:49:51+00:00","dateModified":"2024-07-25T08:12:38+00:00","description":"Trouvez les produits et conseils pour prot\u00e9ger temporairement vos surfaces et \u00e9viter les dommages \u00e0 votre projet.","breadcrumb":{"@id":"https:\/\/axiomtsp.com\/fr\/#breadcrumb"},"inLanguage":"fr-FR","potentialAction":[{"@type":"ReadAction","target":["https:\/\/axiomtsp.com\/fr\/"]}]},{"@type":"BreadcrumbList","@id":"https:\/\/axiomtsp.com\/fr\/#breadcrumb","itemListElement":[{"@type":"ListItem","position":1,"name":"Home","item":"https:\/\/axiomtsp.com\/fr\/"},{"@type":"ListItem","position":2,"name":"Accueil"}]},{"@type":"WebSite","@id":"https:\/\/axiomtsp.com\/fr\/#website","url":"https:\/\/axiomtsp.com\/fr\/","name":"Axiom | Temporary Surface Protection","description":"We stock the largest range of Temporary Surface Protection products in Canada. We help you choose the best solution for your project to ensure that you save time and money, avoid disruption to your construction schedule, maximize profitability on your projects, and prevent damage to your reputation.","potentialAction":[{"@type":"SearchAction","target":{"@type":"EntryPoint","urlTemplate":"https:\/\/axiomtsp.com\/fr\/?s={search_term_string}"},"query-input":{"@type":"PropertyValueSpecification","valueRequired":true,"valueName":"search_term_string"}}],"inLanguage":"fr-FR"}]}},"_links":{"self":[{"href":"https:\/\/axiomtsp.com\/fr\/wp-json\/wp\/v2\/pages\/4691","targetHints":{"allow":["GET"]}}],"collection":[{"href":"https:\/\/axiomtsp.com\/fr\/wp-json\/wp\/v2\/pages"}],"about":[{"href":"https:\/\/axiomtsp.com\/fr\/wp-json\/wp\/v2\/types\/page"}],"author":[{"embeddable":true,"href":"https:\/\/axiomtsp.com\/fr\/wp-json\/wp\/v2\/users\/4"}],"replies":[{"embeddable":true,"href":"https:\/\/axiomtsp.com\/fr\/wp-json\/wp\/v2\/comments?post=4691"}],"version-history":[{"count":20,"href":"https:\/\/axiomtsp.com\/fr\/wp-json\/wp\/v2\/pages\/4691\/revisions"}],"predecessor-version":[{"id":6567,"href":"https:\/\/axiomtsp.com\/fr\/wp-json\/wp\/v2\/pages\/4691\/revisions\/6567"}],"wp:attachment":[{"href":"https:\/\/axiomtsp.com\/fr\/wp-json\/wp\/v2\/media?parent=4691"}],"curies":[{"name":"wp","href":"https:\/\/api.w.org\/{rel}","templated":true}]}}